{"id":8683,"date":"2025-04-18T02:30:42","date_gmt":"2025-04-18T02:30:42","guid":{"rendered":"https:\/\/jinhuaceramic.com\/?post_type=product&#038;p=8683"},"modified":"2025-04-18T02:30:44","modified_gmt":"2025-04-18T02:30:44","slug":"asian-dinnerware-wholesale","status":"publish","type":"product","link":"https:\/\/jinhuaceramic.com\/fr\/product\/asian-dinnerware-wholesale\/","title":{"rendered":"Vaisselle asiatique vert olive en gros, Assiettes et bols en vrac"},"content":{"rendered":"<div class=\"wp-block-columns is-layout-flex wp-container-core-columns-is-layout-9d6595d7 wp-block-columns-is-layout-flex\">\n<div class=\"wp-block-column is-layout-flow wp-block-column-is-layout-flow\">\n<h3 class=\"wp-block-heading\">Vaisselle asiatique de qualit\u00e9 sup\u00e9rieure Caract\u00e9ristiques :<\/h3>\n\n\n\n<ul class=\"wp-block-list\">\n<li><strong>Vert fonc\u00e9 Teinte : <\/strong>Cette vaisselle asiatique en gros a une couleur verte profonde et naturelle, qui peut apporter un sentiment de calme et d'\u00e9nergie \u00e0 la table \u00e0 manger et rehausser consid\u00e9rablement la beaut\u00e9 de l'environnement de la salle \u00e0 manger.<\/li>\n\n\n\n<li><strong>Apparence exquise :<\/strong> La subtile diff\u00e9rence de couleur \u00e0 la surface de ces assiettes et bols en vrac leur conf\u00e8re une finition semblable \u00e0 celle des plats faits \u00e0 la main, qui, bien que d'apparence rustique, poss\u00e8dent de l'\u00e9l\u00e9gance. Ces articles de table sont bord\u00e9s d'un liser\u00e9 brun fonc\u00e9, qui borde le bord des articles de table et les rend plus \u00e9l\u00e9gants.<\/li>\n\n\n\n<li><strong>Mat\u00e9riau de haute qualit\u00e9 : <\/strong>Ces vaisselles asiatiques vert olive sont fabriqu\u00e9es \u00e0 partir de mat\u00e9riaux c\u00e9ramiques de haute qualit\u00e9 cuits \u00e0 haute temp\u00e9rature et dot\u00e9s d'une certaine duret\u00e9 ; elles ne se cassent ni ne se rayent facilement. Ils sont non toxiques et s\u00fbrs, ont une bonne r\u00e9sistance \u00e0 la chaleur et peuvent \u00eatre utilis\u00e9s pour contenir des aliments chauds sans inqui\u00e9tude.<\/li>\n\n\n\n<li><strong>Pratique : <\/strong>Cet ensemble d'assiettes et de bols en vrac comprend un bol \u00e0 c\u00e9r\u00e9ales, une assiette \u00e0 salade et une assiette \u00e0 d\u00eener pour couvrir tous les aliments. Ils sont utilis\u00e9s pour les repas familiaux quotidiens ou m\u00eame pour recevoir des visiteurs.<\/li>\n<\/ul>\n<\/div>\n\n\n\n<div class=\"wp-block-column is-layout-flow wp-block-column-is-layout-flow\">\n<figure class=\"wp-block-image size-full\"><img fetchpriority=\"high\" decoding=\"async\" width=\"1280\" height=\"1280\" src=\"https:\/\/jinhuaceramic.com\/wp-content\/uploads\/2025\/04\/High-End-Green-Dinnerware-Set-Custom-Ceramic-Dinner-Tableware-Set.webp\" alt=\"Vaisselle asiatique vert olive en gros, assiettes et bols en vrac-8\" class=\"wp-image-8691\" srcset=\"https:\/\/jinhuaceramic.com\/wp-content\/uploads\/2025\/04\/High-End-Green-Dinnerware-Set-Custom-Ceramic-Dinner-Tableware-Set.webp 1280w, https:\/\/jinhuaceramic.com\/wp-content\/uploads\/2025\/04\/High-End-Green-Dinnerware-Set-Custom-Ceramic-Dinner-Tableware-Set-300x300.webp 300w, https:\/\/jinhuaceramic.com\/wp-content\/uploads\/2025\/04\/High-End-Green-Dinnerware-Set-Custom-Ceramic-Dinner-Tableware-Set-150x150.webp 150w, https:\/\/jinhuaceramic.com\/wp-content\/uploads\/2025\/04\/High-End-Green-Dinnerware-Set-Custom-Ceramic-Dinner-Tableware-Set-768x768.webp 768w, https:\/\/jinhuaceramic.com\/wp-content\/uploads\/2025\/04\/High-End-Green-Dinnerware-Set-Custom-Ceramic-Dinner-Tableware-Set-12x12.webp 12w, https:\/\/jinhuaceramic.com\/wp-content\/uploads\/2025\/04\/High-End-Green-Dinnerware-Set-Custom-Ceramic-Dinner-Tableware-Set-285x285.webp 285w, https:\/\/jinhuaceramic.com\/wp-content\/uploads\/2025\/04\/High-End-Green-Dinnerware-Set-Custom-Ceramic-Dinner-Tableware-Set-270x270.webp 270w, https:\/\/jinhuaceramic.com\/wp-content\/uploads\/2025\/04\/High-End-Green-Dinnerware-Set-Custom-Ceramic-Dinner-Tableware-Set-540x540.webp 540w, https:\/\/jinhuaceramic.com\/wp-content\/uploads\/2025\/04\/High-End-Green-Dinnerware-Set-Custom-Ceramic-Dinner-Tableware-Set-660x660.webp 660w\" sizes=\"(max-width: 1280px) 100vw, 1280px\" \/><\/figure>\n<\/div>\n<\/div>","protected":false},"excerpt":{"rendered":"<p>Nous vous invitons \u00e0 acheter des assiettes et des bols en vrac. Notre vaisselle asiatique vert olive a des couleurs uniques, des bords exquis, des combinaisons pratiques de vaisselle, la durabilit\u00e9 et la s\u00e9curit\u00e9 des mat\u00e9riaux, ce qui peut am\u00e9liorer efficacement le plaisir de manger.<\/p>","protected":false},"featured_media":8690,"comment_status":"closed","ping_status":"closed","template":"","meta":{"_acf_changed":false},"product_brand":[],"product_cat":[83,54],"product_tag":[],"class_list":{"0":"post-8683","1":"product","2":"type-product","3":"status-publish","4":"has-post-thumbnail","6":"product_cat-wholesale-dinnerware-sets","7":"product_cat-tableware-wholesale","9":"first","10":"instock","11":"shipping-taxable","12":"product-type-simple"},"acf":[],"_links":{"self":[{"href":"https:\/\/jinhuaceramic.com\/fr\/wp-json\/wp\/v2\/product\/8683","targetHints":{"allow":["GET"]}}],"collection":[{"href":"https:\/\/jinhuaceramic.com\/fr\/wp-json\/wp\/v2\/product"}],"about":[{"href":"https:\/\/jinhuaceramic.com\/fr\/wp-json\/wp\/v2\/types\/product"}],"replies":[{"embeddable":true,"href":"https:\/\/jinhuaceramic.com\/fr\/wp-json\/wp\/v2\/comments?post=8683"}],"version-history":[{"count":0,"href":"https:\/\/jinhuaceramic.com\/fr\/wp-json\/wp\/v2\/product\/8683\/revisions"}],"wp:featuredmedia":[{"embeddable":true,"href":"https:\/\/jinhuaceramic.com\/fr\/wp-json\/wp\/v2\/media\/8690"}],"wp:attachment":[{"href":"https:\/\/jinhuaceramic.com\/fr\/wp-json\/wp\/v2\/media?parent=8683"}],"wp:term":[{"taxonomy":"product_brand","embeddable":true,"href":"https:\/\/jinhuaceramic.com\/fr\/wp-json\/wp\/v2\/product_brand?post=8683"},{"taxonomy":"product_cat","embeddable":true,"href":"https:\/\/jinhuaceramic.com\/fr\/wp-json\/wp\/v2\/product_cat?post=8683"},{"taxonomy":"product_tag","embeddable":true,"href":"https:\/\/jinhuaceramic.com\/fr\/wp-json\/wp\/v2\/product_tag?post=8683"}],"curies":[{"name":"wp","href":"https:\/\/api.w.org\/{rel}","templated":true}]}}