{"id":8700,"date":"2025-04-18T09:49:09","date_gmt":"2025-04-18T09:49:09","guid":{"rendered":"https:\/\/jinhuaceramic.com\/?post_type=product&#038;p=8700"},"modified":"2025-04-18T09:49:11","modified_gmt":"2025-04-18T09:49:11","slug":"wholesale-bath-set","status":"publish","type":"product","link":"https:\/\/jinhuaceramic.com\/fr\/product\/wholesale-bath-set\/","title":{"rendered":"Wholesale Bath Set Bathroom Accessories With Embossed Leaves (accessoires de salle de bain avec feuilles gaufr\u00e9es)"},"content":{"rendered":"<div class=\"wp-block-columns is-layout-flex wp-container-core-columns-is-layout-9d6595d7 wp-block-columns-is-layout-flex\">\n<div class=\"wp-block-column is-layout-flow wp-block-column-is-layout-flow\">\n<h3 class=\"wp-block-heading\">Premium Wholesale Bath Set Features :<\/h3>\n\n\n\n<ul class=\"wp-block-list\">\n<li><strong>Design \u00e9l\u00e9gant : <\/strong>Ces sets de bain blancs en gros sont simples et \u00e9l\u00e9gants, et peuvent \u00eatre facilement ajout\u00e9s \u00e0 la d\u00e9coration de la salle de bain de la plupart des types. La surface des accessoires de salle de bains est orn\u00e9e de motifs Leaves gaufr\u00e9s, ce qui rompt l'effet terne de la couleur blanche et conf\u00e8re un aspect cr\u00e9atif et luxueux.<\/li>\n\n\n\n<li><strong>Mat\u00e9riau durable : <\/strong>Tous ces accessoires de salle de bains en vrac sont fabriqu\u00e9s en c\u00e9ramique r\u00e9sistante \u00e0 l'usure et \u00e0 la corrosion, dure et durable, et ne sont pas susceptibles d'\u00eatre endommag\u00e9s par une utilisation r\u00e9p\u00e9t\u00e9e.<\/li>\n\n\n\n<li><strong>Pratique : <\/strong>Cet ensemble de bain en gros contient un distributeur de savon, un porte-brosse \u00e0 dents, un couvercle et un pot \u00e0 savon, ainsi qu'un porte-savon. Le flacon de savon est utilis\u00e9 pour distribuer du savon \u00e0 main, du gel douche ou du shampoing, etc. Les s\u00e9parateurs du porte-brosse \u00e0 dents permettent de ranger plusieurs brosses \u00e0 dents en m\u00eame temps, ce qui est pratique et hygi\u00e9nique. Le pot de rangement est utilis\u00e9 pour conserver les petites choses telles que les tampons et les boules de coton.<\/li>\n\n\n\n<li><strong>Facile \u00e0 nettoyer : <\/strong>Ces accessoires de salle de bains en vrac en c\u00e9ramique ont une texture lisse et sont difficiles \u00e0 tacher. Ils se nettoient facilement \u00e0 l'aide d'un chiffon humide.<\/li>\n<\/ul>\n<\/div>\n\n\n\n<div class=\"wp-block-column is-layout-flow wp-block-column-is-layout-flow\">\n<figure class=\"wp-block-image size-full\"><img fetchpriority=\"high\" decoding=\"async\" width=\"1600\" height=\"1600\" src=\"https:\/\/jinhuaceramic.com\/wp-content\/uploads\/2025\/04\/Custom-Bathroom-Set-With-Embossed-Leaves-Bathroom-Accessories-Wholesale-5.webp\" alt=\"Wholesale Bath Set Bathroom Accessories With Embossed Leaves-1\" class=\"wp-image-8704\" srcset=\"https:\/\/jinhuaceramic.com\/wp-content\/uploads\/2025\/04\/Custom-Bathroom-Set-With-Embossed-Leaves-Bathroom-Accessories-Wholesale-5.webp 1600w, https:\/\/jinhuaceramic.com\/wp-content\/uploads\/2025\/04\/Custom-Bathroom-Set-With-Embossed-Leaves-Bathroom-Accessories-Wholesale-5-300x300.webp 300w, https:\/\/jinhuaceramic.com\/wp-content\/uploads\/2025\/04\/Custom-Bathroom-Set-With-Embossed-Leaves-Bathroom-Accessories-Wholesale-5-150x150.webp 150w, https:\/\/jinhuaceramic.com\/wp-content\/uploads\/2025\/04\/Custom-Bathroom-Set-With-Embossed-Leaves-Bathroom-Accessories-Wholesale-5-768x768.webp 768w, https:\/\/jinhuaceramic.com\/wp-content\/uploads\/2025\/04\/Custom-Bathroom-Set-With-Embossed-Leaves-Bathroom-Accessories-Wholesale-5-12x12.webp 12w, https:\/\/jinhuaceramic.com\/wp-content\/uploads\/2025\/04\/Custom-Bathroom-Set-With-Embossed-Leaves-Bathroom-Accessories-Wholesale-5-285x285.webp 285w, https:\/\/jinhuaceramic.com\/wp-content\/uploads\/2025\/04\/Custom-Bathroom-Set-With-Embossed-Leaves-Bathroom-Accessories-Wholesale-5-270x270.webp 270w, https:\/\/jinhuaceramic.com\/wp-content\/uploads\/2025\/04\/Custom-Bathroom-Set-With-Embossed-Leaves-Bathroom-Accessories-Wholesale-5-540x540.webp 540w, https:\/\/jinhuaceramic.com\/wp-content\/uploads\/2025\/04\/Custom-Bathroom-Set-With-Embossed-Leaves-Bathroom-Accessories-Wholesale-5-660x660.webp 660w\" sizes=\"(max-width: 1600px) 100vw, 1600px\" \/><\/figure>\n<\/div>\n<\/div>","protected":false},"excerpt":{"rendered":"<p>Nous vous invitons \u00e0 acheter des accessoires de bain en gros. Nos accessoires de salle de bain en gros ont un beau design en relief, un mat\u00e9riau en c\u00e9ramique dur et durable, et des accessoires de salle de bain multifonctionnels. Ils sont \u00e0 la fois beaux et pratiques, ce qui en fait des solutions de d\u00e9coration et de rangement tr\u00e8s pratiques dans la salle de bains.<\/p>","protected":false},"featured_media":8705,"comment_status":"closed","ping_status":"closed","template":"","meta":{"_acf_changed":false},"product_brand":[],"product_cat":[51],"product_tag":[74],"class_list":{"0":"post-8700","1":"product","2":"type-product","3":"status-publish","4":"has-post-thumbnail","6":"product_cat-bathroom-accessories-wholesale","7":"product_tag-ceramic-bath-accessories-wholesale","9":"first","10":"instock","11":"shipping-taxable","12":"product-type-simple"},"acf":[],"_links":{"self":[{"href":"https:\/\/jinhuaceramic.com\/fr\/wp-json\/wp\/v2\/product\/8700","targetHints":{"allow":["GET"]}}],"collection":[{"href":"https:\/\/jinhuaceramic.com\/fr\/wp-json\/wp\/v2\/product"}],"about":[{"href":"https:\/\/jinhuaceramic.com\/fr\/wp-json\/wp\/v2\/types\/product"}],"replies":[{"embeddable":true,"href":"https:\/\/jinhuaceramic.com\/fr\/wp-json\/wp\/v2\/comments?post=8700"}],"version-history":[{"count":0,"href":"https:\/\/jinhuaceramic.com\/fr\/wp-json\/wp\/v2\/product\/8700\/revisions"}],"wp:featuredmedia":[{"embeddable":true,"href":"https:\/\/jinhuaceramic.com\/fr\/wp-json\/wp\/v2\/media\/8705"}],"wp:attachment":[{"href":"https:\/\/jinhuaceramic.com\/fr\/wp-json\/wp\/v2\/media?parent=8700"}],"wp:term":[{"taxonomy":"product_brand","embeddable":true,"href":"https:\/\/jinhuaceramic.com\/fr\/wp-json\/wp\/v2\/product_brand?post=8700"},{"taxonomy":"product_cat","embeddable":true,"href":"https:\/\/jinhuaceramic.com\/fr\/wp-json\/wp\/v2\/product_cat?post=8700"},{"taxonomy":"product_tag","embeddable":true,"href":"https:\/\/jinhuaceramic.com\/fr\/wp-json\/wp\/v2\/product_tag?post=8700"}],"curies":[{"name":"wp","href":"https:\/\/api.w.org\/{rel}","templated":true}]}}