{"id":8734,"date":"2025-04-21T09:58:18","date_gmt":"2025-04-21T09:58:18","guid":{"rendered":"https:\/\/jinhuaceramic.com\/?post_type=product&#038;p=8734"},"modified":"2025-04-21T09:58:20","modified_gmt":"2025-04-21T09:58:20","slug":"bulk-wedding-tableware","status":"publish","type":"product","link":"https:\/\/jinhuaceramic.com\/fr\/product\/bulk-wedding-tableware\/","title":{"rendered":"Texture gaufr\u00e9e Bulk Wedding Tableware, Restaurant Supply Dinnerware"},"content":{"rendered":"<div class=\"wp-block-columns is-layout-flex wp-container-core-columns-is-layout-9d6595d7 wp-block-columns-is-layout-flex\">\n<div class=\"wp-block-column is-layout-flow wp-block-column-is-layout-flow\">\n<h3 class=\"wp-block-heading\">Vaisselle de mariage en vrac de premi\u00e8re qualit\u00e9 Caract\u00e9ristiques :<\/h3>\n\n\n\n<ul class=\"wp-block-list\">\n<li><strong>Texture gaufr\u00e9e unique : <\/strong>La surface de ces sets de table de mariage en vrac pr\u00e9sente des lignes verticales gaufr\u00e9es claires et r\u00e9guli\u00e8res. Cette texture augmente non seulement l'aspect visuel et la beaut\u00e9, mais aussi le toucher, joue un r\u00f4le antid\u00e9rapant et am\u00e9liore l'exp\u00e9rience sensorielle du repas.<\/li>\n\n\n\n<li><strong>Jante en bronze d\u00e9licate : <\/strong>Les bords de ces services de vaisselle en gros pour les restaurants sont d\u00e9cor\u00e9s de bronze d\u00e9licat. Les rebords en m\u00e9tal conf\u00e8rent \u00e0 l'ensemble de la c\u00e9ramique blanche un luxe et une \u00e9l\u00e9gance discrets, \u00e9vitant la fadeur du blanc pur et mettant en valeur le temp\u00e9rament \u00e9l\u00e9gant de la c\u00e9ramique.<\/li>\n\n\n\n<li><strong>Mat\u00e9riau de haute qualit\u00e9 :<\/strong> Compos\u00e9s de c\u00e9ramique de haute qualit\u00e9 cuite \u00e0 haute temp\u00e9rature, ces sets de table de mariage en vrac sont robustes, r\u00e9sistants aux rayures et \u00e0 la casse. Ils r\u00e9sistent aux hautes et basses temp\u00e9ratures et peuvent \u00eatre utilis\u00e9s en toute s\u00e9curit\u00e9 au micro-ondes, au four, \u00e0 la friteuse, au r\u00e9frig\u00e9rateur et au lave-vaisselle.<\/li>\n\n\n\n<li><strong>Une grande praticit\u00e9 : <\/strong>Ces ensembles de vaisselle de restaurant en gros comprennent un bol \u00e0 soupe en c\u00e9ramique, des c\u00e9r\u00e9ales ou du riz, et deux assiettes de tailles diff\u00e9rentes qui peuvent \u00eatre s\u00e9lectionn\u00e9es en fonction des diff\u00e9rentes portions de nourriture afin de r\u00e9pondre aux diff\u00e9rents besoins quotidiens en mati\u00e8re de repas.<\/li>\n<\/ul>\n<\/div>\n\n\n\n<div class=\"wp-block-column is-layout-flow wp-block-column-is-layout-flow\">\n<figure class=\"wp-block-image size-full\"><img fetchpriority=\"high\" decoding=\"async\" width=\"1500\" height=\"1500\" src=\"https:\/\/jinhuaceramic.com\/wp-content\/uploads\/2025\/04\/White-Dinnerware-Set-With-Embossed-Texture-Wholesale-Tableware-Custom-7.webp\" alt=\"Texture gaufr\u00e9e Vaisselle de mariage en vrac, vaisselle de restaurant-1\" class=\"wp-image-8725\" srcset=\"https:\/\/jinhuaceramic.com\/wp-content\/uploads\/2025\/04\/White-Dinnerware-Set-With-Embossed-Texture-Wholesale-Tableware-Custom-7.webp 1500w, https:\/\/jinhuaceramic.com\/wp-content\/uploads\/2025\/04\/White-Dinnerware-Set-With-Embossed-Texture-Wholesale-Tableware-Custom-7-300x300.webp 300w, https:\/\/jinhuaceramic.com\/wp-content\/uploads\/2025\/04\/White-Dinnerware-Set-With-Embossed-Texture-Wholesale-Tableware-Custom-7-150x150.webp 150w, https:\/\/jinhuaceramic.com\/wp-content\/uploads\/2025\/04\/White-Dinnerware-Set-With-Embossed-Texture-Wholesale-Tableware-Custom-7-768x768.webp 768w, https:\/\/jinhuaceramic.com\/wp-content\/uploads\/2025\/04\/White-Dinnerware-Set-With-Embossed-Texture-Wholesale-Tableware-Custom-7-12x12.webp 12w, https:\/\/jinhuaceramic.com\/wp-content\/uploads\/2025\/04\/White-Dinnerware-Set-With-Embossed-Texture-Wholesale-Tableware-Custom-7-285x285.webp 285w, https:\/\/jinhuaceramic.com\/wp-content\/uploads\/2025\/04\/White-Dinnerware-Set-With-Embossed-Texture-Wholesale-Tableware-Custom-7-270x270.webp 270w, https:\/\/jinhuaceramic.com\/wp-content\/uploads\/2025\/04\/White-Dinnerware-Set-With-Embossed-Texture-Wholesale-Tableware-Custom-7-540x540.webp 540w, https:\/\/jinhuaceramic.com\/wp-content\/uploads\/2025\/04\/White-Dinnerware-Set-With-Embossed-Texture-Wholesale-Tableware-Custom-7-660x660.webp 660w\" sizes=\"(max-width: 1500px) 100vw, 1500px\" \/><\/figure>\n<\/div>\n<\/div>","protected":false},"excerpt":{"rendered":"<p>Nous vous invitons \u00e0 acheter de la vaisselle de mariage en gros. Ces services de vaisselle de restaurant en gros pr\u00e9sentent un design \u00e9l\u00e9gant et conviennent \u00e0 la d\u00e9coration de cuisines de diff\u00e9rents styles. Le mat\u00e9riau c\u00e9ramique est s\u00fbr et durable, et la combinaison de plusieurs articles de table est pratique. Cette vaisselle peut non seulement r\u00e9pondre aux besoins quotidiens des repas, mais aussi cr\u00e9er une atmosph\u00e8re chaleureuse et am\u00e9liorer le rituel et le plaisir des repas.<\/p>","protected":false},"featured_media":8723,"comment_status":"closed","ping_status":"closed","template":"","meta":{"_acf_changed":false},"product_brand":[],"product_cat":[83,54],"product_tag":[],"class_list":{"0":"post-8734","1":"product","2":"type-product","3":"status-publish","4":"has-post-thumbnail","6":"product_cat-wholesale-dinnerware-sets","7":"product_cat-tableware-wholesale","9":"first","10":"instock","11":"shipping-taxable","12":"product-type-simple"},"acf":[],"_links":{"self":[{"href":"https:\/\/jinhuaceramic.com\/fr\/wp-json\/wp\/v2\/product\/8734","targetHints":{"allow":["GET"]}}],"collection":[{"href":"https:\/\/jinhuaceramic.com\/fr\/wp-json\/wp\/v2\/product"}],"about":[{"href":"https:\/\/jinhuaceramic.com\/fr\/wp-json\/wp\/v2\/types\/product"}],"replies":[{"embeddable":true,"href":"https:\/\/jinhuaceramic.com\/fr\/wp-json\/wp\/v2\/comments?post=8734"}],"version-history":[{"count":0,"href":"https:\/\/jinhuaceramic.com\/fr\/wp-json\/wp\/v2\/product\/8734\/revisions"}],"wp:featuredmedia":[{"embeddable":true,"href":"https:\/\/jinhuaceramic.com\/fr\/wp-json\/wp\/v2\/media\/8723"}],"wp:attachment":[{"href":"https:\/\/jinhuaceramic.com\/fr\/wp-json\/wp\/v2\/media?parent=8734"}],"wp:term":[{"taxonomy":"product_brand","embeddable":true,"href":"https:\/\/jinhuaceramic.com\/fr\/wp-json\/wp\/v2\/product_brand?post=8734"},{"taxonomy":"product_cat","embeddable":true,"href":"https:\/\/jinhuaceramic.com\/fr\/wp-json\/wp\/v2\/product_cat?post=8734"},{"taxonomy":"product_tag","embeddable":true,"href":"https:\/\/jinhuaceramic.com\/fr\/wp-json\/wp\/v2\/product_tag?post=8734"}],"curies":[{"name":"wp","href":"https:\/\/api.w.org\/{rel}","templated":true}]}}