{"id":8791,"date":"2025-04-24T01:56:24","date_gmt":"2025-04-24T01:56:24","guid":{"rendered":"https:\/\/jinhuaceramic.com\/?post_type=product&#038;p=8791"},"modified":"2025-04-24T01:56:25","modified_gmt":"2025-04-24T01:56:25","slug":"bulk-china-dinnerware","status":"publish","type":"product","link":"https:\/\/jinhuaceramic.com\/fr\/product\/bulk-china-dinnerware\/","title":{"rendered":"Vaisselle chinoise de qualit\u00e9 en vrac, vaisselle de restauration en gros"},"content":{"rendered":"<div class=\"wp-block-columns is-layout-flex wp-container-core-columns-is-layout-9d6595d7 wp-block-columns-is-layout-flex\">\n<div class=\"wp-block-column is-layout-flow wp-block-column-is-layout-flow\">\n<h3 class=\"wp-block-heading\">Vaisselle de Chine en vrac de qualit\u00e9 sup\u00e9rieure Caract\u00e9ristiques :<\/h3>\n\n\n\n<ul class=\"wp-block-list\">\n<li><strong>Texture spirale distincte :<\/strong> Ces ensembles de vaisselle en porcelaine en vrac ont une texture spiral\u00e9e distincte qui donne un aspect artistique naturel, ajoutant une superposition et une sophistication \u00e0 la vaisselle, donnant \u00e0 la table \u00e0 manger une touche personnelle.<\/li>\n\n\n\n<li><strong>Style vintage : <\/strong>Ces pi\u00e8ces de vaisselle de restauration en gros sont de couleur beige avec un aspect mouchet\u00e9 de petites taches noires et un liser\u00e9 noir le long des bords, ce qui cr\u00e9e un aspect vieilli qui contribuera \u00e0 cr\u00e9er l'ambiance d'un repas.<\/li>\n\n\n\n<li><strong>Gr\u00e8s \u00e0 longue dur\u00e9e de vie : <\/strong>Ces services de vaisselle en porcelaine en vrac sont en gr\u00e8s cuit \u00e0 haute temp\u00e9rature et poss\u00e8dent une certaine duret\u00e9. Ils ne sont pas facilement influenc\u00e9s par les chocs et peuvent donc \u00eatre utilis\u00e9s en toute s\u00e9curit\u00e9 au quotidien. Le gr\u00e8s a un certain poids, il est chaud et plus r\u00e9sistant.<\/li>\n\n\n\n<li><strong>Une grande praticit\u00e9 : <\/strong>Cette vaisselle de restauration en gros comprend des assiettes et des bols de toutes tailles, qui r\u00e9pondent aux besoins des repas quotidiens et des plats divers, et qui sont tr\u00e8s pratiques. Qu'il s'agisse du petit-d\u00e9jeuner, du d\u00e9jeuner ou du d\u00eener, vous pouvez disposer d'une vaisselle bien assortie. Outre l'usage quotidien, cette vaisselle est \u00e9galement tr\u00e8s appropri\u00e9e pour les banquets.<\/li>\n<\/ul>\n<\/div>\n\n\n\n<div class=\"wp-block-column is-layout-flow wp-block-column-is-layout-flow\">\n<figure class=\"wp-block-image size-full\"><img fetchpriority=\"high\" decoding=\"async\" width=\"1500\" height=\"1500\" src=\"https:\/\/jinhuaceramic.com\/wp-content\/uploads\/2025\/04\/Custom-Crockery-Set-With-Spiral-Texture-Wholesale-Tableware-In-Bulk.webp\" alt=\"Vaisselle chinoise de qualit\u00e9 en vrac, vaisselle de restauration en gros-1\" class=\"wp-image-8799\" srcset=\"https:\/\/jinhuaceramic.com\/wp-content\/uploads\/2025\/04\/Custom-Crockery-Set-With-Spiral-Texture-Wholesale-Tableware-In-Bulk.webp 1500w, https:\/\/jinhuaceramic.com\/wp-content\/uploads\/2025\/04\/Custom-Crockery-Set-With-Spiral-Texture-Wholesale-Tableware-In-Bulk-300x300.webp 300w, https:\/\/jinhuaceramic.com\/wp-content\/uploads\/2025\/04\/Custom-Crockery-Set-With-Spiral-Texture-Wholesale-Tableware-In-Bulk-150x150.webp 150w, https:\/\/jinhuaceramic.com\/wp-content\/uploads\/2025\/04\/Custom-Crockery-Set-With-Spiral-Texture-Wholesale-Tableware-In-Bulk-768x768.webp 768w, https:\/\/jinhuaceramic.com\/wp-content\/uploads\/2025\/04\/Custom-Crockery-Set-With-Spiral-Texture-Wholesale-Tableware-In-Bulk-12x12.webp 12w, https:\/\/jinhuaceramic.com\/wp-content\/uploads\/2025\/04\/Custom-Crockery-Set-With-Spiral-Texture-Wholesale-Tableware-In-Bulk-285x285.webp 285w, https:\/\/jinhuaceramic.com\/wp-content\/uploads\/2025\/04\/Custom-Crockery-Set-With-Spiral-Texture-Wholesale-Tableware-In-Bulk-270x270.webp 270w, https:\/\/jinhuaceramic.com\/wp-content\/uploads\/2025\/04\/Custom-Crockery-Set-With-Spiral-Texture-Wholesale-Tableware-In-Bulk-540x540.webp 540w, https:\/\/jinhuaceramic.com\/wp-content\/uploads\/2025\/04\/Custom-Crockery-Set-With-Spiral-Texture-Wholesale-Tableware-In-Bulk-660x660.webp 660w\" sizes=\"(max-width: 1500px) 100vw, 1500px\" \/><\/figure>\n<\/div>\n<\/div>","protected":false},"excerpt":{"rendered":"<p>Bienvenue pour acheter de la vaisselle de restauration en gros. Ces ensembles de vaisselle en porcelaine en vrac pr\u00e9sentent des textures en spirale uniques, des styles vintage, des mat\u00e9riaux en gr\u00e8s durables et des combinaisons de vaisselle pratiques. Ils constituent un bon choix pour les utilisateurs qui recherchent un style de table \u00e0 manger naturel, rustique et personnalis\u00e9.<\/p>","protected":false},"featured_media":8794,"comment_status":"closed","ping_status":"closed","template":"","meta":{"_acf_changed":false},"product_brand":[],"product_cat":[83,54],"product_tag":[],"class_list":{"0":"post-8791","1":"product","2":"type-product","3":"status-publish","4":"has-post-thumbnail","6":"product_cat-wholesale-dinnerware-sets","7":"product_cat-tableware-wholesale","9":"first","10":"instock","11":"shipping-taxable","12":"product-type-simple"},"acf":[],"_links":{"self":[{"href":"https:\/\/jinhuaceramic.com\/fr\/wp-json\/wp\/v2\/product\/8791","targetHints":{"allow":["GET"]}}],"collection":[{"href":"https:\/\/jinhuaceramic.com\/fr\/wp-json\/wp\/v2\/product"}],"about":[{"href":"https:\/\/jinhuaceramic.com\/fr\/wp-json\/wp\/v2\/types\/product"}],"replies":[{"embeddable":true,"href":"https:\/\/jinhuaceramic.com\/fr\/wp-json\/wp\/v2\/comments?post=8791"}],"version-history":[{"count":0,"href":"https:\/\/jinhuaceramic.com\/fr\/wp-json\/wp\/v2\/product\/8791\/revisions"}],"wp:featuredmedia":[{"embeddable":true,"href":"https:\/\/jinhuaceramic.com\/fr\/wp-json\/wp\/v2\/media\/8794"}],"wp:attachment":[{"href":"https:\/\/jinhuaceramic.com\/fr\/wp-json\/wp\/v2\/media?parent=8791"}],"wp:term":[{"taxonomy":"product_brand","embeddable":true,"href":"https:\/\/jinhuaceramic.com\/fr\/wp-json\/wp\/v2\/product_brand?post=8791"},{"taxonomy":"product_cat","embeddable":true,"href":"https:\/\/jinhuaceramic.com\/fr\/wp-json\/wp\/v2\/product_cat?post=8791"},{"taxonomy":"product_tag","embeddable":true,"href":"https:\/\/jinhuaceramic.com\/fr\/wp-json\/wp\/v2\/product_tag?post=8791"}],"curies":[{"name":"wp","href":"https:\/\/api.w.org\/{rel}","templated":true}]}}