{"id":8802,"date":"2025-04-24T02:11:14","date_gmt":"2025-04-24T02:11:14","guid":{"rendered":"https:\/\/jinhuaceramic.com\/?post_type=product&#038;p=8802"},"modified":"2025-04-24T02:11:15","modified_gmt":"2025-04-24T02:11:15","slug":"ceramic-plates-bulk","status":"publish","type":"product","link":"https:\/\/jinhuaceramic.com\/fr\/product\/ceramic-plates-bulk\/","title":{"rendered":"Assiettes en c\u00e9ramique \u00e0 pied \u00e9lev\u00e9 en vrac, plats de service de restauration en gros"},"content":{"rendered":"<div class=\"wp-block-columns is-layout-flex wp-container-core-columns-is-layout-9d6595d7 wp-block-columns-is-layout-flex\">\n<div class=\"wp-block-column is-layout-flow wp-block-column-is-layout-flow\">\n<h3 class=\"wp-block-heading\">Assiettes en c\u00e9ramique \u00e0 pied haut de premi\u00e8re qualit\u00e9 Caract\u00e9ristiques en vrac :<\/h3>\n\n\n\n<ul class=\"wp-block-list\">\n<li><strong>Conception unique de la jambe haute :<\/strong> La caract\u00e9ristique la plus frappante de ces assiettes en c\u00e9ramique en vrac est leur pied haut. Les assiettes sur\u00e9lev\u00e9es sont plus tridimensionnelles et artistiques pour l'\u0153il, ce qui peut contribuer \u00e0 l'ambiance g\u00e9n\u00e9rale de la table \u00e0 manger et faire para\u00eetre les plats servis plus \u00e9l\u00e9gants.<\/li>\n\n\n\n<li><strong>Forme \u00e9l\u00e9gante :<\/strong> Ces plats de service de restauration en gros ont un arc \u00e9tir\u00e9, qui est reli\u00e9 en douceur aux pieds hauts et effil\u00e9s situ\u00e9s en dessous. L'ensemble de la forme est grandiose et gracieuse, avec un sens de la modernit\u00e9, mais toujours avec la retenue et le zen de l'esth\u00e9tique orientale.<\/li>\n\n\n\n<li><strong>Diverses couleurs et tailles : <\/strong>Ces assiettes en c\u00e9ramique \u00e0 pied haut sont disponibles en deux couleurs sophistiqu\u00e9es, un beige rustique et un brun rouge\u00e2tre profond et textur\u00e9, et en quatre tailles et formes diff\u00e9rentes, chacune avec une pr\u00e9sentation l\u00e9g\u00e8rement diff\u00e9rente pour convenir \u00e0 diff\u00e9rents plats.<\/li>\n\n\n\n<li><strong>Mat\u00e9riau c\u00e9ramique de haute qualit\u00e9 : <\/strong>Ces plats de service pour la restauration sont fabriqu\u00e9s en argile c\u00e9ramique naturelle inoffensive, cuite \u00e0 haute temp\u00e9rature, ne contiennent pas de substances m\u00e9talliques telles que le plomb et peuvent \u00eatre mis en contact avec les aliments en toute s\u00e9curit\u00e9. En outre, la surface des assiettes en c\u00e9ramique est lisse et facile \u00e0 nettoyer.<\/li>\n<\/ul>\n<\/div>\n\n\n\n<div class=\"wp-block-column is-layout-flow wp-block-column-is-layout-flow\">\n<figure class=\"wp-block-image size-full\"><img fetchpriority=\"high\" decoding=\"async\" width=\"800\" height=\"800\" src=\"https:\/\/jinhuaceramic.com\/wp-content\/uploads\/2025\/04\/High-Leg-Custom-Dinner-Plates-Ceramic-Serving-Dish-Wholesale-9.webp\" alt=\"Assiettes en c\u00e9ramique High Foot Bulk, Plats de service pour la restauration Wholesale-2\" class=\"wp-image-8810\" srcset=\"https:\/\/jinhuaceramic.com\/wp-content\/uploads\/2025\/04\/High-Leg-Custom-Dinner-Plates-Ceramic-Serving-Dish-Wholesale-9.webp 800w, https:\/\/jinhuaceramic.com\/wp-content\/uploads\/2025\/04\/High-Leg-Custom-Dinner-Plates-Ceramic-Serving-Dish-Wholesale-9-300x300.webp 300w, https:\/\/jinhuaceramic.com\/wp-content\/uploads\/2025\/04\/High-Leg-Custom-Dinner-Plates-Ceramic-Serving-Dish-Wholesale-9-150x150.webp 150w, https:\/\/jinhuaceramic.com\/wp-content\/uploads\/2025\/04\/High-Leg-Custom-Dinner-Plates-Ceramic-Serving-Dish-Wholesale-9-768x768.webp 768w, https:\/\/jinhuaceramic.com\/wp-content\/uploads\/2025\/04\/High-Leg-Custom-Dinner-Plates-Ceramic-Serving-Dish-Wholesale-9-12x12.webp 12w, https:\/\/jinhuaceramic.com\/wp-content\/uploads\/2025\/04\/High-Leg-Custom-Dinner-Plates-Ceramic-Serving-Dish-Wholesale-9-285x285.webp 285w, https:\/\/jinhuaceramic.com\/wp-content\/uploads\/2025\/04\/High-Leg-Custom-Dinner-Plates-Ceramic-Serving-Dish-Wholesale-9-270x270.webp 270w, https:\/\/jinhuaceramic.com\/wp-content\/uploads\/2025\/04\/High-Leg-Custom-Dinner-Plates-Ceramic-Serving-Dish-Wholesale-9-540x540.webp 540w, https:\/\/jinhuaceramic.com\/wp-content\/uploads\/2025\/04\/High-Leg-Custom-Dinner-Plates-Ceramic-Serving-Dish-Wholesale-9-660x660.webp 660w\" sizes=\"(max-width: 800px) 100vw, 800px\" \/><\/figure>\n<\/div>\n<\/div>","protected":false},"excerpt":{"rendered":"<p>Nous vous invitons \u00e0 acheter en gros des plats de service pour la restauration. Ces assiettes en c\u00e9ramique \u00e0 pied haut en vrac sont tr\u00e8s appr\u00e9ci\u00e9es des consommateurs pour leur design unique \u00e0 pied haut, leur forme \u00e9l\u00e9gante, leur vari\u00e9t\u00e9 de couleurs et de tailles, et leur mat\u00e9riau en c\u00e9ramique s\u00fbr et durable.<\/p>","protected":false},"featured_media":8809,"comment_status":"closed","ping_status":"closed","template":"","meta":{"_acf_changed":false},"product_brand":[],"product_cat":[84,54],"product_tag":[76],"class_list":{"0":"post-8802","1":"product","2":"type-product","3":"status-publish","4":"has-post-thumbnail","6":"product_cat-wholesale-ceramic-plates","7":"product_cat-tableware-wholesale","8":"product_tag-dinner-plates-bulk","10":"first","11":"instock","12":"shipping-taxable","13":"product-type-simple"},"acf":[],"_links":{"self":[{"href":"https:\/\/jinhuaceramic.com\/fr\/wp-json\/wp\/v2\/product\/8802","targetHints":{"allow":["GET"]}}],"collection":[{"href":"https:\/\/jinhuaceramic.com\/fr\/wp-json\/wp\/v2\/product"}],"about":[{"href":"https:\/\/jinhuaceramic.com\/fr\/wp-json\/wp\/v2\/types\/product"}],"replies":[{"embeddable":true,"href":"https:\/\/jinhuaceramic.com\/fr\/wp-json\/wp\/v2\/comments?post=8802"}],"version-history":[{"count":0,"href":"https:\/\/jinhuaceramic.com\/fr\/wp-json\/wp\/v2\/product\/8802\/revisions"}],"wp:featuredmedia":[{"embeddable":true,"href":"https:\/\/jinhuaceramic.com\/fr\/wp-json\/wp\/v2\/media\/8809"}],"wp:attachment":[{"href":"https:\/\/jinhuaceramic.com\/fr\/wp-json\/wp\/v2\/media?parent=8802"}],"wp:term":[{"taxonomy":"product_brand","embeddable":true,"href":"https:\/\/jinhuaceramic.com\/fr\/wp-json\/wp\/v2\/product_brand?post=8802"},{"taxonomy":"product_cat","embeddable":true,"href":"https:\/\/jinhuaceramic.com\/fr\/wp-json\/wp\/v2\/product_cat?post=8802"},{"taxonomy":"product_tag","embeddable":true,"href":"https:\/\/jinhuaceramic.com\/fr\/wp-json\/wp\/v2\/product_tag?post=8802"}],"curies":[{"name":"wp","href":"https:\/\/api.w.org\/{rel}","templated":true}]}}