{"id":8815,"date":"2025-04-24T01:46:43","date_gmt":"2025-04-24T01:46:43","guid":{"rendered":"https:\/\/jinhuaceramic.com\/?post_type=product&#038;p=8815"},"modified":"2025-04-24T01:46:45","modified_gmt":"2025-04-24T01:46:45","slug":"bulk-dinnerware-sets","status":"publish","type":"product","link":"https:\/\/jinhuaceramic.com\/fr\/product\/bulk-dinnerware-sets\/","title":{"rendered":"Vaisselle en vrac bleu brillant, vaisselle en gros de couleur unie"},"content":{"rendered":"<div class=\"wp-block-columns is-layout-flex wp-container-core-columns-is-layout-9d6595d7 wp-block-columns-is-layout-flex\">\n<div class=\"wp-block-column is-layout-flow wp-block-column-is-layout-flow\">\n<h3 class=\"wp-block-heading\">Ensemble de vaisselle en vrac de qualit\u00e9 sup\u00e9rieure Caract\u00e9ristiques :<\/h3>\n\n\n\n<ul class=\"wp-block-list\">\n<li><strong>Glacis r\u00e9actif unique :<\/strong> Ces services de vaisselle en vrac utilisent des \u00e9maux r\u00e9actifs qui produisent des changements de couleur et de texture impr\u00e9visibles au cours du processus de cuisson. Par cons\u00e9quent, la couleur bleue de chaque vaisselle pr\u00e9sente des nuances diff\u00e9rentes, pleines de sens artistique et \u00e9vitant la monotonie de la production industrielle de masse.<\/li>\n\n\n\n<li><strong>Design moderne : <\/strong>Le design de ces sets de table de couleur en gros est moderne et \u00e9l\u00e9gant. Le bord de la vaisselle est bord\u00e9 d'une fine bordure marron clair, qui ajoute une touche de luxe et d'\u00e9l\u00e9gance au bleu serein et rehausse le style.<\/li>\n\n\n\n<li><strong>Mat\u00e9riau s\u00fbr : <\/strong>Fabriqu\u00e9s \u00e0 partir d'argile c\u00e9ramique naturelle et non toxique cuite \u00e0 haute temp\u00e9rature, ces services de vaisselle en vrac ne contiennent pas de plomb ni d'autres mat\u00e9riaux m\u00e9talliques et peuvent entrer en contact avec les aliments en toute s\u00e9curit\u00e9.<\/li>\n\n\n\n<li><strong>Ensemble complet : <\/strong>Ces ensembles de vaisselle de couleur en gros comprennent un bol en c\u00e9ramique et deux assiettes, une petite et une grande, et sont tr\u00e8s pratiques. On peut manger des c\u00e9r\u00e9ales, de la soupe ou du riz directement dans le bol en c\u00e9ramique, la petite assiette convient pour les snacks, les salades et autres accompagnements, tandis que la grande assiette convient pour les plats principaux comme le steak.<\/li>\n<\/ul>\n<\/div>\n\n\n\n<div class=\"wp-block-column is-layout-flow wp-block-column-is-layout-flow\">\n<figure class=\"wp-block-image size-full\"><img fetchpriority=\"high\" decoding=\"async\" width=\"1600\" height=\"1600\" src=\"https:\/\/jinhuaceramic.com\/wp-content\/uploads\/2025\/04\/Custom-Dinnerware-With-Reactive-Glaze-Wholesale-Tableware-In-Bulk-4.webp\" alt=\"Vaisselle en vrac bleu brillant, vaisselle en gros de couleur unie-1\" class=\"wp-image-8818\" srcset=\"https:\/\/jinhuaceramic.com\/wp-content\/uploads\/2025\/04\/Custom-Dinnerware-With-Reactive-Glaze-Wholesale-Tableware-In-Bulk-4.webp 1600w, https:\/\/jinhuaceramic.com\/wp-content\/uploads\/2025\/04\/Custom-Dinnerware-With-Reactive-Glaze-Wholesale-Tableware-In-Bulk-4-300x300.webp 300w, https:\/\/jinhuaceramic.com\/wp-content\/uploads\/2025\/04\/Custom-Dinnerware-With-Reactive-Glaze-Wholesale-Tableware-In-Bulk-4-150x150.webp 150w, https:\/\/jinhuaceramic.com\/wp-content\/uploads\/2025\/04\/Custom-Dinnerware-With-Reactive-Glaze-Wholesale-Tableware-In-Bulk-4-768x768.webp 768w, https:\/\/jinhuaceramic.com\/wp-content\/uploads\/2025\/04\/Custom-Dinnerware-With-Reactive-Glaze-Wholesale-Tableware-In-Bulk-4-12x12.webp 12w, https:\/\/jinhuaceramic.com\/wp-content\/uploads\/2025\/04\/Custom-Dinnerware-With-Reactive-Glaze-Wholesale-Tableware-In-Bulk-4-285x285.webp 285w, https:\/\/jinhuaceramic.com\/wp-content\/uploads\/2025\/04\/Custom-Dinnerware-With-Reactive-Glaze-Wholesale-Tableware-In-Bulk-4-270x270.webp 270w, https:\/\/jinhuaceramic.com\/wp-content\/uploads\/2025\/04\/Custom-Dinnerware-With-Reactive-Glaze-Wholesale-Tableware-In-Bulk-4-540x540.webp 540w, https:\/\/jinhuaceramic.com\/wp-content\/uploads\/2025\/04\/Custom-Dinnerware-With-Reactive-Glaze-Wholesale-Tableware-In-Bulk-4-660x660.webp 660w\" sizes=\"(max-width: 1600px) 100vw, 1600px\" \/><\/figure>\n<\/div>\n<\/div>","protected":false},"excerpt":{"rendered":"<p>Bienvenue sur le site d'achat en gros de vaisselle color\u00e9e. Ces ensembles de vaisselle en vrac adoptent un design moderne et \u00e9l\u00e9gant, appliquent une gla\u00e7ure r\u00e9active pour rendre chaque pi\u00e8ce unique, et en m\u00eame temps, le corps en c\u00e9ramique est s\u00fbr et durable, et la combinaison de plusieurs pi\u00e8ces de vaisselle est tr\u00e8s pratique.<\/p>","protected":false},"featured_media":8821,"comment_status":"closed","ping_status":"closed","template":"","meta":{"_acf_changed":false},"product_brand":[],"product_cat":[83,54],"product_tag":[],"class_list":{"0":"post-8815","1":"product","2":"type-product","3":"status-publish","4":"has-post-thumbnail","6":"product_cat-wholesale-dinnerware-sets","7":"product_cat-tableware-wholesale","9":"first","10":"instock","11":"shipping-taxable","12":"product-type-simple"},"acf":[],"_links":{"self":[{"href":"https:\/\/jinhuaceramic.com\/fr\/wp-json\/wp\/v2\/product\/8815","targetHints":{"allow":["GET"]}}],"collection":[{"href":"https:\/\/jinhuaceramic.com\/fr\/wp-json\/wp\/v2\/product"}],"about":[{"href":"https:\/\/jinhuaceramic.com\/fr\/wp-json\/wp\/v2\/types\/product"}],"replies":[{"embeddable":true,"href":"https:\/\/jinhuaceramic.com\/fr\/wp-json\/wp\/v2\/comments?post=8815"}],"version-history":[{"count":0,"href":"https:\/\/jinhuaceramic.com\/fr\/wp-json\/wp\/v2\/product\/8815\/revisions"}],"wp:featuredmedia":[{"embeddable":true,"href":"https:\/\/jinhuaceramic.com\/fr\/wp-json\/wp\/v2\/media\/8821"}],"wp:attachment":[{"href":"https:\/\/jinhuaceramic.com\/fr\/wp-json\/wp\/v2\/media?parent=8815"}],"wp:term":[{"taxonomy":"product_brand","embeddable":true,"href":"https:\/\/jinhuaceramic.com\/fr\/wp-json\/wp\/v2\/product_brand?post=8815"},{"taxonomy":"product_cat","embeddable":true,"href":"https:\/\/jinhuaceramic.com\/fr\/wp-json\/wp\/v2\/product_cat?post=8815"},{"taxonomy":"product_tag","embeddable":true,"href":"https:\/\/jinhuaceramic.com\/fr\/wp-json\/wp\/v2\/product_tag?post=8815"}],"curies":[{"name":"wp","href":"https:\/\/api.w.org\/{rel}","templated":true}]}}