{"id":8862,"date":"2025-04-28T08:17:45","date_gmt":"2025-04-28T08:17:45","guid":{"rendered":"https:\/\/jinhuaceramic.com\/?post_type=product&#038;p=8862"},"modified":"2025-04-28T08:17:46","modified_gmt":"2025-04-28T08:17:46","slug":"custom-dinner-set","status":"publish","type":"product","link":"https:\/\/jinhuaceramic.com\/fr\/product\/custom-dinner-set\/","title":{"rendered":"Set de table personnalis\u00e9, Assiettes et bols en c\u00e9ramique \u00e0 bulles vente en gros"},"content":{"rendered":"<div class=\"wp-block-columns is-layout-flex wp-container-core-columns-is-layout-9d6595d7 wp-block-columns-is-layout-flex\">\n<div class=\"wp-block-column is-layout-flow wp-block-column-is-layout-flow\">\n<h3 class=\"wp-block-heading\">Premium Custom Dinner Set Caract\u00e9ristiques :<\/h3>\n\n\n\n<ul class=\"wp-block-list\">\n<li><strong>Couleur contrast\u00e9e Design : <\/strong>Ce service de table personnalis\u00e9 se caract\u00e9rise par un contraste entre les couleurs int\u00e9rieures et ext\u00e9rieures. La surface int\u00e9rieure des assiettes et des bols est d'un bleu aqua doux, tandis que la surface ext\u00e9rieure est d'un noir myst\u00e9rieux, avec un anneau de bronze d\u00e9cor\u00e9 le long des bords, ce qui conf\u00e8re \u00e0 la vaisselle un aspect contemporain et \u00e0 la mode.<\/li>\n\n\n\n<li><strong>Texture sp\u00e9ciale des bulles : <\/strong>L'int\u00e9rieur de ces assiettes et bols en c\u00e9ramique est bleu aqua et pr\u00e9sente une texture sp\u00e9ciale \u00e0 bulles rugueuses qui cr\u00e9e un effet iris\u00e9, donnant \u00e0 la vaisselle un aspect vivant et organique et \u00e0 ces services une reconnaissance imm\u00e9diate.<\/li>\n\n\n\n<li><strong>Gr\u00e8s durable : <\/strong>Ces assiettes et bols en c\u00e9ramique sont fabriqu\u00e9s en gr\u00e8s et sont chauds, confortables et agr\u00e9ables au toucher. Ils sont plus durables et plus \u00e9pais que la vaisselle en c\u00e9ramique ordinaire, ne s'usent pas rapidement et peuvent \u00eatre utilis\u00e9s pendant des d\u00e9cennies.<\/li>\n\n\n\n<li><strong>Ensemble complet :<\/strong> Ces services de table personnalis\u00e9s comprennent un ensemble compos\u00e9 d'un bol en c\u00e9ramique, d'une tasse et de deux assiettes de tailles diff\u00e9rentes. Le bol en c\u00e9ramique peut \u00eatre utilis\u00e9 pour la soupe, les c\u00e9r\u00e9ales et le riz, l'assiette d'accompagnement peut \u00eatre utilis\u00e9e pour les plats d'accompagnement, la grande assiette peut \u00eatre utilis\u00e9e pour les plats principaux et la tasse peut \u00eatre utilis\u00e9e pour l'eau, le lait ou les boissons.<\/li>\n<\/ul>\n<\/div>\n\n\n\n<div class=\"wp-block-column is-layout-flow wp-block-column-is-layout-flow\">\n<figure class=\"wp-block-image size-full\"><img fetchpriority=\"high\" decoding=\"async\" width=\"1500\" height=\"1500\" src=\"https:\/\/jinhuaceramic.com\/wp-content\/uploads\/2025\/04\/Wholesale-Bubble-Dinnerware-Set-Custom-Ceramic-Plate-and-Bowl-in-Bulk-3.webp\" alt=\"custom-dinner-set-bubble-ceramic-plate-and-bowl-wholesale-1\" class=\"wp-image-8864\" srcset=\"https:\/\/jinhuaceramic.com\/wp-content\/uploads\/2025\/04\/Wholesale-Bubble-Dinnerware-Set-Custom-Ceramic-Plate-and-Bowl-in-Bulk-3.webp 1500w, https:\/\/jinhuaceramic.com\/wp-content\/uploads\/2025\/04\/Wholesale-Bubble-Dinnerware-Set-Custom-Ceramic-Plate-and-Bowl-in-Bulk-3-300x300.webp 300w, https:\/\/jinhuaceramic.com\/wp-content\/uploads\/2025\/04\/Wholesale-Bubble-Dinnerware-Set-Custom-Ceramic-Plate-and-Bowl-in-Bulk-3-150x150.webp 150w, https:\/\/jinhuaceramic.com\/wp-content\/uploads\/2025\/04\/Wholesale-Bubble-Dinnerware-Set-Custom-Ceramic-Plate-and-Bowl-in-Bulk-3-768x768.webp 768w, https:\/\/jinhuaceramic.com\/wp-content\/uploads\/2025\/04\/Wholesale-Bubble-Dinnerware-Set-Custom-Ceramic-Plate-and-Bowl-in-Bulk-3-12x12.webp 12w, https:\/\/jinhuaceramic.com\/wp-content\/uploads\/2025\/04\/Wholesale-Bubble-Dinnerware-Set-Custom-Ceramic-Plate-and-Bowl-in-Bulk-3-285x285.webp 285w, https:\/\/jinhuaceramic.com\/wp-content\/uploads\/2025\/04\/Wholesale-Bubble-Dinnerware-Set-Custom-Ceramic-Plate-and-Bowl-in-Bulk-3-270x270.webp 270w, https:\/\/jinhuaceramic.com\/wp-content\/uploads\/2025\/04\/Wholesale-Bubble-Dinnerware-Set-Custom-Ceramic-Plate-and-Bowl-in-Bulk-3-540x540.webp 540w, https:\/\/jinhuaceramic.com\/wp-content\/uploads\/2025\/04\/Wholesale-Bubble-Dinnerware-Set-Custom-Ceramic-Plate-and-Bowl-in-Bulk-3-660x660.webp 660w\" sizes=\"(max-width: 1500px) 100vw, 1500px\" \/><\/figure>\n<\/div>\n<\/div>","protected":false},"excerpt":{"rendered":"<p>Nous vous invitons \u00e0 acheter notre service de table personnalis\u00e9. Les avantages de ces assiettes et bols en c\u00e9ramique en gros comprennent le motif bicolore, la texture bulle unique, la construction en gr\u00e8s durable et la conception compl\u00e8te de l'ensemble, qui est la combinaison id\u00e9ale de la beaut\u00e9 et de la praticit\u00e9. Ces services de table peuvent cr\u00e9er un d\u00e9cor de table \u00e0 la mode et vivant, rendant le d\u00eener rituel et agr\u00e9able.<\/p>","protected":false},"featured_media":8863,"comment_status":"closed","ping_status":"closed","template":"","meta":{"_acf_changed":false},"product_brand":[],"product_cat":[83,54],"product_tag":[],"class_list":{"0":"post-8862","1":"product","2":"type-product","3":"status-publish","4":"has-post-thumbnail","6":"product_cat-wholesale-dinnerware-sets","7":"product_cat-tableware-wholesale","9":"first","10":"instock","11":"shipping-taxable","12":"product-type-simple"},"acf":[],"_links":{"self":[{"href":"https:\/\/jinhuaceramic.com\/fr\/wp-json\/wp\/v2\/product\/8862","targetHints":{"allow":["GET"]}}],"collection":[{"href":"https:\/\/jinhuaceramic.com\/fr\/wp-json\/wp\/v2\/product"}],"about":[{"href":"https:\/\/jinhuaceramic.com\/fr\/wp-json\/wp\/v2\/types\/product"}],"replies":[{"embeddable":true,"href":"https:\/\/jinhuaceramic.com\/fr\/wp-json\/wp\/v2\/comments?post=8862"}],"version-history":[{"count":0,"href":"https:\/\/jinhuaceramic.com\/fr\/wp-json\/wp\/v2\/product\/8862\/revisions"}],"wp:featuredmedia":[{"embeddable":true,"href":"https:\/\/jinhuaceramic.com\/fr\/wp-json\/wp\/v2\/media\/8863"}],"wp:attachment":[{"href":"https:\/\/jinhuaceramic.com\/fr\/wp-json\/wp\/v2\/media?parent=8862"}],"wp:term":[{"taxonomy":"product_brand","embeddable":true,"href":"https:\/\/jinhuaceramic.com\/fr\/wp-json\/wp\/v2\/product_brand?post=8862"},{"taxonomy":"product_cat","embeddable":true,"href":"https:\/\/jinhuaceramic.com\/fr\/wp-json\/wp\/v2\/product_cat?post=8862"},{"taxonomy":"product_tag","embeddable":true,"href":"https:\/\/jinhuaceramic.com\/fr\/wp-json\/wp\/v2\/product_tag?post=8862"}],"curies":[{"name":"wp","href":"https:\/\/api.w.org\/{rel}","templated":true}]}}