{"id":8879,"date":"2025-05-05T07:52:37","date_gmt":"2025-05-05T07:52:37","guid":{"rendered":"https:\/\/jinhuaceramic.com\/?post_type=product&#038;p=8879"},"modified":"2025-05-05T07:52:39","modified_gmt":"2025-05-05T07:52:39","slug":"custom-crockery","status":"publish","type":"product","link":"https:\/\/jinhuaceramic.com\/fr\/product\/custom-crockery\/","title":{"rendered":"Service de vaisselle personnalis\u00e9 avec texture en spirale en gr\u00e8s, vaisselle rustique en gros"},"content":{"rendered":"<div class=\"wp-block-columns is-layout-flex wp-container-core-columns-is-layout-9d6595d7 wp-block-columns-is-layout-flex\">\n<div class=\"wp-block-column is-layout-flow wp-block-column-is-layout-flow\">\n<h3 class=\"wp-block-heading\">Set de vaisselle personnalis\u00e9 Premium Caract\u00e9ristiques :<\/h3>\n\n\n\n<ul class=\"wp-block-list\">\n<li><strong>Texture spirale distincte : <\/strong>Ces services de vaisselle personnalis\u00e9s pr\u00e9sentent des motifs en spirale concentrique non uniformes, o\u00f9 les couleurs rayonnent du centre vers la p\u00e9riph\u00e9rie, donnant un aspect naturel et dynamique qui stimule l'\u0153uvre d'art et l'identifiabilit\u00e9 de la vaisselle.<\/li>\n\n\n\n<li><strong>Style rustique : <\/strong>La couleur principale de ces sets de vaisselle personnalis\u00e9s est le beige avec des bords blancs et des textures en spirale grises. La couleur est simple mais \u00e9l\u00e9gante dans l'ensemble. Avec les taches noires irr\u00e9guli\u00e8res qui pars\u00e8ment la surface, les sets de table ont \u00e9galement un aspect plus rustique et artisanal.<\/li>\n\n\n\n<li><strong>Gr\u00e8s Mat\u00e9riau : <\/strong>Ces articles de table en gros sont fabriqu\u00e9s en poterie grossi\u00e8re, ce qui leur conf\u00e8re une certaine duret\u00e9 et un certain poids. Ils sont doux au toucher et plus durables que les c\u00e9ramiques ordinaires, et conviennent donc \u00e0 un usage r\u00e9gulier.<\/li>\n\n\n\n<li><strong>Forte praticabilit\u00e9 : <\/strong>Ce service de vaisselle personnalis\u00e9 de 16 pi\u00e8ces comprend 4 saladiers, 4 bols \u00e0 soupe, 4 assiettes d'accompagnement et 4 assiettes \u00e0 plat, ce qui permet de r\u00e9pondre aux besoins quotidiens d'une famille de quatre personnes et est tr\u00e8s pratique.<\/li>\n<\/ul>\n<\/div>\n\n\n\n<div class=\"wp-block-column is-layout-flow wp-block-column-is-layout-flow\">\n<figure class=\"wp-block-image size-full\"><img fetchpriority=\"high\" decoding=\"async\" width=\"1600\" height=\"1600\" src=\"https:\/\/jinhuaceramic.com\/wp-content\/uploads\/2025\/04\/Rustic-Crockery-Set-With-Spiral-Texture-Stoneware-Tableware-Wholesale-9.webp\" alt=\"ccustom-crockery-set-with-spiral-texture-stoneware-rustic-tableware-wholesale-1\" class=\"wp-image-8887\" srcset=\"https:\/\/jinhuaceramic.com\/wp-content\/uploads\/2025\/04\/Rustic-Crockery-Set-With-Spiral-Texture-Stoneware-Tableware-Wholesale-9.webp 1600w, https:\/\/jinhuaceramic.com\/wp-content\/uploads\/2025\/04\/Rustic-Crockery-Set-With-Spiral-Texture-Stoneware-Tableware-Wholesale-9-300x300.webp 300w, https:\/\/jinhuaceramic.com\/wp-content\/uploads\/2025\/04\/Rustic-Crockery-Set-With-Spiral-Texture-Stoneware-Tableware-Wholesale-9-150x150.webp 150w, https:\/\/jinhuaceramic.com\/wp-content\/uploads\/2025\/04\/Rustic-Crockery-Set-With-Spiral-Texture-Stoneware-Tableware-Wholesale-9-768x768.webp 768w, https:\/\/jinhuaceramic.com\/wp-content\/uploads\/2025\/04\/Rustic-Crockery-Set-With-Spiral-Texture-Stoneware-Tableware-Wholesale-9-12x12.webp 12w, https:\/\/jinhuaceramic.com\/wp-content\/uploads\/2025\/04\/Rustic-Crockery-Set-With-Spiral-Texture-Stoneware-Tableware-Wholesale-9-285x285.webp 285w, https:\/\/jinhuaceramic.com\/wp-content\/uploads\/2025\/04\/Rustic-Crockery-Set-With-Spiral-Texture-Stoneware-Tableware-Wholesale-9-270x270.webp 270w, https:\/\/jinhuaceramic.com\/wp-content\/uploads\/2025\/04\/Rustic-Crockery-Set-With-Spiral-Texture-Stoneware-Tableware-Wholesale-9-540x540.webp 540w, https:\/\/jinhuaceramic.com\/wp-content\/uploads\/2025\/04\/Rustic-Crockery-Set-With-Spiral-Texture-Stoneware-Tableware-Wholesale-9-660x660.webp 660w\" sizes=\"(max-width: 1600px) 100vw, 1600px\" \/><\/figure>\n<\/div>\n<\/div>","protected":false},"excerpt":{"rendered":"<p>Nous vous invitons \u00e0 acheter notre vaisselle en gros. Les avantages de ces services de vaisselle personnalis\u00e9s r\u00e9sident dans leur texture spiral\u00e9e unique, leur aspect vintage et leur contenu en gr\u00e8s, qui leur conf\u00e8re texture et solidit\u00e9, ce qui les rend \u00e0 la fois esth\u00e9tiques et pratiques. Ils peuvent conf\u00e9rer un sentiment de tranquillit\u00e9 et de beaut\u00e9 \u00e0 la table et optimiser le plaisir de manger.<\/p>","protected":false},"featured_media":8886,"comment_status":"closed","ping_status":"closed","template":"","meta":{"_acf_changed":false},"product_brand":[],"product_cat":[83,54],"product_tag":[],"class_list":{"0":"post-8879","1":"product","2":"type-product","3":"status-publish","4":"has-post-thumbnail","6":"product_cat-wholesale-dinnerware-sets","7":"product_cat-tableware-wholesale","9":"first","10":"instock","11":"shipping-taxable","12":"product-type-simple"},"acf":[],"_links":{"self":[{"href":"https:\/\/jinhuaceramic.com\/fr\/wp-json\/wp\/v2\/product\/8879","targetHints":{"allow":["GET"]}}],"collection":[{"href":"https:\/\/jinhuaceramic.com\/fr\/wp-json\/wp\/v2\/product"}],"about":[{"href":"https:\/\/jinhuaceramic.com\/fr\/wp-json\/wp\/v2\/types\/product"}],"replies":[{"embeddable":true,"href":"https:\/\/jinhuaceramic.com\/fr\/wp-json\/wp\/v2\/comments?post=8879"}],"version-history":[{"count":0,"href":"https:\/\/jinhuaceramic.com\/fr\/wp-json\/wp\/v2\/product\/8879\/revisions"}],"wp:featuredmedia":[{"embeddable":true,"href":"https:\/\/jinhuaceramic.com\/fr\/wp-json\/wp\/v2\/media\/8886"}],"wp:attachment":[{"href":"https:\/\/jinhuaceramic.com\/fr\/wp-json\/wp\/v2\/media?parent=8879"}],"wp:term":[{"taxonomy":"product_brand","embeddable":true,"href":"https:\/\/jinhuaceramic.com\/fr\/wp-json\/wp\/v2\/product_brand?post=8879"},{"taxonomy":"product_cat","embeddable":true,"href":"https:\/\/jinhuaceramic.com\/fr\/wp-json\/wp\/v2\/product_cat?post=8879"},{"taxonomy":"product_tag","embeddable":true,"href":"https:\/\/jinhuaceramic.com\/fr\/wp-json\/wp\/v2\/product_tag?post=8879"}],"curies":[{"name":"wp","href":"https:\/\/api.w.org\/{rel}","templated":true}]}}