{"id":8892,"date":"2025-05-05T09:34:40","date_gmt":"2025-05-05T09:34:40","guid":{"rendered":"https:\/\/jinhuaceramic.com\/?post_type=product&#038;p=8892"},"modified":"2025-05-05T09:34:42","modified_gmt":"2025-05-05T09:34:42","slug":"custom-plates-and-bowls","status":"publish","type":"product","link":"https:\/\/jinhuaceramic.com\/fr\/product\/custom-plates-and-bowls\/","title":{"rendered":"Assiettes et bols personnalis\u00e9s, Set de table de luxe en c\u00e9ramique Wholesale"},"content":{"rendered":"<div class=\"wp-block-columns is-layout-flex wp-container-core-columns-is-layout-9d6595d7 wp-block-columns-is-layout-flex\">\n<div class=\"wp-block-column is-layout-flow wp-block-column-is-layout-flow\">\n<h3 class=\"wp-block-heading\">Assiettes et bols personnalis\u00e9s Premium Caract\u00e9ristiques :<\/h3>\n\n\n\n<ul class=\"wp-block-list\">\n<li><strong>Design \u00e9l\u00e9gant : <\/strong>Ces assiettes et bols personnalis\u00e9s sont recouverts de textures de gouttes d'eau rayonnantes brun clair. Les assiettes rayonnent \u00e0 partir du centre, tandis que les bols et les tasses rayonnent vers le haut \u00e0 partir du bas, un motif en forme de rayon de soleil qui contraste avec le bord vert. L'ensemble est riche et harmonieux.<\/li>\n\n\n\n<li><strong>Mat\u00e9riau de haute qualit\u00e9 : <\/strong>La vaisselle en c\u00e9ramique de haute qualit\u00e9 est durable, dure, moins sujette \u00e0 l'usure et \u00e0 la d\u00e9chirure et tr\u00e8s r\u00e9sistante \u00e0 la chaleur. Ils passent au four \u00e0 micro-ondes, au four, au r\u00e9frig\u00e9rateur et au lave-vaisselle.<\/li>\n\n\n\n<li><strong>Ensemble complet : <\/strong>Le service de table en gros en c\u00e9ramique comprend des assiettes, des bols et des tasses pour r\u00e9pondre \u00e0 diff\u00e9rents besoins. Les assiettes, par exemple, sont parfaites pour le plat principal et l'accompagnement, les bols sont parfaits pour la soupe et les aliments de base, et les tasses sont parfaites pour les boissons comme le caf\u00e9, le th\u00e9 et plus encore.<\/li>\n\n\n\n<li><strong>Cadeau id\u00e9al : <\/strong>\u00c0 la fois pratiques et magnifiques, les assiettes et bols personnalis\u00e9s sont des cadeaux id\u00e9aux pour un mariage ou une pendaison de cr\u00e9maill\u00e8re, afin de transmettre les v\u0153ux du donateur.<\/li>\n<\/ul>\n<\/div>\n\n\n\n<div class=\"wp-block-column is-layout-flow wp-block-column-is-layout-flow\">\n<figure class=\"wp-block-image size-full\"><img fetchpriority=\"high\" decoding=\"async\" width=\"1600\" height=\"1591\" src=\"https:\/\/jinhuaceramic.com\/wp-content\/uploads\/2025\/05\/Luxury-Tableware-Set-Wholesale-Custom-Ceramic-Dinner-Bowl-And-Plate-3.webp\" alt=\"Custom-plates-and-bowls-luxury-tableware-set-wholesale-1\" class=\"wp-image-8894\" srcset=\"https:\/\/jinhuaceramic.com\/wp-content\/uploads\/2025\/05\/Luxury-Tableware-Set-Wholesale-Custom-Ceramic-Dinner-Bowl-And-Plate-3.webp 1600w, https:\/\/jinhuaceramic.com\/wp-content\/uploads\/2025\/05\/Luxury-Tableware-Set-Wholesale-Custom-Ceramic-Dinner-Bowl-And-Plate-3-300x298.webp 300w, https:\/\/jinhuaceramic.com\/wp-content\/uploads\/2025\/05\/Luxury-Tableware-Set-Wholesale-Custom-Ceramic-Dinner-Bowl-And-Plate-3-150x150.webp 150w, https:\/\/jinhuaceramic.com\/wp-content\/uploads\/2025\/05\/Luxury-Tableware-Set-Wholesale-Custom-Ceramic-Dinner-Bowl-And-Plate-3-768x764.webp 768w, https:\/\/jinhuaceramic.com\/wp-content\/uploads\/2025\/05\/Luxury-Tableware-Set-Wholesale-Custom-Ceramic-Dinner-Bowl-And-Plate-3-12x12.webp 12w, https:\/\/jinhuaceramic.com\/wp-content\/uploads\/2025\/05\/Luxury-Tableware-Set-Wholesale-Custom-Ceramic-Dinner-Bowl-And-Plate-3-285x283.webp 285w, https:\/\/jinhuaceramic.com\/wp-content\/uploads\/2025\/05\/Luxury-Tableware-Set-Wholesale-Custom-Ceramic-Dinner-Bowl-And-Plate-3-660x656.webp 660w\" sizes=\"(max-width: 1600px) 100vw, 1600px\" \/><\/figure>\n<\/div>\n<\/div>","protected":false},"excerpt":{"rendered":"<p>Nous vous invitons \u00e0 acheter nos assiettes et bols personnalis\u00e9s. Le service de table en c\u00e9ramique est bien d\u00e9cor\u00e9 et compatible avec diff\u00e9rents mod\u00e8les de tables \u00e0 manger. Le mat\u00e9riau c\u00e9ramique est solide et durable. Les assiettes, les bols et les tasses sont tous fonctionnels et r\u00e9pondent \u00e0 diff\u00e9rents types de besoins. Ils conviennent aussi bien \u00e0 un usage personnel qu'\u00e0 la r\u00e9ception d'invit\u00e9s.<\/p>","protected":false},"featured_media":8897,"comment_status":"closed","ping_status":"closed","template":"","meta":{"_acf_changed":false},"product_brand":[],"product_cat":[83,54],"product_tag":[],"class_list":{"0":"post-8892","1":"product","2":"type-product","3":"status-publish","4":"has-post-thumbnail","6":"product_cat-wholesale-dinnerware-sets","7":"product_cat-tableware-wholesale","9":"first","10":"instock","11":"shipping-taxable","12":"product-type-simple"},"acf":[],"_links":{"self":[{"href":"https:\/\/jinhuaceramic.com\/fr\/wp-json\/wp\/v2\/product\/8892","targetHints":{"allow":["GET"]}}],"collection":[{"href":"https:\/\/jinhuaceramic.com\/fr\/wp-json\/wp\/v2\/product"}],"about":[{"href":"https:\/\/jinhuaceramic.com\/fr\/wp-json\/wp\/v2\/types\/product"}],"replies":[{"embeddable":true,"href":"https:\/\/jinhuaceramic.com\/fr\/wp-json\/wp\/v2\/comments?post=8892"}],"version-history":[{"count":0,"href":"https:\/\/jinhuaceramic.com\/fr\/wp-json\/wp\/v2\/product\/8892\/revisions"}],"wp:featuredmedia":[{"embeddable":true,"href":"https:\/\/jinhuaceramic.com\/fr\/wp-json\/wp\/v2\/media\/8897"}],"wp:attachment":[{"href":"https:\/\/jinhuaceramic.com\/fr\/wp-json\/wp\/v2\/media?parent=8892"}],"wp:term":[{"taxonomy":"product_brand","embeddable":true,"href":"https:\/\/jinhuaceramic.com\/fr\/wp-json\/wp\/v2\/product_brand?post=8892"},{"taxonomy":"product_cat","embeddable":true,"href":"https:\/\/jinhuaceramic.com\/fr\/wp-json\/wp\/v2\/product_cat?post=8892"},{"taxonomy":"product_tag","embeddable":true,"href":"https:\/\/jinhuaceramic.com\/fr\/wp-json\/wp\/v2\/product_tag?post=8892"}],"curies":[{"name":"wp","href":"https:\/\/api.w.org\/{rel}","templated":true}]}}