{"id":8901,"date":"2025-05-05T08:54:24","date_gmt":"2025-05-05T08:54:24","guid":{"rendered":"https:\/\/jinhuaceramic.com\/?post_type=product&#038;p=8901"},"modified":"2025-05-05T08:54:25","modified_gmt":"2025-05-05T08:54:25","slug":"customized-dinnerware","status":"publish","type":"product","link":"https:\/\/jinhuaceramic.com\/fr\/product\/customized-dinnerware\/","title":{"rendered":"Vaisselle personnalis\u00e9e pour 4, Vaisselle japonaise en gros"},"content":{"rendered":"<div class=\"wp-block-columns is-layout-flex wp-container-core-columns-is-layout-9d6595d7 wp-block-columns-is-layout-flex\">\n<div class=\"wp-block-column is-layout-flow wp-block-column-is-layout-flow\">\n<h3 class=\"wp-block-heading\">Vaisselle personnalis\u00e9e de qualit\u00e9 sup\u00e9rieure Caract\u00e9ristiques :<\/h3>\n\n\n\n<ul class=\"wp-block-list\">\n<li><strong>Style japonais : <\/strong>Ces services de vaisselle personnalis\u00e9s sont principalement gris clair, avec des bandes ornementales verticales ray\u00e9es et des pieds annulaires bruns, d\u00e9gageant une atmosph\u00e8re r\u00e9tro japonaise tr\u00e8s forte. Ils peuvent ajouter une touche artistique \u00e0 la table \u00e0 manger et s'adapter \u00e0 la plupart des styles de maison, qu'ils soient modernes ou r\u00e9tro.<\/li>\n\n\n\n<li><strong>S\u00e9curit\u00e9 et sant\u00e9 : <\/strong>Cette vaisselle en c\u00e9ramique de qualit\u00e9 sup\u00e9rieure est fabriqu\u00e9e \u00e0 partir de min\u00e9raux naturels et cuite \u00e0 haute temp\u00e9rature sans ajout de produits chimiques toxiques. Ils ne lib\u00e8rent jamais de produits chimiques toxiques pendant la cuisson, ce qui les rend s\u00fbrs et sains pour la conservation des aliments.<\/li>\n\n\n\n<li><strong>Flexibilit\u00e9 : <\/strong>Ces services de vaisselle personnalis\u00e9s comprennent des bols de 6,75 pouces, des assiettes de 8,5 pouces et des assiettes de 11 pouces, qui peuvent \u00eatre utilis\u00e9s pour r\u00e9pondre aux besoins quotidiens en mati\u00e8re de repas, qu'il s'agisse du petit-d\u00e9jeuner, du d\u00e9jeuner ou du d\u00eener. Ils conviennent non seulement \u00e0 un usage domestique, mais aussi \u00e0 des restaurants haut de gamme.<\/li>\n\n\n\n<li><strong>Facile \u00e0 nettoyer : <\/strong>Ces pi\u00e8ces de vaisselle japonaise en c\u00e9ramique lisse sont difficiles \u00e0 tacher. Elles sont faciles \u00e0 laver \u00e0 la main ou au lave-vaisselle, ce qui permet de r\u00e9duire les efforts et le temps consacr\u00e9s au nettoyage apr\u00e8s le repas.<\/li>\n<\/ul>\n<\/div>\n\n\n\n<div class=\"wp-block-column is-layout-flow wp-block-column-is-layout-flow\">\n<figure class=\"wp-block-image size-full\"><img fetchpriority=\"high\" decoding=\"async\" width=\"2560\" height=\"2560\" src=\"https:\/\/jinhuaceramic.com\/wp-content\/uploads\/2025\/05\/Japanese-Dinnerware-Set-Custom-Tableware-Dinner-Service-For-4-7.webp\" alt=\"vaisselle-pour-4-vaisselle-japonaise-en-gros-1\" class=\"wp-image-8907\" srcset=\"https:\/\/jinhuaceramic.com\/wp-content\/uploads\/2025\/05\/Japanese-Dinnerware-Set-Custom-Tableware-Dinner-Service-For-4-7.webp 2560w, https:\/\/jinhuaceramic.com\/wp-content\/uploads\/2025\/05\/Japanese-Dinnerware-Set-Custom-Tableware-Dinner-Service-For-4-7-300x300.webp 300w, https:\/\/jinhuaceramic.com\/wp-content\/uploads\/2025\/05\/Japanese-Dinnerware-Set-Custom-Tableware-Dinner-Service-For-4-7-150x150.webp 150w, https:\/\/jinhuaceramic.com\/wp-content\/uploads\/2025\/05\/Japanese-Dinnerware-Set-Custom-Tableware-Dinner-Service-For-4-7-768x768.webp 768w, https:\/\/jinhuaceramic.com\/wp-content\/uploads\/2025\/05\/Japanese-Dinnerware-Set-Custom-Tableware-Dinner-Service-For-4-7-12x12.webp 12w, https:\/\/jinhuaceramic.com\/wp-content\/uploads\/2025\/05\/Japanese-Dinnerware-Set-Custom-Tableware-Dinner-Service-For-4-7-285x285.webp 285w, https:\/\/jinhuaceramic.com\/wp-content\/uploads\/2025\/05\/Japanese-Dinnerware-Set-Custom-Tableware-Dinner-Service-For-4-7-1600x1600.webp 1600w, https:\/\/jinhuaceramic.com\/wp-content\/uploads\/2025\/05\/Japanese-Dinnerware-Set-Custom-Tableware-Dinner-Service-For-4-7-270x270.webp 270w, https:\/\/jinhuaceramic.com\/wp-content\/uploads\/2025\/05\/Japanese-Dinnerware-Set-Custom-Tableware-Dinner-Service-For-4-7-540x540.webp 540w, https:\/\/jinhuaceramic.com\/wp-content\/uploads\/2025\/05\/Japanese-Dinnerware-Set-Custom-Tableware-Dinner-Service-For-4-7-660x660.webp 660w\" sizes=\"(max-width: 2560px) 100vw, 2560px\" \/><\/figure>\n<\/div>\n<\/div>","protected":false},"excerpt":{"rendered":"<p>Nous vous invitons \u00e0 acheter en gros notre vaisselle japonaise. Ces services de vaisselle personnalis\u00e9s pr\u00e9sentent un style japonais simple et polyvalent. La c\u00e9ramique est s\u00fbre et saine, facile \u00e0 laver, et la coordination entre les diff\u00e9rents articles de table est pratique. La vaisselle est non seulement jolie, mais aussi pratique, ce qui fait des repas une exp\u00e9rience agr\u00e9able.<\/p>","protected":false},"featured_media":8904,"comment_status":"closed","ping_status":"closed","template":"","meta":{"_acf_changed":false},"product_brand":[],"product_cat":[83,54],"product_tag":[],"class_list":{"0":"post-8901","1":"product","2":"type-product","3":"status-publish","4":"has-post-thumbnail","6":"product_cat-wholesale-dinnerware-sets","7":"product_cat-tableware-wholesale","9":"first","10":"instock","11":"shipping-taxable","12":"product-type-simple"},"acf":[],"_links":{"self":[{"href":"https:\/\/jinhuaceramic.com\/fr\/wp-json\/wp\/v2\/product\/8901","targetHints":{"allow":["GET"]}}],"collection":[{"href":"https:\/\/jinhuaceramic.com\/fr\/wp-json\/wp\/v2\/product"}],"about":[{"href":"https:\/\/jinhuaceramic.com\/fr\/wp-json\/wp\/v2\/types\/product"}],"replies":[{"embeddable":true,"href":"https:\/\/jinhuaceramic.com\/fr\/wp-json\/wp\/v2\/comments?post=8901"}],"version-history":[{"count":0,"href":"https:\/\/jinhuaceramic.com\/fr\/wp-json\/wp\/v2\/product\/8901\/revisions"}],"wp:featuredmedia":[{"embeddable":true,"href":"https:\/\/jinhuaceramic.com\/fr\/wp-json\/wp\/v2\/media\/8904"}],"wp:attachment":[{"href":"https:\/\/jinhuaceramic.com\/fr\/wp-json\/wp\/v2\/media?parent=8901"}],"wp:term":[{"taxonomy":"product_brand","embeddable":true,"href":"https:\/\/jinhuaceramic.com\/fr\/wp-json\/wp\/v2\/product_brand?post=8901"},{"taxonomy":"product_cat","embeddable":true,"href":"https:\/\/jinhuaceramic.com\/fr\/wp-json\/wp\/v2\/product_cat?post=8901"},{"taxonomy":"product_tag","embeddable":true,"href":"https:\/\/jinhuaceramic.com\/fr\/wp-json\/wp\/v2\/product_tag?post=8901"}],"curies":[{"name":"wp","href":"https:\/\/api.w.org\/{rel}","templated":true}]}}