{"id":8912,"date":"2025-05-05T08:23:08","date_gmt":"2025-05-05T08:23:08","guid":{"rendered":"https:\/\/jinhuaceramic.com\/?post_type=product&#038;p=8912"},"modified":"2025-05-05T08:23:10","modified_gmt":"2025-05-05T08:23:10","slug":"chinese-bathroom-accessories","status":"publish","type":"product","link":"https:\/\/jinhuaceramic.com\/fr\/product\/chinese-bathroom-accessories\/","title":{"rendered":"Accessoires de salle de bain chinois, set de salle de bain r\u00e9tro en c\u00e9ramique verte pour h\u00f4tel"},"content":{"rendered":"<div class=\"wp-block-columns is-layout-flex wp-container-core-columns-is-layout-9d6595d7 wp-block-columns-is-layout-flex\">\n<div class=\"wp-block-column is-layout-flow wp-block-column-is-layout-flow\">\n<h3 class=\"wp-block-heading\">Accessoires de salle de bain chinois de qualit\u00e9 sup\u00e9rieure Caract\u00e9ristiques :<\/h3>\n\n\n\n<ul class=\"wp-block-list\">\n<li><strong>Style r\u00e9tro : <\/strong>Ces ensembles de salle de bains personnalis\u00e9s, avec leurs tons vert fonc\u00e9, peuvent ajouter une atmosph\u00e8re naturelle et sereine \u00e0 la salle de bains. Le flacon de savon encadr\u00e9 d'une colonne au design classique, associ\u00e9 \u00e0 une pompe dor\u00e9e, ainsi que le gobelet cylindrique simple et le porte-savon sp\u00e9cialement con\u00e7u peuvent ajouter \u00e0 la sophistication et \u00e0 l'\u00e9l\u00e9gance de la salle de bains.<\/li>\n\n\n\n<li><strong>Mat\u00e9riau de haute qualit\u00e9 : <\/strong>Ces accessoires de salle de bains chinois de haute qualit\u00e9 sont solides et durables, ne s'usent ni ne se cassent facilement, et sont faciles \u00e0 nettoyer. Les taches d'eau, de savon et autres salet\u00e9s ne risquent pas de rester. Il suffit de les essuyer avec un chiffon humide pour les garder propres.<\/li>\n\n\n\n<li><strong>Ensemble complet : <\/strong>Ces accessoires de salle de bains chinois comprennent un distributeur de savon, deux gobelets et un porte-savon. Ils r\u00e9pondent aux diff\u00e9rents besoins de la toilette quotidienne, tels que la distribution de savon liquide, le maintien des brosses \u00e0 dents et du dentifrice, le rin\u00e7age de la bouche et le stockage du savon, formant ainsi un ensemble complet d'articles de toilette.<\/li>\n\n\n\n<li><strong>Respectueux de l'environnement : <\/strong>Les c\u00e9ramiques sont des mat\u00e9riaux inorganiques non m\u00e9talliques d'origine naturelle qui ne contiennent aucun produit chimique toxique. Ces ensembles de salle de bains personnalis\u00e9s sont recyclables \u00e0 la fin de leur vie utile, ce qui les rend encore plus respectueux de l'environnement.<\/li>\n<\/ul>\n<\/div>\n\n\n\n<div class=\"wp-block-column is-layout-flow wp-block-column-is-layout-flow\">\n<figure class=\"wp-block-image size-full\"><img fetchpriority=\"high\" decoding=\"async\" width=\"800\" height=\"800\" src=\"https:\/\/jinhuaceramic.com\/wp-content\/uploads\/2025\/05\/Retro-Green-Bathroom-Set-Ceramic-Hotel-Bath-Accessories-Wholesale.webp\" alt=\"chinese-bathroom-accessories-retro-green-ceramic-hotel-custom-bathroom-set-1\" class=\"wp-image-8918\" srcset=\"https:\/\/jinhuaceramic.com\/wp-content\/uploads\/2025\/05\/Retro-Green-Bathroom-Set-Ceramic-Hotel-Bath-Accessories-Wholesale.webp 800w, https:\/\/jinhuaceramic.com\/wp-content\/uploads\/2025\/05\/Retro-Green-Bathroom-Set-Ceramic-Hotel-Bath-Accessories-Wholesale-300x300.webp 300w, https:\/\/jinhuaceramic.com\/wp-content\/uploads\/2025\/05\/Retro-Green-Bathroom-Set-Ceramic-Hotel-Bath-Accessories-Wholesale-150x150.webp 150w, https:\/\/jinhuaceramic.com\/wp-content\/uploads\/2025\/05\/Retro-Green-Bathroom-Set-Ceramic-Hotel-Bath-Accessories-Wholesale-768x768.webp 768w, https:\/\/jinhuaceramic.com\/wp-content\/uploads\/2025\/05\/Retro-Green-Bathroom-Set-Ceramic-Hotel-Bath-Accessories-Wholesale-12x12.webp 12w, https:\/\/jinhuaceramic.com\/wp-content\/uploads\/2025\/05\/Retro-Green-Bathroom-Set-Ceramic-Hotel-Bath-Accessories-Wholesale-285x285.webp 285w, https:\/\/jinhuaceramic.com\/wp-content\/uploads\/2025\/05\/Retro-Green-Bathroom-Set-Ceramic-Hotel-Bath-Accessories-Wholesale-270x270.webp 270w, https:\/\/jinhuaceramic.com\/wp-content\/uploads\/2025\/05\/Retro-Green-Bathroom-Set-Ceramic-Hotel-Bath-Accessories-Wholesale-540x540.webp 540w, https:\/\/jinhuaceramic.com\/wp-content\/uploads\/2025\/05\/Retro-Green-Bathroom-Set-Ceramic-Hotel-Bath-Accessories-Wholesale-660x660.webp 660w\" sizes=\"(max-width: 800px) 100vw, 800px\" \/><\/figure>\n<\/div>\n<\/div>\n\n\n\n<p><\/p>","protected":false},"excerpt":{"rendered":"<p>Nous vous invitons \u00e0 acheter nos ensembles de salle de bains personnalis\u00e9s. Ces accessoires de salle de bains chinois de style r\u00e9tro vert fonc\u00e9 sont exquis et polyvalents, et peuvent rehausser le style de la salle de bains. Le kit comprend des accessoires complets pour r\u00e9pondre \u00e0 tous les besoins de lavage. Le mat\u00e9riau c\u00e9ramique est durable, facile \u00e0 nettoyer, s\u00fbr et respectueux de l'environnement, offrant aux utilisateurs une exp\u00e9rience saine et confortable.<\/p>","protected":false},"featured_media":8913,"comment_status":"closed","ping_status":"closed","template":"","meta":{"_acf_changed":false},"product_brand":[],"product_cat":[51],"product_tag":[74],"class_list":{"0":"post-8912","1":"product","2":"type-product","3":"status-publish","4":"has-post-thumbnail","6":"product_cat-bathroom-accessories-wholesale","7":"product_tag-ceramic-bath-accessories-wholesale","9":"first","10":"instock","11":"shipping-taxable","12":"product-type-simple"},"acf":[],"_links":{"self":[{"href":"https:\/\/jinhuaceramic.com\/fr\/wp-json\/wp\/v2\/product\/8912","targetHints":{"allow":["GET"]}}],"collection":[{"href":"https:\/\/jinhuaceramic.com\/fr\/wp-json\/wp\/v2\/product"}],"about":[{"href":"https:\/\/jinhuaceramic.com\/fr\/wp-json\/wp\/v2\/types\/product"}],"replies":[{"embeddable":true,"href":"https:\/\/jinhuaceramic.com\/fr\/wp-json\/wp\/v2\/comments?post=8912"}],"version-history":[{"count":0,"href":"https:\/\/jinhuaceramic.com\/fr\/wp-json\/wp\/v2\/product\/8912\/revisions"}],"wp:featuredmedia":[{"embeddable":true,"href":"https:\/\/jinhuaceramic.com\/fr\/wp-json\/wp\/v2\/media\/8913"}],"wp:attachment":[{"href":"https:\/\/jinhuaceramic.com\/fr\/wp-json\/wp\/v2\/media?parent=8912"}],"wp:term":[{"taxonomy":"product_brand","embeddable":true,"href":"https:\/\/jinhuaceramic.com\/fr\/wp-json\/wp\/v2\/product_brand?post=8912"},{"taxonomy":"product_cat","embeddable":true,"href":"https:\/\/jinhuaceramic.com\/fr\/wp-json\/wp\/v2\/product_cat?post=8912"},{"taxonomy":"product_tag","embeddable":true,"href":"https:\/\/jinhuaceramic.com\/fr\/wp-json\/wp\/v2\/product_tag?post=8912"}],"curies":[{"name":"wp","href":"https:\/\/api.w.org\/{rel}","templated":true}]}}