{"id":8931,"date":"2025-05-10T02:57:28","date_gmt":"2025-05-10T02:57:28","guid":{"rendered":"https:\/\/jinhuaceramic.com\/?post_type=product&#038;p=8931"},"modified":"2025-05-10T02:57:30","modified_gmt":"2025-05-10T02:57:30","slug":"plates-and-bowls-wholesale","status":"publish","type":"product","link":"https:\/\/jinhuaceramic.com\/fr\/product\/plates-and-bowls-wholesale\/","title":{"rendered":"Assiettes et bols pastoraux Grossiste, Service de table en vrac"},"content":{"rendered":"<div class=\"wp-block-columns is-layout-flex wp-container-core-columns-is-layout-9d6595d7 wp-block-columns-is-layout-flex\">\n<div class=\"wp-block-column is-layout-flow wp-block-column-is-layout-flow\">\n<h3 class=\"wp-block-heading\">Assiettes et bols Premium Wholesale Caract\u00e9ristiques :<\/h3>\n\n\n\n<ul class=\"wp-block-list\">\n<li><strong>Fond blanc cass\u00e9 avec des motifs v\u00e9g\u00e9taux :<\/strong> Ces assiettes et bols en c\u00e9ramique sont bas\u00e9s sur un blanc cass\u00e9 chaud, compl\u00e9t\u00e9 par des motifs v\u00e9g\u00e9taux bruns peints \u00e0 la main, cr\u00e9ant ainsi une atmosph\u00e8re naturelle et chaleureuse.<\/li>\n\n\n\n<li><strong>Une vari\u00e9t\u00e9 de tailles pour r\u00e9pondre aux besoins de la restauration dans tous les sc\u00e9narios :<\/strong> Nos sets de table en vrac couvrent une vari\u00e9t\u00e9 de tailles d'assiettes et de bols, convenant aux repas principaux, salades, desserts, soupes et autres plats diff\u00e9rents, avec des combinaisons flexibles et une grande praticit\u00e9.<\/li>\n\n\n\n<li><strong>Texture c\u00e9ramique givr\u00e9e, chaude et antid\u00e9rapante : <\/strong>La surface de ces assiettes et bols en c\u00e9ramique est d\u00e9licatement givr\u00e9e, ce qui am\u00e9liore la texture du produit tout en renfor\u00e7ant sa propri\u00e9t\u00e9 antid\u00e9rapante, et est \u00e0 la fois belle et s\u00fbre.<\/li>\n\n\n\n<li><strong>Convient pour les achats en gros dans plusieurs sc\u00e9narios : <\/strong>Nos services de vaisselle en c\u00e9ramique en vrac sont compatibles avec les services de personnalisation OEM\/ODM. Ils conviennent \u00e0 divers canaux tels que la vente au d\u00e9tail \u00e0 domicile, l'h\u00e9bergement en famille d'accueil, l'approvisionnement des restaurants et la personnalisation des cadeaux.<\/li>\n<\/ul>\n<\/div>\n\n\n\n<div class=\"wp-block-column is-layout-flow wp-block-column-is-layout-flow\">\n<figure class=\"wp-block-image size-full\"><img fetchpriority=\"high\" decoding=\"async\" width=\"800\" height=\"800\" src=\"https:\/\/jinhuaceramic.com\/wp-content\/uploads\/2025\/05\/A-Variety-of-Ceramic-Bowl-and-Plate-Combinations-Custom-Tableware-Set-3.webp\" alt=\"Assiettes et bols pastoraux grossiste, vaisselle en vrac-1\" class=\"wp-image-8933\" srcset=\"https:\/\/jinhuaceramic.com\/wp-content\/uploads\/2025\/05\/A-Variety-of-Ceramic-Bowl-and-Plate-Combinations-Custom-Tableware-Set-3.webp 800w, https:\/\/jinhuaceramic.com\/wp-content\/uploads\/2025\/05\/A-Variety-of-Ceramic-Bowl-and-Plate-Combinations-Custom-Tableware-Set-3-300x300.webp 300w, https:\/\/jinhuaceramic.com\/wp-content\/uploads\/2025\/05\/A-Variety-of-Ceramic-Bowl-and-Plate-Combinations-Custom-Tableware-Set-3-150x150.webp 150w, https:\/\/jinhuaceramic.com\/wp-content\/uploads\/2025\/05\/A-Variety-of-Ceramic-Bowl-and-Plate-Combinations-Custom-Tableware-Set-3-768x768.webp 768w, https:\/\/jinhuaceramic.com\/wp-content\/uploads\/2025\/05\/A-Variety-of-Ceramic-Bowl-and-Plate-Combinations-Custom-Tableware-Set-3-12x12.webp 12w, https:\/\/jinhuaceramic.com\/wp-content\/uploads\/2025\/05\/A-Variety-of-Ceramic-Bowl-and-Plate-Combinations-Custom-Tableware-Set-3-285x285.webp 285w, https:\/\/jinhuaceramic.com\/wp-content\/uploads\/2025\/05\/A-Variety-of-Ceramic-Bowl-and-Plate-Combinations-Custom-Tableware-Set-3-270x270.webp 270w, https:\/\/jinhuaceramic.com\/wp-content\/uploads\/2025\/05\/A-Variety-of-Ceramic-Bowl-and-Plate-Combinations-Custom-Tableware-Set-3-540x540.webp 540w, https:\/\/jinhuaceramic.com\/wp-content\/uploads\/2025\/05\/A-Variety-of-Ceramic-Bowl-and-Plate-Combinations-Custom-Tableware-Set-3-660x660.webp 660w\" sizes=\"(max-width: 800px) 100vw, 800px\" \/><\/figure>\n<\/div>\n<\/div>","protected":false},"excerpt":{"rendered":"<p>Bienvenue pour l'achat de vaisselle en gros. Nos assiettes et bols en c\u00e9ramique de style pastoral en gros pr\u00e9sentent un fond blanc cass\u00e9 et des motifs v\u00e9g\u00e9taux bruns, avec une vari\u00e9t\u00e9 de tailles d'assiettes et de bols et une texture mate d\u00e9licate, pr\u00e9sentant une esth\u00e9tique de table \u00e0 manger naturelle et chaleureuse.<\/p>","protected":false},"featured_media":8932,"comment_status":"closed","ping_status":"closed","template":"","meta":{"_acf_changed":false},"product_brand":[],"product_cat":[83,54],"product_tag":[],"class_list":{"0":"post-8931","1":"product","2":"type-product","3":"status-publish","4":"has-post-thumbnail","6":"product_cat-wholesale-dinnerware-sets","7":"product_cat-tableware-wholesale","9":"first","10":"instock","11":"shipping-taxable","12":"product-type-simple"},"acf":[],"_links":{"self":[{"href":"https:\/\/jinhuaceramic.com\/fr\/wp-json\/wp\/v2\/product\/8931","targetHints":{"allow":["GET"]}}],"collection":[{"href":"https:\/\/jinhuaceramic.com\/fr\/wp-json\/wp\/v2\/product"}],"about":[{"href":"https:\/\/jinhuaceramic.com\/fr\/wp-json\/wp\/v2\/types\/product"}],"replies":[{"embeddable":true,"href":"https:\/\/jinhuaceramic.com\/fr\/wp-json\/wp\/v2\/comments?post=8931"}],"version-history":[{"count":0,"href":"https:\/\/jinhuaceramic.com\/fr\/wp-json\/wp\/v2\/product\/8931\/revisions"}],"wp:featuredmedia":[{"embeddable":true,"href":"https:\/\/jinhuaceramic.com\/fr\/wp-json\/wp\/v2\/media\/8932"}],"wp:attachment":[{"href":"https:\/\/jinhuaceramic.com\/fr\/wp-json\/wp\/v2\/media?parent=8931"}],"wp:term":[{"taxonomy":"product_brand","embeddable":true,"href":"https:\/\/jinhuaceramic.com\/fr\/wp-json\/wp\/v2\/product_brand?post=8931"},{"taxonomy":"product_cat","embeddable":true,"href":"https:\/\/jinhuaceramic.com\/fr\/wp-json\/wp\/v2\/product_cat?post=8931"},{"taxonomy":"product_tag","embeddable":true,"href":"https:\/\/jinhuaceramic.com\/fr\/wp-json\/wp\/v2\/product_tag?post=8931"}],"curies":[{"name":"wp","href":"https:\/\/api.w.org\/{rel}","templated":true}]}}