{"id":8950,"date":"2025-05-10T02:45:30","date_gmt":"2025-05-10T02:45:30","guid":{"rendered":"https:\/\/jinhuaceramic.com\/?post_type=product&#038;p=8950"},"modified":"2025-05-10T02:45:31","modified_gmt":"2025-05-10T02:45:31","slug":"modern-bathroom-accessories-wholesale","status":"publish","type":"product","link":"https:\/\/jinhuaceramic.com\/fr\/product\/modern-bathroom-accessories-wholesale\/","title":{"rendered":"Accessoires de salle de bains modernes Wholesale avec motif de visage"},"content":{"rendered":"<div class=\"wp-block-columns is-layout-flex wp-container-core-columns-is-layout-9d6595d7 wp-block-columns-is-layout-flex\">\n<div class=\"wp-block-column is-layout-flow wp-block-column-is-layout-flow\">\n<h3 class=\"wp-block-heading\">Accessoires de salle de bain Premium Wholesale Caract\u00e9ristiques :<\/h3>\n\n\n\n<ul class=\"wp-block-list\">\n<li><strong>Mod\u00e8le de ligne faciale personnalis\u00e9, plein de sens artistique : <\/strong>Nos accessoires de salle de bains modernes adoptent un style minimaliste moderne et un design \u00e0 visage humain, rompant avec la forme traditionnelle des accessoires de salle de bains et ajoutant une atmosph\u00e8re artistique \u00e0 l'espace de la salle de bains.<\/li>\n\n\n\n<li><strong>Mat\u00e9riau c\u00e9ramique, texture de haute qualit\u00e9 et durabilit\u00e9 : <\/strong>Nos ensembles de bain en c\u00e9ramique en vrac sont cuits \u00e0 haute temp\u00e9rature, l'\u00e9mail lisse n'est pas facile \u00e0 tacher, il est r\u00e9sistant \u00e0 l'humidit\u00e9 et antibact\u00e9rien, et il est \u00e0 la fois pratique et beau.<\/li>\n\n\n\n<li><strong>Ensemble complet, pratique et commode : <\/strong>Nos accessoires de salle de bains modernes comprennent des porte-brosses \u00e0 dents, des gobelets pour bain de bouche, des distributeurs de savon, des porte-savons et d'autres accessoires pour r\u00e9pondre aux besoins quotidiens de lavage et de stockage, rendant la salle de bains plus ordonn\u00e9e et ordonn\u00e9e.<\/li>\n\n\n\n<li><strong>Prise en charge de la personnalisation en masse, adapt\u00e9e \u00e0 de multiples canaux de vente : <\/strong>Nous personnalisons les motifs, les couleurs, les logos et l'emballage des ensembles de bain en c\u00e9ramique en vrac, qui conviennent \u00e0 la promotion de la marque, aux ventes en ligne, aux projets de cadeaux et \u00e0 la vente au d\u00e9tail hors ligne.<\/li>\n<\/ul>\n<\/div>\n\n\n\n<div class=\"wp-block-column is-layout-flow wp-block-column-is-layout-flow\">\n<figure class=\"wp-block-image size-full\"><img fetchpriority=\"high\" decoding=\"async\" width=\"800\" height=\"800\" src=\"https:\/\/jinhuaceramic.com\/wp-content\/uploads\/2025\/05\/Unique-Bathroom-Set-with-Face-Pattern-Bathroom-Accessories-Supplies-5.webp\" alt=\"Accessoires de salle de bains modernes Wholesale avec motif de visage-1\" class=\"wp-image-8954\" srcset=\"https:\/\/jinhuaceramic.com\/wp-content\/uploads\/2025\/05\/Unique-Bathroom-Set-with-Face-Pattern-Bathroom-Accessories-Supplies-5.webp 800w, https:\/\/jinhuaceramic.com\/wp-content\/uploads\/2025\/05\/Unique-Bathroom-Set-with-Face-Pattern-Bathroom-Accessories-Supplies-5-300x300.webp 300w, https:\/\/jinhuaceramic.com\/wp-content\/uploads\/2025\/05\/Unique-Bathroom-Set-with-Face-Pattern-Bathroom-Accessories-Supplies-5-150x150.webp 150w, https:\/\/jinhuaceramic.com\/wp-content\/uploads\/2025\/05\/Unique-Bathroom-Set-with-Face-Pattern-Bathroom-Accessories-Supplies-5-768x768.webp 768w, https:\/\/jinhuaceramic.com\/wp-content\/uploads\/2025\/05\/Unique-Bathroom-Set-with-Face-Pattern-Bathroom-Accessories-Supplies-5-12x12.webp 12w, https:\/\/jinhuaceramic.com\/wp-content\/uploads\/2025\/05\/Unique-Bathroom-Set-with-Face-Pattern-Bathroom-Accessories-Supplies-5-285x285.webp 285w, https:\/\/jinhuaceramic.com\/wp-content\/uploads\/2025\/05\/Unique-Bathroom-Set-with-Face-Pattern-Bathroom-Accessories-Supplies-5-270x270.webp 270w, https:\/\/jinhuaceramic.com\/wp-content\/uploads\/2025\/05\/Unique-Bathroom-Set-with-Face-Pattern-Bathroom-Accessories-Supplies-5-540x540.webp 540w, https:\/\/jinhuaceramic.com\/wp-content\/uploads\/2025\/05\/Unique-Bathroom-Set-with-Face-Pattern-Bathroom-Accessories-Supplies-5-660x660.webp 660w\" sizes=\"(max-width: 800px) 100vw, 800px\" \/><\/figure>\n<\/div>\n<\/div>","protected":false},"excerpt":{"rendered":"<p>Bienvenue pour acheter des ensembles de bain en c\u00e9ramique en gros. Ces accessoires de salle de bain modernes combinent un design artistique et des fonctions pratiques, simples et uniques. Ils conviennent aux familles et aux espaces haut de gamme qui recherchent l'esth\u00e9tique, et constituent un choix populaire pour la vente au d\u00e9tail et la vente en gros.<\/p>","protected":false},"featured_media":8955,"comment_status":"closed","ping_status":"closed","template":"","meta":{"_acf_changed":false},"product_brand":[],"product_cat":[51],"product_tag":[74],"class_list":{"0":"post-8950","1":"product","2":"type-product","3":"status-publish","4":"has-post-thumbnail","6":"product_cat-bathroom-accessories-wholesale","7":"product_tag-ceramic-bath-accessories-wholesale","9":"first","10":"instock","11":"shipping-taxable","12":"product-type-simple"},"acf":[],"_links":{"self":[{"href":"https:\/\/jinhuaceramic.com\/fr\/wp-json\/wp\/v2\/product\/8950","targetHints":{"allow":["GET"]}}],"collection":[{"href":"https:\/\/jinhuaceramic.com\/fr\/wp-json\/wp\/v2\/product"}],"about":[{"href":"https:\/\/jinhuaceramic.com\/fr\/wp-json\/wp\/v2\/types\/product"}],"replies":[{"embeddable":true,"href":"https:\/\/jinhuaceramic.com\/fr\/wp-json\/wp\/v2\/comments?post=8950"}],"version-history":[{"count":0,"href":"https:\/\/jinhuaceramic.com\/fr\/wp-json\/wp\/v2\/product\/8950\/revisions"}],"wp:featuredmedia":[{"embeddable":true,"href":"https:\/\/jinhuaceramic.com\/fr\/wp-json\/wp\/v2\/media\/8955"}],"wp:attachment":[{"href":"https:\/\/jinhuaceramic.com\/fr\/wp-json\/wp\/v2\/media?parent=8950"}],"wp:term":[{"taxonomy":"product_brand","embeddable":true,"href":"https:\/\/jinhuaceramic.com\/fr\/wp-json\/wp\/v2\/product_brand?post=8950"},{"taxonomy":"product_cat","embeddable":true,"href":"https:\/\/jinhuaceramic.com\/fr\/wp-json\/wp\/v2\/product_cat?post=8950"},{"taxonomy":"product_tag","embeddable":true,"href":"https:\/\/jinhuaceramic.com\/fr\/wp-json\/wp\/v2\/product_tag?post=8950"}],"curies":[{"name":"wp","href":"https:\/\/api.w.org\/{rel}","templated":true}]}}