{"id":8995,"date":"2025-05-10T02:23:45","date_gmt":"2025-05-10T02:23:45","guid":{"rendered":"https:\/\/jinhuaceramic.com\/?post_type=product&#038;p=8995"},"modified":"2025-05-10T02:23:46","modified_gmt":"2025-05-10T02:23:46","slug":"ceramic-candle-vessels-wholesale","status":"publish","type":"product","link":"https:\/\/jinhuaceramic.com\/fr\/product\/ceramic-candle-vessels-wholesale\/","title":{"rendered":"Vases \u00e0 bougie en c\u00e9ramique \u00e0 la texture g\u00e9om\u00e9trique Wholesale In Bulk"},"content":{"rendered":"<div class=\"wp-block-columns is-layout-flex wp-container-core-columns-is-layout-9d6595d7 wp-block-columns-is-layout-flex\">\n<div class=\"wp-block-column is-layout-flow wp-block-column-is-layout-flow\">\n<h3 class=\"wp-block-heading\">Vases \u00e0 bougie en c\u00e9ramique de premi\u00e8re qualit\u00e9 Caract\u00e9ristiques en gros :<\/h3>\n\n\n\n<ul class=\"wp-block-list\">\n<li><strong>Conception g\u00e9om\u00e9trique en relief, beaut\u00e9 tridimensionnelle forte : <\/strong>La surface de nos r\u00e9cipients \u00e0 bougie en c\u00e9ramique est dot\u00e9e d'une texture g\u00e9om\u00e9trique exquise, d'un toucher riche et d'une forme unique, ce qui permet d'am\u00e9liorer l'agencement visuel et la qualit\u00e9 de l'ensemble du produit de bougie.<\/li>\n\n\n\n<li><strong>Mat\u00e9riau c\u00e9ramique, isolation thermique s\u00fbre et sans fuite : <\/strong>Nos photophores en vrac utilisent de la c\u00e9ramique cuite \u00e0 haute temp\u00e9rature, une structure stable, pas facile \u00e0 p\u00e9n\u00e9trer dans la cire, avec une bonne r\u00e9sistance \u00e0 la chaleur, convenant \u00e0 toutes sortes de bougies d'aromath\u00e9rapie.<\/li>\n\n\n\n<li><strong>Multi-couleurs en option, adapt\u00e9es \u00e0 une vari\u00e9t\u00e9 de styles : <\/strong>Nous fournissons en gros des r\u00e9cipients \u00e0 bougie en c\u00e9ramique avec une vari\u00e9t\u00e9 de couleurs pour r\u00e9pondre aux styles simples, nordiques, r\u00e9tro et autres styles diff\u00e9rents pour la maison ou les cadeaux.<\/li>\n\n\n\n<li><strong>Prise en charge de la personnalisation en masse et de la production OEM : <\/strong>Ces photophores en c\u00e9ramique en vrac peuvent \u00eatre personnalis\u00e9s en fonction des besoins du client (taille, logo, couleur et emballage). Ils conviennent aux marques, aux grands d\u00e9taillants et aux projets de cadeaux.<\/li>\n<\/ul>\n<\/div>\n\n\n\n<div class=\"wp-block-column is-layout-flow wp-block-column-is-layout-flow\">\n<figure class=\"wp-block-image size-full\"><img fetchpriority=\"high\" decoding=\"async\" width=\"800\" height=\"800\" src=\"https:\/\/jinhuaceramic.com\/wp-content\/uploads\/2025\/05\/Wholesale-Candle-Jars-With-Geometric-Texture-Candle-Vessels-In-Bulk-4.webp\" alt=\"Vases \u00e0 bougie en c\u00e9ramique \u00e0 la texture g\u00e9om\u00e9trique Wholesale In Bulk-1\" class=\"wp-image-8998\" srcset=\"https:\/\/jinhuaceramic.com\/wp-content\/uploads\/2025\/05\/Wholesale-Candle-Jars-With-Geometric-Texture-Candle-Vessels-In-Bulk-4.webp 800w, https:\/\/jinhuaceramic.com\/wp-content\/uploads\/2025\/05\/Wholesale-Candle-Jars-With-Geometric-Texture-Candle-Vessels-In-Bulk-4-300x300.webp 300w, https:\/\/jinhuaceramic.com\/wp-content\/uploads\/2025\/05\/Wholesale-Candle-Jars-With-Geometric-Texture-Candle-Vessels-In-Bulk-4-150x150.webp 150w, https:\/\/jinhuaceramic.com\/wp-content\/uploads\/2025\/05\/Wholesale-Candle-Jars-With-Geometric-Texture-Candle-Vessels-In-Bulk-4-768x768.webp 768w, https:\/\/jinhuaceramic.com\/wp-content\/uploads\/2025\/05\/Wholesale-Candle-Jars-With-Geometric-Texture-Candle-Vessels-In-Bulk-4-12x12.webp 12w, https:\/\/jinhuaceramic.com\/wp-content\/uploads\/2025\/05\/Wholesale-Candle-Jars-With-Geometric-Texture-Candle-Vessels-In-Bulk-4-285x285.webp 285w, https:\/\/jinhuaceramic.com\/wp-content\/uploads\/2025\/05\/Wholesale-Candle-Jars-With-Geometric-Texture-Candle-Vessels-In-Bulk-4-270x270.webp 270w, https:\/\/jinhuaceramic.com\/wp-content\/uploads\/2025\/05\/Wholesale-Candle-Jars-With-Geometric-Texture-Candle-Vessels-In-Bulk-4-540x540.webp 540w, https:\/\/jinhuaceramic.com\/wp-content\/uploads\/2025\/05\/Wholesale-Candle-Jars-With-Geometric-Texture-Candle-Vessels-In-Bulk-4-660x660.webp 660w\" sizes=\"(max-width: 800px) 100vw, 800px\" \/><\/figure>\n<\/div>\n<\/div>","protected":false},"excerpt":{"rendered":"<p>Nous vous invitons \u00e0 acheter des photophores en vrac. Ces r\u00e9cipients \u00e0 bougie en c\u00e9ramique \u00e0 texture g\u00e9om\u00e9trique sont \u00e0 la fois pratiques et beaux, et constituent un choix id\u00e9al pour les marques d'aromath\u00e9rapie, les cadeaux d'int\u00e9rieur et les projets personnalis\u00e9s, permettant les commandes en vrac et la personnalisation.<\/p>","protected":false},"featured_media":9000,"comment_status":"closed","ping_status":"closed","template":"","meta":{"_acf_changed":false},"product_brand":[],"product_cat":[52],"product_tag":[66],"class_list":{"0":"post-8995","1":"product","2":"type-product","3":"status-publish","4":"has-post-thumbnail","6":"product_cat-wholesale-candle-containers","7":"product_tag-candle-jars-wholesale","9":"first","10":"instock","11":"shipping-taxable","12":"product-type-simple"},"acf":[],"_links":{"self":[{"href":"https:\/\/jinhuaceramic.com\/fr\/wp-json\/wp\/v2\/product\/8995","targetHints":{"allow":["GET"]}}],"collection":[{"href":"https:\/\/jinhuaceramic.com\/fr\/wp-json\/wp\/v2\/product"}],"about":[{"href":"https:\/\/jinhuaceramic.com\/fr\/wp-json\/wp\/v2\/types\/product"}],"replies":[{"embeddable":true,"href":"https:\/\/jinhuaceramic.com\/fr\/wp-json\/wp\/v2\/comments?post=8995"}],"version-history":[{"count":0,"href":"https:\/\/jinhuaceramic.com\/fr\/wp-json\/wp\/v2\/product\/8995\/revisions"}],"wp:featuredmedia":[{"embeddable":true,"href":"https:\/\/jinhuaceramic.com\/fr\/wp-json\/wp\/v2\/media\/9000"}],"wp:attachment":[{"href":"https:\/\/jinhuaceramic.com\/fr\/wp-json\/wp\/v2\/media?parent=8995"}],"wp:term":[{"taxonomy":"product_brand","embeddable":true,"href":"https:\/\/jinhuaceramic.com\/fr\/wp-json\/wp\/v2\/product_brand?post=8995"},{"taxonomy":"product_cat","embeddable":true,"href":"https:\/\/jinhuaceramic.com\/fr\/wp-json\/wp\/v2\/product_cat?post=8995"},{"taxonomy":"product_tag","embeddable":true,"href":"https:\/\/jinhuaceramic.com\/fr\/wp-json\/wp\/v2\/product_tag?post=8995"}],"curies":[{"name":"wp","href":"https:\/\/api.w.org\/{rel}","templated":true}]}}