{"id":9004,"date":"2025-05-10T02:39:59","date_gmt":"2025-05-10T02:39:59","guid":{"rendered":"https:\/\/jinhuaceramic.com\/?post_type=product&#038;p=9004"},"modified":"2025-05-10T02:40:00","modified_gmt":"2025-05-10T02:40:00","slug":"wholesale-bath-accessories-set","status":"publish","type":"product","link":"https:\/\/jinhuaceramic.com\/fr\/product\/wholesale-bath-accessories-set\/","title":{"rendered":"Set d'accessoires de salle de bain \u00e9l\u00e9gant en gros, set de salle de bain en c\u00e9ramique"},"content":{"rendered":"<div class=\"wp-block-columns is-layout-flex wp-container-core-columns-is-layout-9d6595d7 wp-block-columns-is-layout-flex\">\n<div class=\"wp-block-column is-layout-flow wp-block-column-is-layout-flow\">\n<h3 class=\"wp-block-heading\">Premium Wholesale Bath Accessories Set\u00a0Feature:<\/h3>\n\n\n\n<ul class=\"wp-block-list\">\n<li><strong>Exquisite flower and bird pattern, oriental decorative style decorative design: <\/strong>This white base glaze wholesale bathroom accessories set has exquisite flower and bird patterns, which symbolize freshness and elegance, and bring a touch of overall style to the bathroom, and integrate decoration and functions.<\/li>\n\n\n\n<li><strong>Ceramic material, delicate texture and durability: <\/strong>Our ceramic bathroom sets in bulk are made of high-quality ceramics fired at high temperature, with a smooth surface that is easy to clean, scratch-resistant and non-fading, and has a long service life.<\/li>\n\n\n\n<li><strong>Complete four-piece set, full of functions: <\/strong>This wholesale bath accessories set includes a toothbrush holder, a mouthwash cup, a push-type soap dispenser and a soap dish, which meet the needs of daily washing and storage, and a set of bathroom gadgets.<\/li>\n\n\n\n<li><strong>Support customization, suitable for gifts and retail: <\/strong>We provide ceramic bathroom sets in bulk with a variety of customized services such as patterns, colors, and packaging, which are suitable for brand customization, home gifts, e-commerce sales and other scenarios.<\/li>\n<\/ul>\n<\/div>\n\n\n\n<div class=\"wp-block-column is-layout-flow wp-block-column-is-layout-flow\">\n<figure class=\"wp-block-image size-full\"><img fetchpriority=\"high\" decoding=\"async\" width=\"1600\" height=\"1600\" src=\"https:\/\/jinhuaceramic.com\/wp-content\/uploads\/2025\/05\/High-End-Bathroom-Accessories-Wholesale-Ceramic-Bathroom-Supplies-Set-3.webp\" alt=\"Set d&#039;accessoires de salle de bain en c\u00e9ramique, Elegant Wholesale Bath Accessories Set-1\" class=\"wp-image-9006\" srcset=\"https:\/\/jinhuaceramic.com\/wp-content\/uploads\/2025\/05\/High-End-Bathroom-Accessories-Wholesale-Ceramic-Bathroom-Supplies-Set-3.webp 1600w, https:\/\/jinhuaceramic.com\/wp-content\/uploads\/2025\/05\/High-End-Bathroom-Accessories-Wholesale-Ceramic-Bathroom-Supplies-Set-3-300x300.webp 300w, https:\/\/jinhuaceramic.com\/wp-content\/uploads\/2025\/05\/High-End-Bathroom-Accessories-Wholesale-Ceramic-Bathroom-Supplies-Set-3-150x150.webp 150w, https:\/\/jinhuaceramic.com\/wp-content\/uploads\/2025\/05\/High-End-Bathroom-Accessories-Wholesale-Ceramic-Bathroom-Supplies-Set-3-768x768.webp 768w, https:\/\/jinhuaceramic.com\/wp-content\/uploads\/2025\/05\/High-End-Bathroom-Accessories-Wholesale-Ceramic-Bathroom-Supplies-Set-3-12x12.webp 12w, https:\/\/jinhuaceramic.com\/wp-content\/uploads\/2025\/05\/High-End-Bathroom-Accessories-Wholesale-Ceramic-Bathroom-Supplies-Set-3-285x285.webp 285w, https:\/\/jinhuaceramic.com\/wp-content\/uploads\/2025\/05\/High-End-Bathroom-Accessories-Wholesale-Ceramic-Bathroom-Supplies-Set-3-270x270.webp 270w, https:\/\/jinhuaceramic.com\/wp-content\/uploads\/2025\/05\/High-End-Bathroom-Accessories-Wholesale-Ceramic-Bathroom-Supplies-Set-3-540x540.webp 540w, https:\/\/jinhuaceramic.com\/wp-content\/uploads\/2025\/05\/High-End-Bathroom-Accessories-Wholesale-Ceramic-Bathroom-Supplies-Set-3-660x660.webp 660w\" sizes=\"(max-width: 1600px) 100vw, 1600px\" \/><\/figure>\n<\/div>\n<\/div>","protected":false},"excerpt":{"rendered":"<p>Welcome to purchase ceramic bathroom sets in bulk. This flower and bird pattern wholesale bath accessories set is based on white, with fresh oriental style illustrations, combining practicality and beauty, suitable for wholesale and customization.<\/p>","protected":false},"featured_media":9005,"comment_status":"closed","ping_status":"closed","template":"","meta":{"_acf_changed":false},"product_brand":[],"product_cat":[51],"product_tag":[74],"class_list":{"0":"post-9004","1":"product","2":"type-product","3":"status-publish","4":"has-post-thumbnail","6":"product_cat-bathroom-accessories-wholesale","7":"product_tag-ceramic-bath-accessories-wholesale","9":"first","10":"instock","11":"shipping-taxable","12":"product-type-simple"},"acf":[],"_links":{"self":[{"href":"https:\/\/jinhuaceramic.com\/fr\/wp-json\/wp\/v2\/product\/9004","targetHints":{"allow":["GET"]}}],"collection":[{"href":"https:\/\/jinhuaceramic.com\/fr\/wp-json\/wp\/v2\/product"}],"about":[{"href":"https:\/\/jinhuaceramic.com\/fr\/wp-json\/wp\/v2\/types\/product"}],"replies":[{"embeddable":true,"href":"https:\/\/jinhuaceramic.com\/fr\/wp-json\/wp\/v2\/comments?post=9004"}],"version-history":[{"count":0,"href":"https:\/\/jinhuaceramic.com\/fr\/wp-json\/wp\/v2\/product\/9004\/revisions"}],"wp:featuredmedia":[{"embeddable":true,"href":"https:\/\/jinhuaceramic.com\/fr\/wp-json\/wp\/v2\/media\/9005"}],"wp:attachment":[{"href":"https:\/\/jinhuaceramic.com\/fr\/wp-json\/wp\/v2\/media?parent=9004"}],"wp:term":[{"taxonomy":"product_brand","embeddable":true,"href":"https:\/\/jinhuaceramic.com\/fr\/wp-json\/wp\/v2\/product_brand?post=9004"},{"taxonomy":"product_cat","embeddable":true,"href":"https:\/\/jinhuaceramic.com\/fr\/wp-json\/wp\/v2\/product_cat?post=9004"},{"taxonomy":"product_tag","embeddable":true,"href":"https:\/\/jinhuaceramic.com\/fr\/wp-json\/wp\/v2\/product_tag?post=9004"}],"curies":[{"name":"wp","href":"https:\/\/api.w.org\/{rel}","templated":true}]}}