{"id":9014,"date":"2025-05-10T02:12:53","date_gmt":"2025-05-10T02:12:53","guid":{"rendered":"https:\/\/jinhuaceramic.com\/?post_type=product&#038;p=9014"},"modified":"2025-05-10T02:12:55","modified_gmt":"2025-05-10T02:12:55","slug":"wholesale-candle-jars-with-lids","status":"publish","type":"product","link":"https:\/\/jinhuaceramic.com\/fr\/product\/wholesale-candle-jars-with-lids\/","title":{"rendered":"Grossiste Pots \u00e0 Bougies avec Couvercles, Pots \u00e0 Bougies Vert Gradient"},"content":{"rendered":"<div class=\"wp-block-columns is-layout-flex wp-container-core-columns-is-layout-9d6595d7 wp-block-columns-is-layout-flex\">\n<div class=\"wp-block-column is-layout-flow wp-block-column-is-layout-flow\">\n<h3 class=\"wp-block-heading\">Bocaux \u00e0 bougies haut de gamme avec couvercles Caract\u00e9ristiques :<\/h3>\n\n\n\n<ul class=\"wp-block-list\">\n<li><strong>Design \u00e9l\u00e9gant : <\/strong>Ces pots \u00e0 bougies en gros avec couvercles pr\u00e9sentent une combinaison de couleurs apaisantes. Le couvercle est blanc et la base se d\u00e9cline en trois nuances de vert, cr\u00e9ant un d\u00e9grad\u00e9 naturel et doux. Ils peuvent \u00eatre utilis\u00e9s comme d\u00e9coration d'int\u00e9rieur pour rehausser et cr\u00e9er une ambiance dans la pi\u00e8ce.<\/li>\n\n\n\n<li><strong>Mat\u00e9riau de haute qualit\u00e9 : <\/strong>Ces pots \u00e0 bougies en c\u00e9ramique vendus en gros sont fabriqu\u00e9s \u00e0 partir d'un mat\u00e9riau c\u00e9ramique de haute qualit\u00e9 cuit \u00e0 haute temp\u00e9rature et poss\u00e8dent une grande r\u00e9sistance \u00e0 la chaleur. Ils r\u00e9sistent \u00e0 la chaleur produite par la combustion des bougies et permettent une combustion r\u00e9guli\u00e8re sans d\u00e9formation.<\/li>\n\n\n\n<li><strong>Couvercle fonctionnel : <\/strong>Ces pots \u00e0 bougies en gros avec couvercles permettent d'emp\u00eacher efficacement la poussi\u00e8re, les impuret\u00e9s et autres salet\u00e9s de p\u00e9n\u00e9trer dans les pots, de pr\u00e9server la propret\u00e9 des bougies, mais aussi de conserver leur parfum et de prolonger leur dur\u00e9e de vie.<\/li>\n\n\n\n<li><strong>R\u00e9utilisable : <\/strong>Une fois les bougies consum\u00e9es, ces pots en c\u00e9ramique peuvent \u00eatre nettoy\u00e9s et r\u00e9utilis\u00e9s comme r\u00e9cipients pour ranger de petits objets, tels que des cotons-tiges, des trombones, etc., ou comme petits pots de fleurs, ce qui leur conf\u00e8re une valeur fonctionnelle suppl\u00e9mentaire.<\/li>\n<\/ul>\n<\/div>\n\n\n\n<div class=\"wp-block-column is-layout-flow wp-block-column-is-layout-flow\">\n<figure class=\"wp-block-image size-full\"><img fetchpriority=\"high\" decoding=\"async\" width=\"800\" height=\"800\" src=\"https:\/\/jinhuaceramic.com\/wp-content\/uploads\/2025\/05\/Gradient-Green-Candle-Jar-with-Lid-Ceramic-Candle-Containers-Bulk-3.webp\" alt=\"Bocaux \u00e0 bougies en gros avec couvercles, bocaux \u00e0 bougies verts d\u00e9grad\u00e9s-1\" class=\"wp-image-9016\" srcset=\"https:\/\/jinhuaceramic.com\/wp-content\/uploads\/2025\/05\/Gradient-Green-Candle-Jar-with-Lid-Ceramic-Candle-Containers-Bulk-3.webp 800w, https:\/\/jinhuaceramic.com\/wp-content\/uploads\/2025\/05\/Gradient-Green-Candle-Jar-with-Lid-Ceramic-Candle-Containers-Bulk-3-300x300.webp 300w, https:\/\/jinhuaceramic.com\/wp-content\/uploads\/2025\/05\/Gradient-Green-Candle-Jar-with-Lid-Ceramic-Candle-Containers-Bulk-3-150x150.webp 150w, https:\/\/jinhuaceramic.com\/wp-content\/uploads\/2025\/05\/Gradient-Green-Candle-Jar-with-Lid-Ceramic-Candle-Containers-Bulk-3-768x768.webp 768w, https:\/\/jinhuaceramic.com\/wp-content\/uploads\/2025\/05\/Gradient-Green-Candle-Jar-with-Lid-Ceramic-Candle-Containers-Bulk-3-12x12.webp 12w, https:\/\/jinhuaceramic.com\/wp-content\/uploads\/2025\/05\/Gradient-Green-Candle-Jar-with-Lid-Ceramic-Candle-Containers-Bulk-3-285x285.webp 285w, https:\/\/jinhuaceramic.com\/wp-content\/uploads\/2025\/05\/Gradient-Green-Candle-Jar-with-Lid-Ceramic-Candle-Containers-Bulk-3-270x270.webp 270w, https:\/\/jinhuaceramic.com\/wp-content\/uploads\/2025\/05\/Gradient-Green-Candle-Jar-with-Lid-Ceramic-Candle-Containers-Bulk-3-540x540.webp 540w, https:\/\/jinhuaceramic.com\/wp-content\/uploads\/2025\/05\/Gradient-Green-Candle-Jar-with-Lid-Ceramic-Candle-Containers-Bulk-3-660x660.webp 660w\" sizes=\"(max-width: 800px) 100vw, 800px\" \/><\/figure>\n<\/div>\n<\/div>","protected":false},"excerpt":{"rendered":"<p>Bienvenue pour acheter en gros des pots \u00e0 bougies avec couvercles. Ces pots \u00e0 bougies en c\u00e9ramique vendus en vrac pr\u00e9sentent un aspect \u00e9l\u00e9gant, un mat\u00e9riau c\u00e9ramique s\u00fbr, un couvercle herm\u00e9tique et l'avantage de pouvoir \u00eatre r\u00e9utilis\u00e9s. Ils allient utilit\u00e9 et esth\u00e9tique, et peuvent donc \u00eatre utilis\u00e9s non seulement comme pots \u00e0 bougies, mais aussi comme objets d'art pour embellir l'atmosph\u00e8re int\u00e9rieure.<\/p>","protected":false},"featured_media":9019,"comment_status":"closed","ping_status":"closed","template":"","meta":{"_acf_changed":false},"product_brand":[],"product_cat":[52],"product_tag":[67],"class_list":{"0":"post-9014","1":"product","2":"type-product","3":"status-publish","4":"has-post-thumbnail","6":"product_cat-wholesale-candle-containers","7":"product_tag-bulk-candle-jars-with-lids","9":"first","10":"instock","11":"shipping-taxable","12":"product-type-simple"},"acf":[],"_links":{"self":[{"href":"https:\/\/jinhuaceramic.com\/fr\/wp-json\/wp\/v2\/product\/9014","targetHints":{"allow":["GET"]}}],"collection":[{"href":"https:\/\/jinhuaceramic.com\/fr\/wp-json\/wp\/v2\/product"}],"about":[{"href":"https:\/\/jinhuaceramic.com\/fr\/wp-json\/wp\/v2\/types\/product"}],"replies":[{"embeddable":true,"href":"https:\/\/jinhuaceramic.com\/fr\/wp-json\/wp\/v2\/comments?post=9014"}],"version-history":[{"count":0,"href":"https:\/\/jinhuaceramic.com\/fr\/wp-json\/wp\/v2\/product\/9014\/revisions"}],"wp:featuredmedia":[{"embeddable":true,"href":"https:\/\/jinhuaceramic.com\/fr\/wp-json\/wp\/v2\/media\/9019"}],"wp:attachment":[{"href":"https:\/\/jinhuaceramic.com\/fr\/wp-json\/wp\/v2\/media?parent=9014"}],"wp:term":[{"taxonomy":"product_brand","embeddable":true,"href":"https:\/\/jinhuaceramic.com\/fr\/wp-json\/wp\/v2\/product_brand?post=9014"},{"taxonomy":"product_cat","embeddable":true,"href":"https:\/\/jinhuaceramic.com\/fr\/wp-json\/wp\/v2\/product_cat?post=9014"},{"taxonomy":"product_tag","embeddable":true,"href":"https:\/\/jinhuaceramic.com\/fr\/wp-json\/wp\/v2\/product_tag?post=9014"}],"curies":[{"name":"wp","href":"https:\/\/api.w.org\/{rel}","templated":true}]}}