{"id":9054,"date":"2025-05-16T07:49:52","date_gmt":"2025-05-16T07:49:52","guid":{"rendered":"https:\/\/jinhuaceramic.com\/?post_type=product&#038;p=9054"},"modified":"2025-05-16T07:49:54","modified_gmt":"2025-05-16T07:49:54","slug":"wholesale-candle-vessel","status":"publish","type":"product","link":"https:\/\/jinhuaceramic.com\/fr\/product\/wholesale-candle-vessel\/","title":{"rendered":"Vase \u00e0 bougie vide en gros, pots \u00e0 bougie en c\u00e9ramique personnalis\u00e9s"},"content":{"rendered":"<div class=\"wp-block-columns is-layout-flex wp-container-core-columns-is-layout-9d6595d7 wp-block-columns-is-layout-flex\">\n<div class=\"wp-block-column is-layout-flow wp-block-column-is-layout-flow\">\n<h3 class=\"wp-block-heading\">Vase \u00e0 bougie de premi\u00e8re qualit\u00e9 en gros Caract\u00e9ristiques :<\/h3>\n\n\n\n<ul class=\"wp-block-list\">\n<li><strong>Couleur d\u00e9grad\u00e9e : <\/strong>Ces r\u00e9cipients pour bougies en gros sont dot\u00e9s d'un motif de couleur d\u00e9grad\u00e9, passant progressivement du vert clair vers le haut au vert fonc\u00e9 vers le bas. La transition des couleurs est naturelle et pleine de couches, permettant aux gens de se sentir naturels et frais.<\/li>\n\n\n\n<li><strong>Forme unique :<\/strong> Ces photophores en c\u00e9ramique personnalis\u00e9s ont des formes simples mais innovantes. Ils sont cylindriques avec une taille m\u00e9diane plus \u00e9troite et un motif circulaire de texture ressemblant \u00e0 des n\u0153uds de bambou sur l'ext\u00e9rieur, ce qui donne de la texture et encourage l'unicit\u00e9.<\/li>\n\n\n\n<li><strong>Durabilit\u00e9 :<\/strong> Ces r\u00e9cipients pour bougies en gros ont une grande stabilit\u00e9 thermique qui reste inchang\u00e9e par la chaleur des bougies et sont r\u00e9sistants aux fissures et ind\u00e9formables pour une utilisation s\u00fbre.<\/li>\n\n\n\n<li><strong>Diverses couleurs : <\/strong>Ces photophores en c\u00e9ramique personnalis\u00e9s sont disponibles en deux couleurs, marron et vert. Les clients peuvent choisir en fonction de leurs exigences et pr\u00e9f\u00e9rences en mati\u00e8re de d\u00e9coration d'int\u00e9rieur. Nous sommes \u00e9galement en mesure de modifier d'autres couleurs en fonction des demandes des clients en tant que fabricants.<\/li>\n<\/ul>\n<\/div>\n\n\n\n<div class=\"wp-block-column is-layout-flow wp-block-column-is-layout-flow\">\n<figure class=\"wp-block-image size-full\"><img fetchpriority=\"high\" decoding=\"async\" width=\"800\" height=\"800\" src=\"https:\/\/jinhuaceramic.com\/wp-content\/uploads\/2025\/05\/Custom-Empty-Candle-Vessel-Wholesale-Ceramic-Candle-Jar-for-Candle-Making.webp\" alt=\"Vase \u00e0 bougie vide en gros, pots \u00e0 bougie en c\u00e9ramique personnalis\u00e9s-4\" class=\"wp-image-9058\" srcset=\"https:\/\/jinhuaceramic.com\/wp-content\/uploads\/2025\/05\/Custom-Empty-Candle-Vessel-Wholesale-Ceramic-Candle-Jar-for-Candle-Making.webp 800w, https:\/\/jinhuaceramic.com\/wp-content\/uploads\/2025\/05\/Custom-Empty-Candle-Vessel-Wholesale-Ceramic-Candle-Jar-for-Candle-Making-300x300.webp 300w, https:\/\/jinhuaceramic.com\/wp-content\/uploads\/2025\/05\/Custom-Empty-Candle-Vessel-Wholesale-Ceramic-Candle-Jar-for-Candle-Making-150x150.webp 150w, https:\/\/jinhuaceramic.com\/wp-content\/uploads\/2025\/05\/Custom-Empty-Candle-Vessel-Wholesale-Ceramic-Candle-Jar-for-Candle-Making-768x768.webp 768w, https:\/\/jinhuaceramic.com\/wp-content\/uploads\/2025\/05\/Custom-Empty-Candle-Vessel-Wholesale-Ceramic-Candle-Jar-for-Candle-Making-12x12.webp 12w, https:\/\/jinhuaceramic.com\/wp-content\/uploads\/2025\/05\/Custom-Empty-Candle-Vessel-Wholesale-Ceramic-Candle-Jar-for-Candle-Making-285x285.webp 285w, https:\/\/jinhuaceramic.com\/wp-content\/uploads\/2025\/05\/Custom-Empty-Candle-Vessel-Wholesale-Ceramic-Candle-Jar-for-Candle-Making-270x270.webp 270w, https:\/\/jinhuaceramic.com\/wp-content\/uploads\/2025\/05\/Custom-Empty-Candle-Vessel-Wholesale-Ceramic-Candle-Jar-for-Candle-Making-540x540.webp 540w, https:\/\/jinhuaceramic.com\/wp-content\/uploads\/2025\/05\/Custom-Empty-Candle-Vessel-Wholesale-Ceramic-Candle-Jar-for-Candle-Making-660x660.webp 660w\" sizes=\"(max-width: 800px) 100vw, 800px\" \/><\/figure>\n<\/div>\n<\/div>","protected":false},"excerpt":{"rendered":"<p>Nous vous invitons \u00e0 acheter des photophores en c\u00e9ramique personnalis\u00e9s. Ces photophores en gros sont fabriqu\u00e9s \u00e0 partir de mat\u00e9riaux de haute qualit\u00e9, durables et respectueux de l'environnement. Leurs lignes \u00e9pur\u00e9es et leur design minimaliste en font non seulement des photophores fonctionnels mais aussi des objets de d\u00e9coration, cr\u00e9ant un sentiment de sophistication et de confort dans l'atmosph\u00e8re int\u00e9rieure.<\/p>","protected":false},"featured_media":9056,"comment_status":"closed","ping_status":"closed","template":"","meta":{"_acf_changed":false},"product_brand":[],"product_cat":[52],"product_tag":[66],"class_list":{"0":"post-9054","1":"product","2":"type-product","3":"status-publish","4":"has-post-thumbnail","6":"product_cat-wholesale-candle-containers","7":"product_tag-candle-jars-wholesale","9":"first","10":"instock","11":"shipping-taxable","12":"product-type-simple"},"acf":[],"_links":{"self":[{"href":"https:\/\/jinhuaceramic.com\/fr\/wp-json\/wp\/v2\/product\/9054","targetHints":{"allow":["GET"]}}],"collection":[{"href":"https:\/\/jinhuaceramic.com\/fr\/wp-json\/wp\/v2\/product"}],"about":[{"href":"https:\/\/jinhuaceramic.com\/fr\/wp-json\/wp\/v2\/types\/product"}],"replies":[{"embeddable":true,"href":"https:\/\/jinhuaceramic.com\/fr\/wp-json\/wp\/v2\/comments?post=9054"}],"version-history":[{"count":0,"href":"https:\/\/jinhuaceramic.com\/fr\/wp-json\/wp\/v2\/product\/9054\/revisions"}],"wp:featuredmedia":[{"embeddable":true,"href":"https:\/\/jinhuaceramic.com\/fr\/wp-json\/wp\/v2\/media\/9056"}],"wp:attachment":[{"href":"https:\/\/jinhuaceramic.com\/fr\/wp-json\/wp\/v2\/media?parent=9054"}],"wp:term":[{"taxonomy":"product_brand","embeddable":true,"href":"https:\/\/jinhuaceramic.com\/fr\/wp-json\/wp\/v2\/product_brand?post=9054"},{"taxonomy":"product_cat","embeddable":true,"href":"https:\/\/jinhuaceramic.com\/fr\/wp-json\/wp\/v2\/product_cat?post=9054"},{"taxonomy":"product_tag","embeddable":true,"href":"https:\/\/jinhuaceramic.com\/fr\/wp-json\/wp\/v2\/product_tag?post=9054"}],"curies":[{"name":"wp","href":"https:\/\/api.w.org\/{rel}","templated":true}]}}