{"id":9061,"date":"2025-05-16T07:42:09","date_gmt":"2025-05-16T07:42:09","guid":{"rendered":"https:\/\/jinhuaceramic.com\/?post_type=product&#038;p=9061"},"modified":"2025-09-22T08:25:53","modified_gmt":"2025-09-22T08:25:53","slug":"wholesale-essential-oil-diffusers","status":"publish","type":"product","link":"https:\/\/jinhuaceramic.com\/fr\/product\/wholesale-essential-oil-diffusers\/","title":{"rendered":"Diffuseur d'huiles essentielles en gros, Diffuseur de parfum en c\u00e9ramique en vrac"},"content":{"rendered":"<div class=\"wp-block-columns is-layout-flex wp-container-core-columns-is-layout-9d6595d7 wp-block-columns-is-layout-flex\">\n<div class=\"wp-block-column is-layout-flow wp-block-column-is-layout-flow\">\n<h3 class=\"wp-block-heading\">Premium Wholesale Essential Oil Diffusers Caract\u00e9ristiques :<\/h3>\n\n\n\n<ul class=\"wp-block-list\">\n<li><strong>Qualit\u00e9 de l'ex\u00e9cution C\u00e9ramique :<\/strong> Nos diffuseurs d'huiles essentielles en gros sont fabriqu\u00e9s en c\u00e9ramique de la plus haute qualit\u00e9, ce qui garantit la long\u00e9vit\u00e9 du produit \u00e0 la chaleur et lui conf\u00e8re une finition soyeuse, semblable \u00e0 celle d'un miroir, qui s'harmonise avec n'importe quel d\u00e9cor.<\/li>\n\n\n\n<li><strong>Facile \u00e0 utiliser et \u00e0 nettoyer : <\/strong>La petite taille du chauffe-cire en c\u00e9ramique permet d'y placer facilement des cires fondues ou une bougie, tandis que le mat\u00e9riau en c\u00e9ramique facilite le nettoyage apr\u00e8s utilisation.<\/li>\n\n\n\n<li><strong>Diverses couleurs : <\/strong>Ces diffuseurs d'huiles essentielles en gros sont disponibles en diff\u00e9rentes couleurs, comme le blanc pur, le noir pur, le vert et les taches noires, le blanc et les taches noires, et les taches color\u00e9es et le blanc. Ils sont \u00e9l\u00e9gants et de conception moderne et peuvent \u00eatre utilis\u00e9s pour s'adapter \u00e0 des d\u00e9cors vari\u00e9s.<\/li>\n\n\n\n<li><strong>Structure pratique :<\/strong> Ces diffuseurs de parfum en c\u00e9ramique en vrac se composent de trois parties. La partie sup\u00e9rieure est un r\u00e9cipient en forme de bol pour les huiles essentielles, tandis que la partie inf\u00e9rieure comporte une cavit\u00e9 ronde et un petit plateau en forme de cuill\u00e8re avec une poign\u00e9e pour placer les bougies chauffe-plat.<\/li>\n\n\n\n<li><strong>Douceur Expansion du parfum :<\/strong> Ces diffuseurs d'huiles essentielles en gros sont simples \u00e0 utiliser. Il suffit de verser de l'huile essentielle dans le bol sup\u00e9rieur et d'allumer la bougie \u00e0 r\u00e9chaud situ\u00e9e en dessous. La chaleur de la bougie vaporisera l'huile essentielle et l'\u00e9tendra, dispersant lentement le parfum et favorisant une ambiance relaxante.<\/li>\n<\/ul>\n<\/div>\n\n\n\n<div class=\"wp-block-column is-layout-flow wp-block-column-is-layout-flow\">\n<figure class=\"wp-block-image size-full\"><img fetchpriority=\"high\" decoding=\"async\" width=\"800\" height=\"800\" src=\"https:\/\/jinhuaceramic.com\/wp-content\/uploads\/2025\/05\/Ceramic-Essential-Oil-Burner-with-Tealight-Candle-Holder-for-Home-Decor-8.webp\" alt=\"Diffuseur d&#039;huiles essentielles en gros, Diffuseur de parfum en c\u00e9ramique Bulk-1\" class=\"wp-image-9068\" srcset=\"https:\/\/jinhuaceramic.com\/wp-content\/uploads\/2025\/05\/Ceramic-Essential-Oil-Burner-with-Tealight-Candle-Holder-for-Home-Decor-8.webp 800w, https:\/\/jinhuaceramic.com\/wp-content\/uploads\/2025\/05\/Ceramic-Essential-Oil-Burner-with-Tealight-Candle-Holder-for-Home-Decor-8-300x300.webp 300w, https:\/\/jinhuaceramic.com\/wp-content\/uploads\/2025\/05\/Ceramic-Essential-Oil-Burner-with-Tealight-Candle-Holder-for-Home-Decor-8-150x150.webp 150w, https:\/\/jinhuaceramic.com\/wp-content\/uploads\/2025\/05\/Ceramic-Essential-Oil-Burner-with-Tealight-Candle-Holder-for-Home-Decor-8-768x768.webp 768w, https:\/\/jinhuaceramic.com\/wp-content\/uploads\/2025\/05\/Ceramic-Essential-Oil-Burner-with-Tealight-Candle-Holder-for-Home-Decor-8-12x12.webp 12w, https:\/\/jinhuaceramic.com\/wp-content\/uploads\/2025\/05\/Ceramic-Essential-Oil-Burner-with-Tealight-Candle-Holder-for-Home-Decor-8-285x285.webp 285w, https:\/\/jinhuaceramic.com\/wp-content\/uploads\/2025\/05\/Ceramic-Essential-Oil-Burner-with-Tealight-Candle-Holder-for-Home-Decor-8-270x270.webp 270w, https:\/\/jinhuaceramic.com\/wp-content\/uploads\/2025\/05\/Ceramic-Essential-Oil-Burner-with-Tealight-Candle-Holder-for-Home-Decor-8-540x540.webp 540w, https:\/\/jinhuaceramic.com\/wp-content\/uploads\/2025\/05\/Ceramic-Essential-Oil-Burner-with-Tealight-Candle-Holder-for-Home-Decor-8-660x660.webp 660w\" sizes=\"(max-width: 800px) 100vw, 800px\" \/><\/figure>\n<\/div>\n<\/div>","protected":false},"excerpt":{"rendered":"<p>Nous vous invitons \u00e0 acheter des diffuseurs de senteurs en c\u00e9ramique en gros. Ces diffuseurs d'huiles essentielles en gros sont pratiques, s\u00fbrs et faciles \u00e0 utiliser. Ils sont \u00e0 la fois exquis et pratiques, et peuvent \u00eatre de petites d\u00e9corations pour la maison afin de rendre votre pi\u00e8ce chaleureuse et intime pour vous d\u00e9tendre et rel\u00e2cher le stress.<\/p>","protected":false},"featured_media":9066,"comment_status":"closed","ping_status":"closed","template":"","meta":{"_acf_changed":false},"product_brand":[],"product_cat":[52],"product_tag":[79],"class_list":{"0":"post-9061","1":"product","2":"type-product","3":"status-publish","4":"has-post-thumbnail","6":"product_cat-wholesale-candle-containers","7":"product_tag-tea-light-candle-holders-bulk","9":"first","10":"instock","11":"shipping-taxable","12":"product-type-simple"},"acf":[],"_links":{"self":[{"href":"https:\/\/jinhuaceramic.com\/fr\/wp-json\/wp\/v2\/product\/9061","targetHints":{"allow":["GET"]}}],"collection":[{"href":"https:\/\/jinhuaceramic.com\/fr\/wp-json\/wp\/v2\/product"}],"about":[{"href":"https:\/\/jinhuaceramic.com\/fr\/wp-json\/wp\/v2\/types\/product"}],"replies":[{"embeddable":true,"href":"https:\/\/jinhuaceramic.com\/fr\/wp-json\/wp\/v2\/comments?post=9061"}],"version-history":[{"count":0,"href":"https:\/\/jinhuaceramic.com\/fr\/wp-json\/wp\/v2\/product\/9061\/revisions"}],"wp:featuredmedia":[{"embeddable":true,"href":"https:\/\/jinhuaceramic.com\/fr\/wp-json\/wp\/v2\/media\/9066"}],"wp:attachment":[{"href":"https:\/\/jinhuaceramic.com\/fr\/wp-json\/wp\/v2\/media?parent=9061"}],"wp:term":[{"taxonomy":"product_brand","embeddable":true,"href":"https:\/\/jinhuaceramic.com\/fr\/wp-json\/wp\/v2\/product_brand?post=9061"},{"taxonomy":"product_cat","embeddable":true,"href":"https:\/\/jinhuaceramic.com\/fr\/wp-json\/wp\/v2\/product_cat?post=9061"},{"taxonomy":"product_tag","embeddable":true,"href":"https:\/\/jinhuaceramic.com\/fr\/wp-json\/wp\/v2\/product_tag?post=9061"}],"curies":[{"name":"wp","href":"https:\/\/api.w.org\/{rel}","templated":true}]}}