{"id":9073,"date":"2025-05-16T07:20:13","date_gmt":"2025-05-16T07:20:13","guid":{"rendered":"https:\/\/jinhuaceramic.com\/?post_type=product&#038;p=9073"},"modified":"2025-05-16T07:20:15","modified_gmt":"2025-05-16T07:20:15","slug":"bulk-casserole-dishes","status":"publish","type":"product","link":"https:\/\/jinhuaceramic.com\/fr\/product\/bulk-casserole-dishes\/","title":{"rendered":"Casseroles color\u00e9es en vrac, petites casseroles en gros"},"content":{"rendered":"<div class=\"wp-block-columns is-layout-flex wp-container-core-columns-is-layout-9d6595d7 wp-block-columns-is-layout-flex\">\n<div class=\"wp-block-column is-layout-flow wp-block-column-is-layout-flow\">\n<h3 class=\"wp-block-heading\">Plaques de cuisson en vrac de qualit\u00e9 sup\u00e9rieure Caract\u00e9ristiques :<\/h3>\n\n\n\n<ul class=\"wp-block-list\">\n<li><strong>Diverses couleurs :<\/strong> Ces cocottes en vrac sont fabriqu\u00e9es dans diff\u00e9rentes couleurs telles que le bleu, le blanc, le vert, le jaune, le rouge, l'orange, etc., et peuvent convenir \u00e0 diff\u00e9rents go\u00fbts en mati\u00e8re de design et apporter de la couleur et de la vivacit\u00e9 \u00e0 la cuisine et \u00e0 la table \u00e0 manger.<\/li>\n\n\n\n<li><strong>Mat\u00e9riau de haute qualit\u00e9 :<\/strong> Ces petites cocottes en c\u00e9ramique sont uniform\u00e9ment conductrices, ce qui permet de chauffer et de cuire les aliments de mani\u00e8re homog\u00e8ne sans risque de surcuisson locale ou de cuisson irr\u00e9guli\u00e8re par conduction. Le mat\u00e9riau c\u00e9ramique est non toxique et s\u00fbr, il ne r\u00e9agit pas facilement avec les produits chimiques alimentaires et peut \u00eatre consomm\u00e9 sans danger.<\/li>\n\n\n\n<li><strong>Une grande praticit\u00e9 :<\/strong> Ces plats \u00e0 gratin en vrac sont fabriqu\u00e9s \u00e0 l'aide de deux poign\u00e9es pour assurer une prise confortable et \u00e9viter les br\u00fblures lorsque l'on tient les plats. Ces petits plats de cuisson sont con\u00e7us pour \u00eatre de taille compacte, parfaits pour la pr\u00e9paration d'en-cas individuels, de plats d'accompagnement ou de desserts tels que la cr\u00e8me aux \u0153ufs et les petits g\u00e2teaux.<\/li>\n\n\n\n<li><strong>Sc\u00e9narios d'application : <\/strong>Ces petites casseroles en c\u00e9ramique sont \u00e0 la fois d\u00e9coratives et pratiques et peuvent \u00eatre utilis\u00e9es pour la cuisson quotidienne \u00e0 la maison et pour la pr\u00e9paration de petits plats sp\u00e9ciaux dans les restaurants. Elles peuvent \u00e9galement \u00eatre utilis\u00e9es comme vaisselle avanc\u00e9e pour servir les aliments lors de banquets et de rassemblements.<\/li>\n<\/ul>\n<\/div>\n\n\n\n<div class=\"wp-block-column is-layout-flow wp-block-column-is-layout-flow\">\n<figure class=\"wp-block-image size-full\"><img fetchpriority=\"high\" decoding=\"async\" width=\"1001\" height=\"1001\" src=\"https:\/\/jinhuaceramic.com\/wp-content\/uploads\/2025\/05\/Small-Casserole-Baking-Dish-With-Various-Colors-Wholesale-Bakeware-5.webp\" alt=\"Casseroles color\u00e9es en vrac, petites casseroles en gros-1\" class=\"wp-image-9077\" srcset=\"https:\/\/jinhuaceramic.com\/wp-content\/uploads\/2025\/05\/Small-Casserole-Baking-Dish-With-Various-Colors-Wholesale-Bakeware-5.webp 1001w, https:\/\/jinhuaceramic.com\/wp-content\/uploads\/2025\/05\/Small-Casserole-Baking-Dish-With-Various-Colors-Wholesale-Bakeware-5-300x300.webp 300w, https:\/\/jinhuaceramic.com\/wp-content\/uploads\/2025\/05\/Small-Casserole-Baking-Dish-With-Various-Colors-Wholesale-Bakeware-5-150x150.webp 150w, https:\/\/jinhuaceramic.com\/wp-content\/uploads\/2025\/05\/Small-Casserole-Baking-Dish-With-Various-Colors-Wholesale-Bakeware-5-768x768.webp 768w, https:\/\/jinhuaceramic.com\/wp-content\/uploads\/2025\/05\/Small-Casserole-Baking-Dish-With-Various-Colors-Wholesale-Bakeware-5-12x12.webp 12w, https:\/\/jinhuaceramic.com\/wp-content\/uploads\/2025\/05\/Small-Casserole-Baking-Dish-With-Various-Colors-Wholesale-Bakeware-5-285x285.webp 285w, https:\/\/jinhuaceramic.com\/wp-content\/uploads\/2025\/05\/Small-Casserole-Baking-Dish-With-Various-Colors-Wholesale-Bakeware-5-270x270.webp 270w, https:\/\/jinhuaceramic.com\/wp-content\/uploads\/2025\/05\/Small-Casserole-Baking-Dish-With-Various-Colors-Wholesale-Bakeware-5-540x540.webp 540w, https:\/\/jinhuaceramic.com\/wp-content\/uploads\/2025\/05\/Small-Casserole-Baking-Dish-With-Various-Colors-Wholesale-Bakeware-5-660x660.webp 660w\" sizes=\"(max-width: 1001px) 100vw, 1001px\" \/><\/figure>\n<\/div>\n<\/div>","protected":false},"excerpt":{"rendered":"<p>Nous vous invitons \u00e0 acheter des cocottes en vrac. Ces petites cocottes en gros ont un design simple et \u00e9l\u00e9gant, des vari\u00e9t\u00e9s de couleurs vari\u00e9es qui peuvent ajouter quelques couleurs \u00e0 la cuisine. En outre, le mat\u00e9riau c\u00e9ramique de qualit\u00e9 sup\u00e9rieure, la conception \u00e0 double oreille et la taille mod\u00e9r\u00e9e en font des ustensiles de cuisine indispensables dans la cuisine.<\/p>","protected":false},"featured_media":9075,"comment_status":"closed","ping_status":"closed","template":"","meta":{"_acf_changed":false},"product_brand":[],"product_cat":[53],"product_tag":[69],"class_list":{"0":"post-9073","1":"product","2":"type-product","3":"status-publish","4":"has-post-thumbnail","6":"product_cat-bakeware-in-bulk","7":"product_tag-bulk-ramekins","9":"first","10":"instock","11":"shipping-taxable","12":"product-type-simple"},"acf":[],"_links":{"self":[{"href":"https:\/\/jinhuaceramic.com\/fr\/wp-json\/wp\/v2\/product\/9073","targetHints":{"allow":["GET"]}}],"collection":[{"href":"https:\/\/jinhuaceramic.com\/fr\/wp-json\/wp\/v2\/product"}],"about":[{"href":"https:\/\/jinhuaceramic.com\/fr\/wp-json\/wp\/v2\/types\/product"}],"replies":[{"embeddable":true,"href":"https:\/\/jinhuaceramic.com\/fr\/wp-json\/wp\/v2\/comments?post=9073"}],"version-history":[{"count":0,"href":"https:\/\/jinhuaceramic.com\/fr\/wp-json\/wp\/v2\/product\/9073\/revisions"}],"wp:featuredmedia":[{"embeddable":true,"href":"https:\/\/jinhuaceramic.com\/fr\/wp-json\/wp\/v2\/media\/9075"}],"wp:attachment":[{"href":"https:\/\/jinhuaceramic.com\/fr\/wp-json\/wp\/v2\/media?parent=9073"}],"wp:term":[{"taxonomy":"product_brand","embeddable":true,"href":"https:\/\/jinhuaceramic.com\/fr\/wp-json\/wp\/v2\/product_brand?post=9073"},{"taxonomy":"product_cat","embeddable":true,"href":"https:\/\/jinhuaceramic.com\/fr\/wp-json\/wp\/v2\/product_cat?post=9073"},{"taxonomy":"product_tag","embeddable":true,"href":"https:\/\/jinhuaceramic.com\/fr\/wp-json\/wp\/v2\/product_tag?post=9073"}],"curies":[{"name":"wp","href":"https:\/\/api.w.org\/{rel}","templated":true}]}}