{"id":9098,"date":"2025-05-22T03:32:55","date_gmt":"2025-05-22T03:32:55","guid":{"rendered":"https:\/\/jinhuaceramic.com\/?post_type=product&#038;p=9098"},"modified":"2025-05-22T03:32:57","modified_gmt":"2025-05-22T03:32:57","slug":"white-bathroom-set-wholesale","status":"publish","type":"product","link":"https:\/\/jinhuaceramic.com\/fr\/product\/white-bathroom-set-wholesale\/","title":{"rendered":"Set de salle de bain moderne blanc Wholesale, Ceramic Bath Accessory"},"content":{"rendered":"<div class=\"wp-block-columns is-layout-flex wp-container-core-columns-is-layout-9d6595d7 wp-block-columns-is-layout-flex\">\n<div class=\"wp-block-column is-layout-flow wp-block-column-is-layout-flow\">\n<h3 class=\"wp-block-heading\">Premium White Bathroom Set Wholesale Caract\u00e9ristiques :<\/h3>\n\n\n\n<ul class=\"wp-block-list\">\n<li><strong>Design moderne : <\/strong>Notre salle de bain blanche en gros a une forme carr\u00e9e contemporaine avec un haut large et un bas \u00e9troit. Le blanc est pur et adaptable ; il se marie bien avec plusieurs id\u00e9es de conception de salle de bains, am\u00e9liorant ainsi la beaut\u00e9 g\u00e9n\u00e9rale de la salle de bains et favorisant un environnement d\u00e9tendu et agr\u00e9able.<\/li>\n\n\n\n<li><strong>Mat\u00e9riau durable : <\/strong>Ces accessoires de bain en c\u00e9ramique de qualit\u00e9 sup\u00e9rieure en vrac ne sont pas facilement corrod\u00e9s par les produits de toilette dans la salle de bain, ont une grande duret\u00e9, une r\u00e9sistance \u00e0 l'usure, une r\u00e9sistance \u00e0 la corrosion et une longue dur\u00e9e de vie.<\/li>\n\n\n\n<li><strong>Ensemble complet : <\/strong>Cet ensemble de salle de bains blanc comprend des porte-savons, des gobelets pour bain de bouche, des porte-brosses \u00e0 dents et des distributeurs de savon. Pour garantir l'hygi\u00e8ne, le porte-brosse \u00e0 dents est dot\u00e9 de compartiments pouvant accueillir plusieurs brosses \u00e0 dents simultan\u00e9ment. Le distributeur de savon se presse facilement et offre un liquide homog\u00e8ne.<\/li>\n\n\n\n<li><strong>Polyvalence :<\/strong> Ces accessoires de bain en c\u00e9ramique en vrac conviennent non seulement aux maisons, mais aussi aux \u00e9tablissements commerciaux tels que les h\u00f4tels et les appartements partout dans le monde. En m\u00eame temps, ils constituent des cadeaux id\u00e9aux pour les nouvelles maisons ou les mariages.<\/li>\n<\/ul>\n<\/div>\n\n\n\n<div class=\"wp-block-column is-layout-flow wp-block-column-is-layout-flow\">\n<figure class=\"wp-block-image size-full\"><img fetchpriority=\"high\" decoding=\"async\" width=\"1430\" height=\"1334\" src=\"https:\/\/jinhuaceramic.com\/wp-content\/uploads\/2025\/05\/Modern-White-Bathroom-Set-Wholesale-Custom-Bath-Accessories-Supplies-2.webp\" alt=\"Set de salle de bain moderne blanc Wholesale, Ceramic Bath Accessory-6\" class=\"wp-image-9099\" srcset=\"https:\/\/jinhuaceramic.com\/wp-content\/uploads\/2025\/05\/Modern-White-Bathroom-Set-Wholesale-Custom-Bath-Accessories-Supplies-2.webp 1430w, https:\/\/jinhuaceramic.com\/wp-content\/uploads\/2025\/05\/Modern-White-Bathroom-Set-Wholesale-Custom-Bath-Accessories-Supplies-2-300x280.webp 300w, https:\/\/jinhuaceramic.com\/wp-content\/uploads\/2025\/05\/Modern-White-Bathroom-Set-Wholesale-Custom-Bath-Accessories-Supplies-2-768x716.webp 768w, https:\/\/jinhuaceramic.com\/wp-content\/uploads\/2025\/05\/Modern-White-Bathroom-Set-Wholesale-Custom-Bath-Accessories-Supplies-2-13x12.webp 13w, https:\/\/jinhuaceramic.com\/wp-content\/uploads\/2025\/05\/Modern-White-Bathroom-Set-Wholesale-Custom-Bath-Accessories-Supplies-2-285x266.webp 285w, https:\/\/jinhuaceramic.com\/wp-content\/uploads\/2025\/05\/Modern-White-Bathroom-Set-Wholesale-Custom-Bath-Accessories-Supplies-2-660x616.webp 660w, https:\/\/jinhuaceramic.com\/wp-content\/uploads\/2025\/05\/Modern-White-Bathroom-Set-Wholesale-Custom-Bath-Accessories-Supplies-2-150x140.webp 150w\" sizes=\"(max-width: 1430px) 100vw, 1430px\" \/><\/figure>\n<\/div>\n<\/div>","protected":false},"excerpt":{"rendered":"<p>Bienvenue dans l'achat en gros d'accessoires de bain en c\u00e9ramique. Cet ensemble de salle de bain blanc en gros est complet avec des accessoires et enti\u00e8rement fonctionnel, ce qui permet de garder la salle de bain en bon \u00e9tat. La couleur blanche polyvalente et le design moderne font de ces ensembles de salle de bain non seulement des outils pratiques pour la salle de bain, mais aussi des d\u00e9corations pour la maison qui cr\u00e9ent une atmosph\u00e8re propre et confortable.<\/p>","protected":false},"featured_media":9103,"comment_status":"closed","ping_status":"closed","template":"","meta":{"_acf_changed":false},"product_brand":[],"product_cat":[51],"product_tag":[74],"class_list":{"0":"post-9098","1":"product","2":"type-product","3":"status-publish","4":"has-post-thumbnail","6":"product_cat-bathroom-accessories-wholesale","7":"product_tag-ceramic-bath-accessories-wholesale","9":"first","10":"instock","11":"shipping-taxable","12":"product-type-simple"},"acf":[],"_links":{"self":[{"href":"https:\/\/jinhuaceramic.com\/fr\/wp-json\/wp\/v2\/product\/9098","targetHints":{"allow":["GET"]}}],"collection":[{"href":"https:\/\/jinhuaceramic.com\/fr\/wp-json\/wp\/v2\/product"}],"about":[{"href":"https:\/\/jinhuaceramic.com\/fr\/wp-json\/wp\/v2\/types\/product"}],"replies":[{"embeddable":true,"href":"https:\/\/jinhuaceramic.com\/fr\/wp-json\/wp\/v2\/comments?post=9098"}],"version-history":[{"count":0,"href":"https:\/\/jinhuaceramic.com\/fr\/wp-json\/wp\/v2\/product\/9098\/revisions"}],"wp:featuredmedia":[{"embeddable":true,"href":"https:\/\/jinhuaceramic.com\/fr\/wp-json\/wp\/v2\/media\/9103"}],"wp:attachment":[{"href":"https:\/\/jinhuaceramic.com\/fr\/wp-json\/wp\/v2\/media?parent=9098"}],"wp:term":[{"taxonomy":"product_brand","embeddable":true,"href":"https:\/\/jinhuaceramic.com\/fr\/wp-json\/wp\/v2\/product_brand?post=9098"},{"taxonomy":"product_cat","embeddable":true,"href":"https:\/\/jinhuaceramic.com\/fr\/wp-json\/wp\/v2\/product_cat?post=9098"},{"taxonomy":"product_tag","embeddable":true,"href":"https:\/\/jinhuaceramic.com\/fr\/wp-json\/wp\/v2\/product_tag?post=9098"}],"curies":[{"name":"wp","href":"https:\/\/api.w.org\/{rel}","templated":true}]}}