{"id":9114,"date":"2025-05-22T02:58:21","date_gmt":"2025-05-22T02:58:21","guid":{"rendered":"https:\/\/jinhuaceramic.com\/?post_type=product&#038;p=9114"},"modified":"2025-05-22T02:58:23","modified_gmt":"2025-05-22T02:58:23","slug":"custom-made-ceramic-bakeware","status":"publish","type":"product","link":"https:\/\/jinhuaceramic.com\/fr\/product\/custom-made-ceramic-bakeware\/","title":{"rendered":"Plaques \u00e0 p\u00e2tisserie carr\u00e9es en c\u00e9ramique, vente en gros de plaques \u00e0 p\u00e2tisserie"},"content":{"rendered":"<div class=\"wp-block-columns is-layout-flex wp-container-core-columns-is-layout-9d6595d7 wp-block-columns-is-layout-flex\">\n<div class=\"wp-block-column is-layout-flow wp-block-column-is-layout-flow\">\n<h3 class=\"wp-block-heading\">ustensiles de cuisson en c\u00e9ramique de premi\u00e8re qualit\u00e9 faits sur mesure Caract\u00e9ristiques :<\/h3>\n\n\n\n<ul class=\"wp-block-list\">\n<li><strong>Design \u00e9l\u00e9gant : <\/strong>Ces moules \u00e0 p\u00e2tisserie en c\u00e9ramique personnalis\u00e9s ont un ext\u00e9rieur bleu clair et un int\u00e9rieur vert clair, de sorte que leur design moderne et leur palette de couleurs vives contribueront \u00e0 \u00e9gayer la cuisine. L'ext\u00e9rieur du moule \u00e0 p\u00e2tisserie est orn\u00e9 d'\u00e9toiles blanches et de lignes, inspirant ainsi l'\u00e9clat et la mode.<\/li>\n\n\n\n<li><strong>Mat\u00e9riau de haute qualit\u00e9 : <\/strong>Ces moules de cuisson en gros sont fabriqu\u00e9s \u00e0 partir de mat\u00e9riaux c\u00e9ramiques de premi\u00e8re qualit\u00e9 cuits \u00e0 haute temp\u00e9rature. Leur bonne stabilit\u00e9 thermique leur permet d'\u00eatre chauff\u00e9s uniform\u00e9ment dans le four, ce qui am\u00e9liore les r\u00e9sultats de cuisson et r\u00e9duit le risque de br\u00fblure ou de sous-cuisson.<\/li>\n\n\n\n<li><strong>Praticabilit\u00e9 : <\/strong>Gr\u00e2ce \u00e0 leur forme carr\u00e9e particuli\u00e8rement profonde, ces ustensiles de cuisson en c\u00e9ramique sur mesure conviennent pour griller des plats principaux comme la viande et le poisson, ainsi que pour griller des l\u00e9gumes, r\u00e9pondant ainsi \u00e0 plusieurs exigences de cuisson, comme le riz cuit au four, etc.<\/li>\n\n\n\n<li><strong>Antiadh\u00e9sif et facile \u00e0 nettoyer : <\/strong>Ces moules \u00e0 p\u00e2tisserie en c\u00e9ramique ont une surface lisse et antiadh\u00e9sive et les aliments ne s'y accrochent pas facilement. Lors du nettoyage, il suffit de rincer les taches avec de l'eau ou un peu de d\u00e9tergent. Pour gagner du temps et de l'\u00e9nergie, ils peuvent \u00e9galement \u00eatre nettoy\u00e9s au lave-vaisselle.<\/li>\n<\/ul>\n<\/div>\n\n\n\n<div class=\"wp-block-column is-layout-flow wp-block-column-is-layout-flow\">\n<figure class=\"wp-block-image size-full\"><img fetchpriority=\"high\" decoding=\"async\" width=\"640\" height=\"640\" src=\"https:\/\/jinhuaceramic.com\/wp-content\/uploads\/2025\/05\/Square-Custom-Baking-Dishes-Wholesale-Custom-Ceramic-Bakeware-4.webp\" alt=\"Plat \u00e0 four carr\u00e9 en c\u00e9ramique fait sur mesure, vente en gros de plats \u00e0 four-1\" class=\"wp-image-9117\" srcset=\"https:\/\/jinhuaceramic.com\/wp-content\/uploads\/2025\/05\/Square-Custom-Baking-Dishes-Wholesale-Custom-Ceramic-Bakeware-4.webp 640w, https:\/\/jinhuaceramic.com\/wp-content\/uploads\/2025\/05\/Square-Custom-Baking-Dishes-Wholesale-Custom-Ceramic-Bakeware-4-300x300.webp 300w, https:\/\/jinhuaceramic.com\/wp-content\/uploads\/2025\/05\/Square-Custom-Baking-Dishes-Wholesale-Custom-Ceramic-Bakeware-4-150x150.webp 150w, https:\/\/jinhuaceramic.com\/wp-content\/uploads\/2025\/05\/Square-Custom-Baking-Dishes-Wholesale-Custom-Ceramic-Bakeware-4-12x12.webp 12w, https:\/\/jinhuaceramic.com\/wp-content\/uploads\/2025\/05\/Square-Custom-Baking-Dishes-Wholesale-Custom-Ceramic-Bakeware-4-285x285.webp 285w, https:\/\/jinhuaceramic.com\/wp-content\/uploads\/2025\/05\/Square-Custom-Baking-Dishes-Wholesale-Custom-Ceramic-Bakeware-4-270x270.webp 270w, https:\/\/jinhuaceramic.com\/wp-content\/uploads\/2025\/05\/Square-Custom-Baking-Dishes-Wholesale-Custom-Ceramic-Bakeware-4-540x540.webp 540w\" sizes=\"(max-width: 640px) 100vw, 640px\" \/><\/figure>\n<\/div>\n<\/div>\n\n\n\n<p><\/p>","protected":false},"excerpt":{"rendered":"<p>Nous vous invitons \u00e0 acheter des moules \u00e0 p\u00e2tisserie en c\u00e9ramique sur mesure. Ces moules \u00e0 p\u00e2tisserie en gros sont populaires en raison de leur apparence fra\u00eeche et \u00e9l\u00e9gante, avec une base bleue associ\u00e9e \u00e0 un motif blanc de lignes \u00e9toil\u00e9es, qui est magnifique et attire l'attention.<\/p>","protected":false},"featured_media":9118,"comment_status":"closed","ping_status":"closed","template":"","meta":{"_acf_changed":false},"product_brand":[],"product_cat":[53],"product_tag":[71],"class_list":{"0":"post-9114","1":"product","2":"type-product","3":"status-publish","4":"has-post-thumbnail","6":"product_cat-bakeware-in-bulk","7":"product_tag-wholesale-baking-pans","9":"first","10":"instock","11":"shipping-taxable","12":"product-type-simple"},"acf":[],"_links":{"self":[{"href":"https:\/\/jinhuaceramic.com\/fr\/wp-json\/wp\/v2\/product\/9114","targetHints":{"allow":["GET"]}}],"collection":[{"href":"https:\/\/jinhuaceramic.com\/fr\/wp-json\/wp\/v2\/product"}],"about":[{"href":"https:\/\/jinhuaceramic.com\/fr\/wp-json\/wp\/v2\/types\/product"}],"replies":[{"embeddable":true,"href":"https:\/\/jinhuaceramic.com\/fr\/wp-json\/wp\/v2\/comments?post=9114"}],"version-history":[{"count":0,"href":"https:\/\/jinhuaceramic.com\/fr\/wp-json\/wp\/v2\/product\/9114\/revisions"}],"wp:featuredmedia":[{"embeddable":true,"href":"https:\/\/jinhuaceramic.com\/fr\/wp-json\/wp\/v2\/media\/9118"}],"wp:attachment":[{"href":"https:\/\/jinhuaceramic.com\/fr\/wp-json\/wp\/v2\/media?parent=9114"}],"wp:term":[{"taxonomy":"product_brand","embeddable":true,"href":"https:\/\/jinhuaceramic.com\/fr\/wp-json\/wp\/v2\/product_brand?post=9114"},{"taxonomy":"product_cat","embeddable":true,"href":"https:\/\/jinhuaceramic.com\/fr\/wp-json\/wp\/v2\/product_cat?post=9114"},{"taxonomy":"product_tag","embeddable":true,"href":"https:\/\/jinhuaceramic.com\/fr\/wp-json\/wp\/v2\/product_tag?post=9114"}],"curies":[{"name":"wp","href":"https:\/\/api.w.org\/{rel}","templated":true}]}}