{"id":9132,"date":"2025-05-26T02:47:31","date_gmt":"2025-05-26T02:47:31","guid":{"rendered":"https:\/\/jinhuaceramic.com\/?post_type=product&#038;p=9132"},"modified":"2025-05-26T02:47:32","modified_gmt":"2025-05-26T02:47:32","slug":"customized-baking-dishes","status":"publish","type":"product","link":"https:\/\/jinhuaceramic.com\/fr\/product\/customized-baking-dishes\/","title":{"rendered":"Plats de cuisson personnalis\u00e9s de petite taille Plats \u00e0 tarte en gros"},"content":{"rendered":"<div class=\"wp-block-columns is-layout-flex wp-container-core-columns-is-layout-9d6595d7 wp-block-columns-is-layout-flex\">\n<div class=\"wp-block-column is-layout-flow wp-block-column-is-layout-flow\">\n<h3 class=\"wp-block-heading\">Plats de cuisson personnalis\u00e9s de qualit\u00e9 sup\u00e9rieure Caract\u00e9ristiques :<\/h3>\n\n\n\n<ul class=\"wp-block-list\">\n<li><strong>Design \u00e9l\u00e9gant : <\/strong>Ces plats de cuisson personnalis\u00e9s sont fabriqu\u00e9s avec simplicit\u00e9 et \u00e9l\u00e9gance, et les lignes noires qui courent sur les bords leur donnent de la profondeur visuelle et de la finesse. Les rayures verticales sur la surface ext\u00e9rieure renforcent l'adh\u00e9rence, tout en ajoutant une texture et un motif agr\u00e9ables \u00e0 la plaque de cuisson.<\/li>\n\n\n\n<li><strong>Poign\u00e9es pratiques :<\/strong> Des poign\u00e9es pratiques sont propos\u00e9es des deux c\u00f4t\u00e9s des moules \u00e0 tarte en gros, et la forme des poign\u00e9es est conforme aux bords des moules \u00e0 tarte de mani\u00e8re continue et courb\u00e9e. Les poign\u00e9es facilitent le d\u00e9placement des moules \u00e0 tarte sans modifier le cadre g\u00e9n\u00e9ral.<\/li>\n\n\n\n<li><strong>Mat\u00e9riau de haute qualit\u00e9 :<\/strong> Ces plats de cuisson personnalis\u00e9s sont fabriqu\u00e9s \u00e0 partir d'un mat\u00e9riau c\u00e9ramique naturel qui est chauff\u00e9 \u00e0 haute temp\u00e9rature et ne lib\u00e8re aucun produit chimique nocif, ce qui permet de les utiliser en toute s\u00e9curit\u00e9 avec les aliments.<\/li>\n\n\n\n<li><strong>Pratique : <\/strong>Ces moules \u00e0 tarte en gros sont compacts et parfaits pour pr\u00e9parer des desserts ou des repas de petite taille, c'est-\u00e0-dire des petits g\u00e2teaux, des pizzas individuelles ou des l\u00e9gumes sur le barbecue. Le format compact est tr\u00e8s pratique pour la cuisine ou la p\u00e2tisserie \u00e0 domicile des c\u00e9libataires.<\/li>\n<\/ul>\n<\/div>\n\n\n\n<div class=\"wp-block-column is-layout-flow wp-block-column-is-layout-flow\">\n<figure class=\"wp-block-image size-full\"><img fetchpriority=\"high\" decoding=\"async\" width=\"1600\" height=\"1600\" src=\"https:\/\/jinhuaceramic.com\/wp-content\/uploads\/2025\/05\/High-Quality-Custom-Baking-Dishes-Pans-Ceramic-Bakeware-Set-In-Bulk-5.webp\" alt=\"Plats de cuisson personnalis\u00e9s de petite taille Plats \u00e0 tarte en gros-1\" class=\"wp-image-9136\" srcset=\"https:\/\/jinhuaceramic.com\/wp-content\/uploads\/2025\/05\/High-Quality-Custom-Baking-Dishes-Pans-Ceramic-Bakeware-Set-In-Bulk-5.webp 1600w, https:\/\/jinhuaceramic.com\/wp-content\/uploads\/2025\/05\/High-Quality-Custom-Baking-Dishes-Pans-Ceramic-Bakeware-Set-In-Bulk-5-300x300.webp 300w, https:\/\/jinhuaceramic.com\/wp-content\/uploads\/2025\/05\/High-Quality-Custom-Baking-Dishes-Pans-Ceramic-Bakeware-Set-In-Bulk-5-150x150.webp 150w, https:\/\/jinhuaceramic.com\/wp-content\/uploads\/2025\/05\/High-Quality-Custom-Baking-Dishes-Pans-Ceramic-Bakeware-Set-In-Bulk-5-768x768.webp 768w, https:\/\/jinhuaceramic.com\/wp-content\/uploads\/2025\/05\/High-Quality-Custom-Baking-Dishes-Pans-Ceramic-Bakeware-Set-In-Bulk-5-12x12.webp 12w, https:\/\/jinhuaceramic.com\/wp-content\/uploads\/2025\/05\/High-Quality-Custom-Baking-Dishes-Pans-Ceramic-Bakeware-Set-In-Bulk-5-285x285.webp 285w, https:\/\/jinhuaceramic.com\/wp-content\/uploads\/2025\/05\/High-Quality-Custom-Baking-Dishes-Pans-Ceramic-Bakeware-Set-In-Bulk-5-270x270.webp 270w, https:\/\/jinhuaceramic.com\/wp-content\/uploads\/2025\/05\/High-Quality-Custom-Baking-Dishes-Pans-Ceramic-Bakeware-Set-In-Bulk-5-540x540.webp 540w, https:\/\/jinhuaceramic.com\/wp-content\/uploads\/2025\/05\/High-Quality-Custom-Baking-Dishes-Pans-Ceramic-Bakeware-Set-In-Bulk-5-660x660.webp 660w\" sizes=\"(max-width: 1600px) 100vw, 1600px\" \/><\/figure>\n<\/div>\n<\/div>","protected":false},"excerpt":{"rendered":"<p>Bienvenue sur le site d'achat en gros de moules \u00e0 tarte. Ces plats \u00e0 tarte classiques, personnalis\u00e9s en noir et blanc, sont polyvalents et \u00e9l\u00e9gants. Ils sont dot\u00e9s d'une double oreille pour un acc\u00e8s facile et d'un mat\u00e9riau en c\u00e9ramique s\u00fbr et durable.<\/p>","protected":false},"featured_media":9135,"comment_status":"closed","ping_status":"closed","template":"","meta":{"_acf_changed":false},"product_brand":[],"product_cat":[53],"product_tag":[71],"class_list":{"0":"post-9132","1":"product","2":"type-product","3":"status-publish","4":"has-post-thumbnail","6":"product_cat-bakeware-in-bulk","7":"product_tag-wholesale-baking-pans","9":"first","10":"instock","11":"shipping-taxable","12":"product-type-simple"},"acf":[],"_links":{"self":[{"href":"https:\/\/jinhuaceramic.com\/fr\/wp-json\/wp\/v2\/product\/9132","targetHints":{"allow":["GET"]}}],"collection":[{"href":"https:\/\/jinhuaceramic.com\/fr\/wp-json\/wp\/v2\/product"}],"about":[{"href":"https:\/\/jinhuaceramic.com\/fr\/wp-json\/wp\/v2\/types\/product"}],"replies":[{"embeddable":true,"href":"https:\/\/jinhuaceramic.com\/fr\/wp-json\/wp\/v2\/comments?post=9132"}],"version-history":[{"count":0,"href":"https:\/\/jinhuaceramic.com\/fr\/wp-json\/wp\/v2\/product\/9132\/revisions"}],"wp:featuredmedia":[{"embeddable":true,"href":"https:\/\/jinhuaceramic.com\/fr\/wp-json\/wp\/v2\/media\/9135"}],"wp:attachment":[{"href":"https:\/\/jinhuaceramic.com\/fr\/wp-json\/wp\/v2\/media?parent=9132"}],"wp:term":[{"taxonomy":"product_brand","embeddable":true,"href":"https:\/\/jinhuaceramic.com\/fr\/wp-json\/wp\/v2\/product_brand?post=9132"},{"taxonomy":"product_cat","embeddable":true,"href":"https:\/\/jinhuaceramic.com\/fr\/wp-json\/wp\/v2\/product_cat?post=9132"},{"taxonomy":"product_tag","embeddable":true,"href":"https:\/\/jinhuaceramic.com\/fr\/wp-json\/wp\/v2\/product_tag?post=9132"}],"curies":[{"name":"wp","href":"https:\/\/api.w.org\/{rel}","templated":true}]}}