{"id":9143,"date":"2025-05-26T02:28:10","date_gmt":"2025-05-26T02:28:10","guid":{"rendered":"https:\/\/jinhuaceramic.com\/?post_type=product&#038;p=9143"},"modified":"2025-05-26T02:28:11","modified_gmt":"2025-05-26T02:28:11","slug":"cake-baking-pans-wholesale","status":"publish","type":"product","link":"https:\/\/jinhuaceramic.com\/fr\/product\/cake-baking-pans-wholesale\/","title":{"rendered":"Moules \u00e0 g\u00e2teaux en c\u00e9ramique bleue Wholesale, Custom Bakeware"},"content":{"rendered":"<div class=\"wp-block-columns is-layout-flex wp-container-core-columns-is-layout-9d6595d7 wp-block-columns-is-layout-flex\">\n<div class=\"wp-block-column is-layout-flow wp-block-column-is-layout-flow\">\n<h3 class=\"wp-block-heading\">Moules \u00e0 g\u00e2teaux Premium Wholesale Caract\u00e9ristiques :<\/h3>\n\n\n\n<ul class=\"wp-block-list\">\n<li><strong>Design \u00e9l\u00e9gant : <\/strong>L'ext\u00e9rieur de ces moules \u00e0 g\u00e2teaux en gros est bleu fonc\u00e9, d\u00e9cor\u00e9 de rayures horizontales ondul\u00e9es, riches en textures et en superpositions. L'int\u00e9rieur est d'un blanc pur, cr\u00e9ant un contraste de couleurs frappant, visuellement \u00e9tonnant et permettant de surveiller les conditions de cuisson des aliments.<\/li>\n\n\n\n<li><strong>Mat\u00e9riau durable : <\/strong>Ces articles de boulangerie personnalis\u00e9s sont cuits \u00e0 haute temp\u00e9rature et pr\u00e9sentent une duret\u00e9 \u00e9lev\u00e9e, une bonne stabilit\u00e9, une r\u00e9sistance aux temp\u00e9ratures \u00e9lev\u00e9es, une r\u00e9sistance \u00e0 la d\u00e9formation et une longue dur\u00e9e de vie.<\/li>\n\n\n\n<li><strong>Diff\u00e9rentes tailles : <\/strong>Ces moules \u00e0 g\u00e2teaux en gros ont 3 tailles diff\u00e9rentes de plats de cuisson pour r\u00e9pondre \u00e0 de multiples besoins de cuisson, comme la cuisson de petites p\u00e2tisseries, de l\u00e9gumes, ou de grandes viandes, de poulets entiers, etc.<\/li>\n\n\n\n<li><strong>Pratique : <\/strong>Ces batteries de cuisson personnalis\u00e9es de diff\u00e9rentes tailles peuvent \u00eatre embo\u00eet\u00e9es les unes dans les autres pour \u00e9conomiser de l'espace de rangement. Les moules sont dot\u00e9s de poign\u00e9es blanches des deux c\u00f4t\u00e9s afin qu'ils ne soient pas difficiles \u00e0 tenir, ce qui permet d'\u00e9viter les br\u00fblures \u00e0 la sortie du four et de les rendre plus stables \u00e0 utiliser.<\/li>\n<\/ul>\n<\/div>\n\n\n\n<div class=\"wp-block-column is-layout-flow wp-block-column-is-layout-flow\">\n<figure class=\"wp-block-image size-full\"><img fetchpriority=\"high\" decoding=\"async\" width=\"2400\" height=\"2400\" src=\"https:\/\/jinhuaceramic.com\/wp-content\/uploads\/2025\/05\/Wholesale-Blue-Bakeware-Set-Custom-Ceramic-Baking-Dishes-Pans-in-Bulk-4.webp\" alt=\"Moules \u00e0 g\u00e2teaux en c\u00e9ramique bleue Wholesale, Custom Bakeware-1\" class=\"wp-image-9146\" srcset=\"https:\/\/jinhuaceramic.com\/wp-content\/uploads\/2025\/05\/Wholesale-Blue-Bakeware-Set-Custom-Ceramic-Baking-Dishes-Pans-in-Bulk-4.webp 2400w, https:\/\/jinhuaceramic.com\/wp-content\/uploads\/2025\/05\/Wholesale-Blue-Bakeware-Set-Custom-Ceramic-Baking-Dishes-Pans-in-Bulk-4-300x300.webp 300w, https:\/\/jinhuaceramic.com\/wp-content\/uploads\/2025\/05\/Wholesale-Blue-Bakeware-Set-Custom-Ceramic-Baking-Dishes-Pans-in-Bulk-4-150x150.webp 150w, https:\/\/jinhuaceramic.com\/wp-content\/uploads\/2025\/05\/Wholesale-Blue-Bakeware-Set-Custom-Ceramic-Baking-Dishes-Pans-in-Bulk-4-768x768.webp 768w, https:\/\/jinhuaceramic.com\/wp-content\/uploads\/2025\/05\/Wholesale-Blue-Bakeware-Set-Custom-Ceramic-Baking-Dishes-Pans-in-Bulk-4-12x12.webp 12w, https:\/\/jinhuaceramic.com\/wp-content\/uploads\/2025\/05\/Wholesale-Blue-Bakeware-Set-Custom-Ceramic-Baking-Dishes-Pans-in-Bulk-4-285x285.webp 285w, https:\/\/jinhuaceramic.com\/wp-content\/uploads\/2025\/05\/Wholesale-Blue-Bakeware-Set-Custom-Ceramic-Baking-Dishes-Pans-in-Bulk-4-1600x1600.webp 1600w, https:\/\/jinhuaceramic.com\/wp-content\/uploads\/2025\/05\/Wholesale-Blue-Bakeware-Set-Custom-Ceramic-Baking-Dishes-Pans-in-Bulk-4-270x270.webp 270w, https:\/\/jinhuaceramic.com\/wp-content\/uploads\/2025\/05\/Wholesale-Blue-Bakeware-Set-Custom-Ceramic-Baking-Dishes-Pans-in-Bulk-4-540x540.webp 540w, https:\/\/jinhuaceramic.com\/wp-content\/uploads\/2025\/05\/Wholesale-Blue-Bakeware-Set-Custom-Ceramic-Baking-Dishes-Pans-in-Bulk-4-660x660.webp 660w\" sizes=\"(max-width: 2400px) 100vw, 2400px\" \/><\/figure>\n<\/div>\n<\/div>","protected":false},"excerpt":{"rendered":"<p>Nous vous invitons \u00e0 acheter des moules \u00e0 p\u00e2tisserie personnalis\u00e9s. Ces moules \u00e0 g\u00e2teaux bleus sont tr\u00e8s populaires en raison de leur design \u00e9l\u00e9gant, de leur mat\u00e9riau c\u00e9ramique durable, de leurs multiples tailles pour r\u00e9pondre aux diff\u00e9rents besoins de cuisson, et de leur conception pratique empilable et \u00e0 double oreille.<\/p>","protected":false},"featured_media":9147,"comment_status":"closed","ping_status":"closed","template":"","meta":{"_acf_changed":false},"product_brand":[],"product_cat":[53],"product_tag":[71],"class_list":{"0":"post-9143","1":"product","2":"type-product","3":"status-publish","4":"has-post-thumbnail","6":"product_cat-bakeware-in-bulk","7":"product_tag-wholesale-baking-pans","9":"first","10":"instock","11":"shipping-taxable","12":"product-type-simple"},"acf":[],"_links":{"self":[{"href":"https:\/\/jinhuaceramic.com\/fr\/wp-json\/wp\/v2\/product\/9143","targetHints":{"allow":["GET"]}}],"collection":[{"href":"https:\/\/jinhuaceramic.com\/fr\/wp-json\/wp\/v2\/product"}],"about":[{"href":"https:\/\/jinhuaceramic.com\/fr\/wp-json\/wp\/v2\/types\/product"}],"replies":[{"embeddable":true,"href":"https:\/\/jinhuaceramic.com\/fr\/wp-json\/wp\/v2\/comments?post=9143"}],"version-history":[{"count":0,"href":"https:\/\/jinhuaceramic.com\/fr\/wp-json\/wp\/v2\/product\/9143\/revisions"}],"wp:featuredmedia":[{"embeddable":true,"href":"https:\/\/jinhuaceramic.com\/fr\/wp-json\/wp\/v2\/media\/9147"}],"wp:attachment":[{"href":"https:\/\/jinhuaceramic.com\/fr\/wp-json\/wp\/v2\/media?parent=9143"}],"wp:term":[{"taxonomy":"product_brand","embeddable":true,"href":"https:\/\/jinhuaceramic.com\/fr\/wp-json\/wp\/v2\/product_brand?post=9143"},{"taxonomy":"product_cat","embeddable":true,"href":"https:\/\/jinhuaceramic.com\/fr\/wp-json\/wp\/v2\/product_cat?post=9143"},{"taxonomy":"product_tag","embeddable":true,"href":"https:\/\/jinhuaceramic.com\/fr\/wp-json\/wp\/v2\/product_tag?post=9143"}],"curies":[{"name":"wp","href":"https:\/\/api.w.org\/{rel}","templated":true}]}}