{"id":9164,"date":"2025-06-03T02:17:46","date_gmt":"2025-06-03T02:17:46","guid":{"rendered":"https:\/\/jinhuaceramic.com\/?post_type=product&#038;p=9164"},"modified":"2025-06-03T03:20:26","modified_gmt":"2025-06-03T03:20:26","slug":"ceramic-ramekin-bulk","status":"publish","type":"product","link":"https:\/\/jinhuaceramic.com\/fr\/product\/ceramic-ramekin-bulk\/","title":{"rendered":"Petits ramequins en c\u00e9ramique pour la cuisson en vrac, Coupes \u00e0 Souffle en c\u00e9ramique en gros pour la cuisine"},"content":{"rendered":"<div class=\"wp-block-columns is-layout-flex wp-container-core-columns-is-layout-9d6595d7 wp-block-columns-is-layout-flex\">\n<div class=\"wp-block-column is-layout-flow wp-block-column-is-layout-flow\">\n<h3 class=\"wp-block-heading\">Ramequin en c\u00e9ramique pour la cuisson en vrac Premium Caract\u00e9ristiques :<\/h3>\n\n\n\n<ul class=\"wp-block-list\">\n<li><strong>Design rustique : <\/strong>Ce ramequin en c\u00e9ramique pr\u00e9sente un joli aspect bicolore, la moiti\u00e9 sup\u00e9rieure \u00e9tant d'un blanc pur et la moiti\u00e9 inf\u00e9rieure d'un brun clair rustique et chaleureux. Les textures horizontales simples sur la surface apportent un int\u00e9r\u00eat visuel et pr\u00e9sentent une l\u00e9g\u00e8re texture pour une meilleure prise en main, garantissant qu'il restera en place dans vos mains.<\/li>\n\n\n\n<li><strong>C\u00e9ramique de haute qualit\u00e9 :<\/strong> Fabriqu\u00e9 en c\u00e9ramique de haute qualit\u00e9 pouvant r\u00e9sister \u00e0 une chaleur \u00e9lev\u00e9e, le ramequin en c\u00e9ramique en vrac est un produit polyvalent et durable. Ils sont con\u00e7us non seulement pour conserver leur forme, mais aussi leur int\u00e9grit\u00e9 en cas d'utilisation r\u00e9p\u00e9t\u00e9e au four, au micro-ondes, etc. Les r\u00e9cipients de cuisson sont un gage de qualit\u00e9, car ils r\u00e9sistent \u00e0 la d\u00e9formation \u00e0 haute temp\u00e9rature.<\/li>\n\n\n\n<li><strong>Polyvalence : <\/strong>D'une capacit\u00e9 de 4 oz, ces coupes \u00e0 souffl\u00e9 en c\u00e9ramique sont parfaites pour pr\u00e9parer des desserts individuels, notamment des cupcakes, du pudding au caramel, des p\u00e2tisseries \u00e0 la cr\u00e8me et des souffl\u00e9s. Elles peuvent \u00eatre utilis\u00e9es pour bien plus que des desserts, comme des fruits, des p\u00e2tisseries, et m\u00eame des dips sont parfaits pour servir.<\/li>\n\n\n\n<li><strong>Empilable et facile \u00e0 nettoyer : <\/strong>Ces tasses \u00e0 souffl\u00e9 en c\u00e9ramique sont empilables, ce qui permet de gagner de la place dans la cuisine. De plus, leur surface lisse emp\u00eache les r\u00e9sidus alimentaires d'adh\u00e9rer, ce qui facilite leur nettoyage.<\/li>\n<\/ul>\n<\/div>\n\n\n\n<div class=\"wp-block-column is-layout-flow wp-block-column-is-layout-flow\">\n<figure class=\"wp-block-image size-full\"><img fetchpriority=\"high\" decoding=\"async\" width=\"1500\" height=\"1500\" src=\"https:\/\/jinhuaceramic.com\/wp-content\/uploads\/2025\/05\/Bulk-Small-Baking-Ramekin-Ceramic-Wholesale-Souffle-Cups-for-Kitchen-4.webp\" alt=\"petite-cuisson-c\u00e9ramique-ramekin-bulk-ceramic-souffle-cups-wholesale-4\" class=\"wp-image-9167\" srcset=\"https:\/\/jinhuaceramic.com\/wp-content\/uploads\/2025\/05\/Bulk-Small-Baking-Ramekin-Ceramic-Wholesale-Souffle-Cups-for-Kitchen-4.webp 1500w, https:\/\/jinhuaceramic.com\/wp-content\/uploads\/2025\/05\/Bulk-Small-Baking-Ramekin-Ceramic-Wholesale-Souffle-Cups-for-Kitchen-4-300x300.webp 300w, https:\/\/jinhuaceramic.com\/wp-content\/uploads\/2025\/05\/Bulk-Small-Baking-Ramekin-Ceramic-Wholesale-Souffle-Cups-for-Kitchen-4-150x150.webp 150w, https:\/\/jinhuaceramic.com\/wp-content\/uploads\/2025\/05\/Bulk-Small-Baking-Ramekin-Ceramic-Wholesale-Souffle-Cups-for-Kitchen-4-768x768.webp 768w, https:\/\/jinhuaceramic.com\/wp-content\/uploads\/2025\/05\/Bulk-Small-Baking-Ramekin-Ceramic-Wholesale-Souffle-Cups-for-Kitchen-4-12x12.webp 12w, https:\/\/jinhuaceramic.com\/wp-content\/uploads\/2025\/05\/Bulk-Small-Baking-Ramekin-Ceramic-Wholesale-Souffle-Cups-for-Kitchen-4-285x285.webp 285w, https:\/\/jinhuaceramic.com\/wp-content\/uploads\/2025\/05\/Bulk-Small-Baking-Ramekin-Ceramic-Wholesale-Souffle-Cups-for-Kitchen-4-270x270.webp 270w, https:\/\/jinhuaceramic.com\/wp-content\/uploads\/2025\/05\/Bulk-Small-Baking-Ramekin-Ceramic-Wholesale-Souffle-Cups-for-Kitchen-4-540x540.webp 540w, https:\/\/jinhuaceramic.com\/wp-content\/uploads\/2025\/05\/Bulk-Small-Baking-Ramekin-Ceramic-Wholesale-Souffle-Cups-for-Kitchen-4-660x660.webp 660w\" sizes=\"(max-width: 1500px) 100vw, 1500px\" \/><\/figure>\n<\/div>\n<\/div>","protected":false},"excerpt":{"rendered":"<p>Nous vous invitons \u00e0 acheter nos tasses \u00e0 souffl\u00e9 en c\u00e9ramique en gros. Les petits ramequins en c\u00e9ramique pour la cuisson en vrac ont un aspect rustique incroyablement mignon, sont fabriqu\u00e9s en c\u00e9ramique durable \u00e0 haute temp\u00e9rature, sont polyvalents, empilables et faciles \u00e0 nettoyer. Ils combinent le style et la praticit\u00e9 dans un produit de qualit\u00e9 sup\u00e9rieure.<\/p>","protected":false},"featured_media":9169,"comment_status":"closed","ping_status":"closed","template":"","meta":{"_acf_changed":false},"product_brand":[],"product_cat":[53],"product_tag":[69],"class_list":{"0":"post-9164","1":"product","2":"type-product","3":"status-publish","4":"has-post-thumbnail","6":"product_cat-bakeware-in-bulk","7":"product_tag-bulk-ramekins","9":"first","10":"instock","11":"shipping-taxable","12":"product-type-simple"},"acf":[],"_links":{"self":[{"href":"https:\/\/jinhuaceramic.com\/fr\/wp-json\/wp\/v2\/product\/9164","targetHints":{"allow":["GET"]}}],"collection":[{"href":"https:\/\/jinhuaceramic.com\/fr\/wp-json\/wp\/v2\/product"}],"about":[{"href":"https:\/\/jinhuaceramic.com\/fr\/wp-json\/wp\/v2\/types\/product"}],"replies":[{"embeddable":true,"href":"https:\/\/jinhuaceramic.com\/fr\/wp-json\/wp\/v2\/comments?post=9164"}],"version-history":[{"count":0,"href":"https:\/\/jinhuaceramic.com\/fr\/wp-json\/wp\/v2\/product\/9164\/revisions"}],"wp:featuredmedia":[{"embeddable":true,"href":"https:\/\/jinhuaceramic.com\/fr\/wp-json\/wp\/v2\/media\/9169"}],"wp:attachment":[{"href":"https:\/\/jinhuaceramic.com\/fr\/wp-json\/wp\/v2\/media?parent=9164"}],"wp:term":[{"taxonomy":"product_brand","embeddable":true,"href":"https:\/\/jinhuaceramic.com\/fr\/wp-json\/wp\/v2\/product_brand?post=9164"},{"taxonomy":"product_cat","embeddable":true,"href":"https:\/\/jinhuaceramic.com\/fr\/wp-json\/wp\/v2\/product_cat?post=9164"},{"taxonomy":"product_tag","embeddable":true,"href":"https:\/\/jinhuaceramic.com\/fr\/wp-json\/wp\/v2\/product_tag?post=9164"}],"curies":[{"name":"wp","href":"https:\/\/api.w.org\/{rel}","templated":true}]}}