{"id":9181,"date":"2025-06-03T04:03:25","date_gmt":"2025-06-03T04:03:25","guid":{"rendered":"https:\/\/jinhuaceramic.com\/?post_type=product&#038;p=9181"},"modified":"2025-06-03T04:03:28","modified_gmt":"2025-06-03T04:03:28","slug":"candlestick-bulk","status":"publish","type":"product","link":"https:\/\/jinhuaceramic.com\/fr\/product\/candlestick-bulk\/","title":{"rendered":"Bougeoir mignon en forme de champignon, Bougeoir en c\u00e9ramique personnalis\u00e9"},"content":{"rendered":"<div class=\"wp-block-columns is-layout-flex wp-container-core-columns-is-layout-9d6595d7 wp-block-columns-is-layout-flex\">\n<div class=\"wp-block-column is-layout-flow wp-block-column-is-layout-flow\">\n<h3 class=\"wp-block-heading\">Premium Cute Candlestick Bulk (chandelier mignon) Caract\u00e9ristiques :<\/h3>\n\n\n\n<ul class=\"wp-block-list\">\n<li><strong>Design mignon : <\/strong>La plupart des chandeliers sont en forme de champignon, au design minimaliste et ludique, ce qui permet de cr\u00e9er une atmosph\u00e8re vivante dans la maison. Les bougeoirs sont disponibles dans les couleurs Morandi : vert clair, blanc cass\u00e9, rose clair et jaune clair, qui sont toutes des couleurs apaisantes et th\u00e9rapeutiques qui donnent un sentiment de chaleur et de confort.<\/li>\n\n\n\n<li><strong>Mat\u00e9riau durable : <\/strong>Ce bougeoir personnalis\u00e9 est fabriqu\u00e9 \u00e0 partir de mat\u00e9riaux c\u00e9ramiques de qualit\u00e9 sup\u00e9rieure qui ont \u00e9t\u00e9 cuits \u00e0 haute temp\u00e9rature, poss\u00e8dent un certain niveau de duret\u00e9 et de r\u00e9sistance aux temp\u00e9ratures \u00e9lev\u00e9es, et sont s\u00fbrs pour contenir une bougie vivante.<\/li>\n\n\n\n<li><strong>Diff\u00e9rentes tailles : <\/strong>La plupart des chandeliers sont disponibles en deux tailles et ont des trous de bougie de diam\u00e8tres diff\u00e9rents ; ils peuvent donc \u00e9galement \u00eatre utilis\u00e9s pour placer des bougies de tailles diff\u00e9rentes. Ils ont plus d'options compatibles et peuvent \u00eatre combin\u00e9s de mani\u00e8re interchangeable et plac\u00e9s selon les besoins.<\/li>\n\n\n\n<li><strong>Une grande praticit\u00e9 : <\/strong>Le porte-bougie personnalis\u00e9 de conception unique peut recueillir les gouttes de cire qui r\u00e9sultent de l'allumage des bougies afin qu'elles ne tombent pas directement sur le plateau de la table et qu'elles soient prot\u00e9g\u00e9es. Le cadre inf\u00e9rieur est fonctionnel, et lorsque les bougies y sont plac\u00e9es, elles sont solides et ne se renversent pas.<\/li>\n<\/ul>\n<\/div>\n\n\n\n<div class=\"wp-block-column is-layout-flow wp-block-column-is-layout-flow\">\n<figure class=\"wp-block-image size-full\"><img fetchpriority=\"high\" decoding=\"async\" width=\"800\" height=\"800\" src=\"https:\/\/jinhuaceramic.com\/wp-content\/uploads\/2025\/05\/Cute-Candle-Stick-with-Mushroom-Shape-Wholesale-Candle-Holders-Bulk-7.webp\" alt=\"Porte-bougies en c\u00e9ramique avec forme de champignon personnalis\u00e9-7\" class=\"wp-image-9187\" srcset=\"https:\/\/jinhuaceramic.com\/wp-content\/uploads\/2025\/05\/Cute-Candle-Stick-with-Mushroom-Shape-Wholesale-Candle-Holders-Bulk-7.webp 800w, https:\/\/jinhuaceramic.com\/wp-content\/uploads\/2025\/05\/Cute-Candle-Stick-with-Mushroom-Shape-Wholesale-Candle-Holders-Bulk-7-300x300.webp 300w, https:\/\/jinhuaceramic.com\/wp-content\/uploads\/2025\/05\/Cute-Candle-Stick-with-Mushroom-Shape-Wholesale-Candle-Holders-Bulk-7-150x150.webp 150w, https:\/\/jinhuaceramic.com\/wp-content\/uploads\/2025\/05\/Cute-Candle-Stick-with-Mushroom-Shape-Wholesale-Candle-Holders-Bulk-7-768x768.webp 768w, https:\/\/jinhuaceramic.com\/wp-content\/uploads\/2025\/05\/Cute-Candle-Stick-with-Mushroom-Shape-Wholesale-Candle-Holders-Bulk-7-12x12.webp 12w, https:\/\/jinhuaceramic.com\/wp-content\/uploads\/2025\/05\/Cute-Candle-Stick-with-Mushroom-Shape-Wholesale-Candle-Holders-Bulk-7-285x285.webp 285w, https:\/\/jinhuaceramic.com\/wp-content\/uploads\/2025\/05\/Cute-Candle-Stick-with-Mushroom-Shape-Wholesale-Candle-Holders-Bulk-7-270x270.webp 270w, https:\/\/jinhuaceramic.com\/wp-content\/uploads\/2025\/05\/Cute-Candle-Stick-with-Mushroom-Shape-Wholesale-Candle-Holders-Bulk-7-540x540.webp 540w, https:\/\/jinhuaceramic.com\/wp-content\/uploads\/2025\/05\/Cute-Candle-Stick-with-Mushroom-Shape-Wholesale-Candle-Holders-Bulk-7-660x660.webp 660w\" sizes=\"(max-width: 800px) 100vw, 800px\" \/><\/figure>\n<\/div>\n<\/div>","protected":false},"excerpt":{"rendered":"<p>Nous vous invitons \u00e0 acheter notre bougeoir en c\u00e9ramique personnalis\u00e9. Ce bougeoir en vrac est populaire principalement en raison de sa forme int\u00e9ressante de champignon et de ses couleurs douces qui s'int\u00e8grent bien dans divers styles d'int\u00e9rieur et g\u00e9n\u00e8rent de la chaleur. Par ailleurs, le mat\u00e9riau c\u00e9ramique durable est de haute qualit\u00e9, r\u00e9sistant \u00e0 la chaleur, et allie praticit\u00e9 et d\u00e9coration.<\/p>","protected":false},"featured_media":9182,"comment_status":"closed","ping_status":"closed","template":"","meta":{"_acf_changed":false},"product_brand":[],"product_cat":[52],"product_tag":[68],"class_list":{"0":"post-9181","1":"product","2":"type-product","3":"status-publish","4":"has-post-thumbnail","6":"product_cat-wholesale-candle-containers","7":"product_tag-ceramic-candlesticks-bulk","9":"first","10":"instock","11":"shipping-taxable","12":"product-type-simple"},"acf":[],"_links":{"self":[{"href":"https:\/\/jinhuaceramic.com\/fr\/wp-json\/wp\/v2\/product\/9181","targetHints":{"allow":["GET"]}}],"collection":[{"href":"https:\/\/jinhuaceramic.com\/fr\/wp-json\/wp\/v2\/product"}],"about":[{"href":"https:\/\/jinhuaceramic.com\/fr\/wp-json\/wp\/v2\/types\/product"}],"replies":[{"embeddable":true,"href":"https:\/\/jinhuaceramic.com\/fr\/wp-json\/wp\/v2\/comments?post=9181"}],"version-history":[{"count":0,"href":"https:\/\/jinhuaceramic.com\/fr\/wp-json\/wp\/v2\/product\/9181\/revisions"}],"wp:featuredmedia":[{"embeddable":true,"href":"https:\/\/jinhuaceramic.com\/fr\/wp-json\/wp\/v2\/media\/9182"}],"wp:attachment":[{"href":"https:\/\/jinhuaceramic.com\/fr\/wp-json\/wp\/v2\/media?parent=9181"}],"wp:term":[{"taxonomy":"product_brand","embeddable":true,"href":"https:\/\/jinhuaceramic.com\/fr\/wp-json\/wp\/v2\/product_brand?post=9181"},{"taxonomy":"product_cat","embeddable":true,"href":"https:\/\/jinhuaceramic.com\/fr\/wp-json\/wp\/v2\/product_cat?post=9181"},{"taxonomy":"product_tag","embeddable":true,"href":"https:\/\/jinhuaceramic.com\/fr\/wp-json\/wp\/v2\/product_tag?post=9181"}],"curies":[{"name":"wp","href":"https:\/\/api.w.org\/{rel}","templated":true}]}}