{"id":9192,"date":"2025-06-03T03:18:32","date_gmt":"2025-06-03T03:18:32","guid":{"rendered":"https:\/\/jinhuaceramic.com\/?post_type=product&#038;p=9192"},"modified":"2025-06-03T03:18:34","modified_gmt":"2025-06-03T03:18:34","slug":"candle-vessels-in-bulk","status":"publish","type":"product","link":"https:\/\/jinhuaceramic.com\/fr\/product\/candle-vessels-in-bulk\/","title":{"rendered":"Vases \u00e0 bougies en vrac avec diff\u00e9rentes couleurs, pots \u00e0 bougies en c\u00e9ramique personnalis\u00e9s"},"content":{"rendered":"<div class=\"wp-block-columns is-layout-flex wp-container-core-columns-is-layout-9d6595d7 wp-block-columns-is-layout-flex\">\n<div class=\"wp-block-column is-layout-flow wp-block-column-is-layout-flow\">\n<h3 class=\"wp-block-heading\">Vases \u00e0 bougies de premi\u00e8re qualit\u00e9 en vrac Caract\u00e9ristiques :<\/h3>\n\n\n\n<ul class=\"wp-block-list\">\n<li><strong>Design raffin\u00e9 : <\/strong>D'un design simple mais raffin\u00e9, ces photophores en c\u00e9ramique personnalis\u00e9s pr\u00e9sentent des textures concaves et convexes irr\u00e9guli\u00e8res sur la surface, un design visuellement stratifi\u00e9 et un plaisir tactile, ce qui les rend uniques en termes de design tout en \u00e9tant simples pour rehausser la beaut\u00e9 g\u00e9n\u00e9rale de l'espace.<\/li>\n\n\n\n<li><strong>Diverses couleurs : <\/strong>Ces r\u00e9cipients pour bougies en vrac sont produits dans diff\u00e9rentes couleurs douces telles que le bleu, le vert, le rose, le violet, le gris, le blanc, le cr\u00e8me, etc. Les clients peuvent choisir en fonction de leurs d\u00e9sirs ou de l'int\u00e9rieur de leur maison.<\/li>\n\n\n\n<li><strong>Haute qualit\u00e9 : <\/strong>Ces r\u00e9cipients \u00e0 bougie en c\u00e9ramique sont fabriqu\u00e9s en vrac avec de l'argile c\u00e9ramique de haute qualit\u00e9 qui pr\u00e9sente une grande duret\u00e9 et une bonne r\u00e9sistance \u00e0 la chaleur. Ces r\u00e9cipients ont \u00e9t\u00e9 cuits \u00e0 haute temp\u00e9rature, ce qui les rend moins susceptibles de se d\u00e9former ou de se casser lorsqu'ils fonctionnent normalement pendant le processus de combustion de la bougie, pour permettre une utilisation en toute s\u00e9curit\u00e9 !<\/li>\n\n\n\n<li><strong>R\u00e9utilisable :<\/strong> Ces photophores en c\u00e9ramique personnalis\u00e9s peuvent \u00eatre r\u00e9utilis\u00e9s. Une fois la bougie consum\u00e9e, le photophore peut \u00eatre nettoy\u00e9 et utilis\u00e9 comme porte-stylo ou comme petit pot de fleurs pour un usage secondaire.<\/li>\n<\/ul>\n<\/div>\n\n\n\n<div class=\"wp-block-column is-layout-flow wp-block-column-is-layout-flow\">\n<figure class=\"wp-block-image size-full\"><img fetchpriority=\"high\" decoding=\"async\" width=\"527\" height=\"564\" src=\"https:\/\/jinhuaceramic.com\/wp-content\/uploads\/2025\/05\/Wholesale-Candle-Vessel-With-Various-Colors-Ceramic-Candle-Jar-In-Bulk-5.webp\" alt=\"vases \u00e0 bougies en vrac-aux couleurs vari\u00e9es-bocaux \u00e0 bougies en c\u00e9ramique personnalis\u00e9s-5\" class=\"wp-image-9196\" srcset=\"https:\/\/jinhuaceramic.com\/wp-content\/uploads\/2025\/05\/Wholesale-Candle-Vessel-With-Various-Colors-Ceramic-Candle-Jar-In-Bulk-5.webp 527w, https:\/\/jinhuaceramic.com\/wp-content\/uploads\/2025\/05\/Wholesale-Candle-Vessel-With-Various-Colors-Ceramic-Candle-Jar-In-Bulk-5-280x300.webp 280w, https:\/\/jinhuaceramic.com\/wp-content\/uploads\/2025\/05\/Wholesale-Candle-Vessel-With-Various-Colors-Ceramic-Candle-Jar-In-Bulk-5-11x12.webp 11w, https:\/\/jinhuaceramic.com\/wp-content\/uploads\/2025\/05\/Wholesale-Candle-Vessel-With-Various-Colors-Ceramic-Candle-Jar-In-Bulk-5-285x305.webp 285w, https:\/\/jinhuaceramic.com\/wp-content\/uploads\/2025\/05\/Wholesale-Candle-Vessel-With-Various-Colors-Ceramic-Candle-Jar-In-Bulk-5-140x150.webp 140w\" sizes=\"(max-width: 527px) 100vw, 527px\" \/><\/figure>\n<\/div>\n<\/div>","protected":false},"excerpt":{"rendered":"<p>Nous vous invitons \u00e0 acheter nos photophores en vrac. Des photophores en c\u00e9ramique personnalis\u00e9s au design simple mais \u00e9l\u00e9gant ! Avec de nombreuses couleurs douces pour s'adapter \u00e0 de nombreux styles de d\u00e9coration d'int\u00e9rieur. En outre, la c\u00e9ramique est un mat\u00e9riau durable et r\u00e9sistant \u00e0 la chaleur ; les photophores en c\u00e9ramique peuvent \u00eatre r\u00e9utilis\u00e9s, ce qui en fait de belles d\u00e9corations d'int\u00e9rieur avec un \u00e9l\u00e9ment de praticit\u00e9.<\/p>","protected":false},"featured_media":9193,"comment_status":"closed","ping_status":"closed","template":"","meta":{"_acf_changed":false},"product_brand":[],"product_cat":[52],"product_tag":[66],"class_list":{"0":"post-9192","1":"product","2":"type-product","3":"status-publish","4":"has-post-thumbnail","6":"product_cat-wholesale-candle-containers","7":"product_tag-candle-jars-wholesale","9":"first","10":"instock","11":"shipping-taxable","12":"product-type-simple"},"acf":[],"_links":{"self":[{"href":"https:\/\/jinhuaceramic.com\/fr\/wp-json\/wp\/v2\/product\/9192","targetHints":{"allow":["GET"]}}],"collection":[{"href":"https:\/\/jinhuaceramic.com\/fr\/wp-json\/wp\/v2\/product"}],"about":[{"href":"https:\/\/jinhuaceramic.com\/fr\/wp-json\/wp\/v2\/types\/product"}],"replies":[{"embeddable":true,"href":"https:\/\/jinhuaceramic.com\/fr\/wp-json\/wp\/v2\/comments?post=9192"}],"version-history":[{"count":0,"href":"https:\/\/jinhuaceramic.com\/fr\/wp-json\/wp\/v2\/product\/9192\/revisions"}],"wp:featuredmedia":[{"embeddable":true,"href":"https:\/\/jinhuaceramic.com\/fr\/wp-json\/wp\/v2\/media\/9193"}],"wp:attachment":[{"href":"https:\/\/jinhuaceramic.com\/fr\/wp-json\/wp\/v2\/media?parent=9192"}],"wp:term":[{"taxonomy":"product_brand","embeddable":true,"href":"https:\/\/jinhuaceramic.com\/fr\/wp-json\/wp\/v2\/product_brand?post=9192"},{"taxonomy":"product_cat","embeddable":true,"href":"https:\/\/jinhuaceramic.com\/fr\/wp-json\/wp\/v2\/product_cat?post=9192"},{"taxonomy":"product_tag","embeddable":true,"href":"https:\/\/jinhuaceramic.com\/fr\/wp-json\/wp\/v2\/product_tag?post=9192"}],"curies":[{"name":"wp","href":"https:\/\/api.w.org\/{rel}","templated":true}]}}