{"id":9203,"date":"2025-06-03T03:09:26","date_gmt":"2025-06-03T03:09:26","guid":{"rendered":"https:\/\/jinhuaceramic.com\/?post_type=product&#038;p=9203"},"modified":"2025-06-03T03:09:27","modified_gmt":"2025-06-03T03:09:27","slug":"custom-soap-dish","status":"publish","type":"product","link":"https:\/\/jinhuaceramic.com\/fr\/product\/custom-soap-dish\/","title":{"rendered":"Porte-savon personnalis\u00e9 double couche, c\u00e9ramique Accessoires de salle de bains en vrac"},"content":{"rendered":"<div class=\"wp-block-columns is-layout-flex wp-container-core-columns-is-layout-9d6595d7 wp-block-columns-is-layout-flex\">\n<div class=\"wp-block-column is-layout-flow wp-block-column-is-layout-flow\">\n<h3 class=\"wp-block-heading\">Porte-savon personnalis\u00e9 double couche de premi\u00e8re qualit\u00e9 :<\/h3>\n\n\n\n<ul class=\"wp-block-list\">\n<li><strong>Structure \u00e0 double couche : <\/strong>Les porte-savons en gros adoptent une forme nette et sobre avec une structure \u00e0 double couche et un long trou d'\u00e9vacuation de l'eau au centre, ce qui permet d'\u00e9vacuer rapidement l'eau sur la surface du savon, d'emp\u00eacher le savon de se ramollir en raison d'un trempage prolong\u00e9 dans l'eau et de prolonger la dur\u00e9e de vie du produit.<\/li>\n\n\n\n<li><strong>Multi-couleurs :<\/strong> Ces porte-savons personnalis\u00e9s sont disponibles dans une large gamme de couleurs, y compris le rouge, le vert, le jaune, le blanc, etc., qui peuvent r\u00e9pondre aux exigences visuelles de divers clients et peuvent \u00eatre facilement adapt\u00e9s \u00e0 divers d\u00e9cors de salle de bains.<\/li>\n\n\n\n<li><strong>Mat\u00e9riau de qualit\u00e9 : <\/strong>Les porte-savons personnalis\u00e9s utilisent des mat\u00e9riaux c\u00e9ramiques de haute qualit\u00e9, qui sont imperm\u00e9ables \u00e0 l'eau et \u00e0 l'humidit\u00e9, et peuvent \u00eatre utilis\u00e9s dans des zones humides telles que les salles de bains. Les mat\u00e9riaux c\u00e9ramiques sont solides et r\u00e9sistants, ils ne sont donc pas fragiles et donc facilement cassables, et ces produits ont une dur\u00e9e de vie beaucoup plus longue.<\/li>\n\n\n\n<li><strong>Facile \u00e0 nettoyer : <\/strong>Les porte-savons en gros en c\u00e9ramique sont lisses et faciles \u00e0 nettoyer. Laver \u00e0 l'eau douce ou essuyer avec un chiffon humide et tous les restes de savon et les taches seront \u00e9limin\u00e9s.<\/li>\n<\/ul>\n<\/div>\n\n\n\n<div class=\"wp-block-column is-layout-flow wp-block-column-is-layout-flow\">\n<figure class=\"wp-block-image size-full\"><img fetchpriority=\"high\" decoding=\"async\" width=\"800\" height=\"800\" src=\"https:\/\/jinhuaceramic.com\/wp-content\/uploads\/2025\/06\/Double-Layer-Wholesale-Soap-Dishes-Ceramic-Bathroom-Accessories-Bulk-5.webp\" alt=\"custom-soap-dish-double-layer-ceramic-bathroom-accessories-bulk-5\" class=\"wp-image-9207\" srcset=\"https:\/\/jinhuaceramic.com\/wp-content\/uploads\/2025\/06\/Double-Layer-Wholesale-Soap-Dishes-Ceramic-Bathroom-Accessories-Bulk-5.webp 800w, https:\/\/jinhuaceramic.com\/wp-content\/uploads\/2025\/06\/Double-Layer-Wholesale-Soap-Dishes-Ceramic-Bathroom-Accessories-Bulk-5-300x300.webp 300w, https:\/\/jinhuaceramic.com\/wp-content\/uploads\/2025\/06\/Double-Layer-Wholesale-Soap-Dishes-Ceramic-Bathroom-Accessories-Bulk-5-150x150.webp 150w, https:\/\/jinhuaceramic.com\/wp-content\/uploads\/2025\/06\/Double-Layer-Wholesale-Soap-Dishes-Ceramic-Bathroom-Accessories-Bulk-5-768x768.webp 768w, https:\/\/jinhuaceramic.com\/wp-content\/uploads\/2025\/06\/Double-Layer-Wholesale-Soap-Dishes-Ceramic-Bathroom-Accessories-Bulk-5-12x12.webp 12w, https:\/\/jinhuaceramic.com\/wp-content\/uploads\/2025\/06\/Double-Layer-Wholesale-Soap-Dishes-Ceramic-Bathroom-Accessories-Bulk-5-285x285.webp 285w, https:\/\/jinhuaceramic.com\/wp-content\/uploads\/2025\/06\/Double-Layer-Wholesale-Soap-Dishes-Ceramic-Bathroom-Accessories-Bulk-5-270x270.webp 270w, https:\/\/jinhuaceramic.com\/wp-content\/uploads\/2025\/06\/Double-Layer-Wholesale-Soap-Dishes-Ceramic-Bathroom-Accessories-Bulk-5-540x540.webp 540w, https:\/\/jinhuaceramic.com\/wp-content\/uploads\/2025\/06\/Double-Layer-Wholesale-Soap-Dishes-Ceramic-Bathroom-Accessories-Bulk-5-660x660.webp 660w\" sizes=\"(max-width: 800px) 100vw, 800px\" \/><\/figure>\n<\/div>\n<\/div>","protected":false},"excerpt":{"rendered":"<p>Nous vous invitons \u00e0 acheter nos porte-savons personnalis\u00e9s. Nos porte-savons en gros sont con\u00e7us en deux couches pour le drainage, et la c\u00e9ramique est solide, durable et facile \u00e0 nettoyer ; les couleurs seront \u00e9galement utilis\u00e9es pour apporter un peu de luminosit\u00e9 et de vitalit\u00e9 \u00e0 la salle de bains. Ces porte-savons en gros sont des accessoires de salle de bain pratiques et de belles d\u00e9corations de salle de bain.<\/p>","protected":false},"featured_media":9206,"comment_status":"closed","ping_status":"closed","template":"","meta":{"_acf_changed":false},"product_brand":[],"product_cat":[51],"product_tag":[72],"class_list":{"0":"post-9203","1":"product","2":"type-product","3":"status-publish","4":"has-post-thumbnail","6":"product_cat-bathroom-accessories-wholesale","7":"product_tag-wholesale-soap-dishes","9":"first","10":"instock","11":"shipping-taxable","12":"product-type-simple"},"acf":[],"_links":{"self":[{"href":"https:\/\/jinhuaceramic.com\/fr\/wp-json\/wp\/v2\/product\/9203","targetHints":{"allow":["GET"]}}],"collection":[{"href":"https:\/\/jinhuaceramic.com\/fr\/wp-json\/wp\/v2\/product"}],"about":[{"href":"https:\/\/jinhuaceramic.com\/fr\/wp-json\/wp\/v2\/types\/product"}],"replies":[{"embeddable":true,"href":"https:\/\/jinhuaceramic.com\/fr\/wp-json\/wp\/v2\/comments?post=9203"}],"version-history":[{"count":0,"href":"https:\/\/jinhuaceramic.com\/fr\/wp-json\/wp\/v2\/product\/9203\/revisions"}],"wp:featuredmedia":[{"embeddable":true,"href":"https:\/\/jinhuaceramic.com\/fr\/wp-json\/wp\/v2\/media\/9206"}],"wp:attachment":[{"href":"https:\/\/jinhuaceramic.com\/fr\/wp-json\/wp\/v2\/media?parent=9203"}],"wp:term":[{"taxonomy":"product_brand","embeddable":true,"href":"https:\/\/jinhuaceramic.com\/fr\/wp-json\/wp\/v2\/product_brand?post=9203"},{"taxonomy":"product_cat","embeddable":true,"href":"https:\/\/jinhuaceramic.com\/fr\/wp-json\/wp\/v2\/product_cat?post=9203"},{"taxonomy":"product_tag","embeddable":true,"href":"https:\/\/jinhuaceramic.com\/fr\/wp-json\/wp\/v2\/product_tag?post=9203"}],"curies":[{"name":"wp","href":"https:\/\/api.w.org\/{rel}","templated":true}]}}