{"id":9236,"date":"2025-06-06T07:56:45","date_gmt":"2025-06-06T07:56:45","guid":{"rendered":"https:\/\/jinhuaceramic.com\/?post_type=product&#038;p=9236"},"modified":"2025-06-06T07:56:46","modified_gmt":"2025-06-06T07:56:46","slug":"unique-candle-containers-bulk","status":"publish","type":"product","link":"https:\/\/jinhuaceramic.com\/fr\/product\/unique-candle-containers-bulk\/","title":{"rendered":"R\u00e9cipients \u00e0 bougie uniques en vrac, r\u00e9cipients \u00e0 bougie vides en c\u00e9ramique, vente en gros"},"content":{"rendered":"<div class=\"wp-block-columns is-layout-flex wp-container-core-columns-is-layout-9d6595d7 wp-block-columns-is-layout-flex\">\n<div class=\"wp-block-column is-layout-flow wp-block-column-is-layout-flow\">\n<h3 class=\"wp-block-heading\">Premium Unique Candle Containers Bulk Features :<\/h3>\n\n\n\n<ul class=\"wp-block-list\">\n<li><strong>Forme unique : <\/strong>Ces photophores personnalis\u00e9s sont cylindriques et pr\u00e9sentent une courbe transparente concave et convexe sur le fond, ce qui cr\u00e9e une courbe en forme de \"gourde\", rendant les photophores uniques et plus int\u00e9ressants, et cr\u00e9ant une meilleure prise, de sorte qu'ils ne glissent pas facilement.<\/li>\n\n\n\n<li><strong>Blanc cass\u00e9 polyvalent :<\/strong> Ces photophores uniques sont disponibles en blanc cass\u00e9, une couleur apaisante et interconfessionnelle qui peut facilement s'int\u00e9grer dans n'importe quelle d\u00e9coration, qu'elle soit moderne, nordique, japonaise ou minimaliste.<\/li>\n\n\n\n<li><strong>Mat\u00e9riau durable :<\/strong> Ces r\u00e9cipients uniques pour bougies en vrac sont fabriqu\u00e9s \u00e0 partir de mat\u00e9riaux c\u00e9ramiques de la meilleure qualit\u00e9 et cuits \u00e0 haute temp\u00e9rature, ce qui les rend durs, durables et r\u00e9sistants \u00e0 la chaleur. Ils ne se fissureront pas sous l'effet de la chaleur des bougies et peuvent \u00eatre utilis\u00e9s en toute s\u00e9curit\u00e9.<\/li>\n\n\n\n<li><strong>R\u00e9utilisable : <\/strong>Ces r\u00e9cipients en c\u00e9ramique pour bougies peuvent \u00eatre r\u00e9utilis\u00e9s et, une fois la bougie \u00e9teinte, ces supports uniques en c\u00e9ramique peuvent \u00eatre lav\u00e9s et r\u00e9utilis\u00e9s comme mini-vases, porte-stylos, porte-brosses \u00e0 maquillage, porte-brosses \u00e0 dents, etc.<\/li>\n<\/ul>\n<\/div>\n\n\n\n<div class=\"wp-block-column is-layout-flow wp-block-column-is-layout-flow\">\n<figure class=\"wp-block-image size-full\"><img fetchpriority=\"high\" decoding=\"async\" width=\"800\" height=\"800\" src=\"https:\/\/jinhuaceramic.com\/wp-content\/uploads\/2025\/06\/Unique-Bulk-Empty-Candle-Jars-Ceramic-Candle-Vessels-Wholesale-7.webp\" alt=\"unique-candle-containers-bulk-ceramic-empty-candle-vessels-wholesale-7\" class=\"wp-image-9242\" srcset=\"https:\/\/jinhuaceramic.com\/wp-content\/uploads\/2025\/06\/Unique-Bulk-Empty-Candle-Jars-Ceramic-Candle-Vessels-Wholesale-7.webp 800w, https:\/\/jinhuaceramic.com\/wp-content\/uploads\/2025\/06\/Unique-Bulk-Empty-Candle-Jars-Ceramic-Candle-Vessels-Wholesale-7-300x300.webp 300w, https:\/\/jinhuaceramic.com\/wp-content\/uploads\/2025\/06\/Unique-Bulk-Empty-Candle-Jars-Ceramic-Candle-Vessels-Wholesale-7-150x150.webp 150w, https:\/\/jinhuaceramic.com\/wp-content\/uploads\/2025\/06\/Unique-Bulk-Empty-Candle-Jars-Ceramic-Candle-Vessels-Wholesale-7-768x768.webp 768w, https:\/\/jinhuaceramic.com\/wp-content\/uploads\/2025\/06\/Unique-Bulk-Empty-Candle-Jars-Ceramic-Candle-Vessels-Wholesale-7-12x12.webp 12w, https:\/\/jinhuaceramic.com\/wp-content\/uploads\/2025\/06\/Unique-Bulk-Empty-Candle-Jars-Ceramic-Candle-Vessels-Wholesale-7-285x285.webp 285w, https:\/\/jinhuaceramic.com\/wp-content\/uploads\/2025\/06\/Unique-Bulk-Empty-Candle-Jars-Ceramic-Candle-Vessels-Wholesale-7-270x270.webp 270w, https:\/\/jinhuaceramic.com\/wp-content\/uploads\/2025\/06\/Unique-Bulk-Empty-Candle-Jars-Ceramic-Candle-Vessels-Wholesale-7-540x540.webp 540w, https:\/\/jinhuaceramic.com\/wp-content\/uploads\/2025\/06\/Unique-Bulk-Empty-Candle-Jars-Ceramic-Candle-Vessels-Wholesale-7-660x660.webp 660w\" sizes=\"(max-width: 800px) 100vw, 800px\" \/><\/figure>\n<\/div>\n<\/div>","protected":false},"excerpt":{"rendered":"<p>Nous vous invitons \u00e0 acheter en gros nos r\u00e9cipients \u00e0 bougie uniques. Les avantages de ces pots \u00e0 bougie en c\u00e9ramique en gros sont leur forme ergonomique et unique, leur couleur unie et universelle, la texture du mat\u00e9riau c\u00e9ramique, leur r\u00e9utilisation et leur universalit\u00e9. En mettant l'accent sur la fonctionnalit\u00e9 et l'esth\u00e9tique, ces pots pour bougies peuvent apporter de l'art et de la chaleur \u00e0 l'environnement domestique.<\/p>","protected":false},"featured_media":9243,"comment_status":"closed","ping_status":"closed","template":"","meta":{"_acf_changed":false},"product_brand":[],"product_cat":[52],"product_tag":[66],"class_list":{"0":"post-9236","1":"product","2":"type-product","3":"status-publish","4":"has-post-thumbnail","6":"product_cat-wholesale-candle-containers","7":"product_tag-candle-jars-wholesale","9":"first","10":"instock","11":"shipping-taxable","12":"product-type-simple"},"acf":[],"_links":{"self":[{"href":"https:\/\/jinhuaceramic.com\/fr\/wp-json\/wp\/v2\/product\/9236","targetHints":{"allow":["GET"]}}],"collection":[{"href":"https:\/\/jinhuaceramic.com\/fr\/wp-json\/wp\/v2\/product"}],"about":[{"href":"https:\/\/jinhuaceramic.com\/fr\/wp-json\/wp\/v2\/types\/product"}],"replies":[{"embeddable":true,"href":"https:\/\/jinhuaceramic.com\/fr\/wp-json\/wp\/v2\/comments?post=9236"}],"version-history":[{"count":0,"href":"https:\/\/jinhuaceramic.com\/fr\/wp-json\/wp\/v2\/product\/9236\/revisions"}],"wp:featuredmedia":[{"embeddable":true,"href":"https:\/\/jinhuaceramic.com\/fr\/wp-json\/wp\/v2\/media\/9243"}],"wp:attachment":[{"href":"https:\/\/jinhuaceramic.com\/fr\/wp-json\/wp\/v2\/media?parent=9236"}],"wp:term":[{"taxonomy":"product_brand","embeddable":true,"href":"https:\/\/jinhuaceramic.com\/fr\/wp-json\/wp\/v2\/product_brand?post=9236"},{"taxonomy":"product_cat","embeddable":true,"href":"https:\/\/jinhuaceramic.com\/fr\/wp-json\/wp\/v2\/product_cat?post=9236"},{"taxonomy":"product_tag","embeddable":true,"href":"https:\/\/jinhuaceramic.com\/fr\/wp-json\/wp\/v2\/product_tag?post=9236"}],"curies":[{"name":"wp","href":"https:\/\/api.w.org\/{rel}","templated":true}]}}