{"id":9249,"date":"2025-06-06T08:24:24","date_gmt":"2025-06-06T08:24:24","guid":{"rendered":"https:\/\/jinhuaceramic.com\/?post_type=product&#038;p=9249"},"modified":"2025-06-06T08:24:26","modified_gmt":"2025-06-06T08:24:26","slug":"modern-candle-jars-wholesale","status":"publish","type":"product","link":"https:\/\/jinhuaceramic.com\/fr\/product\/modern-candle-jars-wholesale\/","title":{"rendered":"Pots \u00e0 bougies modernes brillants en gros, Vases \u00e0 bougies en gros dans diff\u00e9rentes couleurs"},"content":{"rendered":"<div class=\"wp-block-columns is-layout-flex wp-container-core-columns-is-layout-9d6595d7 wp-block-columns-is-layout-flex\">\n<div class=\"wp-block-column is-layout-flow wp-block-column-is-layout-flow\">\n<h3 class=\"wp-block-heading\">Pots \u00e0 bougie modernes de premi\u00e8re qualit\u00e9 Caract\u00e9ristiques de la vente en gros :<\/h3>\n\n\n\n<ul class=\"wp-block-list\">\n<li><strong>Forme sp\u00e9ciale : <\/strong>Ces photophores personnalis\u00e9s ont la forme particuli\u00e8re de trois donuts empil\u00e9s les uns sur les autres. Ces photophores se distinguent des mod\u00e8les habituels \u00e0 tube droit ; ils sont artistiques et d\u00e9coratifs, ajoutant de la beaut\u00e9 \u00e0 n'importe quel espace.<\/li>\n\n\n\n<li><strong>Une gamme de couleurs brillantes : <\/strong>Ces photophores modernes sont disponibles en plusieurs couleurs, dont le noir, le rose, l'or, l'argent, etc. Les clients peuvent choisir leur couleur pr\u00e9f\u00e9r\u00e9e en fonction de leur style personnel ou de la d\u00e9coration de leur maison. Les pots ont une finition brillante, ce qui leur donne un aspect luxueux et \u00e9l\u00e9gant.<\/li>\n\n\n\n<li><strong>Mat\u00e9riau c\u00e9ramique de haute qualit\u00e9 : <\/strong>Ces bougeoirs en c\u00e9ramique de haute qualit\u00e9 sont l\u00e9g\u00e8rement durs, r\u00e9sistants aux rayures et aux cassures et ont une longue dur\u00e9e de vie. Le mat\u00e9riau c\u00e9ramique est \u00e9galement r\u00e9sistant \u00e0 la chaleur et peut \u00eatre utilis\u00e9 pour br\u00fbler des bougies de mani\u00e8re s\u00fbre et parfaite.<\/li>\n\n\n\n<li><strong>Polyvalence : <\/strong>Ces photophores modernes peuvent \u00eatre utilis\u00e9s comme porte-bougies, porte-stylos, porte-brosses \u00e0 dents ou comme pots pour tout autre petit objet une fois les bougies consum\u00e9es, et c'est une id\u00e9e tr\u00e8s \u00e9cologique.<\/li>\n<\/ul>\n<\/div>\n\n\n\n<div class=\"wp-block-column is-layout-flow wp-block-column-is-layout-flow\">\n<figure class=\"wp-block-image size-full\"><img fetchpriority=\"high\" decoding=\"async\" width=\"800\" height=\"800\" src=\"https:\/\/jinhuaceramic.com\/wp-content\/uploads\/2025\/06\/Wholesale-Shiny-Candle-Vessels-Custom-Candle-Jars-in-Various-Colors-5.webp\" alt=\"pots \u00e0 bougies modernes brillants - vente en gros de vases \u00e0 bougies - couleurs vari\u00e9es - 5\" class=\"wp-image-9253\" srcset=\"https:\/\/jinhuaceramic.com\/wp-content\/uploads\/2025\/06\/Wholesale-Shiny-Candle-Vessels-Custom-Candle-Jars-in-Various-Colors-5.webp 800w, https:\/\/jinhuaceramic.com\/wp-content\/uploads\/2025\/06\/Wholesale-Shiny-Candle-Vessels-Custom-Candle-Jars-in-Various-Colors-5-300x300.webp 300w, https:\/\/jinhuaceramic.com\/wp-content\/uploads\/2025\/06\/Wholesale-Shiny-Candle-Vessels-Custom-Candle-Jars-in-Various-Colors-5-150x150.webp 150w, https:\/\/jinhuaceramic.com\/wp-content\/uploads\/2025\/06\/Wholesale-Shiny-Candle-Vessels-Custom-Candle-Jars-in-Various-Colors-5-768x768.webp 768w, https:\/\/jinhuaceramic.com\/wp-content\/uploads\/2025\/06\/Wholesale-Shiny-Candle-Vessels-Custom-Candle-Jars-in-Various-Colors-5-12x12.webp 12w, https:\/\/jinhuaceramic.com\/wp-content\/uploads\/2025\/06\/Wholesale-Shiny-Candle-Vessels-Custom-Candle-Jars-in-Various-Colors-5-285x285.webp 285w, https:\/\/jinhuaceramic.com\/wp-content\/uploads\/2025\/06\/Wholesale-Shiny-Candle-Vessels-Custom-Candle-Jars-in-Various-Colors-5-270x270.webp 270w, https:\/\/jinhuaceramic.com\/wp-content\/uploads\/2025\/06\/Wholesale-Shiny-Candle-Vessels-Custom-Candle-Jars-in-Various-Colors-5-540x540.webp 540w, https:\/\/jinhuaceramic.com\/wp-content\/uploads\/2025\/06\/Wholesale-Shiny-Candle-Vessels-Custom-Candle-Jars-in-Various-Colors-5-660x660.webp 660w\" sizes=\"(max-width: 800px) 100vw, 800px\" \/><\/figure>\n<\/div>\n<\/div>","protected":false},"excerpt":{"rendered":"<p>Nous vous invitons \u00e0 acheter en gros nos photophores modernes. Ces photophores en gros sont fabriqu\u00e9s en c\u00e9ramique durable et sont tr\u00e8s fonctionnels. En m\u00eame temps, ils ont des formes uniques, des surfaces brillantes et une vari\u00e9t\u00e9 de couleurs \u00e0 choisir. Ces photophores ne sont pas seulement pratiques, ils peuvent \u00e9galement \u00eatre utilis\u00e9s comme d\u00e9coration d'int\u00e9rieur, ajoutant une atmosph\u00e8re chaleureuse et artistique \u00e0 l'espace.<\/p>","protected":false},"featured_media":9255,"comment_status":"closed","ping_status":"closed","template":"","meta":{"_acf_changed":false},"product_brand":[],"product_cat":[52],"product_tag":[66],"class_list":{"0":"post-9249","1":"product","2":"type-product","3":"status-publish","4":"has-post-thumbnail","6":"product_cat-wholesale-candle-containers","7":"product_tag-candle-jars-wholesale","9":"first","10":"instock","11":"shipping-taxable","12":"product-type-simple"},"acf":[],"_links":{"self":[{"href":"https:\/\/jinhuaceramic.com\/fr\/wp-json\/wp\/v2\/product\/9249","targetHints":{"allow":["GET"]}}],"collection":[{"href":"https:\/\/jinhuaceramic.com\/fr\/wp-json\/wp\/v2\/product"}],"about":[{"href":"https:\/\/jinhuaceramic.com\/fr\/wp-json\/wp\/v2\/types\/product"}],"replies":[{"embeddable":true,"href":"https:\/\/jinhuaceramic.com\/fr\/wp-json\/wp\/v2\/comments?post=9249"}],"version-history":[{"count":0,"href":"https:\/\/jinhuaceramic.com\/fr\/wp-json\/wp\/v2\/product\/9249\/revisions"}],"wp:featuredmedia":[{"embeddable":true,"href":"https:\/\/jinhuaceramic.com\/fr\/wp-json\/wp\/v2\/media\/9255"}],"wp:attachment":[{"href":"https:\/\/jinhuaceramic.com\/fr\/wp-json\/wp\/v2\/media?parent=9249"}],"wp:term":[{"taxonomy":"product_brand","embeddable":true,"href":"https:\/\/jinhuaceramic.com\/fr\/wp-json\/wp\/v2\/product_brand?post=9249"},{"taxonomy":"product_cat","embeddable":true,"href":"https:\/\/jinhuaceramic.com\/fr\/wp-json\/wp\/v2\/product_cat?post=9249"},{"taxonomy":"product_tag","embeddable":true,"href":"https:\/\/jinhuaceramic.com\/fr\/wp-json\/wp\/v2\/product_tag?post=9249"}],"curies":[{"name":"wp","href":"https:\/\/api.w.org\/{rel}","templated":true}]}}