{"id":9273,"date":"2025-06-10T03:31:54","date_gmt":"2025-06-10T03:31:54","guid":{"rendered":"https:\/\/jinhuaceramic.com\/?post_type=product&#038;p=9273"},"modified":"2025-06-10T03:31:55","modified_gmt":"2025-06-10T03:31:55","slug":"custom-baking-dishes","status":"publish","type":"product","link":"https:\/\/jinhuaceramic.com\/fr\/product\/custom-baking-dishes\/","title":{"rendered":"Plats \u00e0 p\u00e2tisserie personnalis\u00e9s Carr\u00e9 rouge, Plats \u00e0 p\u00e2tisserie en c\u00e9ramique Wholesale"},"content":{"rendered":"<div class=\"wp-block-columns is-layout-flex wp-container-core-columns-is-layout-9d6595d7 wp-block-columns-is-layout-flex\">\n<div class=\"wp-block-column is-layout-flow wp-block-column-is-layout-flow\">\n<h3 class=\"wp-block-heading\">Premium Custom Baking Dishes\u00a0Features:<\/h3>\n\n\n\n<ul class=\"wp-block-list\">\n<li><strong>Country Style: <\/strong>These custom baking dishes are red outside with pretty and colorful floral patterns, but white with a stunning floral and green leaf pattern in the center on the inside. They are full of country and vintage warmth, which can bring energy to the dining table and kitchen.<\/li>\n\n\n\n<li><strong>Mat\u00e9riau de haute qualit\u00e9 :<\/strong> These high-quality ceramic baking pans wholesale are oven-baking friendly, being heat-resistant, evenly distribute the heat, and encourage food cooking to the proper consistency. Ceramic also turns out to be a good heat retainer; hence, the baked food stays warm for longer.<\/li>\n\n\n\n<li><strong>Une grande praticit\u00e9 : <\/strong>These square baking pans wholesale are ideal for making bountiful foods like casseroles, lasagna, roasted vegetables, and more. The large handles on both sides make it easy to remove from the oven or table, and the firm grip even with oven gloves.<\/li>\n\n\n\n<li><strong>Cadeau id\u00e9al :<\/strong> Attractive and useful, these custom baking dishes are perfect to use as housewarming gifts, wedding gifts, or as gifts for bakers.<\/li>\n<\/ul>\n<\/div>\n\n\n\n<div class=\"wp-block-column is-layout-flow wp-block-column-is-layout-flow\">\n<figure class=\"wp-block-image size-full\"><img fetchpriority=\"high\" decoding=\"async\" width=\"640\" height=\"640\" src=\"https:\/\/jinhuaceramic.com\/wp-content\/uploads\/2025\/06\/Wholesale-Red-Square-Baking-Pan-Ceramic-Baking-Dish-Custom-Bakeware.webp\" alt=\"custom-baking-dishes-red-square-ceramic-baking-pans-wholesale-6\" class=\"wp-image-9278\" srcset=\"https:\/\/jinhuaceramic.com\/wp-content\/uploads\/2025\/06\/Wholesale-Red-Square-Baking-Pan-Ceramic-Baking-Dish-Custom-Bakeware.webp 640w, https:\/\/jinhuaceramic.com\/wp-content\/uploads\/2025\/06\/Wholesale-Red-Square-Baking-Pan-Ceramic-Baking-Dish-Custom-Bakeware-300x300.webp 300w, https:\/\/jinhuaceramic.com\/wp-content\/uploads\/2025\/06\/Wholesale-Red-Square-Baking-Pan-Ceramic-Baking-Dish-Custom-Bakeware-150x150.webp 150w, https:\/\/jinhuaceramic.com\/wp-content\/uploads\/2025\/06\/Wholesale-Red-Square-Baking-Pan-Ceramic-Baking-Dish-Custom-Bakeware-12x12.webp 12w, https:\/\/jinhuaceramic.com\/wp-content\/uploads\/2025\/06\/Wholesale-Red-Square-Baking-Pan-Ceramic-Baking-Dish-Custom-Bakeware-285x285.webp 285w, https:\/\/jinhuaceramic.com\/wp-content\/uploads\/2025\/06\/Wholesale-Red-Square-Baking-Pan-Ceramic-Baking-Dish-Custom-Bakeware-270x270.webp 270w, https:\/\/jinhuaceramic.com\/wp-content\/uploads\/2025\/06\/Wholesale-Red-Square-Baking-Pan-Ceramic-Baking-Dish-Custom-Bakeware-540x540.webp 540w\" sizes=\"(max-width: 640px) 100vw, 640px\" \/><\/figure>\n<\/div>\n<\/div>","protected":false},"excerpt":{"rendered":"<p>Welcome to purchase our custom baking dishes. These red square baking pans wholesale are made of hard ceramic material and have good heat resistance, thus they can be used for baking different dishes. At the same time, the unique appearance of the baking dishes makes them not only practical cooking utensils, but also table decorations, which will make people more enjoyable to have food.<\/p>","protected":false},"featured_media":9275,"comment_status":"closed","ping_status":"closed","template":"","meta":{"_acf_changed":false},"product_brand":[],"product_cat":[53],"product_tag":[71],"class_list":{"0":"post-9273","1":"product","2":"type-product","3":"status-publish","4":"has-post-thumbnail","6":"product_cat-bakeware-in-bulk","7":"product_tag-wholesale-baking-pans","9":"first","10":"instock","11":"shipping-taxable","12":"product-type-simple"},"acf":[],"_links":{"self":[{"href":"https:\/\/jinhuaceramic.com\/fr\/wp-json\/wp\/v2\/product\/9273","targetHints":{"allow":["GET"]}}],"collection":[{"href":"https:\/\/jinhuaceramic.com\/fr\/wp-json\/wp\/v2\/product"}],"about":[{"href":"https:\/\/jinhuaceramic.com\/fr\/wp-json\/wp\/v2\/types\/product"}],"replies":[{"embeddable":true,"href":"https:\/\/jinhuaceramic.com\/fr\/wp-json\/wp\/v2\/comments?post=9273"}],"version-history":[{"count":0,"href":"https:\/\/jinhuaceramic.com\/fr\/wp-json\/wp\/v2\/product\/9273\/revisions"}],"wp:featuredmedia":[{"embeddable":true,"href":"https:\/\/jinhuaceramic.com\/fr\/wp-json\/wp\/v2\/media\/9275"}],"wp:attachment":[{"href":"https:\/\/jinhuaceramic.com\/fr\/wp-json\/wp\/v2\/media?parent=9273"}],"wp:term":[{"taxonomy":"product_brand","embeddable":true,"href":"https:\/\/jinhuaceramic.com\/fr\/wp-json\/wp\/v2\/product_brand?post=9273"},{"taxonomy":"product_cat","embeddable":true,"href":"https:\/\/jinhuaceramic.com\/fr\/wp-json\/wp\/v2\/product_cat?post=9273"},{"taxonomy":"product_tag","embeddable":true,"href":"https:\/\/jinhuaceramic.com\/fr\/wp-json\/wp\/v2\/product_tag?post=9273"}],"curies":[{"name":"wp","href":"https:\/\/api.w.org\/{rel}","templated":true}]}}