{"id":9282,"date":"2025-06-10T03:58:47","date_gmt":"2025-06-10T03:58:47","guid":{"rendered":"https:\/\/jinhuaceramic.com\/?post_type=product&#038;p=9282"},"modified":"2025-06-10T03:58:48","modified_gmt":"2025-06-10T03:58:48","slug":"bulk-candle-vessels","status":"publish","type":"product","link":"https:\/\/jinhuaceramic.com\/fr\/product\/bulk-candle-vessels\/","title":{"rendered":"Vases \u00e0 bougies en vrac, jarres \u00e0 bougies comm\u00e9moratives en forme d'ange gaufr\u00e9 Wholesale"},"content":{"rendered":"<div class=\"wp-block-columns is-layout-flex wp-container-core-columns-is-layout-9d6595d7 wp-block-columns-is-layout-flex\">\n<div class=\"wp-block-column is-layout-flow wp-block-column-is-layout-flow\">\n<h3 class=\"wp-block-heading\">Vases \u00e0 bougies en vrac de premi\u00e8re qualit\u00e9 Caract\u00e9ristiques :<\/h3>\n\n\n\n<ul class=\"wp-block-list\">\n<li><strong>Soutien \u00e9motionnel : <\/strong>Ces photophores personnalis\u00e9s portent des mots imprim\u00e9s : \"Un ange veille sur moi depuis le paradis\" ou \"Parce que quelqu'un que nous aimons est au paradis... Il y a un peu de paradis dans notre maison\", qui expriment directement la nostalgie des proches d\u00e9c\u00e9d\u00e9s et peuvent apporter un r\u00e9confort psychologique et de la force aux utilisateurs.<\/li>\n\n\n\n<li><strong>Conception individuelle :<\/strong> La teinte blanc cass\u00e9, la texture douce et la forme arrondie en goutte d'eau des photophores en vrac conviennent parfaitement \u00e0 la conception du th\u00e8me comm\u00e9moratif. La surface du pot est dot\u00e9e d'une texture de papillon et de fleur en l\u00e9ger relief, qui donne une touche d'\u00e9l\u00e9gance au photophore.<\/li>\n\n\n\n<li><strong>Mat\u00e9riau durable :<\/strong> Les r\u00e9cipients pour bougies en vrac sont fabriqu\u00e9s en c\u00e9ramique de haute qualit\u00e9 et cuits \u00e0 haute temp\u00e9rature. Ils sont donc r\u00e9sistants aux temp\u00e9ratures \u00e9lev\u00e9es et peuvent conserver les bougies allum\u00e9es en toute s\u00e9curit\u00e9. La c\u00e9ramique est plus dense et plus solide que le m\u00e9tal et le verre.<\/li>\n\n\n\n<li><strong>Un cadeau qui a du sens : <\/strong>Ces photophores en c\u00e9ramique sont des cadeaux extr\u00eamement significatifs et humains qui peuvent \u00eatre offerts \u00e0 une personne qui a perdu quelque chose afin de lui apporter soutien et attention.<\/li>\n<\/ul>\n<\/div>\n\n\n\n<div class=\"wp-block-column is-layout-flow wp-block-column-is-layout-flow\">\n<figure class=\"wp-block-image size-full\"><img fetchpriority=\"high\" decoding=\"async\" width=\"1024\" height=\"1024\" src=\"https:\/\/jinhuaceramic.com\/wp-content\/uploads\/2025\/06\/Embossed-Angel-Memorial-Candle-Jar-Ceramic-Candle-Vessels-Wholesale-4.webp\" alt=\"bulk-candle-vessels-embossed-angel-memorial-candle-jars-wholesale-4\" class=\"wp-image-9285\" srcset=\"https:\/\/jinhuaceramic.com\/wp-content\/uploads\/2025\/06\/Embossed-Angel-Memorial-Candle-Jar-Ceramic-Candle-Vessels-Wholesale-4.webp 1024w, https:\/\/jinhuaceramic.com\/wp-content\/uploads\/2025\/06\/Embossed-Angel-Memorial-Candle-Jar-Ceramic-Candle-Vessels-Wholesale-4-300x300.webp 300w, https:\/\/jinhuaceramic.com\/wp-content\/uploads\/2025\/06\/Embossed-Angel-Memorial-Candle-Jar-Ceramic-Candle-Vessels-Wholesale-4-150x150.webp 150w, https:\/\/jinhuaceramic.com\/wp-content\/uploads\/2025\/06\/Embossed-Angel-Memorial-Candle-Jar-Ceramic-Candle-Vessels-Wholesale-4-768x768.webp 768w, https:\/\/jinhuaceramic.com\/wp-content\/uploads\/2025\/06\/Embossed-Angel-Memorial-Candle-Jar-Ceramic-Candle-Vessels-Wholesale-4-12x12.webp 12w, https:\/\/jinhuaceramic.com\/wp-content\/uploads\/2025\/06\/Embossed-Angel-Memorial-Candle-Jar-Ceramic-Candle-Vessels-Wholesale-4-285x285.webp 285w, https:\/\/jinhuaceramic.com\/wp-content\/uploads\/2025\/06\/Embossed-Angel-Memorial-Candle-Jar-Ceramic-Candle-Vessels-Wholesale-4-270x270.webp 270w, https:\/\/jinhuaceramic.com\/wp-content\/uploads\/2025\/06\/Embossed-Angel-Memorial-Candle-Jar-Ceramic-Candle-Vessels-Wholesale-4-540x540.webp 540w, https:\/\/jinhuaceramic.com\/wp-content\/uploads\/2025\/06\/Embossed-Angel-Memorial-Candle-Jar-Ceramic-Candle-Vessels-Wholesale-4-660x660.webp 660w\" sizes=\"(max-width: 1024px) 100vw, 1024px\" \/><\/figure>\n<\/div>\n<\/div>\n\n\n\n<p><\/p>","protected":false},"excerpt":{"rendered":"<p>Nous vous invitons \u00e0 acheter des photophores en vrac. Ces photophores personnalis\u00e9s sont fabriqu\u00e9s en c\u00e9ramique de qualit\u00e9 sup\u00e9rieure et durable et sont extr\u00eamement pratiques. En m\u00eame temps, la jolie forme et les mots sentimentaux de ces photophores en font non seulement des r\u00e9cipients pour bougies, mais aussi des vaisseaux pour transmettre des \u00e9motions, apporter la paix et exprimer l'amour.<\/p>","protected":false},"featured_media":9288,"comment_status":"closed","ping_status":"closed","template":"","meta":{"_acf_changed":false},"product_brand":[],"product_cat":[52],"product_tag":[66],"class_list":{"0":"post-9282","1":"product","2":"type-product","3":"status-publish","4":"has-post-thumbnail","6":"product_cat-wholesale-candle-containers","7":"product_tag-candle-jars-wholesale","9":"first","10":"instock","11":"shipping-taxable","12":"product-type-simple"},"acf":[],"_links":{"self":[{"href":"https:\/\/jinhuaceramic.com\/fr\/wp-json\/wp\/v2\/product\/9282","targetHints":{"allow":["GET"]}}],"collection":[{"href":"https:\/\/jinhuaceramic.com\/fr\/wp-json\/wp\/v2\/product"}],"about":[{"href":"https:\/\/jinhuaceramic.com\/fr\/wp-json\/wp\/v2\/types\/product"}],"replies":[{"embeddable":true,"href":"https:\/\/jinhuaceramic.com\/fr\/wp-json\/wp\/v2\/comments?post=9282"}],"version-history":[{"count":0,"href":"https:\/\/jinhuaceramic.com\/fr\/wp-json\/wp\/v2\/product\/9282\/revisions"}],"wp:featuredmedia":[{"embeddable":true,"href":"https:\/\/jinhuaceramic.com\/fr\/wp-json\/wp\/v2\/media\/9288"}],"wp:attachment":[{"href":"https:\/\/jinhuaceramic.com\/fr\/wp-json\/wp\/v2\/media?parent=9282"}],"wp:term":[{"taxonomy":"product_brand","embeddable":true,"href":"https:\/\/jinhuaceramic.com\/fr\/wp-json\/wp\/v2\/product_brand?post=9282"},{"taxonomy":"product_cat","embeddable":true,"href":"https:\/\/jinhuaceramic.com\/fr\/wp-json\/wp\/v2\/product_cat?post=9282"},{"taxonomy":"product_tag","embeddable":true,"href":"https:\/\/jinhuaceramic.com\/fr\/wp-json\/wp\/v2\/product_tag?post=9282"}],"curies":[{"name":"wp","href":"https:\/\/api.w.org\/{rel}","templated":true}]}}