{"id":9295,"date":"2025-06-11T10:09:30","date_gmt":"2025-06-11T10:09:30","guid":{"rendered":"https:\/\/jinhuaceramic.com\/?post_type=product&#038;p=9295"},"modified":"2025-06-11T10:09:31","modified_gmt":"2025-06-11T10:09:31","slug":"bulk-pie-pans-with-lids","status":"publish","type":"product","link":"https:\/\/jinhuaceramic.com\/fr\/product\/bulk-pie-pans-with-lids\/","title":{"rendered":"Moules \u00e0 tarte \u00e0 la citrouille en vrac avec couvercles, service de boulangerie personnalis\u00e9"},"content":{"rendered":"<div class=\"wp-block-columns is-layout-flex wp-container-core-columns-is-layout-9d6595d7 wp-block-columns-is-layout-flex\">\n<div class=\"wp-block-column is-layout-flow wp-block-column-is-layout-flow\">\n<h3 class=\"wp-block-heading\">Moules \u00e0 tarte en vrac pour citrouille Premium avec couvercles Caract\u00e9ristiques :<\/h3>\n\n\n\n<ul class=\"wp-block-list\">\n<li><strong>Forme unique de citrouille :<\/strong> En forme r\u00e9aliste de citrouille, les moules \u00e0 tarte en vrac avec couvercle sont disponibles en deux nuances de couleur, blanc pratique et \u00e9l\u00e9gant et orange riche, et les poign\u00e9es de vigne de citrouille dor\u00e9e sur le dessus sont brillantes, ajoutant sophistication et richesse aux r\u00e9cipients de p\u00e2tisserie.<\/li>\n\n\n\n<li><strong>Gr\u00e8s de longue dur\u00e9e :<\/strong> Ces moules \u00e0 tarte \u00e0 la citrouille en vrac avec couvercle sont fabriqu\u00e9s en gr\u00e8s durable qui r\u00e9siste \u00e0 l'usure et durera longtemps. La surface lisse du gr\u00e8s est tr\u00e8s facile \u00e0 nettoyer.<\/li>\n\n\n\n<li><strong>Une grande praticit\u00e9 :<\/strong> Les couvercles de ces moules \u00e0 p\u00e2tisserie personnalis\u00e9s ne sont pas seulement beaux, ils sont aussi tr\u00e8s pratiques. Les couvercles gardent les aliments humides et \u00e9vitent qu'ils ne br\u00fblent pendant la cuisson, et gardent les aliments chauds et frais jusqu'\u00e0 ce qu'ils soient servis. Les deux poign\u00e9es situ\u00e9es de chaque c\u00f4t\u00e9 du moule facilitent la sortie du four et le transport jusqu'\u00e0 la table.<\/li>\n\n\n\n<li><strong>Cr\u00e9er une atmosph\u00e8re de f\u00eate : <\/strong>La forme de citrouille de ces plats de cuisson personnalis\u00e9s est la plus appropri\u00e9e pour compl\u00e9ter l'atmosph\u00e8re de l'automne, d'Halloween et de Thanksgiving. Le fait de placer des aliments dans ce plat \u00e0 four pendant les f\u00eates peut en effet cr\u00e9er une atmosph\u00e8re festive et am\u00e9liorer le plaisir de manger.<\/li>\n<\/ul>\n<\/div>\n\n\n\n<div class=\"wp-block-column is-layout-flow wp-block-column-is-layout-flow\">\n<figure class=\"wp-block-image size-full\"><img fetchpriority=\"high\" decoding=\"async\" width=\"717\" height=\"717\" src=\"https:\/\/jinhuaceramic.com\/wp-content\/uploads\/2025\/06\/Pumpkin-Pie-Baking-Dish-with-Lid-Custom-Stoneware-Serving-Bakeware-6.webp\" alt=\"pumpkin-bulk-pie-pans-with-lids-custom-bakeware-serving-6\" class=\"wp-image-9300\" srcset=\"https:\/\/jinhuaceramic.com\/wp-content\/uploads\/2025\/06\/Pumpkin-Pie-Baking-Dish-with-Lid-Custom-Stoneware-Serving-Bakeware-6.webp 717w, https:\/\/jinhuaceramic.com\/wp-content\/uploads\/2025\/06\/Pumpkin-Pie-Baking-Dish-with-Lid-Custom-Stoneware-Serving-Bakeware-6-300x300.webp 300w, https:\/\/jinhuaceramic.com\/wp-content\/uploads\/2025\/06\/Pumpkin-Pie-Baking-Dish-with-Lid-Custom-Stoneware-Serving-Bakeware-6-150x150.webp 150w, https:\/\/jinhuaceramic.com\/wp-content\/uploads\/2025\/06\/Pumpkin-Pie-Baking-Dish-with-Lid-Custom-Stoneware-Serving-Bakeware-6-12x12.webp 12w, https:\/\/jinhuaceramic.com\/wp-content\/uploads\/2025\/06\/Pumpkin-Pie-Baking-Dish-with-Lid-Custom-Stoneware-Serving-Bakeware-6-285x285.webp 285w, https:\/\/jinhuaceramic.com\/wp-content\/uploads\/2025\/06\/Pumpkin-Pie-Baking-Dish-with-Lid-Custom-Stoneware-Serving-Bakeware-6-270x270.webp 270w, https:\/\/jinhuaceramic.com\/wp-content\/uploads\/2025\/06\/Pumpkin-Pie-Baking-Dish-with-Lid-Custom-Stoneware-Serving-Bakeware-6-540x540.webp 540w, https:\/\/jinhuaceramic.com\/wp-content\/uploads\/2025\/06\/Pumpkin-Pie-Baking-Dish-with-Lid-Custom-Stoneware-Serving-Bakeware-6-660x660.webp 660w\" sizes=\"(max-width: 717px) 100vw, 717px\" \/><\/figure>\n<\/div>\n<\/div>","protected":false},"excerpt":{"rendered":"<p>Nous vous invitons \u00e0 acheter nos moules \u00e0 tarte en vrac avec couvercles. Nos couvercles et poign\u00e9es pour plats de cuisson sont en gr\u00e8s, et le motif fin des couvercles et des poign\u00e9es est tr\u00e8s pratique ; ce sont des ustensiles de cuisson essentiels dans la maison. En outre, la forme de la citrouille est pleine d'atmosph\u00e8re de vacances, de sorte que ces moules \u00e0 tarte ne sont pas seulement pratiques, mais aussi des d\u00e9corations sur la table, donnant aux gens un sens du rituel de la salle \u00e0 manger.<\/p>","protected":false},"featured_media":9298,"comment_status":"closed","ping_status":"closed","template":"","meta":{"_acf_changed":false},"product_brand":[],"product_cat":[53],"product_tag":[70],"class_list":{"0":"post-9295","1":"product","2":"type-product","3":"status-publish","4":"has-post-thumbnail","6":"product_cat-bakeware-in-bulk","7":"product_tag-custom-pie-pans","9":"first","10":"instock","11":"shipping-taxable","12":"product-type-simple"},"acf":[],"_links":{"self":[{"href":"https:\/\/jinhuaceramic.com\/fr\/wp-json\/wp\/v2\/product\/9295","targetHints":{"allow":["GET"]}}],"collection":[{"href":"https:\/\/jinhuaceramic.com\/fr\/wp-json\/wp\/v2\/product"}],"about":[{"href":"https:\/\/jinhuaceramic.com\/fr\/wp-json\/wp\/v2\/types\/product"}],"replies":[{"embeddable":true,"href":"https:\/\/jinhuaceramic.com\/fr\/wp-json\/wp\/v2\/comments?post=9295"}],"version-history":[{"count":0,"href":"https:\/\/jinhuaceramic.com\/fr\/wp-json\/wp\/v2\/product\/9295\/revisions"}],"wp:featuredmedia":[{"embeddable":true,"href":"https:\/\/jinhuaceramic.com\/fr\/wp-json\/wp\/v2\/media\/9298"}],"wp:attachment":[{"href":"https:\/\/jinhuaceramic.com\/fr\/wp-json\/wp\/v2\/media?parent=9295"}],"wp:term":[{"taxonomy":"product_brand","embeddable":true,"href":"https:\/\/jinhuaceramic.com\/fr\/wp-json\/wp\/v2\/product_brand?post=9295"},{"taxonomy":"product_cat","embeddable":true,"href":"https:\/\/jinhuaceramic.com\/fr\/wp-json\/wp\/v2\/product_cat?post=9295"},{"taxonomy":"product_tag","embeddable":true,"href":"https:\/\/jinhuaceramic.com\/fr\/wp-json\/wp\/v2\/product_tag?post=9295"}],"curies":[{"name":"wp","href":"https:\/\/api.w.org\/{rel}","templated":true}]}}