{"id":9310,"date":"2025-06-11T10:37:52","date_gmt":"2025-06-11T10:37:52","guid":{"rendered":"https:\/\/jinhuaceramic.com\/?post_type=product&#038;p=9310"},"modified":"2025-06-11T10:37:53","modified_gmt":"2025-06-11T10:37:53","slug":"custom-stoneware","status":"publish","type":"product","link":"https:\/\/jinhuaceramic.com\/fr\/product\/custom-stoneware\/","title":{"rendered":"Set d'assiettes et de bols en gr\u00e8s \u00e0 gla\u00e7ure r\u00e9active, Wholesale Tableware"},"content":{"rendered":"<div class=\"wp-block-columns is-layout-flex wp-container-core-columns-is-layout-9d6595d7 wp-block-columns-is-layout-flex\">\n<div class=\"wp-block-column is-layout-flow wp-block-column-is-layout-flow\">\n<h3 class=\"wp-block-heading\">Ensemble d'assiettes et de bols en gr\u00e8s personnalis\u00e9 de qualit\u00e9 sup\u00e9rieure Caract\u00e9ristiques :<\/h3>\n\n\n\n<ul class=\"wp-block-list\">\n<li><strong>Glacis r\u00e9actif : <\/strong>Les sets de vaisselle en gros utilisent une gla\u00e7ure r\u00e9active, qui cr\u00e9e des variations de couleur et de texture naturelles et uniques au cours du processus de cuisson. Chaque set de vaisselle est quelque peu diff\u00e9rent, d\u00e9gageant une atmosph\u00e8re artistique exclusive et \u00e9liminant la monotonie de la production industrielle de masse. Les assiettes et les bols aux couleurs brunes chaudes sont mouchet\u00e9s de divers motifs, offrant des atmosph\u00e8res r\u00e9tro et rustiques.<\/li>\n\n\n\n<li><strong>Gr\u00e8s de haute qualit\u00e9 :<\/strong> Ces assiettes et bols en gros sont fabriqu\u00e9s en gr\u00e8s de haute qualit\u00e9, plus dense et plus solide que la c\u00e9ramique normale, et ne se fissurent ni ne se rayent donc pas facilement ; ils peuvent \u00eatre utilis\u00e9s tous les jours sans aucun danger. Le gr\u00e8s de qualit\u00e9 alimentaire ne contient pas de produits chimiques nocifs tels que le cadmium et le plomb et peut \u00eatre utilis\u00e9 en toute s\u00e9curit\u00e9.<\/li>\n\n\n\n<li><strong>Ensemble complet : <\/strong>L'ensemble complet d'assiettes et de bols en gr\u00e8s personnalis\u00e9s comprend de grandes assiettes et de petites assiettes et bols, qui peuvent \u00eatre choisis en fonction de la quantit\u00e9 d'assiettes et de bols \u00e0 utiliser pour servir des plats simples, des accompagnements, des soupes, des desserts, etc.<\/li>\n\n\n\n<li><strong>Facile \u00e0 nettoyer : <\/strong>L'ensemble de gr\u00e8s personnalis\u00e9 a une texture lisse et ne peut pas \u00eatre facilement tach\u00e9 par des r\u00e9sidus alimentaires, et il est facile \u00e0 nettoyer. Ils peuvent \u00eatre lav\u00e9s au lave-vaisselle, ce qui permet de gagner du temps et de r\u00e9duire les efforts.<\/li>\n<\/ul>\n<\/div>\n\n\n\n<div class=\"wp-block-column is-layout-flow wp-block-column-is-layout-flow\">\n<figure class=\"wp-block-image size-full\"><img fetchpriority=\"high\" decoding=\"async\" width=\"2000\" height=\"2000\" src=\"https:\/\/jinhuaceramic.com\/wp-content\/uploads\/2025\/06\/Stoneware-Plates-and-Bowls-Set-with-Reactive-Glaze-Wholesale-Tableware-Set.webp\" alt=\"assiettes et coupes en gr\u00e8s personnalis\u00e9es avec gla\u00e7ure r\u00e9active - vaisselle de table en gros\" class=\"wp-image-9317\" srcset=\"https:\/\/jinhuaceramic.com\/wp-content\/uploads\/2025\/06\/Stoneware-Plates-and-Bowls-Set-with-Reactive-Glaze-Wholesale-Tableware-Set.webp 2000w, https:\/\/jinhuaceramic.com\/wp-content\/uploads\/2025\/06\/Stoneware-Plates-and-Bowls-Set-with-Reactive-Glaze-Wholesale-Tableware-Set-300x300.webp 300w, https:\/\/jinhuaceramic.com\/wp-content\/uploads\/2025\/06\/Stoneware-Plates-and-Bowls-Set-with-Reactive-Glaze-Wholesale-Tableware-Set-150x150.webp 150w, https:\/\/jinhuaceramic.com\/wp-content\/uploads\/2025\/06\/Stoneware-Plates-and-Bowls-Set-with-Reactive-Glaze-Wholesale-Tableware-Set-768x768.webp 768w, https:\/\/jinhuaceramic.com\/wp-content\/uploads\/2025\/06\/Stoneware-Plates-and-Bowls-Set-with-Reactive-Glaze-Wholesale-Tableware-Set-12x12.webp 12w, https:\/\/jinhuaceramic.com\/wp-content\/uploads\/2025\/06\/Stoneware-Plates-and-Bowls-Set-with-Reactive-Glaze-Wholesale-Tableware-Set-285x285.webp 285w, https:\/\/jinhuaceramic.com\/wp-content\/uploads\/2025\/06\/Stoneware-Plates-and-Bowls-Set-with-Reactive-Glaze-Wholesale-Tableware-Set-1600x1600.webp 1600w, https:\/\/jinhuaceramic.com\/wp-content\/uploads\/2025\/06\/Stoneware-Plates-and-Bowls-Set-with-Reactive-Glaze-Wholesale-Tableware-Set-270x270.webp 270w, https:\/\/jinhuaceramic.com\/wp-content\/uploads\/2025\/06\/Stoneware-Plates-and-Bowls-Set-with-Reactive-Glaze-Wholesale-Tableware-Set-540x540.webp 540w, https:\/\/jinhuaceramic.com\/wp-content\/uploads\/2025\/06\/Stoneware-Plates-and-Bowls-Set-with-Reactive-Glaze-Wholesale-Tableware-Set-660x660.webp 660w\" sizes=\"(max-width: 2000px) 100vw, 2000px\" \/><\/figure>\n<\/div>\n<\/div>\n\n\n\n<p><\/p>","protected":false},"excerpt":{"rendered":"<p>Bienvenue \u00e0 l'achat de notre ensemble de gr\u00e8s personnalis\u00e9 de haute qualit\u00e9. Les assiettes et bols en gros se distinguent par leur gla\u00e7ure r\u00e9active unique, leur mat\u00e9riau solide et durable et leurs combinaisons pratiques et vari\u00e9es, qui peuvent am\u00e9liorer consid\u00e9rablement la qualit\u00e9 et l'exp\u00e9rience des repas quotidiens.<\/p>","protected":false},"featured_media":9312,"comment_status":"closed","ping_status":"closed","template":"","meta":{"_acf_changed":false},"product_brand":[],"product_cat":[83],"product_tag":[],"class_list":{"0":"post-9310","1":"product","2":"type-product","3":"status-publish","4":"has-post-thumbnail","6":"product_cat-wholesale-dinnerware-sets","8":"first","9":"instock","10":"shipping-taxable","11":"product-type-simple"},"acf":[],"_links":{"self":[{"href":"https:\/\/jinhuaceramic.com\/fr\/wp-json\/wp\/v2\/product\/9310","targetHints":{"allow":["GET"]}}],"collection":[{"href":"https:\/\/jinhuaceramic.com\/fr\/wp-json\/wp\/v2\/product"}],"about":[{"href":"https:\/\/jinhuaceramic.com\/fr\/wp-json\/wp\/v2\/types\/product"}],"replies":[{"embeddable":true,"href":"https:\/\/jinhuaceramic.com\/fr\/wp-json\/wp\/v2\/comments?post=9310"}],"version-history":[{"count":0,"href":"https:\/\/jinhuaceramic.com\/fr\/wp-json\/wp\/v2\/product\/9310\/revisions"}],"wp:featuredmedia":[{"embeddable":true,"href":"https:\/\/jinhuaceramic.com\/fr\/wp-json\/wp\/v2\/media\/9312"}],"wp:attachment":[{"href":"https:\/\/jinhuaceramic.com\/fr\/wp-json\/wp\/v2\/media?parent=9310"}],"wp:term":[{"taxonomy":"product_brand","embeddable":true,"href":"https:\/\/jinhuaceramic.com\/fr\/wp-json\/wp\/v2\/product_brand?post=9310"},{"taxonomy":"product_cat","embeddable":true,"href":"https:\/\/jinhuaceramic.com\/fr\/wp-json\/wp\/v2\/product_cat?post=9310"},{"taxonomy":"product_tag","embeddable":true,"href":"https:\/\/jinhuaceramic.com\/fr\/wp-json\/wp\/v2\/product_tag?post=9310"}],"curies":[{"name":"wp","href":"https:\/\/api.w.org\/{rel}","templated":true}]}}