{"id":9333,"date":"2025-06-13T01:56:05","date_gmt":"2025-06-13T01:56:05","guid":{"rendered":"https:\/\/jinhuaceramic.com\/?post_type=product&#038;p=9333"},"modified":"2025-06-13T01:56:07","modified_gmt":"2025-06-13T01:56:07","slug":"sage-burner-wholesale","status":"publish","type":"product","link":"https:\/\/jinhuaceramic.com\/fr\/product\/sage-burner-wholesale\/","title":{"rendered":"Br\u00fbleur de sauge Palo Santo en c\u00e9ramique grossiste, Porte-bougies en vrac"},"content":{"rendered":"<div class=\"wp-block-columns is-layout-flex wp-container-core-columns-is-layout-9d6595d7 wp-block-columns-is-layout-flex\">\n<div class=\"wp-block-column is-layout-flow wp-block-column-is-layout-flow\">\n<h3 class=\"wp-block-heading\">Br\u00fbleur de sauge de qualit\u00e9 sup\u00e9rieure Caract\u00e9ristiques en gros :<\/h3>\n\n\n\n<ul class=\"wp-block-list\">\n<li><strong>Design moderne :<\/strong> Ce br\u00fbleur de Palo Santo et de sauge en gros se caract\u00e9rise par une simple base ronde et une douille ronde au centre. La forme arrondie de la rainure permet d'accumuler les cendres r\u00e9pandues apr\u00e8s l'allumage du Palo Santo. Ces porte-saint-Palo sont disponibles en diff\u00e9rentes couleurs, ce qui apportera de la couleur \u00e0 l'atmosph\u00e8re de la maison.<\/li>\n\n\n\n<li><strong>Mat\u00e9riau de haute qualit\u00e9 : <\/strong>Ces porte-baguettes en c\u00e9ramique en vrac sont r\u00e9sistants \u00e0 la chaleur et peuvent supporter en toute s\u00e9curit\u00e9 la chaleur de la combustion du Palo Santo. La surface lisse de la c\u00e9ramique permet de nettoyer les cendres d'un simple coup de chiffon.<\/li>\n\n\n\n<li><strong>Polyvalence : <\/strong>Notre br\u00fbleur de sauge en gros a de multiples usages. Tout d'abord, le Palo Santo est un bois odorant naturel utilis\u00e9 pour la purification et la m\u00e9ditation, qui peut \u00eatre allum\u00e9 et ins\u00e9r\u00e9 dans le trou central pour permettre \u00e0 la fum\u00e9e de se diffuser naturellement. Ces porte-bougies Palo Santo peuvent \u00e9galement servir de porte-bougies pour accueillir des b\u00e2tons de bougie allum\u00e9s.<\/li>\n\n\n\n<li><strong>Cadeau id\u00e9al : <\/strong>Ces porte-b\u00e2tons en vrac peuvent aider les utilisateurs \u00e0 profiter des effets calmants et purifiants du Palo Santo pendant la m\u00e9ditation, le yoga ou la relaxation quotidienne. Ce sont des cadeaux parfaits pour les amis qui aiment l'aromath\u00e9rapie, la m\u00e9ditation ou la recherche de la qualit\u00e9 de vie.<\/li>\n<\/ul>\n<\/div>\n\n\n\n<div class=\"wp-block-column is-layout-flow wp-block-column-is-layout-flow\">\n<figure class=\"wp-block-image size-full\"><img fetchpriority=\"high\" decoding=\"async\" width=\"1001\" height=\"1001\" src=\"https:\/\/jinhuaceramic.com\/wp-content\/uploads\/2025\/06\/Various-Colors-Palo-Santo-Burner-Wholesale-Ceramic-Smudge-Candle-Holder-8.webp\" alt=\"Br\u00fbleur de sauge Palo Santo en c\u00e9ramique vente en gros, Porte-bougies en vrac-1\" class=\"wp-image-9340\" srcset=\"https:\/\/jinhuaceramic.com\/wp-content\/uploads\/2025\/06\/Various-Colors-Palo-Santo-Burner-Wholesale-Ceramic-Smudge-Candle-Holder-8.webp 1001w, https:\/\/jinhuaceramic.com\/wp-content\/uploads\/2025\/06\/Various-Colors-Palo-Santo-Burner-Wholesale-Ceramic-Smudge-Candle-Holder-8-300x300.webp 300w, https:\/\/jinhuaceramic.com\/wp-content\/uploads\/2025\/06\/Various-Colors-Palo-Santo-Burner-Wholesale-Ceramic-Smudge-Candle-Holder-8-150x150.webp 150w, https:\/\/jinhuaceramic.com\/wp-content\/uploads\/2025\/06\/Various-Colors-Palo-Santo-Burner-Wholesale-Ceramic-Smudge-Candle-Holder-8-768x768.webp 768w, https:\/\/jinhuaceramic.com\/wp-content\/uploads\/2025\/06\/Various-Colors-Palo-Santo-Burner-Wholesale-Ceramic-Smudge-Candle-Holder-8-12x12.webp 12w, https:\/\/jinhuaceramic.com\/wp-content\/uploads\/2025\/06\/Various-Colors-Palo-Santo-Burner-Wholesale-Ceramic-Smudge-Candle-Holder-8-285x285.webp 285w, https:\/\/jinhuaceramic.com\/wp-content\/uploads\/2025\/06\/Various-Colors-Palo-Santo-Burner-Wholesale-Ceramic-Smudge-Candle-Holder-8-270x270.webp 270w, https:\/\/jinhuaceramic.com\/wp-content\/uploads\/2025\/06\/Various-Colors-Palo-Santo-Burner-Wholesale-Ceramic-Smudge-Candle-Holder-8-540x540.webp 540w, https:\/\/jinhuaceramic.com\/wp-content\/uploads\/2025\/06\/Various-Colors-Palo-Santo-Burner-Wholesale-Ceramic-Smudge-Candle-Holder-8-660x660.webp 660w\" sizes=\"(max-width: 1001px) 100vw, 1001px\" \/><\/figure>\n<\/div>\n<\/div>","protected":false},"excerpt":{"rendered":"<p>Bienvenue pour acheter des porte-baguettes en vrac. Les avantages de ce br\u00fbleur de sauge Palo Santo en gros sont le design moderne, les couleurs vari\u00e9es, le mat\u00e9riau c\u00e9ramique durable et la polyvalence. Ils combinent la beaut\u00e9, la praticit\u00e9 et la polyvalence, et peuvent am\u00e9liorer l'atmosph\u00e8re de l'environnement domestique.<\/p>","protected":false},"featured_media":9339,"comment_status":"closed","ping_status":"closed","template":"","meta":{"_acf_changed":false},"product_brand":[],"product_cat":[52],"product_tag":[68],"class_list":{"0":"post-9333","1":"product","2":"type-product","3":"status-publish","4":"has-post-thumbnail","6":"product_cat-wholesale-candle-containers","7":"product_tag-ceramic-candlesticks-bulk","9":"first","10":"instock","11":"shipping-taxable","12":"product-type-simple"},"acf":[],"_links":{"self":[{"href":"https:\/\/jinhuaceramic.com\/fr\/wp-json\/wp\/v2\/product\/9333","targetHints":{"allow":["GET"]}}],"collection":[{"href":"https:\/\/jinhuaceramic.com\/fr\/wp-json\/wp\/v2\/product"}],"about":[{"href":"https:\/\/jinhuaceramic.com\/fr\/wp-json\/wp\/v2\/types\/product"}],"replies":[{"embeddable":true,"href":"https:\/\/jinhuaceramic.com\/fr\/wp-json\/wp\/v2\/comments?post=9333"}],"version-history":[{"count":0,"href":"https:\/\/jinhuaceramic.com\/fr\/wp-json\/wp\/v2\/product\/9333\/revisions"}],"wp:featuredmedia":[{"embeddable":true,"href":"https:\/\/jinhuaceramic.com\/fr\/wp-json\/wp\/v2\/media\/9339"}],"wp:attachment":[{"href":"https:\/\/jinhuaceramic.com\/fr\/wp-json\/wp\/v2\/media?parent=9333"}],"wp:term":[{"taxonomy":"product_brand","embeddable":true,"href":"https:\/\/jinhuaceramic.com\/fr\/wp-json\/wp\/v2\/product_brand?post=9333"},{"taxonomy":"product_cat","embeddable":true,"href":"https:\/\/jinhuaceramic.com\/fr\/wp-json\/wp\/v2\/product_cat?post=9333"},{"taxonomy":"product_tag","embeddable":true,"href":"https:\/\/jinhuaceramic.com\/fr\/wp-json\/wp\/v2\/product_tag?post=9333"}],"curies":[{"name":"wp","href":"https:\/\/api.w.org\/{rel}","templated":true}]}}