{"id":9350,"date":"2025-06-14T03:55:12","date_gmt":"2025-06-14T03:55:12","guid":{"rendered":"https:\/\/jinhuaceramic.com\/?post_type=product&#038;p=9350"},"modified":"2025-06-14T03:55:13","modified_gmt":"2025-06-14T03:55:13","slug":"empty-candle-jars-bulk","status":"publish","type":"product","link":"https:\/\/jinhuaceramic.com\/fr\/product\/empty-candle-jars-bulk\/","title":{"rendered":"Pots de bougies vides en c\u00e9ramique gaufr\u00e9e en vrac avec logo personnalis\u00e9"},"content":{"rendered":"<div class=\"wp-block-columns is-layout-flex wp-container-core-columns-is-layout-9d6595d7 wp-block-columns-is-layout-flex\">\n<div class=\"wp-block-column is-layout-flow wp-block-column-is-layout-flow\">\n<h3 class=\"wp-block-heading\">Pots de bougie vides de premi\u00e8re qualit\u00e9, en vrac :<\/h3>\n\n\n\n<ul class=\"wp-block-list\">\n<li><strong>Design \u00e9l\u00e9gant : <\/strong>Le design g\u00e9n\u00e9ral de ces photophores vides en vrac est raffin\u00e9 et minimaliste, avec des lignes douces. Les motifs en relief sur les pots sont d\u00e9licats et visibles, ce qui refl\u00e8te le grand savoir-faire, l'atmosph\u00e8re artistique traditionnelle, et peut \u00eatre parfaitement plac\u00e9 dans n'importe quel type de style de maison.<\/li>\n\n\n\n<li><strong>Couleurs douces : <\/strong>Ces r\u00e9cipients pour bougies en gros sont disponibles dans une vari\u00e9t\u00e9 de couleurs douces : beige, gris clair, noir et blanc. Ces teintes peu satur\u00e9es peuvent donner une impression de luxe dans l'environnement. Les consommateurs peuvent choisir en fonction de leur style et de leur d\u00e9coration.<\/li>\n\n\n\n<li><strong>Mat\u00e9riau de haute qualit\u00e9 : <\/strong>Ces pots \u00e0 bougie vides en vrac sont fabriqu\u00e9s en c\u00e9ramique de haute qualit\u00e9 et cuits \u00e0 haute temp\u00e9rature. Ils pr\u00e9sentent donc une grande duret\u00e9 et une bonne r\u00e9sistance \u00e0 la chaleur. Ils peuvent r\u00e9sister \u00e0 la chaleur des bougies allum\u00e9es et ne se cassent pas facilement.<\/li>\n\n\n\n<li><strong>R\u00e9utilisable et \u00e9cologique :<\/strong> Ces exquis r\u00e9cipients de bougies en gros peuvent \u00eatre r\u00e9utilis\u00e9s, ce qui est plus conforme au concept de d\u00e9veloppement durable que les photophores en m\u00e9tal, r\u00e9duisant ainsi l'utilisation de r\u00e9cipients jetables. Une fois les bougies consum\u00e9es, ces photophores peuvent \u00eatre nettoy\u00e9s et utilis\u00e9s comme porte-stylos, pots de rangement ou petits vases, etc.<\/li>\n<\/ul>\n<\/div>\n\n\n\n<div class=\"wp-block-column is-layout-flow wp-block-column-is-layout-flow\">\n<figure class=\"wp-block-image size-full\"><img fetchpriority=\"high\" decoding=\"async\" width=\"750\" height=\"750\" src=\"https:\/\/jinhuaceramic.com\/wp-content\/uploads\/2025\/06\/Bulk-Embossed-Candle-Jar-with-Custom-Logo-Wholesale-Candle-Container-3.webp\" alt=\"Pots de bougie vides en c\u00e9ramique gaufr\u00e9e en vrac avec logo personnalis\u00e9-1\" class=\"wp-image-9352\" srcset=\"https:\/\/jinhuaceramic.com\/wp-content\/uploads\/2025\/06\/Bulk-Embossed-Candle-Jar-with-Custom-Logo-Wholesale-Candle-Container-3.webp 750w, https:\/\/jinhuaceramic.com\/wp-content\/uploads\/2025\/06\/Bulk-Embossed-Candle-Jar-with-Custom-Logo-Wholesale-Candle-Container-3-300x300.webp 300w, https:\/\/jinhuaceramic.com\/wp-content\/uploads\/2025\/06\/Bulk-Embossed-Candle-Jar-with-Custom-Logo-Wholesale-Candle-Container-3-150x150.webp 150w, https:\/\/jinhuaceramic.com\/wp-content\/uploads\/2025\/06\/Bulk-Embossed-Candle-Jar-with-Custom-Logo-Wholesale-Candle-Container-3-12x12.webp 12w, https:\/\/jinhuaceramic.com\/wp-content\/uploads\/2025\/06\/Bulk-Embossed-Candle-Jar-with-Custom-Logo-Wholesale-Candle-Container-3-285x285.webp 285w, https:\/\/jinhuaceramic.com\/wp-content\/uploads\/2025\/06\/Bulk-Embossed-Candle-Jar-with-Custom-Logo-Wholesale-Candle-Container-3-270x270.webp 270w, https:\/\/jinhuaceramic.com\/wp-content\/uploads\/2025\/06\/Bulk-Embossed-Candle-Jar-with-Custom-Logo-Wholesale-Candle-Container-3-540x540.webp 540w, https:\/\/jinhuaceramic.com\/wp-content\/uploads\/2025\/06\/Bulk-Embossed-Candle-Jar-with-Custom-Logo-Wholesale-Candle-Container-3-660x660.webp 660w\" sizes=\"(max-width: 750px) 100vw, 750px\" \/><\/figure>\n<\/div>\n<\/div>","protected":false},"excerpt":{"rendered":"<p>Nous vous invitons \u00e0 acheter des photophores en gros. Ces photophores vides en vrac sont fabriqu\u00e9s \u00e0 partir de mat\u00e9riaux c\u00e9ramiques de qualit\u00e9 sup\u00e9rieure. Leur relief exquis, leurs couleurs vari\u00e9es et leur design recyclable en font des ornements de maison haut de gamme qui peuvent embellir l'environnement et refl\u00e9ter l'excellent go\u00fbt de leur propri\u00e9taire.<\/p>","protected":false},"featured_media":9357,"comment_status":"closed","ping_status":"closed","template":"","meta":{"_acf_changed":false},"product_brand":[],"product_cat":[52],"product_tag":[66],"class_list":{"0":"post-9350","1":"product","2":"type-product","3":"status-publish","4":"has-post-thumbnail","6":"product_cat-wholesale-candle-containers","7":"product_tag-candle-jars-wholesale","9":"first","10":"instock","11":"shipping-taxable","12":"product-type-simple"},"acf":[],"_links":{"self":[{"href":"https:\/\/jinhuaceramic.com\/fr\/wp-json\/wp\/v2\/product\/9350","targetHints":{"allow":["GET"]}}],"collection":[{"href":"https:\/\/jinhuaceramic.com\/fr\/wp-json\/wp\/v2\/product"}],"about":[{"href":"https:\/\/jinhuaceramic.com\/fr\/wp-json\/wp\/v2\/types\/product"}],"replies":[{"embeddable":true,"href":"https:\/\/jinhuaceramic.com\/fr\/wp-json\/wp\/v2\/comments?post=9350"}],"version-history":[{"count":0,"href":"https:\/\/jinhuaceramic.com\/fr\/wp-json\/wp\/v2\/product\/9350\/revisions"}],"wp:featuredmedia":[{"embeddable":true,"href":"https:\/\/jinhuaceramic.com\/fr\/wp-json\/wp\/v2\/media\/9357"}],"wp:attachment":[{"href":"https:\/\/jinhuaceramic.com\/fr\/wp-json\/wp\/v2\/media?parent=9350"}],"wp:term":[{"taxonomy":"product_brand","embeddable":true,"href":"https:\/\/jinhuaceramic.com\/fr\/wp-json\/wp\/v2\/product_brand?post=9350"},{"taxonomy":"product_cat","embeddable":true,"href":"https:\/\/jinhuaceramic.com\/fr\/wp-json\/wp\/v2\/product_cat?post=9350"},{"taxonomy":"product_tag","embeddable":true,"href":"https:\/\/jinhuaceramic.com\/fr\/wp-json\/wp\/v2\/product_tag?post=9350"}],"curies":[{"name":"wp","href":"https:\/\/api.w.org\/{rel}","templated":true}]}}