{"id":9369,"date":"2025-06-17T01:50:10","date_gmt":"2025-06-17T01:50:10","guid":{"rendered":"https:\/\/jinhuaceramic.com\/?post_type=product&#038;p=9369"},"modified":"2025-06-17T01:50:12","modified_gmt":"2025-06-17T01:50:12","slug":"grey-bathroom-set-wholesale","status":"publish","type":"product","link":"https:\/\/jinhuaceramic.com\/fr\/product\/grey-bathroom-set-wholesale\/","title":{"rendered":"Set de salle de bain gris minimaliste Wholesale, Custom Ceramic Bathroom Accessories"},"content":{"rendered":"<div class=\"wp-block-columns is-layout-flex wp-container-core-columns-is-layout-9d6595d7 wp-block-columns-is-layout-flex\">\n<div class=\"wp-block-column is-layout-flow wp-block-column-is-layout-flow\">\n<h3 class=\"wp-block-heading\">Premium Grey Bathroom Set Wholesale Caract\u00e9ristiques :<\/h3>\n\n\n\n<ul class=\"wp-block-list\">\n<li><strong>Mat\u00e9riaux de haute qualit\u00e9 :<\/strong> Cet ensemble de salle de bains gris est fabriqu\u00e9 en c\u00e9ramique de haute qualit\u00e9, r\u00e9sistante \u00e0 la d\u00e9formation et au vieillissement. Sa face en c\u00e9ramique r\u00e9sistante \u00e0 l'eau et \u00e0 l'humidit\u00e9 est parfaitement adapt\u00e9e aux salles de bains humides.<\/li>\n\n\n\n<li><strong>Design minimaliste :<\/strong> Cet ensemble de salle de bain gris pr\u00e9sente une forme simple et, gr\u00e2ce \u00e0 sa finition mate gris clair, il s'int\u00e8gre facilement. La finition mate est moins voyante et plus discr\u00e8te que la finition brillante, et peut \u00eatre facilement int\u00e9gr\u00e9e dans la plupart des th\u00e8mes de d\u00e9coration de salle de bains pour offrir une atmosph\u00e8re propre et tranquille. Par ailleurs, la t\u00eate de pompe noire de ce distributeur de savon lui conf\u00e8re un air contemporain.<\/li>\n\n\n\n<li><strong>Pratique : <\/strong>Pratique : L'ensemble d'accessoires de salle de bains en c\u00e9ramique personnalis\u00e9 se compose d'un porte-brosse \u00e0 dents, d'un gobelet pour bain de bouche, d'un distributeur de savon et d'un pot \u00e0 coton-tige avec couvercle pour ranger les articles de salle de bains quotidiens et maintenir un plan de travail propre et organis\u00e9.<\/li>\n\n\n\n<li><strong>Polyvalence : <\/strong>Tous ces accessoires de salle de bain en c\u00e9ramique personnalis\u00e9s sont flexibles et peuvent \u00eatre utilis\u00e9s dans tous les types de situations, non seulement \u00e0 la maison, mais aussi dans les lieux de travail tels que les h\u00f4tels et les appartements. Ils peuvent \u00e9galement \u00eatre offerts en cadeau lors d'une pendaison de cr\u00e9maill\u00e8re ou \u00e0 des amis qui appr\u00e9cient les d\u00e9corations de maison.<\/li>\n<\/ul>\n<\/div>\n\n\n\n<div class=\"wp-block-column is-layout-flow wp-block-column-is-layout-flow\">\n<figure class=\"wp-block-image size-full\"><img fetchpriority=\"high\" decoding=\"async\" width=\"2000\" height=\"2000\" src=\"https:\/\/jinhuaceramic.com\/wp-content\/uploads\/2025\/06\/Minimalist-Grey-Bathroom-Set-Ceramic-Bathroom-Accessories-Wholesale-5.webp\" alt=\"minimalist-grey-bathroom-set-wholesale-custom-ceramic-bathroom-accessories-5\" class=\"wp-image-9373\" srcset=\"https:\/\/jinhuaceramic.com\/wp-content\/uploads\/2025\/06\/Minimalist-Grey-Bathroom-Set-Ceramic-Bathroom-Accessories-Wholesale-5.webp 2000w, https:\/\/jinhuaceramic.com\/wp-content\/uploads\/2025\/06\/Minimalist-Grey-Bathroom-Set-Ceramic-Bathroom-Accessories-Wholesale-5-300x300.webp 300w, https:\/\/jinhuaceramic.com\/wp-content\/uploads\/2025\/06\/Minimalist-Grey-Bathroom-Set-Ceramic-Bathroom-Accessories-Wholesale-5-150x150.webp 150w, https:\/\/jinhuaceramic.com\/wp-content\/uploads\/2025\/06\/Minimalist-Grey-Bathroom-Set-Ceramic-Bathroom-Accessories-Wholesale-5-768x768.webp 768w, https:\/\/jinhuaceramic.com\/wp-content\/uploads\/2025\/06\/Minimalist-Grey-Bathroom-Set-Ceramic-Bathroom-Accessories-Wholesale-5-12x12.webp 12w, https:\/\/jinhuaceramic.com\/wp-content\/uploads\/2025\/06\/Minimalist-Grey-Bathroom-Set-Ceramic-Bathroom-Accessories-Wholesale-5-285x285.webp 285w, https:\/\/jinhuaceramic.com\/wp-content\/uploads\/2025\/06\/Minimalist-Grey-Bathroom-Set-Ceramic-Bathroom-Accessories-Wholesale-5-1600x1600.webp 1600w, https:\/\/jinhuaceramic.com\/wp-content\/uploads\/2025\/06\/Minimalist-Grey-Bathroom-Set-Ceramic-Bathroom-Accessories-Wholesale-5-270x270.webp 270w, https:\/\/jinhuaceramic.com\/wp-content\/uploads\/2025\/06\/Minimalist-Grey-Bathroom-Set-Ceramic-Bathroom-Accessories-Wholesale-5-540x540.webp 540w, https:\/\/jinhuaceramic.com\/wp-content\/uploads\/2025\/06\/Minimalist-Grey-Bathroom-Set-Ceramic-Bathroom-Accessories-Wholesale-5-660x660.webp 660w\" sizes=\"(max-width: 2000px) 100vw, 2000px\" \/><\/figure>\n<\/div>\n<\/div>\n\n\n\n<p><\/p>","protected":false},"excerpt":{"rendered":"<p>Nous vous invitons \u00e0 acheter en gros notre ensemble de salle de bain gris. Ces accessoires de salle de bain en c\u00e9ramique personnalis\u00e9s ont un aspect simple et \u00e0 la mode et une couleur \u00e9quilibr\u00e9e et uniforme, ce qui peut am\u00e9liorer l'aspect g\u00e9n\u00e9ral de la salle de bain. Les mat\u00e9riaux c\u00e9ramiques de qualit\u00e9 et l'ensemble complet d'accessoires sont fonctionnels. En alliant fonctionnalit\u00e9 et beaut\u00e9, ces accessoires de salle de bain peuvent \u00eatre utilis\u00e9s dans diverses circonstances.<\/p>","protected":false},"featured_media":9376,"comment_status":"closed","ping_status":"closed","template":"","meta":{"_acf_changed":false},"product_brand":[],"product_cat":[51],"product_tag":[74],"class_list":{"0":"post-9369","1":"product","2":"type-product","3":"status-publish","4":"has-post-thumbnail","6":"product_cat-bathroom-accessories-wholesale","7":"product_tag-ceramic-bath-accessories-wholesale","9":"first","10":"instock","11":"shipping-taxable","12":"product-type-simple"},"acf":[],"_links":{"self":[{"href":"https:\/\/jinhuaceramic.com\/fr\/wp-json\/wp\/v2\/product\/9369","targetHints":{"allow":["GET"]}}],"collection":[{"href":"https:\/\/jinhuaceramic.com\/fr\/wp-json\/wp\/v2\/product"}],"about":[{"href":"https:\/\/jinhuaceramic.com\/fr\/wp-json\/wp\/v2\/types\/product"}],"replies":[{"embeddable":true,"href":"https:\/\/jinhuaceramic.com\/fr\/wp-json\/wp\/v2\/comments?post=9369"}],"version-history":[{"count":0,"href":"https:\/\/jinhuaceramic.com\/fr\/wp-json\/wp\/v2\/product\/9369\/revisions"}],"wp:featuredmedia":[{"embeddable":true,"href":"https:\/\/jinhuaceramic.com\/fr\/wp-json\/wp\/v2\/media\/9376"}],"wp:attachment":[{"href":"https:\/\/jinhuaceramic.com\/fr\/wp-json\/wp\/v2\/media?parent=9369"}],"wp:term":[{"taxonomy":"product_brand","embeddable":true,"href":"https:\/\/jinhuaceramic.com\/fr\/wp-json\/wp\/v2\/product_brand?post=9369"},{"taxonomy":"product_cat","embeddable":true,"href":"https:\/\/jinhuaceramic.com\/fr\/wp-json\/wp\/v2\/product_cat?post=9369"},{"taxonomy":"product_tag","embeddable":true,"href":"https:\/\/jinhuaceramic.com\/fr\/wp-json\/wp\/v2\/product_tag?post=9369"}],"curies":[{"name":"wp","href":"https:\/\/api.w.org\/{rel}","templated":true}]}}