{"id":9383,"date":"2025-06-27T10:05:04","date_gmt":"2025-06-27T10:05:04","guid":{"rendered":"https:\/\/jinhuaceramic.com\/?post_type=product&#038;p=9383"},"modified":"2025-06-27T10:05:05","modified_gmt":"2025-06-27T10:05:05","slug":"wholesale-baking-dishes","status":"publish","type":"product","link":"https:\/\/jinhuaceramic.com\/fr\/product\/wholesale-baking-dishes\/","title":{"rendered":"Plats de cuisson en gr\u00e8s en gros, moules \u00e0 p\u00e2tisserie antiadh\u00e9sifs"},"content":{"rendered":"<div class=\"wp-block-columns is-layout-flex wp-container-core-columns-is-layout-9d6595d7 wp-block-columns-is-layout-flex\">\n<div class=\"wp-block-column is-layout-flow wp-block-column-is-layout-flow\">\n<h3 class=\"wp-block-heading\">Plats de cuisson Premium Wholesale Caract\u00e9ristiques :<\/h3>\n\n\n\n<ul class=\"wp-block-list\">\n<li><strong>Motif int\u00e9ressant : <\/strong>Ces plats de cuisson en gros ont les mots \u201cBIG MISTAKE\u201d imprim\u00e9s \u00e0 l'int\u00e9rieur. Ce design unique et humoristique peut ajouter du plaisir au processus de cuisson et de repas, en particulier pour ceux qui aiment plaisanter ou qui veulent surprendre leurs invit\u00e9s.<\/li>\n\n\n\n<li><strong>Couleurs vives : <\/strong>Ces moules en c\u00e9ramique en vrac sont principalement orange vif avec des bandes blanches sur les c\u00f4t\u00e9s et un motif \u00e0 l'int\u00e9rieur. Les couleurs sont vives et joyeuses, et elles ajoutent une touche d'\u00e9nergie \u00e0 la cuisine et \u00e0 la table.<\/li>\n\n\n\n<li><strong>Gr\u00e8s de premi\u00e8re qualit\u00e9 :<\/strong> Nos plats de cuisson en gros sont fabriqu\u00e9s en gr\u00e8s de premi\u00e8re qualit\u00e9 qui distribue la chaleur de mani\u00e8re uniforme, de sorte que vos aliments sont parfaitement cuits \u00e0 l'int\u00e9rieur et \u00e0 l'ext\u00e9rieur, sans zones crues ou br\u00fbl\u00e9es. Les plats de cuisson en gr\u00e8s vont au four, au micro-ondes et au lave-vaisselle pour une utilisation pratique.<\/li>\n\n\n\n<li><strong>Une grande praticit\u00e9 : <\/strong>Ces moules en c\u00e9ramique carr\u00e9s de 8 pouces en vrac sont parfaits pour plusieurs types de p\u00e2tisseries, comme les brownies, les rago\u00fbts, les lasagnes, etc. Les poign\u00e9es surdimensionn\u00e9es des deux c\u00f4t\u00e9s permettent de sortir les plats du four sans effort et de les transporter en toute s\u00e9curit\u00e9 jusqu'\u00e0 la table, m\u00eame avec des gants de cuisine.<\/li>\n<\/ul>\n<\/div>\n\n\n\n<div class=\"wp-block-column is-layout-flow wp-block-column-is-layout-flow\">\n<figure class=\"wp-block-image size-full\"><img fetchpriority=\"high\" decoding=\"async\" width=\"640\" height=\"640\" src=\"https:\/\/jinhuaceramic.com\/wp-content\/uploads\/2025\/06\/Nonstick-Square-Baking-Pan-Kitchen-Stoneware-Baking-Dish-Wholesale-3.webp\" alt=\"Plats de cuisson en gr\u00e8s, plats de cuisson antiadh\u00e9sifs-3\" class=\"wp-image-9385\" srcset=\"https:\/\/jinhuaceramic.com\/wp-content\/uploads\/2025\/06\/Nonstick-Square-Baking-Pan-Kitchen-Stoneware-Baking-Dish-Wholesale-3.webp 640w, https:\/\/jinhuaceramic.com\/wp-content\/uploads\/2025\/06\/Nonstick-Square-Baking-Pan-Kitchen-Stoneware-Baking-Dish-Wholesale-3-300x300.webp 300w, https:\/\/jinhuaceramic.com\/wp-content\/uploads\/2025\/06\/Nonstick-Square-Baking-Pan-Kitchen-Stoneware-Baking-Dish-Wholesale-3-150x150.webp 150w, https:\/\/jinhuaceramic.com\/wp-content\/uploads\/2025\/06\/Nonstick-Square-Baking-Pan-Kitchen-Stoneware-Baking-Dish-Wholesale-3-12x12.webp 12w, https:\/\/jinhuaceramic.com\/wp-content\/uploads\/2025\/06\/Nonstick-Square-Baking-Pan-Kitchen-Stoneware-Baking-Dish-Wholesale-3-285x285.webp 285w, https:\/\/jinhuaceramic.com\/wp-content\/uploads\/2025\/06\/Nonstick-Square-Baking-Pan-Kitchen-Stoneware-Baking-Dish-Wholesale-3-270x270.webp 270w, https:\/\/jinhuaceramic.com\/wp-content\/uploads\/2025\/06\/Nonstick-Square-Baking-Pan-Kitchen-Stoneware-Baking-Dish-Wholesale-3-540x540.webp 540w\" sizes=\"(max-width: 640px) 100vw, 640px\" \/><\/figure>\n<\/div>\n<\/div>\n\n\n\n<p><\/p>","protected":false},"excerpt":{"rendered":"<p>Nous vous invitons \u00e0 acheter des plats de cuisson en c\u00e9ramique en vrac. Ces plats de cuisson en gros sont appr\u00e9ci\u00e9s pour leurs couleurs vives, leurs motifs int\u00e9ressants, leur qualit\u00e9 de gr\u00e8s et leurs fonctions de cuisson pratiques. Plus que des outils de cuisine, ces plats de cuisson rendent la cuisine plus agr\u00e9able et constituent un point de mire pour la famille et les amis lors des repas.<\/p>","protected":false},"featured_media":9387,"comment_status":"closed","ping_status":"closed","template":"","meta":{"_acf_changed":false},"product_brand":[],"product_cat":[53],"product_tag":[71],"class_list":{"0":"post-9383","1":"product","2":"type-product","3":"status-publish","4":"has-post-thumbnail","6":"product_cat-bakeware-in-bulk","7":"product_tag-wholesale-baking-pans","9":"first","10":"instock","11":"shipping-taxable","12":"product-type-simple"},"acf":[],"_links":{"self":[{"href":"https:\/\/jinhuaceramic.com\/fr\/wp-json\/wp\/v2\/product\/9383","targetHints":{"allow":["GET"]}}],"collection":[{"href":"https:\/\/jinhuaceramic.com\/fr\/wp-json\/wp\/v2\/product"}],"about":[{"href":"https:\/\/jinhuaceramic.com\/fr\/wp-json\/wp\/v2\/types\/product"}],"replies":[{"embeddable":true,"href":"https:\/\/jinhuaceramic.com\/fr\/wp-json\/wp\/v2\/comments?post=9383"}],"version-history":[{"count":0,"href":"https:\/\/jinhuaceramic.com\/fr\/wp-json\/wp\/v2\/product\/9383\/revisions"}],"wp:featuredmedia":[{"embeddable":true,"href":"https:\/\/jinhuaceramic.com\/fr\/wp-json\/wp\/v2\/media\/9387"}],"wp:attachment":[{"href":"https:\/\/jinhuaceramic.com\/fr\/wp-json\/wp\/v2\/media?parent=9383"}],"wp:term":[{"taxonomy":"product_brand","embeddable":true,"href":"https:\/\/jinhuaceramic.com\/fr\/wp-json\/wp\/v2\/product_brand?post=9383"},{"taxonomy":"product_cat","embeddable":true,"href":"https:\/\/jinhuaceramic.com\/fr\/wp-json\/wp\/v2\/product_cat?post=9383"},{"taxonomy":"product_tag","embeddable":true,"href":"https:\/\/jinhuaceramic.com\/fr\/wp-json\/wp\/v2\/product_tag?post=9383"}],"curies":[{"name":"wp","href":"https:\/\/api.w.org\/{rel}","templated":true}]}}