{"id":9441,"date":"2025-06-28T02:13:42","date_gmt":"2025-06-28T02:13:42","guid":{"rendered":"https:\/\/jinhuaceramic.com\/?post_type=product&#038;p=9441"},"modified":"2025-06-28T02:13:44","modified_gmt":"2025-06-28T02:13:44","slug":"wholesale-vessels-for-candles","status":"publish","type":"product","link":"https:\/\/jinhuaceramic.com\/fr\/product\/wholesale-vessels-for-candles\/","title":{"rendered":"Vases \u00e0 bougies artistiques en gros, pots \u00e0 bougies uniques"},"content":{"rendered":"<div class=\"wp-block-columns is-layout-flex wp-container-core-columns-is-layout-9d6595d7 wp-block-columns-is-layout-flex\">\n<div class=\"wp-block-column is-layout-flow wp-block-column-is-layout-flow\">\n<h3 class=\"wp-block-heading\">Vases en gros de premi\u00e8re qualit\u00e9 pour les bougies Caract\u00e9ristiques :<\/h3>\n\n\n\n<ul class=\"wp-block-list\">\n<li><strong>Bulle Texture : <\/strong>Les surfaces de ces r\u00e9cipients de gros pour bougies sont uniform\u00e9ment r\u00e9parties avec des reliefs circulaires tridimensionnels en forme de \"bulles\". Ce design unique rompt la monotonie des pots lisses traditionnels, accro\u00eet l'int\u00e9r\u00eat visuel et le toucher, et donne aux gens une impression de vivacit\u00e9 et de beaut\u00e9.<\/li>\n\n\n\n<li><strong>Couleurs douces : <\/strong>Ces photophores uniques en vrac sont disponibles en rose et en blanc. Ils s'int\u00e8grent facilement dans la plupart des styles de d\u00e9coration int\u00e9rieure, y compris le style moderne, le style nordique, etc. pour cr\u00e9er une atmosph\u00e8re chaleureuse, relaxante et paisible.<\/li>\n\n\n\n<li><strong>Mat\u00e9riau de haute qualit\u00e9 :<\/strong> Ces photophores en gros sont fabriqu\u00e9s en c\u00e9ramique de haute qualit\u00e9, cuite \u00e0 haute temp\u00e9rature, r\u00e9sistante \u00e0 la chaleur et capable de supporter la temp\u00e9rature de la flamme de la bougie. Le mat\u00e9riau est \u00e9pais et poss\u00e8de des propri\u00e9t\u00e9s anti-br\u00fblure pour garantir une utilisation s\u00fbre.<\/li>\n\n\n\n<li><strong>Polyvalence : <\/strong>Ces photophores en c\u00e9ramique en vrac sont \u00e0 la fois pratiques et esth\u00e9tiques. En plus d'\u00eatre des contenants pour les bougies, ils peuvent \u00e9galement servir de porte-stylos, de seaux pour les pinceaux de maquillage, de petits vases, etc.<\/li>\n<\/ul>\n<\/div>\n\n\n\n<div class=\"wp-block-column is-layout-flow wp-block-column-is-layout-flow\">\n<figure class=\"wp-block-image size-full\"><img fetchpriority=\"high\" decoding=\"async\" width=\"750\" height=\"750\" src=\"https:\/\/jinhuaceramic.com\/wp-content\/uploads\/2025\/06\/Custom-Creative-Candle-Jar-Ceramic-Empty-Candle-Vessels-Wholesale-5.webp\" alt=\"Vases \u00e0 bougies artistiques en gros, Pots \u00e0 bougies uniques-1\" class=\"wp-image-9445\" srcset=\"https:\/\/jinhuaceramic.com\/wp-content\/uploads\/2025\/06\/Custom-Creative-Candle-Jar-Ceramic-Empty-Candle-Vessels-Wholesale-5.webp 750w, https:\/\/jinhuaceramic.com\/wp-content\/uploads\/2025\/06\/Custom-Creative-Candle-Jar-Ceramic-Empty-Candle-Vessels-Wholesale-5-300x300.webp 300w, https:\/\/jinhuaceramic.com\/wp-content\/uploads\/2025\/06\/Custom-Creative-Candle-Jar-Ceramic-Empty-Candle-Vessels-Wholesale-5-150x150.webp 150w, https:\/\/jinhuaceramic.com\/wp-content\/uploads\/2025\/06\/Custom-Creative-Candle-Jar-Ceramic-Empty-Candle-Vessels-Wholesale-5-12x12.webp 12w, https:\/\/jinhuaceramic.com\/wp-content\/uploads\/2025\/06\/Custom-Creative-Candle-Jar-Ceramic-Empty-Candle-Vessels-Wholesale-5-285x285.webp 285w, https:\/\/jinhuaceramic.com\/wp-content\/uploads\/2025\/06\/Custom-Creative-Candle-Jar-Ceramic-Empty-Candle-Vessels-Wholesale-5-270x270.webp 270w, https:\/\/jinhuaceramic.com\/wp-content\/uploads\/2025\/06\/Custom-Creative-Candle-Jar-Ceramic-Empty-Candle-Vessels-Wholesale-5-540x540.webp 540w, https:\/\/jinhuaceramic.com\/wp-content\/uploads\/2025\/06\/Custom-Creative-Candle-Jar-Ceramic-Empty-Candle-Vessels-Wholesale-5-660x660.webp 660w\" sizes=\"(max-width: 750px) 100vw, 750px\" \/><\/figure>\n<\/div>\n<\/div>","protected":false},"excerpt":{"rendered":"<p>Nous vous invitons \u00e0 acheter des photophores uniques en vrac. Les avantages de ces r\u00e9cipients pour bougies en gros sont les suivants : des bulles au design unique et mignon, des couleurs douces et vari\u00e9es, des utilisations multifonctionnelles et des mat\u00e9riaux c\u00e9ramiques de haute qualit\u00e9, ce qui en fait des d\u00e9corations d'int\u00e9rieur \u00e0 la fois belles et pratiques.<\/p>","protected":false},"featured_media":9449,"comment_status":"closed","ping_status":"closed","template":"","meta":{"_acf_changed":false},"product_brand":[],"product_cat":[52],"product_tag":[66],"class_list":{"0":"post-9441","1":"product","2":"type-product","3":"status-publish","4":"has-post-thumbnail","6":"product_cat-wholesale-candle-containers","7":"product_tag-candle-jars-wholesale","9":"first","10":"instock","11":"shipping-taxable","12":"product-type-simple"},"acf":[],"_links":{"self":[{"href":"https:\/\/jinhuaceramic.com\/fr\/wp-json\/wp\/v2\/product\/9441","targetHints":{"allow":["GET"]}}],"collection":[{"href":"https:\/\/jinhuaceramic.com\/fr\/wp-json\/wp\/v2\/product"}],"about":[{"href":"https:\/\/jinhuaceramic.com\/fr\/wp-json\/wp\/v2\/types\/product"}],"replies":[{"embeddable":true,"href":"https:\/\/jinhuaceramic.com\/fr\/wp-json\/wp\/v2\/comments?post=9441"}],"version-history":[{"count":0,"href":"https:\/\/jinhuaceramic.com\/fr\/wp-json\/wp\/v2\/product\/9441\/revisions"}],"wp:featuredmedia":[{"embeddable":true,"href":"https:\/\/jinhuaceramic.com\/fr\/wp-json\/wp\/v2\/media\/9449"}],"wp:attachment":[{"href":"https:\/\/jinhuaceramic.com\/fr\/wp-json\/wp\/v2\/media?parent=9441"}],"wp:term":[{"taxonomy":"product_brand","embeddable":true,"href":"https:\/\/jinhuaceramic.com\/fr\/wp-json\/wp\/v2\/product_brand?post=9441"},{"taxonomy":"product_cat","embeddable":true,"href":"https:\/\/jinhuaceramic.com\/fr\/wp-json\/wp\/v2\/product_cat?post=9441"},{"taxonomy":"product_tag","embeddable":true,"href":"https:\/\/jinhuaceramic.com\/fr\/wp-json\/wp\/v2\/product_tag?post=9441"}],"curies":[{"name":"wp","href":"https:\/\/api.w.org\/{rel}","templated":true}]}}