{"id":9452,"date":"2025-06-28T01:30:49","date_gmt":"2025-06-28T01:30:49","guid":{"rendered":"https:\/\/jinhuaceramic.com\/?post_type=product&#038;p=9452"},"modified":"2025-06-28T01:30:51","modified_gmt":"2025-06-28T01:30:51","slug":"creme-brulee-ramekins-wholesale","status":"publish","type":"product","link":"https:\/\/jinhuaceramic.com\/fr\/product\/creme-brulee-ramekins-wholesale\/","title":{"rendered":"Ramequins \u00e0 cr\u00e8me br\u00fbl\u00e9e en c\u00e9ramique Wholesale avec couvercle et poign\u00e9e"},"content":{"rendered":"<div class=\"wp-block-columns is-layout-flex wp-container-core-columns-is-layout-9d6595d7 wp-block-columns-is-layout-flex\">\n<div class=\"wp-block-column is-layout-flow wp-block-column-is-layout-flow\">\n<h3 class=\"wp-block-heading\">Premium Creme Brulee Ramekins Wholesale\u00a0Features:<\/h3>\n\n\n\n<ul class=\"wp-block-list\">\n<li><strong>Design mignon : <\/strong>These creme brulee ramekins wholesale are designed in a variety of bright colors, including red, green, yellow, and beige. The beige baking ramekin has a colorful polka dot design on the outside, while the other colors are paired with white polka dots, making these ramekins full of vitality and childlike fun, and very cute.<\/li>\n\n\n\n<li><strong>Mat\u00e9riau de haute qualit\u00e9 : <\/strong>These high-quality ceramic ramekins in bulk do to be stained or absorb food odors, but can still be as beautiful and sanitary as new even after long-term use. They are chemical-free, such as lead and cadmium, so they are safe to use to store food.<\/li>\n\n\n\n<li><strong>Couvercle fonctionnel : <\/strong>The lids of these creme brulee ramekins wholesale have functional lids that retain moisture in the food during baking and prevent drying up or burning at the surface. They also heat and keep food clean until served.<\/li>\n\n\n\n<li><strong>Polyvalence :<\/strong> These ceramic ramekins in bulk are perfect for desserts such as souffl\u00e9, cr\u00e8me br\u00fbl\u00e9e, etc., mini casseroles, stews, appetizers, etc. Apart from baking, they can also be used to serve soup, snacks, sauces or as a mini table centerpiece.<\/li>\n<\/ul>\n<\/div>\n\n\n\n<div class=\"wp-block-column is-layout-flow wp-block-column-is-layout-flow\">\n<figure class=\"wp-block-image size-full\"><img fetchpriority=\"high\" decoding=\"async\" width=\"1500\" height=\"1500\" src=\"https:\/\/jinhuaceramic.com\/wp-content\/uploads\/2025\/06\/Wholesale-Bulk-Ramekins-with-Lid-Ceramic-Baking-Dish-with-Various-Colors-5.webp\" alt=\"Ceramic Creme Brulee Ramekins Wholesale With Lid and Handle-1\" class=\"wp-image-9456\" srcset=\"https:\/\/jinhuaceramic.com\/wp-content\/uploads\/2025\/06\/Wholesale-Bulk-Ramekins-with-Lid-Ceramic-Baking-Dish-with-Various-Colors-5.webp 1500w, https:\/\/jinhuaceramic.com\/wp-content\/uploads\/2025\/06\/Wholesale-Bulk-Ramekins-with-Lid-Ceramic-Baking-Dish-with-Various-Colors-5-300x300.webp 300w, https:\/\/jinhuaceramic.com\/wp-content\/uploads\/2025\/06\/Wholesale-Bulk-Ramekins-with-Lid-Ceramic-Baking-Dish-with-Various-Colors-5-150x150.webp 150w, https:\/\/jinhuaceramic.com\/wp-content\/uploads\/2025\/06\/Wholesale-Bulk-Ramekins-with-Lid-Ceramic-Baking-Dish-with-Various-Colors-5-768x768.webp 768w, https:\/\/jinhuaceramic.com\/wp-content\/uploads\/2025\/06\/Wholesale-Bulk-Ramekins-with-Lid-Ceramic-Baking-Dish-with-Various-Colors-5-12x12.webp 12w, https:\/\/jinhuaceramic.com\/wp-content\/uploads\/2025\/06\/Wholesale-Bulk-Ramekins-with-Lid-Ceramic-Baking-Dish-with-Various-Colors-5-285x285.webp 285w, https:\/\/jinhuaceramic.com\/wp-content\/uploads\/2025\/06\/Wholesale-Bulk-Ramekins-with-Lid-Ceramic-Baking-Dish-with-Various-Colors-5-270x270.webp 270w, https:\/\/jinhuaceramic.com\/wp-content\/uploads\/2025\/06\/Wholesale-Bulk-Ramekins-with-Lid-Ceramic-Baking-Dish-with-Various-Colors-5-540x540.webp 540w, https:\/\/jinhuaceramic.com\/wp-content\/uploads\/2025\/06\/Wholesale-Bulk-Ramekins-with-Lid-Ceramic-Baking-Dish-with-Various-Colors-5-660x660.webp 660w\" sizes=\"(max-width: 1500px) 100vw, 1500px\" \/><\/figure>\n<\/div>\n<\/div>","protected":false},"excerpt":{"rendered":"<p>Welcome to purchase ceramic ramekins in bulk. These creme brulee ramekins wholesale have functional lids and convenient handles, with premium ceramic material and proper size, which makes them ideal for multi-recipes baking. The pretty design allows them to be served on the dining table directly, adding the meal with some elegance and ritual.<\/p>","protected":false},"featured_media":9457,"comment_status":"closed","ping_status":"closed","template":"","meta":{"_acf_changed":false},"product_brand":[],"product_cat":[53],"product_tag":[69],"class_list":{"0":"post-9452","1":"product","2":"type-product","3":"status-publish","4":"has-post-thumbnail","6":"product_cat-bakeware-in-bulk","7":"product_tag-bulk-ramekins","9":"first","10":"instock","11":"shipping-taxable","12":"product-type-simple"},"acf":[],"_links":{"self":[{"href":"https:\/\/jinhuaceramic.com\/fr\/wp-json\/wp\/v2\/product\/9452","targetHints":{"allow":["GET"]}}],"collection":[{"href":"https:\/\/jinhuaceramic.com\/fr\/wp-json\/wp\/v2\/product"}],"about":[{"href":"https:\/\/jinhuaceramic.com\/fr\/wp-json\/wp\/v2\/types\/product"}],"replies":[{"embeddable":true,"href":"https:\/\/jinhuaceramic.com\/fr\/wp-json\/wp\/v2\/comments?post=9452"}],"version-history":[{"count":0,"href":"https:\/\/jinhuaceramic.com\/fr\/wp-json\/wp\/v2\/product\/9452\/revisions"}],"wp:featuredmedia":[{"embeddable":true,"href":"https:\/\/jinhuaceramic.com\/fr\/wp-json\/wp\/v2\/media\/9457"}],"wp:attachment":[{"href":"https:\/\/jinhuaceramic.com\/fr\/wp-json\/wp\/v2\/media?parent=9452"}],"wp:term":[{"taxonomy":"product_brand","embeddable":true,"href":"https:\/\/jinhuaceramic.com\/fr\/wp-json\/wp\/v2\/product_brand?post=9452"},{"taxonomy":"product_cat","embeddable":true,"href":"https:\/\/jinhuaceramic.com\/fr\/wp-json\/wp\/v2\/product_cat?post=9452"},{"taxonomy":"product_tag","embeddable":true,"href":"https:\/\/jinhuaceramic.com\/fr\/wp-json\/wp\/v2\/product_tag?post=9452"}],"curies":[{"name":"wp","href":"https:\/\/api.w.org\/{rel}","templated":true}]}}