{"id":9533,"date":"2025-06-28T01:59:37","date_gmt":"2025-06-28T01:59:37","guid":{"rendered":"https:\/\/jinhuaceramic.com\/?post_type=product&#038;p=9533"},"modified":"2025-06-28T01:59:38","modified_gmt":"2025-06-28T01:59:38","slug":"wholesale-dinner-set","status":"publish","type":"product","link":"https:\/\/jinhuaceramic.com\/fr\/product\/wholesale-dinner-set\/","title":{"rendered":"Kiln-Changed Wholesale Dinner Set, Assiettes et Bols En Vrac"},"content":{"rendered":"<div class=\"wp-block-columns is-layout-flex wp-container-core-columns-is-layout-9d6595d7 wp-block-columns-is-layout-flex\">\n<div class=\"wp-block-column is-layout-flow wp-block-column-is-layout-flow\">\n<h3 class=\"wp-block-heading\">Premium Wholesale Dinner Set Caract\u00e9ristiques :<\/h3>\n\n\n\n<ul class=\"wp-block-list\">\n<li><strong>Glacis r\u00e9actif :<\/strong> Le point fort de cette vaisselle de restaurant est la texture irr\u00e9guli\u00e8re de la surface de la vaisselle, qui ressemble aux ondulations de l'eau ou \u00e0 la surface des rochers, et qui est tr\u00e8s artistique. Cela est d\u00fb au fait que les services de table utilisent un processus de gla\u00e7age r\u00e9actif pendant le processus de cuisson, ce qui fait que chaque service de table a une texture unique et des nuances de couleur diff\u00e9rentes.<\/li>\n\n\n\n<li><strong>Couleur unique : <\/strong>La couleur vert fonc\u00e9 de ces services de table en gros donne une impression de myst\u00e8re et de naturel, ce qui peut ajouter une atmosph\u00e8re distinctive \u00e0 la table. Le bord de la vaisselle est soulign\u00e9 d'un trait noir, ce qui lui conf\u00e8re une touche d'\u00e9l\u00e9gance.<\/li>\n\n\n\n<li><strong>Mat\u00e9riau durable : <\/strong>Cette vaisselle de restaurant est fabriqu\u00e9e en c\u00e9ramique de haute qualit\u00e9 et cuite \u00e0 haute temp\u00e9rature. Ils pr\u00e9sentent donc une certaine duret\u00e9, sont r\u00e9sistants et durables, ne se rayent pas et ne se cassent pas facilement, et ont une longue dur\u00e9e de vie.<\/li>\n\n\n\n<li><strong>Ensemble complet : <\/strong>Ce service de table en gros comprend des bols et des assiettes de diff\u00e9rentes tailles qui peuvent \u00eatre s\u00e9lectionn\u00e9s en fonction du type de plats \u00e0 servir, tels que les plats principaux, les plats d'accompagnement, les soupes, les desserts, etc.<\/li>\n<\/ul>\n<\/div>\n\n\n\n<div class=\"wp-block-column is-layout-flow wp-block-column-is-layout-flow\">\n<figure class=\"wp-block-image size-full\"><img fetchpriority=\"high\" decoding=\"async\" width=\"2000\" height=\"2000\" src=\"https:\/\/jinhuaceramic.com\/wp-content\/uploads\/2025\/06\/Reactive-Glaze-Tableware-Set-Ceramic-Dinner-Plates-and-Bowls-Set.webp\" alt=\"Kiln-Changed Wholesale Dinner Set, Assiettes et Bols En Vrac-1\" class=\"wp-image-9540\" srcset=\"https:\/\/jinhuaceramic.com\/wp-content\/uploads\/2025\/06\/Reactive-Glaze-Tableware-Set-Ceramic-Dinner-Plates-and-Bowls-Set.webp 2000w, https:\/\/jinhuaceramic.com\/wp-content\/uploads\/2025\/06\/Reactive-Glaze-Tableware-Set-Ceramic-Dinner-Plates-and-Bowls-Set-300x300.webp 300w, https:\/\/jinhuaceramic.com\/wp-content\/uploads\/2025\/06\/Reactive-Glaze-Tableware-Set-Ceramic-Dinner-Plates-and-Bowls-Set-150x150.webp 150w, https:\/\/jinhuaceramic.com\/wp-content\/uploads\/2025\/06\/Reactive-Glaze-Tableware-Set-Ceramic-Dinner-Plates-and-Bowls-Set-768x768.webp 768w, https:\/\/jinhuaceramic.com\/wp-content\/uploads\/2025\/06\/Reactive-Glaze-Tableware-Set-Ceramic-Dinner-Plates-and-Bowls-Set-12x12.webp 12w, https:\/\/jinhuaceramic.com\/wp-content\/uploads\/2025\/06\/Reactive-Glaze-Tableware-Set-Ceramic-Dinner-Plates-and-Bowls-Set-285x285.webp 285w, https:\/\/jinhuaceramic.com\/wp-content\/uploads\/2025\/06\/Reactive-Glaze-Tableware-Set-Ceramic-Dinner-Plates-and-Bowls-Set-1600x1600.webp 1600w, https:\/\/jinhuaceramic.com\/wp-content\/uploads\/2025\/06\/Reactive-Glaze-Tableware-Set-Ceramic-Dinner-Plates-and-Bowls-Set-270x270.webp 270w, https:\/\/jinhuaceramic.com\/wp-content\/uploads\/2025\/06\/Reactive-Glaze-Tableware-Set-Ceramic-Dinner-Plates-and-Bowls-Set-540x540.webp 540w, https:\/\/jinhuaceramic.com\/wp-content\/uploads\/2025\/06\/Reactive-Glaze-Tableware-Set-Ceramic-Dinner-Plates-and-Bowls-Set-660x660.webp 660w\" sizes=\"(max-width: 2000px) 100vw, 2000px\" \/><\/figure>\n<\/div>\n<\/div>","protected":false},"excerpt":{"rendered":"<p>Bienvenue \u00e0 l'achat de vaisselle de restaurant. Ces services de table en gros sont dot\u00e9s d'une texture et d'une couleur de gla\u00e7ure r\u00e9active sp\u00e9ciale, d'une construction en c\u00e9ramique durable et d'une combinaison pratique et polyvalente. Alliant praticit\u00e9 et beaut\u00e9, ces services de table peuvent ajouter du style \u00e0 la table \u00e0 manger et am\u00e9liorer l'exp\u00e9rience culinaire de l'utilisateur.<\/p>","protected":false},"featured_media":9536,"comment_status":"closed","ping_status":"closed","template":"","meta":{"_acf_changed":false},"product_brand":[],"product_cat":[83,54],"product_tag":[],"class_list":{"0":"post-9533","1":"product","2":"type-product","3":"status-publish","4":"has-post-thumbnail","6":"product_cat-wholesale-dinnerware-sets","7":"product_cat-tableware-wholesale","9":"first","10":"instock","11":"shipping-taxable","12":"product-type-simple"},"acf":[],"_links":{"self":[{"href":"https:\/\/jinhuaceramic.com\/fr\/wp-json\/wp\/v2\/product\/9533","targetHints":{"allow":["GET"]}}],"collection":[{"href":"https:\/\/jinhuaceramic.com\/fr\/wp-json\/wp\/v2\/product"}],"about":[{"href":"https:\/\/jinhuaceramic.com\/fr\/wp-json\/wp\/v2\/types\/product"}],"replies":[{"embeddable":true,"href":"https:\/\/jinhuaceramic.com\/fr\/wp-json\/wp\/v2\/comments?post=9533"}],"version-history":[{"count":0,"href":"https:\/\/jinhuaceramic.com\/fr\/wp-json\/wp\/v2\/product\/9533\/revisions"}],"wp:featuredmedia":[{"embeddable":true,"href":"https:\/\/jinhuaceramic.com\/fr\/wp-json\/wp\/v2\/media\/9536"}],"wp:attachment":[{"href":"https:\/\/jinhuaceramic.com\/fr\/wp-json\/wp\/v2\/media?parent=9533"}],"wp:term":[{"taxonomy":"product_brand","embeddable":true,"href":"https:\/\/jinhuaceramic.com\/fr\/wp-json\/wp\/v2\/product_brand?post=9533"},{"taxonomy":"product_cat","embeddable":true,"href":"https:\/\/jinhuaceramic.com\/fr\/wp-json\/wp\/v2\/product_cat?post=9533"},{"taxonomy":"product_tag","embeddable":true,"href":"https:\/\/jinhuaceramic.com\/fr\/wp-json\/wp\/v2\/product_tag?post=9533"}],"curies":[{"name":"wp","href":"https:\/\/api.w.org\/{rel}","templated":true}]}}