{"id":9549,"date":"2025-06-27T10:17:03","date_gmt":"2025-06-27T10:17:03","guid":{"rendered":"https:\/\/jinhuaceramic.com\/?post_type=product&#038;p=9549"},"modified":"2025-06-27T10:17:04","modified_gmt":"2025-06-27T10:17:04","slug":"wholesale-pie-pans","status":"publish","type":"product","link":"https:\/\/jinhuaceramic.com\/fr\/product\/wholesale-pie-pans\/","title":{"rendered":"Stoneware Wholesale Pie Pans, Round Baking Dishes In Bulk (Plats \u00e0 tarte en gr\u00e8s, plats de cuisson ronds en vrac)"},"content":{"rendered":"<div class=\"wp-block-columns is-layout-flex wp-container-core-columns-is-layout-9d6595d7 wp-block-columns-is-layout-flex\">\n<div class=\"wp-block-column is-layout-flow wp-block-column-is-layout-flow\">\n<h3 class=\"wp-block-heading\">Moules \u00e0 tarte Premium Wholesale Caract\u00e9ristiques :<\/h3>\n\n\n\n<ul class=\"wp-block-list\">\n<li><strong>Design \u00e9l\u00e9gant :<\/strong> Ces moules \u00e0 tarte en gros sont dot\u00e9s d'un \u00e9l\u00e9gant bord ondul\u00e9 qui cr\u00e9e un magnifique bord croustillant pour votre tarte ou votre tartelette. Les rayures verticales sur les c\u00f4t\u00e9s ajoutent une touche d'\u00e9l\u00e9gance et d'adh\u00e9rence. Ce look intemporel est parfait pour toutes les occasions, qu'il s'agisse d'un usage quotidien ou d'une c\u00e9l\u00e9bration festive.<\/li>\n\n\n\n<li><strong>Gr\u00e8s de haute qualit\u00e9 :<\/strong> Ces plats de cuisson en c\u00e9ramique de haute qualit\u00e9 en vrac peuvent r\u00e9partir uniform\u00e9ment la chaleur, garantissant que les produits de boulangerie sont bien cuits et croustillants, et \u00e9vitant les points br\u00fbl\u00e9s ou insuffisamment cuits. Les c\u00e9ramiques de qualit\u00e9 sup\u00e9rieure ne contiennent pas de substances nocives telles que le plomb et le cadmium, ce qui rend leur utilisation plus s\u00fbre.<\/li>\n\n\n\n<li><strong>Polyvalence : <\/strong>Ces moules \u00e0 tarte en gros sont principalement utilis\u00e9s pour pr\u00e9parer diverses tartes telles que la quiche, la tarte aux pommes, la tarte au potiron, etc. mais peuvent \u00e9galement servir \u00e0 pr\u00e9parer des tartes, des l\u00e9gumes r\u00f4tis ou des petits plats en cocotte. La belle forme des moules \u00e0 tarte permet de les servir directement \u00e0 la sortie du four sur la table, ce qui peut rehausser le plaisir du repas.<\/li>\n\n\n\n<li><strong>Cadeau id\u00e9al :<\/strong> Ces plats de cuisson en c\u00e9ramique en vrac sont non seulement pratiques mais aussi magnifiques. Ils sont parfaits comme cadeaux de mariage ou de pendaison de cr\u00e9maill\u00e8re pour la famille et les amis, et constituent \u00e9galement les meilleurs cadeaux pour les boulangers.<\/li>\n<\/ul>\n<\/div>\n\n\n\n<div class=\"wp-block-column is-layout-flow wp-block-column-is-layout-flow\">\n<figure class=\"wp-block-image size-full\"><img fetchpriority=\"high\" decoding=\"async\" width=\"1800\" height=\"1800\" src=\"https:\/\/jinhuaceramic.com\/wp-content\/uploads\/2025\/06\/Stoneware-Custom-Pie-Pans-Bulk-Round-Baking-Dishes-Wholesale-4.webp\" alt=\"Stoneware Wholesale Moules \u00e0 tarte, Plats \u00e0 four ronds en vrac-1\" class=\"wp-image-9552\" srcset=\"https:\/\/jinhuaceramic.com\/wp-content\/uploads\/2025\/06\/Stoneware-Custom-Pie-Pans-Bulk-Round-Baking-Dishes-Wholesale-4.webp 1800w, https:\/\/jinhuaceramic.com\/wp-content\/uploads\/2025\/06\/Stoneware-Custom-Pie-Pans-Bulk-Round-Baking-Dishes-Wholesale-4-300x300.webp 300w, https:\/\/jinhuaceramic.com\/wp-content\/uploads\/2025\/06\/Stoneware-Custom-Pie-Pans-Bulk-Round-Baking-Dishes-Wholesale-4-150x150.webp 150w, https:\/\/jinhuaceramic.com\/wp-content\/uploads\/2025\/06\/Stoneware-Custom-Pie-Pans-Bulk-Round-Baking-Dishes-Wholesale-4-768x768.webp 768w, https:\/\/jinhuaceramic.com\/wp-content\/uploads\/2025\/06\/Stoneware-Custom-Pie-Pans-Bulk-Round-Baking-Dishes-Wholesale-4-12x12.webp 12w, https:\/\/jinhuaceramic.com\/wp-content\/uploads\/2025\/06\/Stoneware-Custom-Pie-Pans-Bulk-Round-Baking-Dishes-Wholesale-4-285x285.webp 285w, https:\/\/jinhuaceramic.com\/wp-content\/uploads\/2025\/06\/Stoneware-Custom-Pie-Pans-Bulk-Round-Baking-Dishes-Wholesale-4-1600x1600.webp 1600w, https:\/\/jinhuaceramic.com\/wp-content\/uploads\/2025\/06\/Stoneware-Custom-Pie-Pans-Bulk-Round-Baking-Dishes-Wholesale-4-270x270.webp 270w, https:\/\/jinhuaceramic.com\/wp-content\/uploads\/2025\/06\/Stoneware-Custom-Pie-Pans-Bulk-Round-Baking-Dishes-Wholesale-4-540x540.webp 540w, https:\/\/jinhuaceramic.com\/wp-content\/uploads\/2025\/06\/Stoneware-Custom-Pie-Pans-Bulk-Round-Baking-Dishes-Wholesale-4-660x660.webp 660w\" sizes=\"(max-width: 1800px) 100vw, 1800px\" \/><\/figure>\n<\/div>\n<\/div>","protected":false},"excerpt":{"rendered":"<p>Nous vous invitons \u00e0 acheter des plats \u00e0 four en c\u00e9ramique en gros. Ces moules \u00e0 tarte en gros sont appr\u00e9ci\u00e9s pour leur design \u00e9tonnant et polyvalent, leur excellente qualit\u00e9 de gr\u00e8s et leur utilisation pratique. Alliant design et utilit\u00e9, ces plats \u00e0 p\u00e2tisserie sont le meilleur choix pour les amateurs de p\u00e2tisserie et les passionn\u00e9s d'art de la table.<\/p>","protected":false},"featured_media":9556,"comment_status":"closed","ping_status":"closed","template":"","meta":{"_acf_changed":false},"product_brand":[],"product_cat":[53],"product_tag":[70],"class_list":{"0":"post-9549","1":"product","2":"type-product","3":"status-publish","4":"has-post-thumbnail","6":"product_cat-bakeware-in-bulk","7":"product_tag-custom-pie-pans","9":"first","10":"instock","11":"shipping-taxable","12":"product-type-simple"},"acf":[],"_links":{"self":[{"href":"https:\/\/jinhuaceramic.com\/fr\/wp-json\/wp\/v2\/product\/9549","targetHints":{"allow":["GET"]}}],"collection":[{"href":"https:\/\/jinhuaceramic.com\/fr\/wp-json\/wp\/v2\/product"}],"about":[{"href":"https:\/\/jinhuaceramic.com\/fr\/wp-json\/wp\/v2\/types\/product"}],"replies":[{"embeddable":true,"href":"https:\/\/jinhuaceramic.com\/fr\/wp-json\/wp\/v2\/comments?post=9549"}],"version-history":[{"count":0,"href":"https:\/\/jinhuaceramic.com\/fr\/wp-json\/wp\/v2\/product\/9549\/revisions"}],"wp:featuredmedia":[{"embeddable":true,"href":"https:\/\/jinhuaceramic.com\/fr\/wp-json\/wp\/v2\/media\/9556"}],"wp:attachment":[{"href":"https:\/\/jinhuaceramic.com\/fr\/wp-json\/wp\/v2\/media?parent=9549"}],"wp:term":[{"taxonomy":"product_brand","embeddable":true,"href":"https:\/\/jinhuaceramic.com\/fr\/wp-json\/wp\/v2\/product_brand?post=9549"},{"taxonomy":"product_cat","embeddable":true,"href":"https:\/\/jinhuaceramic.com\/fr\/wp-json\/wp\/v2\/product_cat?post=9549"},{"taxonomy":"product_tag","embeddable":true,"href":"https:\/\/jinhuaceramic.com\/fr\/wp-json\/wp\/v2\/product_tag?post=9549"}],"curies":[{"name":"wp","href":"https:\/\/api.w.org\/{rel}","templated":true}]}}