{"id":9574,"date":"2025-07-01T01:37:43","date_gmt":"2025-07-01T01:37:43","guid":{"rendered":"https:\/\/jinhuaceramic.com\/?post_type=product&#038;p=9574"},"modified":"2025-07-01T01:37:45","modified_gmt":"2025-07-01T01:37:45","slug":"restaurant-dishware-wholesale","status":"publish","type":"product","link":"https:\/\/jinhuaceramic.com\/fr\/product\/restaurant-dishware-wholesale\/","title":{"rendered":"Vaisselle de restaurant en gros, vaisselle noire et blanche en vrac"},"content":{"rendered":"<div class=\"wp-block-columns is-layout-flex wp-container-core-columns-is-layout-9d6595d7 wp-block-columns-is-layout-flex\">\n<div class=\"wp-block-column is-layout-flow wp-block-column-is-layout-flow\">\n<h3 class=\"wp-block-heading\">Premium Restaurant Dishware Wholesale Caract\u00e9ristiques :<\/h3>\n\n\n\n<ul class=\"wp-block-list\">\n<li><strong>Conception de couleurs contrast\u00e9es \u00e0 la mode :<\/strong> L'assortiment de couleurs noir et blanc de cette vaisselle de restaurant en gros est classique et durable, apportant une forte stratification visuelle, convenant \u00e0 une vari\u00e9t\u00e9 de sc\u00e8nes, des restaurants modernes aux caf\u00e9s de boutique.<\/li>\n\n\n\n<li><strong>D\u00e9tails de l'artisanat d'encre : <\/strong>Cet ensemble de vaisselle en vrac a une gla\u00e7ure int\u00e9rieure beige avec des taches noires naturellement r\u00e9parties, montrant un effet unique d'\u00e9claboussure d'encre et cr\u00e9ant une sensation unique de travail \u00e0 la main.<\/li>\n\n\n\n<li><strong>Excellente durabilit\u00e9 :<\/strong> Notre vaisselle de restaurant en gros utilise le gr\u00e8s, qui a une texture \u00e9paisse et est cuit \u00e0 haute temp\u00e9rature. Il est plus r\u00e9sistant \u00e0 la chaleur, aux rayures et ne se casse pas facilement. Il convient aux environnements \u00e0 usage fr\u00e9quent.<\/li>\n\n\n\n<li><strong>La combinaison de plusieurs pi\u00e8ces est pratique : <\/strong>Notre set de vaisselle en vrac comprend deux tailles d'assiettes plates et un bol, qui conviennent pour les salades, les plats principaux, les soupes, etc., afin de r\u00e9pondre aux besoins quotidiens de repas diversifi\u00e9s.<\/li>\n<\/ul>\n<\/div>\n\n\n\n<div class=\"wp-block-column is-layout-flow wp-block-column-is-layout-flow\">\n<figure class=\"wp-block-image size-full\"><img fetchpriority=\"high\" decoding=\"async\" width=\"2000\" height=\"2000\" src=\"https:\/\/jinhuaceramic.com\/wp-content\/uploads\/2025\/06\/Black-and-White-Dinnerware-Set-Wholesale-Custom-Stoneware-Plates-and-Bowls-2.webp\" alt=\"Vaisselle de restaurant en gros, vaisselle noire et blanche en vrac\" class=\"wp-image-9575\" srcset=\"https:\/\/jinhuaceramic.com\/wp-content\/uploads\/2025\/06\/Black-and-White-Dinnerware-Set-Wholesale-Custom-Stoneware-Plates-and-Bowls-2.webp 2000w, https:\/\/jinhuaceramic.com\/wp-content\/uploads\/2025\/06\/Black-and-White-Dinnerware-Set-Wholesale-Custom-Stoneware-Plates-and-Bowls-2-300x300.webp 300w, https:\/\/jinhuaceramic.com\/wp-content\/uploads\/2025\/06\/Black-and-White-Dinnerware-Set-Wholesale-Custom-Stoneware-Plates-and-Bowls-2-150x150.webp 150w, https:\/\/jinhuaceramic.com\/wp-content\/uploads\/2025\/06\/Black-and-White-Dinnerware-Set-Wholesale-Custom-Stoneware-Plates-and-Bowls-2-768x768.webp 768w, https:\/\/jinhuaceramic.com\/wp-content\/uploads\/2025\/06\/Black-and-White-Dinnerware-Set-Wholesale-Custom-Stoneware-Plates-and-Bowls-2-12x12.webp 12w, https:\/\/jinhuaceramic.com\/wp-content\/uploads\/2025\/06\/Black-and-White-Dinnerware-Set-Wholesale-Custom-Stoneware-Plates-and-Bowls-2-285x285.webp 285w, https:\/\/jinhuaceramic.com\/wp-content\/uploads\/2025\/06\/Black-and-White-Dinnerware-Set-Wholesale-Custom-Stoneware-Plates-and-Bowls-2-1600x1600.webp 1600w, https:\/\/jinhuaceramic.com\/wp-content\/uploads\/2025\/06\/Black-and-White-Dinnerware-Set-Wholesale-Custom-Stoneware-Plates-and-Bowls-2-270x270.webp 270w, https:\/\/jinhuaceramic.com\/wp-content\/uploads\/2025\/06\/Black-and-White-Dinnerware-Set-Wholesale-Custom-Stoneware-Plates-and-Bowls-2-540x540.webp 540w, https:\/\/jinhuaceramic.com\/wp-content\/uploads\/2025\/06\/Black-and-White-Dinnerware-Set-Wholesale-Custom-Stoneware-Plates-and-Bowls-2-660x660.webp 660w\" sizes=\"(max-width: 2000px) 100vw, 2000px\" \/><\/figure>\n<\/div>\n<\/div>","protected":false},"excerpt":{"rendered":"<p>Bienvenue pour acheter de la vaisselle de restaurant en gros. Cet ensemble de vaisselle en vrac utilise le contraste classique noir et blanc et l'effet unique d'\u00e9claboussure d'encre, qui est plein de sens moderne. Il est fabriqu\u00e9 en gr\u00e8s de haute qualit\u00e9 cuit \u00e0 haute temp\u00e9rature, robuste et durable.<\/p>","protected":false},"featured_media":9581,"comment_status":"closed","ping_status":"closed","template":"","meta":{"_acf_changed":false},"product_brand":[],"product_cat":[83,54],"product_tag":[],"class_list":{"0":"post-9574","1":"product","2":"type-product","3":"status-publish","4":"has-post-thumbnail","6":"product_cat-wholesale-dinnerware-sets","7":"product_cat-tableware-wholesale","9":"first","10":"instock","11":"shipping-taxable","12":"product-type-simple"},"acf":[],"_links":{"self":[{"href":"https:\/\/jinhuaceramic.com\/fr\/wp-json\/wp\/v2\/product\/9574","targetHints":{"allow":["GET"]}}],"collection":[{"href":"https:\/\/jinhuaceramic.com\/fr\/wp-json\/wp\/v2\/product"}],"about":[{"href":"https:\/\/jinhuaceramic.com\/fr\/wp-json\/wp\/v2\/types\/product"}],"replies":[{"embeddable":true,"href":"https:\/\/jinhuaceramic.com\/fr\/wp-json\/wp\/v2\/comments?post=9574"}],"version-history":[{"count":0,"href":"https:\/\/jinhuaceramic.com\/fr\/wp-json\/wp\/v2\/product\/9574\/revisions"}],"wp:featuredmedia":[{"embeddable":true,"href":"https:\/\/jinhuaceramic.com\/fr\/wp-json\/wp\/v2\/media\/9581"}],"wp:attachment":[{"href":"https:\/\/jinhuaceramic.com\/fr\/wp-json\/wp\/v2\/media?parent=9574"}],"wp:term":[{"taxonomy":"product_brand","embeddable":true,"href":"https:\/\/jinhuaceramic.com\/fr\/wp-json\/wp\/v2\/product_brand?post=9574"},{"taxonomy":"product_cat","embeddable":true,"href":"https:\/\/jinhuaceramic.com\/fr\/wp-json\/wp\/v2\/product_cat?post=9574"},{"taxonomy":"product_tag","embeddable":true,"href":"https:\/\/jinhuaceramic.com\/fr\/wp-json\/wp\/v2\/product_tag?post=9574"}],"curies":[{"name":"wp","href":"https:\/\/api.w.org\/{rel}","templated":true}]}}