{"id":9585,"date":"2025-07-01T01:46:16","date_gmt":"2025-07-01T01:46:16","guid":{"rendered":"https:\/\/jinhuaceramic.com\/?post_type=product&#038;p=9585"},"modified":"2025-07-01T01:46:18","modified_gmt":"2025-07-01T01:46:18","slug":"baking-dish-wholesale","status":"publish","type":"product","link":"https:\/\/jinhuaceramic.com\/fr\/product\/baking-dish-wholesale\/","title":{"rendered":"Plat \u00e0 gratin en gr\u00e8s Wholesale, Set de cuisson personnalis\u00e9 3 pi\u00e8ces"},"content":{"rendered":"<div class=\"wp-block-columns is-layout-flex wp-container-core-columns-is-layout-9d6595d7 wp-block-columns-is-layout-flex\">\n<div class=\"wp-block-column is-layout-flow wp-block-column-is-layout-flow\">\n<h3 class=\"wp-block-heading\">Plat de cuisson de qualit\u00e9 sup\u00e9rieure Caract\u00e9ristiques en gros :<\/h3>\n\n\n\n<ul class=\"wp-block-list\">\n<li><strong>Conception de style pastoral :<\/strong> Ce plat de cuisson en gros utilise une palette de couleurs chaudes et naturelles, avec le beige comme couleur principale et un d\u00e9grad\u00e9 de marron clair sur les bords, cr\u00e9ant ainsi une exp\u00e9rience de repas confortable.<\/li>\n\n\n\n<li><strong>Mat\u00e9riau c\u00e9ramique de haute qualit\u00e9 : <\/strong>Notre batterie de cuisine personnalis\u00e9e est robuste et durable, r\u00e9sistante aux rayures et aux fissures, adapt\u00e9e aux environnements \u00e0 haute temp\u00e9rature dans le four, et ne se d\u00e9forme pas facilement et ne vieillit pas. La structure en c\u00e9ramique garantit un chauffage uniforme et permet de cuire compl\u00e8tement les aliments.<\/li>\n\n\n\n<li><strong>Trois tailles pratiques : <\/strong>Nos plats de cuisson en gros offrent trois sp\u00e9cifications : grand, moyen et petit, adapt\u00e9s \u00e0 une vari\u00e9t\u00e9 d'ingr\u00e9dients et de plats, des poulets entiers r\u00f4tis aux lasagnes, en passant par les desserts et la cuisson quotidienne des l\u00e9gumes.<\/li>\n\n\n\n<li><strong>Rangement embo\u00eetable et poign\u00e9es pratiques :<\/strong> La conception embo\u00eetable de cette batterie de cuisine personnalis\u00e9e permet de gagner de la place, et les poign\u00e9es \u00e9largies des deux c\u00f4t\u00e9s sont faciles \u00e0 manipuler, ce qui la rend plus s\u00fbre et plus pratique, qu'elle soit sortie du four ou servie directement sur la table.<\/li>\n<\/ul>\n<\/div>\n\n\n\n<div class=\"wp-block-column is-layout-flow wp-block-column-is-layout-flow\">\n<figure class=\"wp-block-image size-full\"><img fetchpriority=\"high\" decoding=\"async\" width=\"800\" height=\"800\" src=\"https:\/\/jinhuaceramic.com\/wp-content\/uploads\/2025\/06\/3-Piece-Custom-Baking-Dishes-Set-Ceramic-Bakeware-Set-Wholesale-5.webp\" alt=\"Plat \u00e0 gratin en gr\u00e8s Wholesale, 3 pi\u00e8ces, set de cuisson personnalis\u00e9-4\" class=\"wp-image-9589\" srcset=\"https:\/\/jinhuaceramic.com\/wp-content\/uploads\/2025\/06\/3-Piece-Custom-Baking-Dishes-Set-Ceramic-Bakeware-Set-Wholesale-5.webp 800w, https:\/\/jinhuaceramic.com\/wp-content\/uploads\/2025\/06\/3-Piece-Custom-Baking-Dishes-Set-Ceramic-Bakeware-Set-Wholesale-5-300x300.webp 300w, https:\/\/jinhuaceramic.com\/wp-content\/uploads\/2025\/06\/3-Piece-Custom-Baking-Dishes-Set-Ceramic-Bakeware-Set-Wholesale-5-150x150.webp 150w, https:\/\/jinhuaceramic.com\/wp-content\/uploads\/2025\/06\/3-Piece-Custom-Baking-Dishes-Set-Ceramic-Bakeware-Set-Wholesale-5-768x768.webp 768w, https:\/\/jinhuaceramic.com\/wp-content\/uploads\/2025\/06\/3-Piece-Custom-Baking-Dishes-Set-Ceramic-Bakeware-Set-Wholesale-5-12x12.webp 12w, https:\/\/jinhuaceramic.com\/wp-content\/uploads\/2025\/06\/3-Piece-Custom-Baking-Dishes-Set-Ceramic-Bakeware-Set-Wholesale-5-285x285.webp 285w, https:\/\/jinhuaceramic.com\/wp-content\/uploads\/2025\/06\/3-Piece-Custom-Baking-Dishes-Set-Ceramic-Bakeware-Set-Wholesale-5-270x270.webp 270w, https:\/\/jinhuaceramic.com\/wp-content\/uploads\/2025\/06\/3-Piece-Custom-Baking-Dishes-Set-Ceramic-Bakeware-Set-Wholesale-5-540x540.webp 540w, https:\/\/jinhuaceramic.com\/wp-content\/uploads\/2025\/06\/3-Piece-Custom-Baking-Dishes-Set-Ceramic-Bakeware-Set-Wholesale-5-660x660.webp 660w\" sizes=\"(max-width: 800px) 100vw, 800px\" \/><\/figure>\n<\/div>\n<\/div>","protected":false},"excerpt":{"rendered":"<p>Bienvenue sur le site d'achat en gros de plats de cuisson. Ce plat \u00e0 four personnalis\u00e9 de style pastoral est beige comme couleur principale, avec un motif d\u00e9grad\u00e9 marron clair sur les bords, simple et naturel, convenant \u00e0 diff\u00e9rents styles de cuisine. Il utilise des c\u00e9ramiques de haute qualit\u00e9 r\u00e9sistantes aux temp\u00e9ratures \u00e9lev\u00e9es, qui sont chauff\u00e9es uniform\u00e9ment, robustes et r\u00e9sistantes aux fissures, et qui permettent de r\u00e9aliser des cuissons en plusieurs endroits.<\/p>","protected":false},"featured_media":9587,"comment_status":"closed","ping_status":"closed","template":"","meta":{"_acf_changed":false},"product_brand":[],"product_cat":[53],"product_tag":[71],"class_list":{"0":"post-9585","1":"product","2":"type-product","3":"status-publish","4":"has-post-thumbnail","6":"product_cat-bakeware-in-bulk","7":"product_tag-wholesale-baking-pans","9":"first","10":"instock","11":"shipping-taxable","12":"product-type-simple"},"acf":[],"_links":{"self":[{"href":"https:\/\/jinhuaceramic.com\/fr\/wp-json\/wp\/v2\/product\/9585","targetHints":{"allow":["GET"]}}],"collection":[{"href":"https:\/\/jinhuaceramic.com\/fr\/wp-json\/wp\/v2\/product"}],"about":[{"href":"https:\/\/jinhuaceramic.com\/fr\/wp-json\/wp\/v2\/types\/product"}],"replies":[{"embeddable":true,"href":"https:\/\/jinhuaceramic.com\/fr\/wp-json\/wp\/v2\/comments?post=9585"}],"version-history":[{"count":0,"href":"https:\/\/jinhuaceramic.com\/fr\/wp-json\/wp\/v2\/product\/9585\/revisions"}],"wp:featuredmedia":[{"embeddable":true,"href":"https:\/\/jinhuaceramic.com\/fr\/wp-json\/wp\/v2\/media\/9587"}],"wp:attachment":[{"href":"https:\/\/jinhuaceramic.com\/fr\/wp-json\/wp\/v2\/media?parent=9585"}],"wp:term":[{"taxonomy":"product_brand","embeddable":true,"href":"https:\/\/jinhuaceramic.com\/fr\/wp-json\/wp\/v2\/product_brand?post=9585"},{"taxonomy":"product_cat","embeddable":true,"href":"https:\/\/jinhuaceramic.com\/fr\/wp-json\/wp\/v2\/product_cat?post=9585"},{"taxonomy":"product_tag","embeddable":true,"href":"https:\/\/jinhuaceramic.com\/fr\/wp-json\/wp\/v2\/product_tag?post=9585"}],"curies":[{"name":"wp","href":"https:\/\/api.w.org\/{rel}","templated":true}]}}