{"id":9601,"date":"2025-07-04T01:12:03","date_gmt":"2025-07-04T01:12:03","guid":{"rendered":"https:\/\/jinhuaceramic.com\/?post_type=product&#038;p=9601"},"modified":"2025-07-04T01:12:04","modified_gmt":"2025-07-04T01:12:04","slug":"wholesale-stoneware","status":"publish","type":"product","link":"https:\/\/jinhuaceramic.com\/fr\/product\/wholesale-stoneware\/","title":{"rendered":"Assiettes et bols en gr\u00e8s en gros, vaisselle \u00e0 th\u00e8me oc\u00e9anique"},"content":{"rendered":"<div class=\"wp-block-columns is-layout-flex wp-container-core-columns-is-layout-9d6595d7 wp-block-columns-is-layout-flex\">\n<div class=\"wp-block-column is-layout-flow wp-block-column-is-layout-flow\">\n<h3 class=\"wp-block-heading\">Premium Wholesale Stoneware Set Caract\u00e9ristiques :<\/h3>\n\n\n\n<ul class=\"wp-block-list\">\n<li><strong>Motif artistique : <\/strong>Ces vaisselles en gr\u00e8s int\u00e8grent des motifs artistiques, imprim\u00e9s avec de belles esp\u00e8ces marines telles que des coquillages, des \u00e9toiles de mer et des coraux, utilisant le bleu frais comme couleur de fond, en contraste avec un fond gris chaud rustique, \u00e9voquant une ambiance apaisante de vacances ou de plage.<\/li>\n\n\n\n<li><strong>Texture naturelle : <\/strong>Les assiettes, bols et tasses de cette vaisselle de restaurant en vrac pr\u00e9sentent de d\u00e9licats motifs en spirale sur la surface, imitant le travail de la poterie artisanale et pr\u00e9sentant un aspect rustique et terreux.<\/li>\n\n\n\n<li><strong>C\u00e9ramique durable :<\/strong> Ces vaisselles en gr\u00e8s de haute qualit\u00e9 ne contiennent pas de produits chimiques tels que le plomb et le cadmium et sont sans danger pour les aliments. La c\u00e9ramique est moins susceptible de se briser, elle est plus solide que la c\u00e9ramique ordinaire, elle n'est pas cassante et elle a une dur\u00e9e de vie plus longue.<\/li>\n<\/ul>\n<\/div>\n\n\n\n<div class=\"wp-block-column is-layout-flow wp-block-column-is-layout-flow\">\n<figure class=\"wp-block-image size-full\"><img fetchpriority=\"high\" decoding=\"async\" width=\"800\" height=\"800\" src=\"https:\/\/jinhuaceramic.com\/wp-content\/uploads\/2025\/07\/Ocean-Themed-Tableware-Set-Stoneware-Dinner-Plate-and-Bowls-in-Bulk-6.webp\" alt=\"Assiettes et bols en gr\u00e8s en gros, vaisselle \u00e0 th\u00e8me oc\u00e9anique-1\" class=\"wp-image-9606\" srcset=\"https:\/\/jinhuaceramic.com\/wp-content\/uploads\/2025\/07\/Ocean-Themed-Tableware-Set-Stoneware-Dinner-Plate-and-Bowls-in-Bulk-6.webp 800w, https:\/\/jinhuaceramic.com\/wp-content\/uploads\/2025\/07\/Ocean-Themed-Tableware-Set-Stoneware-Dinner-Plate-and-Bowls-in-Bulk-6-300x300.webp 300w, https:\/\/jinhuaceramic.com\/wp-content\/uploads\/2025\/07\/Ocean-Themed-Tableware-Set-Stoneware-Dinner-Plate-and-Bowls-in-Bulk-6-150x150.webp 150w, https:\/\/jinhuaceramic.com\/wp-content\/uploads\/2025\/07\/Ocean-Themed-Tableware-Set-Stoneware-Dinner-Plate-and-Bowls-in-Bulk-6-768x768.webp 768w, https:\/\/jinhuaceramic.com\/wp-content\/uploads\/2025\/07\/Ocean-Themed-Tableware-Set-Stoneware-Dinner-Plate-and-Bowls-in-Bulk-6-12x12.webp 12w, https:\/\/jinhuaceramic.com\/wp-content\/uploads\/2025\/07\/Ocean-Themed-Tableware-Set-Stoneware-Dinner-Plate-and-Bowls-in-Bulk-6-285x285.webp 285w, https:\/\/jinhuaceramic.com\/wp-content\/uploads\/2025\/07\/Ocean-Themed-Tableware-Set-Stoneware-Dinner-Plate-and-Bowls-in-Bulk-6-270x270.webp 270w, https:\/\/jinhuaceramic.com\/wp-content\/uploads\/2025\/07\/Ocean-Themed-Tableware-Set-Stoneware-Dinner-Plate-and-Bowls-in-Bulk-6-540x540.webp 540w, https:\/\/jinhuaceramic.com\/wp-content\/uploads\/2025\/07\/Ocean-Themed-Tableware-Set-Stoneware-Dinner-Plate-and-Bowls-in-Bulk-6-660x660.webp 660w\" sizes=\"(max-width: 800px) 100vw, 800px\" \/><\/figure>\n<\/div>\n<\/div>","protected":false},"excerpt":{"rendered":"<p>Nous vous invitons \u00e0 acheter en gros de la vaisselle en gr\u00e8s. Cette vaisselle de restaurant en vrac adopte un design unique sur le th\u00e8me de l'oc\u00e9an, un mat\u00e9riau c\u00e9ramique durable, des fonctions compl\u00e8tes, \u00e0 la fois belles et pratiques. Ajoutez une atmosph\u00e8re marine unique \u00e0 l'environnement de la salle \u00e0 manger et am\u00e9liorez l'exp\u00e9rience de la salle \u00e0 manger.<\/p>","protected":false},"featured_media":9603,"comment_status":"closed","ping_status":"closed","template":"","meta":{"_acf_changed":false},"product_brand":[],"product_cat":[83,54],"product_tag":[],"class_list":{"0":"post-9601","1":"product","2":"type-product","3":"status-publish","4":"has-post-thumbnail","6":"product_cat-wholesale-dinnerware-sets","7":"product_cat-tableware-wholesale","9":"first","10":"instock","11":"shipping-taxable","12":"product-type-simple"},"acf":[],"_links":{"self":[{"href":"https:\/\/jinhuaceramic.com\/fr\/wp-json\/wp\/v2\/product\/9601","targetHints":{"allow":["GET"]}}],"collection":[{"href":"https:\/\/jinhuaceramic.com\/fr\/wp-json\/wp\/v2\/product"}],"about":[{"href":"https:\/\/jinhuaceramic.com\/fr\/wp-json\/wp\/v2\/types\/product"}],"replies":[{"embeddable":true,"href":"https:\/\/jinhuaceramic.com\/fr\/wp-json\/wp\/v2\/comments?post=9601"}],"version-history":[{"count":0,"href":"https:\/\/jinhuaceramic.com\/fr\/wp-json\/wp\/v2\/product\/9601\/revisions"}],"wp:featuredmedia":[{"embeddable":true,"href":"https:\/\/jinhuaceramic.com\/fr\/wp-json\/wp\/v2\/media\/9603"}],"wp:attachment":[{"href":"https:\/\/jinhuaceramic.com\/fr\/wp-json\/wp\/v2\/media?parent=9601"}],"wp:term":[{"taxonomy":"product_brand","embeddable":true,"href":"https:\/\/jinhuaceramic.com\/fr\/wp-json\/wp\/v2\/product_brand?post=9601"},{"taxonomy":"product_cat","embeddable":true,"href":"https:\/\/jinhuaceramic.com\/fr\/wp-json\/wp\/v2\/product_cat?post=9601"},{"taxonomy":"product_tag","embeddable":true,"href":"https:\/\/jinhuaceramic.com\/fr\/wp-json\/wp\/v2\/product_tag?post=9601"}],"curies":[{"name":"wp","href":"https:\/\/api.w.org\/{rel}","templated":true}]}}