{"id":9618,"date":"2025-07-04T01:50:56","date_gmt":"2025-07-04T01:50:56","guid":{"rendered":"https:\/\/jinhuaceramic.com\/?post_type=product&#038;p=9618"},"modified":"2025-07-04T01:50:58","modified_gmt":"2025-07-04T01:50:58","slug":"bulk-dishware","status":"publish","type":"product","link":"https:\/\/jinhuaceramic.com\/fr\/product\/bulk-dishware\/","title":{"rendered":"Vaisselle en vrac fournie par l'usine, vaisselle bleue en gros"},"content":{"rendered":"<div class=\"wp-block-columns is-layout-flex wp-container-core-columns-is-layout-9d6595d7 wp-block-columns-is-layout-flex\">\n<div class=\"wp-block-column is-layout-flow wp-block-column-is-layout-flow\">\n<h3 class=\"wp-block-heading\">Vaisselle en vrac de qualit\u00e9 sup\u00e9rieure Caract\u00e9ristiques :<\/h3>\n\n\n\n<ul class=\"wp-block-list\">\n<li><strong>Design \u00e9l\u00e9gant :<\/strong> Cette vaisselle en vrac est de couleur bleu fonc\u00e9 et pr\u00e9sente un \u00e9clat \u00e9toil\u00e9 tr\u00e8s \u00e9l\u00e9gant. Le bord brun irr\u00e9gulier de la bordure de la vaisselle a un aspect rugueux fait \u00e0 la main, ce qui renforce l'aspect artistique de la vaisselle.<\/li>\n\n\n\n<li><strong>Mat\u00e9riau de haute qualit\u00e9 : <\/strong>Cette vaisselle bleue en gros est fabriqu\u00e9e en c\u00e9ramique alimentaire de haute qualit\u00e9, exempte de produits chimiques nocifs tels que le plomb et le cadmium, et son utilisation est plus s\u00fbre. Cette vaisselle peut \u00eatre utilis\u00e9e dans les micro-ondes, les fours, les friteuses, les r\u00e9frig\u00e9rateurs et les lave-vaisselle, ce qui est tr\u00e8s pratique.<\/li>\n\n\n\n<li><strong>Une grande praticit\u00e9 : <\/strong>Notre vaisselle en vrac contient un bol \u00e0 large ouverture de 7,5 pouces, une assiette de 8,5 pouces et une assiette de 10,5 pouces, qui peuvent r\u00e9pondre aux besoins de servir une vari\u00e9t\u00e9 d'aliments tels que les aliments de base, les plats d'accompagnement, les soupes, les salades, les desserts, etc. et sont extr\u00eamement pratiques.<\/li>\n\n\n\n<li><strong>Un cadeau id\u00e9al : <\/strong>Nos services de vaisselle bleus en gros sont \u00e0 la fois pratiques et esth\u00e9tiques. Ils conviennent parfaitement comme cadeau de mariage ou de pendaison de cr\u00e9maill\u00e8re, soulignant le go\u00fbt de la personne qui offre le cadeau et transmettant ses bons v\u0153ux.<\/li>\n<\/ul>\n<\/div>\n\n\n\n<div class=\"wp-block-column is-layout-flow wp-block-column-is-layout-flow\">\n<figure class=\"wp-block-image size-full\"><img fetchpriority=\"high\" decoding=\"async\" width=\"800\" height=\"800\" src=\"https:\/\/jinhuaceramic.com\/wp-content\/uploads\/2025\/07\/Blue-Dinner-Plate-and-Bowl-Set-Wholesale-Ceramic-Tableware-Set-5.webp\" alt=\"Vaisselle en vrac fournie par l&#039;usine, vaisselle bleue en gros-1\" class=\"wp-image-9622\" srcset=\"https:\/\/jinhuaceramic.com\/wp-content\/uploads\/2025\/07\/Blue-Dinner-Plate-and-Bowl-Set-Wholesale-Ceramic-Tableware-Set-5.webp 800w, https:\/\/jinhuaceramic.com\/wp-content\/uploads\/2025\/07\/Blue-Dinner-Plate-and-Bowl-Set-Wholesale-Ceramic-Tableware-Set-5-300x300.webp 300w, https:\/\/jinhuaceramic.com\/wp-content\/uploads\/2025\/07\/Blue-Dinner-Plate-and-Bowl-Set-Wholesale-Ceramic-Tableware-Set-5-150x150.webp 150w, https:\/\/jinhuaceramic.com\/wp-content\/uploads\/2025\/07\/Blue-Dinner-Plate-and-Bowl-Set-Wholesale-Ceramic-Tableware-Set-5-768x768.webp 768w, https:\/\/jinhuaceramic.com\/wp-content\/uploads\/2025\/07\/Blue-Dinner-Plate-and-Bowl-Set-Wholesale-Ceramic-Tableware-Set-5-12x12.webp 12w, https:\/\/jinhuaceramic.com\/wp-content\/uploads\/2025\/07\/Blue-Dinner-Plate-and-Bowl-Set-Wholesale-Ceramic-Tableware-Set-5-285x285.webp 285w, https:\/\/jinhuaceramic.com\/wp-content\/uploads\/2025\/07\/Blue-Dinner-Plate-and-Bowl-Set-Wholesale-Ceramic-Tableware-Set-5-270x270.webp 270w, https:\/\/jinhuaceramic.com\/wp-content\/uploads\/2025\/07\/Blue-Dinner-Plate-and-Bowl-Set-Wholesale-Ceramic-Tableware-Set-5-540x540.webp 540w, https:\/\/jinhuaceramic.com\/wp-content\/uploads\/2025\/07\/Blue-Dinner-Plate-and-Bowl-Set-Wholesale-Ceramic-Tableware-Set-5-660x660.webp 660w\" sizes=\"(max-width: 800px) 100vw, 800px\" \/><\/figure>\n<\/div>\n<\/div>","protected":false},"excerpt":{"rendered":"<p>Bienvenue dans l'achat de vaisselle en gros. Nos services de vaisselle bleue en gros pr\u00e9sentent des designs \u00e9l\u00e9gants et des combinaisons pratiques de divers articles de table. Ils conviennent non seulement \u00e0 la maison ou au restaurant, mais sont aussi de parfaits cadeaux.<\/p>","protected":false},"featured_media":9624,"comment_status":"closed","ping_status":"closed","template":"","meta":{"_acf_changed":false},"product_brand":[],"product_cat":[83,54],"product_tag":[],"class_list":{"0":"post-9618","1":"product","2":"type-product","3":"status-publish","4":"has-post-thumbnail","6":"product_cat-wholesale-dinnerware-sets","7":"product_cat-tableware-wholesale","9":"first","10":"instock","11":"shipping-taxable","12":"product-type-simple"},"acf":[],"_links":{"self":[{"href":"https:\/\/jinhuaceramic.com\/fr\/wp-json\/wp\/v2\/product\/9618","targetHints":{"allow":["GET"]}}],"collection":[{"href":"https:\/\/jinhuaceramic.com\/fr\/wp-json\/wp\/v2\/product"}],"about":[{"href":"https:\/\/jinhuaceramic.com\/fr\/wp-json\/wp\/v2\/types\/product"}],"replies":[{"embeddable":true,"href":"https:\/\/jinhuaceramic.com\/fr\/wp-json\/wp\/v2\/comments?post=9618"}],"version-history":[{"count":0,"href":"https:\/\/jinhuaceramic.com\/fr\/wp-json\/wp\/v2\/product\/9618\/revisions"}],"wp:featuredmedia":[{"embeddable":true,"href":"https:\/\/jinhuaceramic.com\/fr\/wp-json\/wp\/v2\/media\/9624"}],"wp:attachment":[{"href":"https:\/\/jinhuaceramic.com\/fr\/wp-json\/wp\/v2\/media?parent=9618"}],"wp:term":[{"taxonomy":"product_brand","embeddable":true,"href":"https:\/\/jinhuaceramic.com\/fr\/wp-json\/wp\/v2\/product_brand?post=9618"},{"taxonomy":"product_cat","embeddable":true,"href":"https:\/\/jinhuaceramic.com\/fr\/wp-json\/wp\/v2\/product_cat?post=9618"},{"taxonomy":"product_tag","embeddable":true,"href":"https:\/\/jinhuaceramic.com\/fr\/wp-json\/wp\/v2\/product_tag?post=9618"}],"curies":[{"name":"wp","href":"https:\/\/api.w.org\/{rel}","templated":true}]}}