{"id":9633,"date":"2025-07-10T06:51:45","date_gmt":"2025-07-10T06:51:45","guid":{"rendered":"https:\/\/jinhuaceramic.com\/?post_type=product&#038;p=9633"},"modified":"2025-11-12T03:27:51","modified_gmt":"2025-11-12T03:27:51","slug":"wholesale-bath-accessories-sets","status":"publish","type":"product","link":"https:\/\/jinhuaceramic.com\/fr\/product\/wholesale-bath-accessories-sets\/","title":{"rendered":"Ensemble d'accessoires de bain 5 pi\u00e8ces, set de salle de bain personnalis\u00e9"},"content":{"rendered":"<div class=\"wp-block-columns is-layout-flex wp-container-core-columns-is-layout-9d6595d7 wp-block-columns-is-layout-flex\">\n<div class=\"wp-block-column is-layout-flow wp-block-column-is-layout-flow\">\n<h3 class=\"wp-block-heading\">Premium 5-Piece Wholesale Bath Accessories Sets Features :<\/h3>\n\n\n\n<ul class=\"wp-block-list\">\n<li><strong>Forme unique : <\/strong>Ces accessoires de bain en gros ont des formes uniques et arrondies, tout comme des pierres rondes empil\u00e9es naturellement, qui sont d\u00e9cal\u00e9es et brisent les lignes r\u00e9guli\u00e8res des accessoires de salle de bain conventionnels et sont pleins de sens artistique.<\/li>\n\n\n\n<li><strong>Blanc mat :<\/strong> Ces ensembles d'accessoires de bain en gros sont simples et rafra\u00eechissants en blanc, ce qui convient aux salles de bains qui recherchent un espace propre et est tr\u00e8s polyvalent et adapt\u00e9 \u00e0 diff\u00e9rents styles de d\u00e9coration. La surface pr\u00e9sente une couleur mate, plus avanc\u00e9e et plus sobre que la surface brillante.<\/li>\n\n\n\n<li><strong>Fine Mati\u00e8re :<\/strong> L'ensemble de salle de bains en gros est fabriqu\u00e9 \u00e0 partir de mat\u00e9riaux c\u00e9ramiques de qualit\u00e9 sup\u00e9rieure qui sont durables, imperm\u00e9ables \u00e0 l'eau et \u00e0 la vapeur et qui peuvent r\u00e9sister \u00e0 l'\u00e9preuve du temps et aux environnements humides.<\/li>\n\n\n\n<li><strong>Ensemble complet :<\/strong> Les distributeurs de savon, les porte-brosses \u00e0 dents, les gobelets pour bain de bouche, les pots de rangement avec couvercle et les porte-savons sont tous inclus dans les sets de salle de bains en gros. Il s'agit d'unit\u00e9s compl\u00e8tes qui peuvent \u00eatre utilis\u00e9es pour le stockage et l'utilisation des produits essentiels de la salle de bains, \u00e9liminant ainsi le risque de d\u00e9sordre et d'encombrement sur les comptoirs de la salle de bains.<\/li>\n<\/ul>\n<\/div>\n\n\n\n<div class=\"wp-block-column is-layout-flow wp-block-column-is-layout-flow\">\n<figure class=\"wp-block-image size-full\"><img fetchpriority=\"high\" decoding=\"async\" width=\"1600\" height=\"1600\" src=\"https:\/\/jinhuaceramic.com\/wp-content\/uploads\/2025\/07\/5-Piece-Designer-Bathroom-Sets-Wholesale-Shower-Accessories-In-Bulk-3.webp\" alt=\"5-pieces-wholesale-bath-accessories-sets-custom-bathroom-set-3\" class=\"wp-image-9635\" srcset=\"https:\/\/jinhuaceramic.com\/wp-content\/uploads\/2025\/07\/5-Piece-Designer-Bathroom-Sets-Wholesale-Shower-Accessories-In-Bulk-3.webp 1600w, https:\/\/jinhuaceramic.com\/wp-content\/uploads\/2025\/07\/5-Piece-Designer-Bathroom-Sets-Wholesale-Shower-Accessories-In-Bulk-3-300x300.webp 300w, https:\/\/jinhuaceramic.com\/wp-content\/uploads\/2025\/07\/5-Piece-Designer-Bathroom-Sets-Wholesale-Shower-Accessories-In-Bulk-3-150x150.webp 150w, https:\/\/jinhuaceramic.com\/wp-content\/uploads\/2025\/07\/5-Piece-Designer-Bathroom-Sets-Wholesale-Shower-Accessories-In-Bulk-3-768x768.webp 768w, https:\/\/jinhuaceramic.com\/wp-content\/uploads\/2025\/07\/5-Piece-Designer-Bathroom-Sets-Wholesale-Shower-Accessories-In-Bulk-3-12x12.webp 12w, https:\/\/jinhuaceramic.com\/wp-content\/uploads\/2025\/07\/5-Piece-Designer-Bathroom-Sets-Wholesale-Shower-Accessories-In-Bulk-3-285x285.webp 285w, https:\/\/jinhuaceramic.com\/wp-content\/uploads\/2025\/07\/5-Piece-Designer-Bathroom-Sets-Wholesale-Shower-Accessories-In-Bulk-3-270x270.webp 270w, https:\/\/jinhuaceramic.com\/wp-content\/uploads\/2025\/07\/5-Piece-Designer-Bathroom-Sets-Wholesale-Shower-Accessories-In-Bulk-3-540x540.webp 540w, https:\/\/jinhuaceramic.com\/wp-content\/uploads\/2025\/07\/5-Piece-Designer-Bathroom-Sets-Wholesale-Shower-Accessories-In-Bulk-3-660x660.webp 660w\" sizes=\"(max-width: 1600px) 100vw, 1600px\" \/><\/figure>\n<\/div>\n<\/div>","protected":false},"excerpt":{"rendered":"<p>Bienvenue sur notre site de vente en gros d'accessoires de bain. Ces ensembles de salle de bain uniques sont fabriqu\u00e9s en c\u00e9ramique durable combin\u00e9e \u00e0 des accessoires fonctionnels, ce qui en fait un article de salle de bain essentiel. De plus, leur forme cr\u00e9ative et distinctive et leur luxe blanc mat immacul\u00e9 les rendent fonctionnels et rehaussent l'esth\u00e9tique g\u00e9n\u00e9rale de la salle de bains.<\/p>","protected":false},"featured_media":9639,"comment_status":"closed","ping_status":"closed","template":"","meta":{"_acf_changed":false},"product_brand":[],"product_cat":[51],"product_tag":[],"class_list":{"0":"post-9633","1":"product","2":"type-product","3":"status-publish","4":"has-post-thumbnail","6":"product_cat-bathroom-accessories-wholesale","8":"first","9":"instock","10":"shipping-taxable","11":"product-type-simple"},"acf":[],"_links":{"self":[{"href":"https:\/\/jinhuaceramic.com\/fr\/wp-json\/wp\/v2\/product\/9633","targetHints":{"allow":["GET"]}}],"collection":[{"href":"https:\/\/jinhuaceramic.com\/fr\/wp-json\/wp\/v2\/product"}],"about":[{"href":"https:\/\/jinhuaceramic.com\/fr\/wp-json\/wp\/v2\/types\/product"}],"replies":[{"embeddable":true,"href":"https:\/\/jinhuaceramic.com\/fr\/wp-json\/wp\/v2\/comments?post=9633"}],"version-history":[{"count":0,"href":"https:\/\/jinhuaceramic.com\/fr\/wp-json\/wp\/v2\/product\/9633\/revisions"}],"wp:featuredmedia":[{"embeddable":true,"href":"https:\/\/jinhuaceramic.com\/fr\/wp-json\/wp\/v2\/media\/9639"}],"wp:attachment":[{"href":"https:\/\/jinhuaceramic.com\/fr\/wp-json\/wp\/v2\/media?parent=9633"}],"wp:term":[{"taxonomy":"product_brand","embeddable":true,"href":"https:\/\/jinhuaceramic.com\/fr\/wp-json\/wp\/v2\/product_brand?post=9633"},{"taxonomy":"product_cat","embeddable":true,"href":"https:\/\/jinhuaceramic.com\/fr\/wp-json\/wp\/v2\/product_cat?post=9633"},{"taxonomy":"product_tag","embeddable":true,"href":"https:\/\/jinhuaceramic.com\/fr\/wp-json\/wp\/v2\/product_tag?post=9633"}],"curies":[{"name":"wp","href":"https:\/\/api.w.org\/{rel}","templated":true}]}}