{"id":9651,"date":"2025-07-10T04:09:37","date_gmt":"2025-07-10T04:09:37","guid":{"rendered":"https:\/\/jinhuaceramic.com\/?post_type=product&#038;p=9651"},"modified":"2025-11-12T03:32:15","modified_gmt":"2025-11-12T03:32:15","slug":"rectangular-baking-dish-wholesale","status":"publish","type":"product","link":"https:\/\/jinhuaceramic.com\/fr\/product\/rectangular-baking-dish-wholesale\/","title":{"rendered":"Plat de cuisson rectangulaire Wholesale, Casseroles sur mesure"},"content":{"rendered":"<div class=\"wp-block-columns is-layout-flex wp-container-core-columns-is-layout-9d6595d7 wp-block-columns-is-layout-flex\">\n<div class=\"wp-block-column is-layout-flow wp-block-column-is-layout-flow\">\n<h3 class=\"wp-block-heading\">Plat de cuisson rectangulaire de qualit\u00e9 sup\u00e9rieure Caract\u00e9ristiques en gros :<\/h3>\n\n\n\n<ul class=\"wp-block-list\">\n<li><strong>Design \u00e9l\u00e9gant :<\/strong> Ces plats de cuisson personnalis\u00e9s pr\u00e9sentent des couleurs harmonieuses et des designs \u00e9l\u00e9gants. L'int\u00e9rieur est \u00e9maill\u00e9 cr\u00e8me, simple et propre, et permet d'observer facilement la couleur des aliments. La paroi ext\u00e9rieure est d'un orange chaud, formant un doux effet de contraste, et le contour brun fonc\u00e9 ajoute une impression de superposition.<\/li>\n\n\n\n<li><strong>Bonne Mati\u00e8re : <\/strong>Le plat de cuisson rectangulaire antiadh\u00e9sif en c\u00e9ramique naturelle pure cuite \u00e0 haute temp\u00e9rature ne contient pas de substances toxiques telles que le plomb et le cadmium, ni d'autres substances toxiques, et peut \u00eatre mis en contact avec les aliments en toute s\u00e9curit\u00e9.<\/li>\n\n\n\n<li><strong>Polyvalence :<\/strong> Ces plats \u00e0 gratin personnalis\u00e9s au design rectangulaire traditionnel sont parfaits pour les produits de boulangerie les plus divers, tels que les lasagnes, les rago\u00fbts, les l\u00e9gumes r\u00f4tis, les brownies, le pain au lait, etc. En outre, leur belle apparence permet de pr\u00e9senter les aliments cuits au four dans le plat de cuisson lui-m\u00eame, en guise de plat de service.<\/li>\n\n\n\n<li><strong>Poign\u00e9es larges : <\/strong>Le plat de cuisson rectangulaire en gros est dot\u00e9 de larges poign\u00e9es aux deux extr\u00e9mit\u00e9s, ce qui permet aux utilisateurs de le retirer plus facilement du four en toute s\u00e9curit\u00e9 ou de le tenir fermement lorsqu'ils le servent \u00e0 table. Le design ray\u00e9 des poign\u00e9es ajoute un sens du d\u00e9tail et emp\u00eache de glisser.<\/li>\n<\/ul>\n<\/div>\n\n\n\n<div class=\"wp-block-column is-layout-flow wp-block-column-is-layout-flow\">\n<figure class=\"wp-block-image size-full\"><img fetchpriority=\"high\" decoding=\"async\" width=\"1500\" height=\"1500\" src=\"https:\/\/jinhuaceramic.com\/wp-content\/uploads\/2025\/07\/Rectangular-Non-Stick-Baking-Dish-Ceramic-Custom-Casserole-Dish-10.webp\" alt=\"plat de cuisson rectangulaire antiadh\u00e9sif - plat de cuisson en gros en c\u00e9ramique personnalis\u00e9 - plat \u00e0 gratin - 10\" class=\"wp-image-9659\" srcset=\"https:\/\/jinhuaceramic.com\/wp-content\/uploads\/2025\/07\/Rectangular-Non-Stick-Baking-Dish-Ceramic-Custom-Casserole-Dish-10.webp 1500w, https:\/\/jinhuaceramic.com\/wp-content\/uploads\/2025\/07\/Rectangular-Non-Stick-Baking-Dish-Ceramic-Custom-Casserole-Dish-10-300x300.webp 300w, https:\/\/jinhuaceramic.com\/wp-content\/uploads\/2025\/07\/Rectangular-Non-Stick-Baking-Dish-Ceramic-Custom-Casserole-Dish-10-150x150.webp 150w, https:\/\/jinhuaceramic.com\/wp-content\/uploads\/2025\/07\/Rectangular-Non-Stick-Baking-Dish-Ceramic-Custom-Casserole-Dish-10-768x768.webp 768w, https:\/\/jinhuaceramic.com\/wp-content\/uploads\/2025\/07\/Rectangular-Non-Stick-Baking-Dish-Ceramic-Custom-Casserole-Dish-10-12x12.webp 12w, https:\/\/jinhuaceramic.com\/wp-content\/uploads\/2025\/07\/Rectangular-Non-Stick-Baking-Dish-Ceramic-Custom-Casserole-Dish-10-285x285.webp 285w, https:\/\/jinhuaceramic.com\/wp-content\/uploads\/2025\/07\/Rectangular-Non-Stick-Baking-Dish-Ceramic-Custom-Casserole-Dish-10-270x270.webp 270w, https:\/\/jinhuaceramic.com\/wp-content\/uploads\/2025\/07\/Rectangular-Non-Stick-Baking-Dish-Ceramic-Custom-Casserole-Dish-10-540x540.webp 540w, https:\/\/jinhuaceramic.com\/wp-content\/uploads\/2025\/07\/Rectangular-Non-Stick-Baking-Dish-Ceramic-Custom-Casserole-Dish-10-660x660.webp 660w\" sizes=\"(max-width: 1500px) 100vw, 1500px\" \/><\/figure>\n<\/div>\n<\/div>","protected":false},"excerpt":{"rendered":"<p>Nous sommes heureux de recevoir vos commandes pour notre plat de cuisson rectangulaire en gros. Ce plat de cuisson rectangulaire antiadh\u00e9sif en c\u00e9ramique est durable et \u00e9l\u00e9gant, parfait pour la cuisson de plats d\u00e9licieux ou pour r\u00e2per dans diff\u00e9rents styles de cuisine. Id\u00e9al pour les commandes en gros et les commandes personnalis\u00e9es.<\/p>","protected":false},"featured_media":9652,"comment_status":"closed","ping_status":"closed","template":"","meta":{"_acf_changed":false},"product_brand":[],"product_cat":[53],"product_tag":[71],"class_list":{"0":"post-9651","1":"product","2":"type-product","3":"status-publish","4":"has-post-thumbnail","6":"product_cat-bakeware-in-bulk","7":"product_tag-wholesale-baking-pans","9":"first","10":"instock","11":"shipping-taxable","12":"product-type-simple"},"acf":[],"_links":{"self":[{"href":"https:\/\/jinhuaceramic.com\/fr\/wp-json\/wp\/v2\/product\/9651","targetHints":{"allow":["GET"]}}],"collection":[{"href":"https:\/\/jinhuaceramic.com\/fr\/wp-json\/wp\/v2\/product"}],"about":[{"href":"https:\/\/jinhuaceramic.com\/fr\/wp-json\/wp\/v2\/types\/product"}],"replies":[{"embeddable":true,"href":"https:\/\/jinhuaceramic.com\/fr\/wp-json\/wp\/v2\/comments?post=9651"}],"version-history":[{"count":0,"href":"https:\/\/jinhuaceramic.com\/fr\/wp-json\/wp\/v2\/product\/9651\/revisions"}],"wp:featuredmedia":[{"embeddable":true,"href":"https:\/\/jinhuaceramic.com\/fr\/wp-json\/wp\/v2\/media\/9652"}],"wp:attachment":[{"href":"https:\/\/jinhuaceramic.com\/fr\/wp-json\/wp\/v2\/media?parent=9651"}],"wp:term":[{"taxonomy":"product_brand","embeddable":true,"href":"https:\/\/jinhuaceramic.com\/fr\/wp-json\/wp\/v2\/product_brand?post=9651"},{"taxonomy":"product_cat","embeddable":true,"href":"https:\/\/jinhuaceramic.com\/fr\/wp-json\/wp\/v2\/product_cat?post=9651"},{"taxonomy":"product_tag","embeddable":true,"href":"https:\/\/jinhuaceramic.com\/fr\/wp-json\/wp\/v2\/product_tag?post=9651"}],"curies":[{"name":"wp","href":"https:\/\/api.w.org\/{rel}","templated":true}]}}