{"id":9665,"date":"2025-07-10T03:33:07","date_gmt":"2025-07-10T03:33:07","guid":{"rendered":"https:\/\/jinhuaceramic.com\/?post_type=product&#038;p=9665"},"modified":"2025-11-12T03:42:15","modified_gmt":"2025-11-12T03:42:15","slug":"custom-made-crockery","status":"publish","type":"product","link":"https:\/\/jinhuaceramic.com\/fr\/product\/custom-made-crockery\/","title":{"rendered":"Fresh Green Custom Made Crockery, Wholesale Dinnerware Set (Service de vaisselle en gros)"},"content":{"rendered":"<div class=\"wp-block-columns is-layout-flex wp-container-core-columns-is-layout-9d6595d7 wp-block-columns-is-layout-flex\">\n<div class=\"wp-block-column is-layout-flow wp-block-column-is-layout-flow\">\n<h3 class=\"wp-block-heading\">Premium Fresh Green Custom Made Crockery Caract\u00e9ristiques :<\/h3>\n\n\n\n<ul class=\"wp-block-list\">\n<li><strong>Couleurs fra\u00eeches : <\/strong>Cette vaisselle sur mesure est d'un vert clair doux et frais, avec de minuscules taches noires sur la surface, ce qui lui donne une texture artisanale. Le bord de la vaisselle est une ligne blanche nette qui coupe assez nettement le corps de la vaisselle verte, ce qui rend les lignes de la vaisselle plus nettes et plus claires.<\/li>\n\n\n\n<li><strong>Gr\u00e8s \u00e0 long terme :<\/strong> Ces couverts de table en gr\u00e8s de haute qualit\u00e9 sont plus \u00e9pais et plus durables que les couverts de table en c\u00e9ramique standard, et plus r\u00e9sistants aux \u00e9br\u00e9chures et aux rayures. Ils sont donc id\u00e9aux pour un usage quotidien.<\/li>\n\n\n\n<li><strong>Grande praticit\u00e9 :<\/strong> Cette vaisselle sur mesure comprend des assiettes et des bols de diff\u00e9rentes tailles, qui peuvent r\u00e9pondre aux besoins des repas familiaux quotidiens ou des petits rassemblements. La vaisselle de diff\u00e9rentes tailles peut \u00eatre utilis\u00e9e pour contenir des aliments de base, des accompagnements, des soupes, des salades, des desserts et d'autres aliments, ce qui est tr\u00e8s pratique.<\/li>\n\n\n\n<li><strong>Cadeau id\u00e9al :<\/strong> Ces services de vaisselle en gros sont joliment con\u00e7us, fabriqu\u00e9s dans des mat\u00e9riaux de haute qualit\u00e9 et tr\u00e8s pratiques, ce qui les rend tr\u00e8s appropri\u00e9s comme cadeaux pour des occasions importantes telles que pendaison de cr\u00e9maill\u00e8re, mariages, anniversaires, etc.<\/li>\n<\/ul>\n<\/div>\n\n\n\n<div class=\"wp-block-column is-layout-flow wp-block-column-is-layout-flow\">\n<figure class=\"wp-block-image size-full\"><img fetchpriority=\"high\" decoding=\"async\" width=\"800\" height=\"800\" src=\"https:\/\/jinhuaceramic.com\/wp-content\/uploads\/2025\/07\/Fresh-Green-Custom-Crockery-Set-Wholesale-Dinnerware-Set-Service-For-4-2.webp\" alt=\"fresh-green-custom-made-crockery-wholesale-dinnerware-set-service-for-4-2\" class=\"wp-image-9666\" srcset=\"https:\/\/jinhuaceramic.com\/wp-content\/uploads\/2025\/07\/Fresh-Green-Custom-Crockery-Set-Wholesale-Dinnerware-Set-Service-For-4-2.webp 800w, https:\/\/jinhuaceramic.com\/wp-content\/uploads\/2025\/07\/Fresh-Green-Custom-Crockery-Set-Wholesale-Dinnerware-Set-Service-For-4-2-300x300.webp 300w, https:\/\/jinhuaceramic.com\/wp-content\/uploads\/2025\/07\/Fresh-Green-Custom-Crockery-Set-Wholesale-Dinnerware-Set-Service-For-4-2-150x150.webp 150w, https:\/\/jinhuaceramic.com\/wp-content\/uploads\/2025\/07\/Fresh-Green-Custom-Crockery-Set-Wholesale-Dinnerware-Set-Service-For-4-2-768x768.webp 768w, https:\/\/jinhuaceramic.com\/wp-content\/uploads\/2025\/07\/Fresh-Green-Custom-Crockery-Set-Wholesale-Dinnerware-Set-Service-For-4-2-12x12.webp 12w, https:\/\/jinhuaceramic.com\/wp-content\/uploads\/2025\/07\/Fresh-Green-Custom-Crockery-Set-Wholesale-Dinnerware-Set-Service-For-4-2-285x285.webp 285w, https:\/\/jinhuaceramic.com\/wp-content\/uploads\/2025\/07\/Fresh-Green-Custom-Crockery-Set-Wholesale-Dinnerware-Set-Service-For-4-2-270x270.webp 270w, https:\/\/jinhuaceramic.com\/wp-content\/uploads\/2025\/07\/Fresh-Green-Custom-Crockery-Set-Wholesale-Dinnerware-Set-Service-For-4-2-540x540.webp 540w, https:\/\/jinhuaceramic.com\/wp-content\/uploads\/2025\/07\/Fresh-Green-Custom-Crockery-Set-Wholesale-Dinnerware-Set-Service-For-4-2-660x660.webp 660w\" sizes=\"(max-width: 800px) 100vw, 800px\" \/><\/figure>\n<\/div>\n<\/div>","protected":false},"excerpt":{"rendered":"<p>Nous vous invitons \u00e0 acheter notre service de vaisselle vert frais fait sur mesure. Ces services de vaisselle en gros pr\u00e9sentent des motifs frais et naturels, des mat\u00e9riaux en gr\u00e8s durables et des fonctions pratiques compl\u00e8tes qui peuvent am\u00e9liorer consid\u00e9rablement la qualit\u00e9 des repas quotidiens et l'attrait visuel de la table \u00e0 manger.<\/p>","protected":false},"featured_media":9670,"comment_status":"closed","ping_status":"closed","template":"","meta":{"_acf_changed":false},"product_brand":[],"product_cat":[83,54],"product_tag":[],"class_list":{"0":"post-9665","1":"product","2":"type-product","3":"status-publish","4":"has-post-thumbnail","6":"product_cat-wholesale-dinnerware-sets","7":"product_cat-tableware-wholesale","9":"first","10":"instock","11":"shipping-taxable","12":"product-type-simple"},"acf":[],"_links":{"self":[{"href":"https:\/\/jinhuaceramic.com\/fr\/wp-json\/wp\/v2\/product\/9665","targetHints":{"allow":["GET"]}}],"collection":[{"href":"https:\/\/jinhuaceramic.com\/fr\/wp-json\/wp\/v2\/product"}],"about":[{"href":"https:\/\/jinhuaceramic.com\/fr\/wp-json\/wp\/v2\/types\/product"}],"replies":[{"embeddable":true,"href":"https:\/\/jinhuaceramic.com\/fr\/wp-json\/wp\/v2\/comments?post=9665"}],"version-history":[{"count":0,"href":"https:\/\/jinhuaceramic.com\/fr\/wp-json\/wp\/v2\/product\/9665\/revisions"}],"wp:featuredmedia":[{"embeddable":true,"href":"https:\/\/jinhuaceramic.com\/fr\/wp-json\/wp\/v2\/media\/9670"}],"wp:attachment":[{"href":"https:\/\/jinhuaceramic.com\/fr\/wp-json\/wp\/v2\/media?parent=9665"}],"wp:term":[{"taxonomy":"product_brand","embeddable":true,"href":"https:\/\/jinhuaceramic.com\/fr\/wp-json\/wp\/v2\/product_brand?post=9665"},{"taxonomy":"product_cat","embeddable":true,"href":"https:\/\/jinhuaceramic.com\/fr\/wp-json\/wp\/v2\/product_cat?post=9665"},{"taxonomy":"product_tag","embeddable":true,"href":"https:\/\/jinhuaceramic.com\/fr\/wp-json\/wp\/v2\/product_tag?post=9665"}],"curies":[{"name":"wp","href":"https:\/\/api.w.org\/{rel}","templated":true}]}}