{"id":9678,"date":"2025-07-10T02:46:27","date_gmt":"2025-07-10T02:46:27","guid":{"rendered":"https:\/\/jinhuaceramic.com\/?post_type=product&#038;p=9678"},"modified":"2025-11-12T03:43:17","modified_gmt":"2025-11-12T03:43:17","slug":"wholesale-bakeware-set","status":"publish","type":"product","link":"https:\/\/jinhuaceramic.com\/fr\/product\/wholesale-bakeware-set\/","title":{"rendered":"Ensemble de moules \u00e0 p\u00e2tisserie bleu fonc\u00e9, plats \u00e0 p\u00e2tisserie personnalis\u00e9s"},"content":{"rendered":"<div class=\"wp-block-columns is-layout-flex wp-container-core-columns-is-layout-9d6595d7 wp-block-columns-is-layout-flex\">\n<div class=\"wp-block-column is-layout-flow wp-block-column-is-layout-flow\">\n<h3 class=\"wp-block-heading\">Premium Dark Blue Wholesale Bakeware Set Caract\u00e9ristiques :<\/h3>\n\n\n\n<ul class=\"wp-block-list\">\n<li><strong>Bord ondul\u00e9 :<\/strong> Les bords de ces ustensiles de cuisson en gros ont une forme lisse et ondul\u00e9e, ce qui non seulement embellit le plat de cuisson, mais permet \u00e9galement de superposer les produits cuits et de rendre les bords croustillants, am\u00e9liorant ainsi l'effet de la cuisson et l'aspect de la table \u00e0 manger.<\/li>\n\n\n\n<li><strong>Bleu fonc\u00e9 : <\/strong>Ces ustensiles de cuisson personnalis\u00e9s sont d'un bleu profond et brillant. Une m\u00e9thode de gla\u00e7age r\u00e9actif est utilis\u00e9e pendant le processus de cuisson pour obtenir une profondeur de couleur et une texture uniques pour chaque plat de cuisson. Les bords des plats de cuisson sont d\u00e9limit\u00e9s par des lignes noires, ce qui leur donne un aspect plus raffin\u00e9 et tridimensionnel.<\/li>\n\n\n\n<li><strong>Mat\u00e9riau de haute qualit\u00e9 : <\/strong>Ces ensembles de plats de cuisson personnalis\u00e9s sont fabriqu\u00e9s en c\u00e9ramique de haute qualit\u00e9 qui retient mieux la chaleur et la diffuse de mani\u00e8re homog\u00e8ne, garantissant ainsi une cuisson uniforme des aliments de l'int\u00e9rieur vers l'ext\u00e9rieur, sans br\u00fblure ni sous-cuisson.<\/li>\n\n\n\n<li><strong>Diff\u00e9rentes tailles :<\/strong> Ces sets de cuisson en gros comprennent trois tailles diff\u00e9rentes de moules que vous pouvez choisir en fonction de la quantit\u00e9 d'ingr\u00e9dients ou du type de plat. Qu'il s'agisse d'un poulet r\u00f4ti, de lasagnes, de portions individuelles ou de desserts miniatures, il y a toujours la bonne taille \u00e0 utiliser.<\/li>\n<\/ul>\n<\/div>\n\n\n\n<div class=\"wp-block-column is-layout-flow wp-block-column-is-layout-flow\">\n<figure class=\"wp-block-image size-full\"><img fetchpriority=\"high\" decoding=\"async\" width=\"2560\" height=\"2560\" src=\"https:\/\/jinhuaceramic.com\/wp-content\/uploads\/2025\/07\/Dark-Blue-Bakeware-Set-With-Wavy-Edge-Wholesale-Custom-Baking-Dishes-7.webp\" alt=\"dark-blue-wholesale-bakeware-set-with-wavy-edge-custom-baking-dishes-7\" class=\"wp-image-9684\" srcset=\"https:\/\/jinhuaceramic.com\/wp-content\/uploads\/2025\/07\/Dark-Blue-Bakeware-Set-With-Wavy-Edge-Wholesale-Custom-Baking-Dishes-7.webp 2560w, https:\/\/jinhuaceramic.com\/wp-content\/uploads\/2025\/07\/Dark-Blue-Bakeware-Set-With-Wavy-Edge-Wholesale-Custom-Baking-Dishes-7-300x300.webp 300w, https:\/\/jinhuaceramic.com\/wp-content\/uploads\/2025\/07\/Dark-Blue-Bakeware-Set-With-Wavy-Edge-Wholesale-Custom-Baking-Dishes-7-150x150.webp 150w, https:\/\/jinhuaceramic.com\/wp-content\/uploads\/2025\/07\/Dark-Blue-Bakeware-Set-With-Wavy-Edge-Wholesale-Custom-Baking-Dishes-7-768x768.webp 768w, https:\/\/jinhuaceramic.com\/wp-content\/uploads\/2025\/07\/Dark-Blue-Bakeware-Set-With-Wavy-Edge-Wholesale-Custom-Baking-Dishes-7-12x12.webp 12w, https:\/\/jinhuaceramic.com\/wp-content\/uploads\/2025\/07\/Dark-Blue-Bakeware-Set-With-Wavy-Edge-Wholesale-Custom-Baking-Dishes-7-285x285.webp 285w, https:\/\/jinhuaceramic.com\/wp-content\/uploads\/2025\/07\/Dark-Blue-Bakeware-Set-With-Wavy-Edge-Wholesale-Custom-Baking-Dishes-7-1600x1600.webp 1600w, https:\/\/jinhuaceramic.com\/wp-content\/uploads\/2025\/07\/Dark-Blue-Bakeware-Set-With-Wavy-Edge-Wholesale-Custom-Baking-Dishes-7-270x270.webp 270w, https:\/\/jinhuaceramic.com\/wp-content\/uploads\/2025\/07\/Dark-Blue-Bakeware-Set-With-Wavy-Edge-Wholesale-Custom-Baking-Dishes-7-540x540.webp 540w, https:\/\/jinhuaceramic.com\/wp-content\/uploads\/2025\/07\/Dark-Blue-Bakeware-Set-With-Wavy-Edge-Wholesale-Custom-Baking-Dishes-7-660x660.webp 660w\" sizes=\"(max-width: 2560px) 100vw, 2560px\" \/><\/figure>\n<\/div>\n<\/div>","protected":false},"excerpt":{"rendered":"<p>N'h\u00e9sitez pas \u00e0 nous contacter pour l'achat en gros de nos moules \u00e0 p\u00e2tisserie. Ces moules \u00e0 p\u00e2tisserie personnalis\u00e9s sont populaires sur le march\u00e9 en raison de leur magnifique design ondul\u00e9, de leur couleur bleu profond, de leur combinaison pratique de plusieurs tailles et de leurs mat\u00e9riaux durables et de haute qualit\u00e9. Alliant praticit\u00e9 et beaut\u00e9, ces plats de cuisson sont id\u00e9aux pour am\u00e9liorer l'exp\u00e9rience de cuisson et l'esth\u00e9tique de la cuisine.<\/p>","protected":false},"featured_media":9680,"comment_status":"closed","ping_status":"closed","template":"","meta":{"_acf_changed":false},"product_brand":[],"product_cat":[53],"product_tag":[71],"class_list":{"0":"post-9678","1":"product","2":"type-product","3":"status-publish","4":"has-post-thumbnail","6":"product_cat-bakeware-in-bulk","7":"product_tag-wholesale-baking-pans","9":"first","10":"instock","11":"shipping-taxable","12":"product-type-simple"},"acf":[],"_links":{"self":[{"href":"https:\/\/jinhuaceramic.com\/fr\/wp-json\/wp\/v2\/product\/9678","targetHints":{"allow":["GET"]}}],"collection":[{"href":"https:\/\/jinhuaceramic.com\/fr\/wp-json\/wp\/v2\/product"}],"about":[{"href":"https:\/\/jinhuaceramic.com\/fr\/wp-json\/wp\/v2\/types\/product"}],"replies":[{"embeddable":true,"href":"https:\/\/jinhuaceramic.com\/fr\/wp-json\/wp\/v2\/comments?post=9678"}],"version-history":[{"count":0,"href":"https:\/\/jinhuaceramic.com\/fr\/wp-json\/wp\/v2\/product\/9678\/revisions"}],"wp:featuredmedia":[{"embeddable":true,"href":"https:\/\/jinhuaceramic.com\/fr\/wp-json\/wp\/v2\/media\/9680"}],"wp:attachment":[{"href":"https:\/\/jinhuaceramic.com\/fr\/wp-json\/wp\/v2\/media?parent=9678"}],"wp:term":[{"taxonomy":"product_brand","embeddable":true,"href":"https:\/\/jinhuaceramic.com\/fr\/wp-json\/wp\/v2\/product_brand?post=9678"},{"taxonomy":"product_cat","embeddable":true,"href":"https:\/\/jinhuaceramic.com\/fr\/wp-json\/wp\/v2\/product_cat?post=9678"},{"taxonomy":"product_tag","embeddable":true,"href":"https:\/\/jinhuaceramic.com\/fr\/wp-json\/wp\/v2\/product_tag?post=9678"}],"curies":[{"name":"wp","href":"https:\/\/api.w.org\/{rel}","templated":true}]}}