{"id":9709,"date":"2025-07-17T02:46:37","date_gmt":"2025-07-17T02:46:37","guid":{"rendered":"https:\/\/jinhuaceramic.com\/?post_type=product&#038;p=9709"},"modified":"2025-11-12T03:41:55","modified_gmt":"2025-11-12T03:41:55","slug":"custom-ceramic-candle-jar","status":"publish","type":"product","link":"https:\/\/jinhuaceramic.com\/fr\/product\/custom-ceramic-candle-jar\/","title":{"rendered":"Pots de bougie en c\u00e9ramique personnalis\u00e9s, contenant de bougie unique en vrac"},"content":{"rendered":"<div class=\"wp-block-columns is-layout-flex wp-container-core-columns-is-layout-9d6595d7 wp-block-columns-is-layout-flex\">\n<div class=\"wp-block-column is-layout-flow wp-block-column-is-layout-flow\">\n<h3 class=\"wp-block-heading\">Bocal \u00e0 bougie en c\u00e9ramique personnalis\u00e9 de premi\u00e8re qualit\u00e9 Caract\u00e9ristiques :<\/h3>\n\n\n\n<ul class=\"wp-block-list\">\n<li><strong>Conception non conventionnelle :<\/strong> Les photophores en c\u00e9ramique personnalis\u00e9s de forme unique sont de forme arrondie, mais leur fond est plus long, ce qui augmente la hauteur du photophore et rend sa forme g\u00e9n\u00e9rale plus sculpturale et artistique. L'ext\u00e9rieur du photophore pr\u00e9sente m\u00eame des rayures verticales qui cr\u00e9ent une texture et une superposition visuelle, ce qui le rend d'autant plus exquis et unique.<\/li>\n\n\n\n<li><strong>Diverses teintes douces : <\/strong>Diff\u00e9rentes teintes douces, telles que le blanc, le blanc cass\u00e9, le rose, le rose clair, le vert clair, etc., sont disponibles pour ces photophores en c\u00e9ramique personnalis\u00e9s. Ces teintes peu satur\u00e9es sont tr\u00e8s polyvalentes et peuvent cr\u00e9er une ambiance relaxante, chaleureuse et douillette.<\/li>\n\n\n\n<li><strong>Longue dur\u00e9e de vie Mat\u00e9riau :<\/strong> Les photophores de gros sont fabriqu\u00e9s \u00e0 partir de mat\u00e9riaux c\u00e9ramiques durables et cuits dans des fours \u00e0 haute temp\u00e9rature. Les pots sont solides, durables et r\u00e9sistants \u00e0 la chaleur. Ils supportent sans probl\u00e8me la chaleur produite par les bougies allum\u00e9es et ne se fissurent pas facilement.<\/li>\n\n\n\n<li><strong>Polyvalence : <\/strong>Ces r\u00e9cipients en c\u00e9ramique de gros ont de multiples usages. Tout d'abord, ils sont de taille moyenne et conviennent parfaitement comme contenants pour les bougies parfum\u00e9es. Deuxi\u00e8mement, ils peuvent \u00eatre utilis\u00e9s comme petits pots de fleurs pour faire pousser de petites plantes, et peuvent \u00e9galement \u00eatre utilis\u00e9s comme pots de stockage pour ranger de petits objets.<\/li>\n<\/ul>\n<\/div>\n\n\n\n<div class=\"wp-block-column is-layout-flow wp-block-column-is-layout-flow\">\n<figure class=\"wp-block-image size-full\"><img fetchpriority=\"high\" decoding=\"async\" width=\"800\" height=\"800\" src=\"https:\/\/jinhuaceramic.com\/wp-content\/uploads\/2025\/07\/Unique-Candle-Jars-Wholesale-Ceramic-Containers-For-Candle-Or-Plants-3.webp\" alt=\"pots de bougies en c\u00e9ramique personnalis\u00e9s - pots de bougies uniques - vente en gros de bougies ou de plantes - 3\" class=\"wp-image-9711\" srcset=\"https:\/\/jinhuaceramic.com\/wp-content\/uploads\/2025\/07\/Unique-Candle-Jars-Wholesale-Ceramic-Containers-For-Candle-Or-Plants-3.webp 800w, https:\/\/jinhuaceramic.com\/wp-content\/uploads\/2025\/07\/Unique-Candle-Jars-Wholesale-Ceramic-Containers-For-Candle-Or-Plants-3-300x300.webp 300w, https:\/\/jinhuaceramic.com\/wp-content\/uploads\/2025\/07\/Unique-Candle-Jars-Wholesale-Ceramic-Containers-For-Candle-Or-Plants-3-150x150.webp 150w, https:\/\/jinhuaceramic.com\/wp-content\/uploads\/2025\/07\/Unique-Candle-Jars-Wholesale-Ceramic-Containers-For-Candle-Or-Plants-3-768x768.webp 768w, https:\/\/jinhuaceramic.com\/wp-content\/uploads\/2025\/07\/Unique-Candle-Jars-Wholesale-Ceramic-Containers-For-Candle-Or-Plants-3-12x12.webp 12w, https:\/\/jinhuaceramic.com\/wp-content\/uploads\/2025\/07\/Unique-Candle-Jars-Wholesale-Ceramic-Containers-For-Candle-Or-Plants-3-285x285.webp 285w, https:\/\/jinhuaceramic.com\/wp-content\/uploads\/2025\/07\/Unique-Candle-Jars-Wholesale-Ceramic-Containers-For-Candle-Or-Plants-3-270x270.webp 270w, https:\/\/jinhuaceramic.com\/wp-content\/uploads\/2025\/07\/Unique-Candle-Jars-Wholesale-Ceramic-Containers-For-Candle-Or-Plants-3-540x540.webp 540w, https:\/\/jinhuaceramic.com\/wp-content\/uploads\/2025\/07\/Unique-Candle-Jars-Wholesale-Ceramic-Containers-For-Candle-Or-Plants-3-660x660.webp 660w\" sizes=\"(max-width: 800px) 100vw, 800px\" \/><\/figure>\n<\/div>\n<\/div>\n\n\n\n<p><\/p>","protected":false},"excerpt":{"rendered":"<p>N'h\u00e9sitez pas \u00e0 nous contacter pour l'achat en gros de nos photophores en c\u00e9ramique personnalis\u00e9s. Les avantages de ces photophores en gros comprennent un design unique, des couleurs douces et flexibles, des utilisations multiples et d'excellents mat\u00e9riaux c\u00e9ramiques. Ces photophores sont \u00e0 la fois beaux et pratiques, apportant \u00e0 l'espace int\u00e9rieur un soup\u00e7on de sophistication et d'art, am\u00e9liorant la qualit\u00e9 et le rituel de la vie quotidienne.<\/p>","protected":false},"featured_media":9710,"comment_status":"closed","ping_status":"closed","template":"","meta":{"_acf_changed":false},"product_brand":[],"product_cat":[52],"product_tag":[66],"class_list":{"0":"post-9709","1":"product","2":"type-product","3":"status-publish","4":"has-post-thumbnail","6":"product_cat-wholesale-candle-containers","7":"product_tag-candle-jars-wholesale","9":"first","10":"instock","11":"shipping-taxable","12":"product-type-simple"},"acf":[],"_links":{"self":[{"href":"https:\/\/jinhuaceramic.com\/fr\/wp-json\/wp\/v2\/product\/9709","targetHints":{"allow":["GET"]}}],"collection":[{"href":"https:\/\/jinhuaceramic.com\/fr\/wp-json\/wp\/v2\/product"}],"about":[{"href":"https:\/\/jinhuaceramic.com\/fr\/wp-json\/wp\/v2\/types\/product"}],"replies":[{"embeddable":true,"href":"https:\/\/jinhuaceramic.com\/fr\/wp-json\/wp\/v2\/comments?post=9709"}],"version-history":[{"count":0,"href":"https:\/\/jinhuaceramic.com\/fr\/wp-json\/wp\/v2\/product\/9709\/revisions"}],"wp:featuredmedia":[{"embeddable":true,"href":"https:\/\/jinhuaceramic.com\/fr\/wp-json\/wp\/v2\/media\/9710"}],"wp:attachment":[{"href":"https:\/\/jinhuaceramic.com\/fr\/wp-json\/wp\/v2\/media?parent=9709"}],"wp:term":[{"taxonomy":"product_brand","embeddable":true,"href":"https:\/\/jinhuaceramic.com\/fr\/wp-json\/wp\/v2\/product_brand?post=9709"},{"taxonomy":"product_cat","embeddable":true,"href":"https:\/\/jinhuaceramic.com\/fr\/wp-json\/wp\/v2\/product_cat?post=9709"},{"taxonomy":"product_tag","embeddable":true,"href":"https:\/\/jinhuaceramic.com\/fr\/wp-json\/wp\/v2\/product_tag?post=9709"}],"curies":[{"name":"wp","href":"https:\/\/api.w.org\/{rel}","templated":true}]}}